{"id":1299,"date":"2025-12-01T17:39:43","date_gmt":"2025-12-01T17:39:43","guid":{"rendered":"https:\/\/www.openwhite.eu\/index.php\/tools\/"},"modified":"2026-04-07T11:11:22","modified_gmt":"2026-04-07T11:11:22","slug":"tools","status":"publish","type":"page","link":"https:\/\/www.openwhite.eu\/de\/index.php\/tools\/","title":{"rendered":"Tools"},"content":{"rendered":"\n<h2 class=\"wp-block-heading\">Professionelle Tools im Dienste Ihrer Projekte<\/h2>\n\n<p>Um Ihre Ideen zum Leben zu erwecken und zuverl\u00e4ssige, kreative sowie kontrollierte Projekte zu garantieren, setzen wir auf professionelle Tools, die in der Welt der Show- und Eventbranche anerkannt sind. Diese Softwarel\u00f6sungen erm\u00f6glichen es uns, jeden Schritt zu konzipieren, zu visualisieren, vorauszaplanen und abzusichern, damit Ihr Projekt in aller Ruhe realisiert werden kann. <\/p>\n\n<blockquote class=\"wp-block-quote is-style-plain is-layout-flow wp-block-quote-is-layout-flow\">\n<p><em><strong>Jedes Projekt entspringt einer Idee und einer k\u00fcnstlerischen Absicht und verdient eine Umsetzung, die zugleich kreativ, pr\u00e4zise und kontrolliert ist. Von der Konzeption bis zum Betrieb begleiten wir Sie mit Anspruch und Methode, wobei wir \u00e4sthetische, technische und sicherheitsrelevante Aspekte von Anfang an einbeziehen. <\/strong><\/em><br\/><br\/><em><strong>Lassen Sie uns gemeinsam ein harmonisches, lebendiges und kontrolliertes Erlebnis schaffen.<\/strong><\/em><\/p>\n<\/blockquote>\n\n<blockquote class=\"wp-block-quote is-style-plain is-layout-flow wp-block-quote-is-layout-flow\">\n<p><\/p>\n<\/blockquote>\n\n<p><\/p>\n\n<hr class=\"wp-block-separator has-alpha-channel-opacity\"\/>\n\n<h3 class=\"wp-block-heading\"><strong>Vectorworks<\/strong><\/h3>\n\n<div class=\"wp-block-columns is-layout-flex wp-container-core-columns-is-layout-9d6595d7 wp-block-columns-is-layout-flex\">\n<div class=\"wp-block-column is-layout-flow wp-block-column-is-layout-flow\" style=\"flex-basis:50%\">\n<p>Vectorworks ist unser Hauptwerkzeug f\u00fcr die Planung. Es erm\u00f6glicht uns, klare und pr\u00e4zise Pl\u00e4ne in 2D und 3D zu erstellen, um die Platzierung von B\u00fchnen, Strukturen, Beleuchtung und allen technischen Elementen zu planen. Dank dieses Ansatzes wird jedes Projekt bis ins Detail durchdacht und ist f\u00fcr alle Beteiligten leicht verst\u00e4ndlich.  <br\/><br\/>\ud83d\udc49 <a href=\"https:\/\/www.vectorworks.net\">https:\/\/www.vectorworks.net<\/a><\/p>\n<\/div>\n\n\n\n<div class=\"wp-block-column is-layout-flow wp-block-column-is-layout-flow\" style=\"flex-basis:50%\"><div class=\"wp-block-image wp-duotone-unset-1\">\n<figure class=\"alignright size-medium is-resized\"><a href=\"https:\/\/www.vectorworks.net\" target=\"_blank\" rel=\" noreferrer noopener\"><img fetchpriority=\"high\" decoding=\"async\" width=\"300\" height=\"171\" src=\"https:\/\/www.openwhite.eu\/wp-content\/uploads\/2025\/12\/logo1_1024x1024-300x171.webp\" alt=\"\" class=\"wp-image-775\" style=\"aspect-ratio:16\/9;object-fit:contain;width:400px\" srcset=\"https:\/\/www.openwhite.eu\/wp-content\/uploads\/2025\/12\/logo1_1024x1024-300x171.webp 300w, https:\/\/www.openwhite.eu\/wp-content\/uploads\/2025\/12\/logo1_1024x1024.webp 750w\" sizes=\"(max-width: 300px) 100vw, 300px\" \/><\/a><\/figure>\n<\/div><\/div>\n<\/div>\n\n<hr class=\"wp-block-separator has-alpha-channel-opacity\"\/>\n\n<h3 class=\"wp-block-heading\"><strong>Depence<\/strong> (Syncronorm)<\/h3>\n\n<div class=\"wp-block-columns is-layout-flex wp-container-core-columns-is-layout-9d6595d7 wp-block-columns-is-layout-flex\">\n<div class=\"wp-block-column is-layout-flow wp-block-column-is-layout-flow\" style=\"flex-basis:50%\">\n<p>Mit Depence werden Ihre Projekte lebendig, noch bevor sie existieren. Diese 3D-Visualisierungs- und Vorvisualisierungssoftware erm\u00f6glicht es, Veranstaltungsorte originalgetreu nachzubilden und Beleuchtung, Video sowie Effekte unter realen Bedingungen zu simulieren. Es ist ein hervorragendes Werkzeug, um sich ein Bild zu machen, k\u00fcnstlerische Entscheidungen zu verfeinern und technische Ans\u00e4tze vertrauensvoll zu best\u00e4tigen.  <br\/><br\/>\ud83d\udc49 <a href=\"https:\/\/www.syncronorm.com\">https:\/\/www.syncronorm.com<\/a><\/p>\n<\/div>\n\n\n\n<div class=\"wp-block-column is-layout-flow wp-block-column-is-layout-flow\" style=\"flex-basis:50%\"><div class=\"wp-block-image wp-duotone-unset-2\">\n<figure class=\"alignright size-medium is-resized\"><a href=\"https:\/\/www.syncronorm.com\" target=\"_blank\" rel=\" noreferrer noopener\"><img decoding=\"async\" width=\"300\" height=\"169\" data-src=\"https:\/\/www.openwhite.eu\/wp-content\/uploads\/2025\/12\/csm_Depence_R4___Release_Trailer_03f1cef0c1-300x169.png\" alt=\"\" class=\"wp-image-771 lazyload\" style=\"--smush-placeholder-width: 300px; --smush-placeholder-aspect-ratio: 300\/169;aspect-ratio:16\/9;object-fit:contain;width:400px\" data-srcset=\"https:\/\/www.openwhite.eu\/wp-content\/uploads\/2025\/12\/csm_Depence_R4___Release_Trailer_03f1cef0c1-300x169.png 300w, https:\/\/www.openwhite.eu\/wp-content\/uploads\/2025\/12\/csm_Depence_R4___Release_Trailer_03f1cef0c1.png 670w\" data-sizes=\"(max-width: 300px) 100vw, 300px\" src=\"data:image\/svg+xml;base64,PHN2ZyB3aWR0aD0iMSIgaGVpZ2h0PSIxIiB4bWxucz0iaHR0cDovL3d3dy53My5vcmcvMjAwMC9zdmciPjwvc3ZnPg==\" \/><\/a><\/figure>\n<\/div><\/div>\n<\/div>\n\n<hr class=\"wp-block-separator has-alpha-channel-opacity\"\/>\n\n<h3 class=\"wp-block-heading\"><strong>grandMA3 Konsole<\/strong><\/h3>\n\n<div class=\"wp-block-columns is-layout-flex wp-container-core-columns-is-layout-9d6595d7 wp-block-columns-is-layout-flex\">\n<div class=\"wp-block-column is-layout-flow wp-block-column-is-layout-flow\" style=\"flex-basis:50%\">\n<p>grandMA3 ist die weltweite Referenz in der Lichtprogrammierung. Sie erm\u00f6glicht es uns, ma\u00dfgeschneiderte, dynamische Lichtstimmungen zu kreieren, die perfekt mit der Show synchronisiert sind. Dieses Tool garantiert einen reibungslosen und zuverl\u00e4ssigen Betrieb im Dienste der Emotion, der \u00c4sthetik und der k\u00fcnstlerischen Koh\u00e4renz Ihrer Veranstaltungen.  <br\/><br\/>\ud83d\udc49 <a href=\"https:\/\/www.malighting.com\">https:\/\/www.malighting.com<\/a><\/p>\n<\/div>\n\n\n\n<div class=\"wp-block-column is-layout-flow wp-block-column-is-layout-flow\" style=\"flex-basis:50%\"><div class=\"wp-block-image wp-duotone-unset-3\">\n<figure class=\"alignright size-medium is-resized\"><a href=\"https:\/\/www.malighting.com\" target=\"_blank\" rel=\" noreferrer noopener\"><img decoding=\"async\" width=\"300\" height=\"158\" data-src=\"https:\/\/www.openwhite.eu\/wp-content\/uploads\/2025\/12\/63f3443a327ae950bcabbf9a_MALighting_1200x630px-300x158.jpg\" alt=\"\" class=\"wp-image-772 lazyload\" style=\"--smush-placeholder-width: 300px; --smush-placeholder-aspect-ratio: 300\/158;aspect-ratio:16\/9;object-fit:contain;width:400px\" data-srcset=\"https:\/\/www.openwhite.eu\/wp-content\/uploads\/2025\/12\/63f3443a327ae950bcabbf9a_MALighting_1200x630px-300x158.jpg 300w, https:\/\/www.openwhite.eu\/wp-content\/uploads\/2025\/12\/63f3443a327ae950bcabbf9a_MALighting_1200x630px-1024x538.jpg 1024w, https:\/\/www.openwhite.eu\/wp-content\/uploads\/2025\/12\/63f3443a327ae950bcabbf9a_MALighting_1200x630px-768x403.jpg 768w, https:\/\/www.openwhite.eu\/wp-content\/uploads\/2025\/12\/63f3443a327ae950bcabbf9a_MALighting_1200x630px.jpg 1200w\" data-sizes=\"(max-width: 300px) 100vw, 300px\" src=\"data:image\/svg+xml;base64,PHN2ZyB3aWR0aD0iMSIgaGVpZ2h0PSIxIiB4bWxucz0iaHR0cDovL3d3dy53My5vcmcvMjAwMC9zdmciPjwvc3ZnPg==\" \/><\/a><\/figure>\n<\/div><\/div>\n<\/div>\n\n<hr class=\"wp-block-separator has-alpha-channel-opacity\"\/>\n\n<h3 class=\"wp-block-heading\"><strong>Production Assist<\/strong><\/h3>\n\n<div class=\"wp-block-columns is-layout-flex wp-container-core-columns-is-layout-9d6595d7 wp-block-columns-is-layout-flex\">\n<div class=\"wp-block-column is-layout-flow wp-block-column-is-layout-flow\" style=\"flex-basis:50%\">\n<p>Production Assist ist der unsichtbare, aber wesentliche Verb\u00fcndete jedes Projekts. Es erm\u00f6glicht uns, Lastberechnungen (Struktur, Bodenlast und Windlast), die strukturelle Machbarkeit und die elektrische Verteilung im Voraus zu planen. Dank dieser Analysen werden Sicherheit und Konformit\u00e4t bereits in der Planungsphase integriert, f\u00fcr zuverl\u00e4ssige, kontrollierte Installationen ohne \u00dcberraschungen am Tag der Veranstaltung.  <br\/><br\/>\ud83d\udc49 <a href=\"https:\/\/www.production-assist.com?utm_source=chatgpt.com\">https:\/\/www.production-assist.com<\/a><\/p>\n<\/div>\n\n\n\n<div class=\"wp-block-column is-layout-flow wp-block-column-is-layout-flow\" style=\"flex-basis:50%\"><div class=\"wp-block-image wp-duotone-unset-4\">\n<figure class=\"alignright size-full is-resized\"><a href=\"https:\/\/www.production-assist.com\" target=\"_blank\" rel=\" noreferrer noopener\"><img decoding=\"async\" width=\"280\" height=\"180\" data-src=\"https:\/\/www.openwhite.eu\/wp-content\/uploads\/2025\/12\/images.jpg\" alt=\"\" class=\"wp-image-773 lazyload\" style=\"--smush-placeholder-width: 280px; --smush-placeholder-aspect-ratio: 280\/180;aspect-ratio:16\/9;object-fit:contain;width:400px\" src=\"data:image\/svg+xml;base64,PHN2ZyB3aWR0aD0iMSIgaGVpZ2h0PSIxIiB4bWxucz0iaHR0cDovL3d3dy53My5vcmcvMjAwMC9zdmciPjwvc3ZnPg==\" \/><\/a><\/figure>\n<\/div><\/div>\n<\/div>\n\n<hr class=\"wp-block-separator has-alpha-channel-opacity\"\/>\n","protected":false},"excerpt":{"rendered":"<p>Professionelle Tools im Dienste Ihrer Projekte Um Ihre Ideen zum Leben zu erwecken und zuverl\u00e4ssige, kreative sowie kontrollierte Projekte zu garantieren, setzen wir auf professionelle Tools, die in der Welt der Show- und Eventbranche anerkannt sind. Diese Softwarel\u00f6sungen erm\u00f6glichen es uns, jeden Schritt zu konzipieren, zu visualisieren, vorauszaplanen und abzusichern, damit Ihr Projekt in aller [&hellip;]<\/p>\n","protected":false},"author":1,"featured_media":0,"parent":0,"menu_order":0,"comment_status":"closed","ping_status":"closed","template":"template-full-width.php","meta":{"footnotes":""},"class_list":["post-1299","page","type-page","status-publish","hentry"],"_links":{"self":[{"href":"https:\/\/www.openwhite.eu\/de\/index.php\/wp-json\/wp\/v2\/pages\/1299","targetHints":{"allow":["GET"]}}],"collection":[{"href":"https:\/\/www.openwhite.eu\/de\/index.php\/wp-json\/wp\/v2\/pages"}],"about":[{"href":"https:\/\/www.openwhite.eu\/de\/index.php\/wp-json\/wp\/v2\/types\/page"}],"author":[{"embeddable":true,"href":"https:\/\/www.openwhite.eu\/de\/index.php\/wp-json\/wp\/v2\/users\/1"}],"replies":[{"embeddable":true,"href":"https:\/\/www.openwhite.eu\/de\/index.php\/wp-json\/wp\/v2\/comments?post=1299"}],"version-history":[{"count":1,"href":"https:\/\/www.openwhite.eu\/de\/index.php\/wp-json\/wp\/v2\/pages\/1299\/revisions"}],"predecessor-version":[{"id":1302,"href":"https:\/\/www.openwhite.eu\/de\/index.php\/wp-json\/wp\/v2\/pages\/1299\/revisions\/1302"}],"wp:attachment":[{"href":"https:\/\/www.openwhite.eu\/de\/index.php\/wp-json\/wp\/v2\/media?parent=1299"}],"curies":[{"name":"wp","href":"https:\/\/api.w.org\/{rel}","templated":true}]}}