{"id":1315,"date":"2026-04-07T09:53:04","date_gmt":"2026-04-07T09:53:04","guid":{"rendered":"https:\/\/www.openwhite.eu\/index.php\/technische-schulungen-fuer-showproduktionen\/"},"modified":"2026-04-07T11:11:22","modified_gmt":"2026-04-07T11:11:22","slug":"technische-schulungen-fuer-showproduktionen","status":"publish","type":"page","link":"https:\/\/www.openwhite.eu\/de\/index.php\/technische-schulungen-fuer-showproduktionen\/","title":{"rendered":"Technische Schulungen f\u00fcr Showproduktionen"},"content":{"rendered":"\n<p>Die technischen Berufe im Showbereich entwickeln sich rasant.<br\/>Die Tools werden leistungsf\u00e4higer, die Workflows st\u00e4rker vernetzt und die Produktionen komplexer.<br\/>Diese Schulungen wurden f\u00fcr <strong>Techniker, Designer und technische Leiter<\/strong> konzipiert, die die heute in der Produktion von Shows, Events und immersiven Installationen eingesetzten Tools sicher beherrschen m\u00f6chten.<\/p>\n\n<p>Ziel ist es, Folgendes zu vermitteln:<\/p>\n\n<ul class=\"wp-block-list\">\n<li><strong>professionelle Arbeitsmethoden<\/strong><\/li>\n\n\n\n<li><strong>in der Praxis eingesetzte Workflows<\/strong><\/li>\n\n\n\n<li>ein <strong>ganzheitliches Verst\u00e4ndnis der technischen Tools<\/strong><\/li>\n<\/ul>\n\n<p>Die Schulungen werden unter anderem von <strong>Fran\u00e7ois Vandermeeren<\/strong> geleitet, Lighting Designer und Technical Director, der an internationalen Produktionen beteiligt ist, die Licht, Video, Automation, Spezialeffekte und technische Szenografie verbinden.<br\/>Jedes Modul kombiniert <strong>Erkl\u00e4rungen, Demonstrationen und praxisnahe \u00dcbungen, die von realen Produktionen inspiriert sind<\/strong>.<\/p>\n\n<hr class=\"wp-block-separator has-alpha-channel-opacity is-style-wide\"\/>\n\n<h1 class=\"wp-block-heading\"><strong>Derzeit verf\u00fcgbare Schulungen<\/strong><\/h1>\n\n<h2 class=\"wp-block-heading\"><strong><a href=\"https:\/\/www.openwhite.eu\/index.php\/formation-vectorworks-spotlight\/\" data-type=\"page\" data-id=\"974\">Vectorworks Spotlight<\/a><\/strong><\/h2>\n\n<p>Lernen Sie, ein technisches Projekt f\u00fcr eine Show effizient zu strukturieren.<\/p>\n\n<p>Inhalte:<\/p>\n\n<ul class=\"wp-block-list\">\n<li>Erstellung professioneller technischer Pl\u00e4ne<\/li>\n\n\n\n<li>Verwaltung von Scheinwerfern und Positionen<\/li>\n\n\n\n<li>Lichtdokumentation<\/li>\n\n\n\n<li>Rigging, Truss und Motoren<\/li>\n\n\n\n<li>Organisation und Strukturierung von Dateien<\/li>\n\n\n\n<li>Vorbereitung technischer Unterlagen<\/li>\n\n\n\n<li>Einf\u00fchrung in <strong>MVR<\/strong>-Workflows<\/li>\n<\/ul>\n\n<p>Diese Schulung ist ideal f\u00fcr:<\/p>\n\n<ul class=\"wp-block-list\">\n<li>Lichttechniker<\/li>\n\n\n\n<li>Stage Manager<\/li>\n\n\n\n<li>Lichtdesigner<\/li>\n\n\n\n<li>Produktionstechniker<\/li>\n<\/ul>\n\n<hr class=\"wp-block-separator has-alpha-channel-opacity is-style-dots\"\/>\n\n<h2 class=\"wp-block-heading\"><strong><a href=\"https:\/\/www.openwhite.eu\/index.php\/production-assist\/\" data-type=\"page\" data-id=\"1213\">Production Assist \u2014 Berechnungen und technische Vorbereitung<\/a><\/strong><\/h2>\n\n<p>Production Assist erm\u00f6glicht es, die technischen Rahmenbedingungen eines Projekts vor der Installation zu analysieren und vorzubereiten.<\/p>\n\n<p>Diese Schulung behandelt insbesondere:<\/p>\n\n<ul class=\"wp-block-list\">\n<li><strong>Berechnung von Anschlaglasten<\/strong><\/li>\n\n\n\n<li><strong>Lastverteilung auf Strukturen<\/strong><\/li>\n\n\n\n<li><strong>Bodenlasten<\/strong><\/li>\n\n\n\n<li><strong>Windlasten auf Strukturen und Installationen<\/strong><\/li>\n\n\n\n<li>Pr\u00fcfung technischer Anforderungen<\/li>\n\n\n\n<li>Vorbereitung technischer Unterlagen f\u00fcr die Produktion<\/li>\n<\/ul>\n\n<p>Ziel ist es, den Teilnehmenden zu erm\u00f6glichen, <strong>ihre Installationen abzusichern und technische Anforderungen bereits in der Vorbereitungsphase zu antizipieren<\/strong>.<\/p>\n\n<hr class=\"wp-block-separator has-alpha-channel-opacity\"\/>\n\n<h1 class=\"wp-block-heading\"><strong>Kommende Schulungen<\/strong><\/h1>\n\n<p>Der Schulungskatalog wird schrittweise erweitert, um den gesamten technischen Workflow einer Produktion abzudecken.<\/p>\n\n<h3 class=\"wp-block-heading\"><strong>Erstellung von GDTF-Profilen<\/strong><\/h3>\n\n<p>GDTF-Profile f\u00fcr Scheinwerfer und Lichtger\u00e4te verstehen und erstellen, um eine optimale Kompatibilit\u00e4t zwischen Konsolen, Previsualization-Software und Planungstools sicherzustellen.<\/p>\n\n<h3 class=\"wp-block-heading\"><strong>Depence (Licht, Laser und Spezialeffekte)<\/strong><\/h3>\n\n<p>Entdeckung und Einstieg in <strong>Depence\u00b2<\/strong> f\u00fcr die Previsualisierung von Shows:<\/p>\n\n<ul class=\"wp-block-list\">\n<li>Licht<\/li>\n\n\n\n<li>Laser<\/li>\n\n\n\n<li>Spezialeffekte<\/li>\n\n\n\n<li>Integration in einen Produktions-Workflow<\/li>\n<\/ul>\n\n<h3 class=\"wp-block-heading\"><strong>Laser \u2014 Grundlagen der Programmierung<\/strong><\/h3>\n\n<p>Einf\u00fchrung in die Laserprogrammierung:<\/p>\n\n<ul class=\"wp-block-list\">\n<li>Funktionsprinzipien<\/li>\n\n\n\n<li>Sicherheit und Normen<\/li>\n\n\n\n<li>Erstellung von Szenen<\/li>\n\n\n\n<li>Synchronisation mit Licht und Musik<\/li>\n<\/ul>\n\n<h3 class=\"wp-block-heading\"><strong>grandMA3 \u2014 Grundlagen der Programmierung<\/strong><\/h3>\n\n<p>Erste Schritte mit der <strong>grandMA3<\/strong>-Konsole:<\/p>\n\n<ul class=\"wp-block-list\">\n<li>Struktur der Software<\/li>\n\n\n\n<li>Verwaltung der Scheinwerfer<\/li>\n\n\n\n<li>Grundprogrammierung<\/li>\n\n\n\n<li>Erstellung von Presets<\/li>\n\n\n\n<li>Aufbau einfacher Sequenzen<\/li>\n<\/ul>\n\n<hr class=\"wp-block-separator has-alpha-channel-opacity\"\/>\n\n<h1 class=\"wp-block-heading\"><strong>Ein produktionsorientierter Ansatz<\/strong><\/h1>\n\n<p>Diese Schulungen beschr\u00e4nken sich nicht auf das Erlernen einer Software.<\/p>\n\n<p>Sie zielen darauf ab zu verstehen, <strong>wie sich die Tools in einen realen Produktions-Workflow integrieren<\/strong>.<\/p>\n\n<p>Ziel ist es, den Teilnehmenden zu erm\u00f6glichen:<\/p>\n\n<ul class=\"wp-block-list\">\n<li>effizienter zu arbeiten<\/li>\n\n\n\n<li>Fehler in der Produktion zu reduzieren<\/li>\n\n\n\n<li>die Kommunikation zwischen technischen Abteilungen zu verbessern<\/li>\n\n\n\n<li>bei der Projektvorbereitung Zeit zu sparen<\/li>\n<\/ul>\n","protected":false},"excerpt":{"rendered":"<p>Die technischen Berufe im Showbereich entwickeln sich rasant.Die Tools werden leistungsf\u00e4higer, die Workflows st\u00e4rker vernetzt und die Produktionen komplexer.Diese Schulungen wurden f\u00fcr Techniker, Designer und technische Leiter konzipiert, die die heute in der Produktion von Shows, Events und immersiven Installationen eingesetzten Tools sicher beherrschen m\u00f6chten. Ziel ist es, Folgendes zu vermitteln: Die Schulungen werden unter [&hellip;]<\/p>\n","protected":false},"author":1,"featured_media":0,"parent":0,"menu_order":0,"comment_status":"closed","ping_status":"closed","template":"template-full-width.php","meta":{"footnotes":""},"class_list":["post-1315","page","type-page","status-publish","hentry"],"_links":{"self":[{"href":"https:\/\/www.openwhite.eu\/de\/index.php\/wp-json\/wp\/v2\/pages\/1315","targetHints":{"allow":["GET"]}}],"collection":[{"href":"https:\/\/www.openwhite.eu\/de\/index.php\/wp-json\/wp\/v2\/pages"}],"about":[{"href":"https:\/\/www.openwhite.eu\/de\/index.php\/wp-json\/wp\/v2\/types\/page"}],"author":[{"embeddable":true,"href":"https:\/\/www.openwhite.eu\/de\/index.php\/wp-json\/wp\/v2\/users\/1"}],"replies":[{"embeddable":true,"href":"https:\/\/www.openwhite.eu\/de\/index.php\/wp-json\/wp\/v2\/comments?post=1315"}],"version-history":[{"count":1,"href":"https:\/\/www.openwhite.eu\/de\/index.php\/wp-json\/wp\/v2\/pages\/1315\/revisions"}],"predecessor-version":[{"id":1317,"href":"https:\/\/www.openwhite.eu\/de\/index.php\/wp-json\/wp\/v2\/pages\/1315\/revisions\/1317"}],"wp:attachment":[{"href":"https:\/\/www.openwhite.eu\/de\/index.php\/wp-json\/wp\/v2\/media?parent=1315"}],"curies":[{"name":"wp","href":"https:\/\/api.w.org\/{rel}","templated":true}]}}