{"id":1476,"date":"2025-11-28T13:43:33","date_gmt":"2025-11-28T13:43:33","guid":{"rendered":"https:\/\/www.openwhite.eu\/index.php\/auszeichnungen\/"},"modified":"2026-04-07T11:17:13","modified_gmt":"2026-04-07T11:17:13","slug":"auszeichnungen","status":"publish","type":"page","link":"https:\/\/www.openwhite.eu\/de\/index.php\/auszeichnungen\/","title":{"rendered":"Auszeichnungen"},"content":{"rendered":"\n<p class=\"has-text-align-center\">Jedes Projekt beginnt oft mit einer Idee, manchmal zerbrechlich, manchmal ehrgeizig. <br\/>Wir hatten das Gl\u00fcck, unser Know-how und unsere technischen Kompetenzen in den Dienst von Veranstaltungen zu stellen, die anfangs nur Tr\u00e4ume auf einem wei\u00dfen Blatt Papier waren. <br\/>Sie wachsen zu sehen, Gestalt annehmen zu lassen und schlie\u00dflich mit prestigetr\u00e4chtigen Preisen ausgezeichnet zu werden, war f\u00fcr uns eine zutiefst pr\u00e4gende Erfahrung. <br\/>\u00dcber die Auszeichnungen hinaus sind es die Momente der Kreation, die gemeinsam gemeisterten Herausforderungen und die geteilte Energie, die uns in Erinnerung bleiben. <br\/>Zu diesen Erfolgen beizutragen hat uns daran erinnert, warum wir diesen Beruf so sehr lieben: eine Vision in die Realit\u00e4t umzusetzen. <br\/>Und wir f\u00fchlen uns geehrt, unsere Rolle in diesen Geschichten gespielt haben zu d\u00fcrfen, die nun eine offizielle Anerkennung tragen.<\/p>\n\n<hr class=\"wp-block-separator has-alpha-channel-opacity\"\/>\n\n<p class=\"has-text-align-center\"><strong>Luc Petit Creation:<\/strong><br\/>Mit der Show \u201eLes routes de la libert\u00e9\u201c (2019) wurde LPC bei den BEA Awards ausgezeichnet.<br\/>&#8211; Goldmedaille f\u00fcr das beste Bildungsereignis<br\/>&#8211; Silbermedaille f\u00fcr das beste Kulturereignis<br\/><\/p>\n\n<div class=\"wp-block-columns is-layout-flex wp-container-core-columns-is-layout-9d6595d7 wp-block-columns-is-layout-flex\">\n<div class=\"wp-block-column is-layout-flow wp-block-column-is-layout-flow\">\n<div class=\"wp-block-buttons is-content-justification-center is-layout-flex wp-container-core-buttons-is-layout-16018d1d wp-block-buttons-is-layout-flex\">\n<div class=\"wp-block-button\"><a class=\"wp-block-button__link has-cyan-bluish-gray-color has-text-color has-link-color wp-element-button\" href=\"http:\/\/www.openwhite.eu\/index.php\/2019\/12\/18\/les-routes-de-la-liberte\/\">Mehr erfahren<\/a><\/div>\n<\/div>\n<\/div>\n\n\n\n<div class=\"wp-block-column is-layout-flow wp-block-column-is-layout-flow\">\n<div class=\"wp-block-buttons is-content-justification-center is-layout-flex wp-container-core-buttons-is-layout-16018d1d wp-block-buttons-is-layout-flex\">\n<div class=\"wp-block-button\"><a class=\"wp-block-button__link has-cyan-bluish-gray-color has-text-color has-link-color wp-element-button\" href=\"https:\/\/www.lucpetit.com\/portfolio\/les-routes-de-la-liberte\/\" target=\"_blank\" rel=\"noreferrer noopener\">Luc Petit Creation<\/a><\/div>\n<\/div>\n<\/div>\n<\/div>\n\n<hr class=\"wp-block-separator has-alpha-channel-opacity\"\/>\n\n<p class=\"has-text-align-center\"><strong>StaySafe.Events:<\/strong><br\/>Wir sind so dankbar und stolz, 2 Golden Awards f\u00fcr Ontex und StaySafe.Events bei den Belgian Event Awards gewonnen zu haben! Wir beginnen diese neue Phase der Veranstaltungen mit noch mehr Leidenschaft, Motivation und Entschlossenheit.<br\/>Ein gro\u00dfes Dankesch\u00f6n und herzlichen Gl\u00fcckwunsch an alle Partner (\u00fcber 300 Freiwillige), die die Kampagne StaySafe.Events m\u00f6glich gemacht haben!<\/p>\n\n<p class=\"has-text-align-center\">Team d-side &amp; Team LSE<\/p>\n\n<div class=\"wp-block-columns is-layout-flex wp-container-core-columns-is-layout-9d6595d7 wp-block-columns-is-layout-flex\">\n<div class=\"wp-block-column is-layout-flow wp-block-column-is-layout-flow\" style=\"flex-basis:50%\">\n<div class=\"wp-block-buttons is-content-justification-center is-layout-flex wp-container-core-buttons-is-layout-16018d1d wp-block-buttons-is-layout-flex\">\n<div class=\"wp-block-button\"><a class=\"wp-block-button__link has-cyan-bluish-gray-color has-text-color has-link-color wp-element-button\" href=\"https:\/\/www.openwhite.eu\/index.php\/2025\/12\/04\/staysafe-events\/\">Mehr erfahren<\/a><\/div>\n<\/div>\n<\/div>\n\n\n\n<div class=\"wp-block-column is-layout-flow wp-block-column-is-layout-flow\" style=\"flex-basis:50%\">\n<div class=\"wp-block-buttons is-content-justification-center is-layout-flex wp-container-core-buttons-is-layout-16018d1d wp-block-buttons-is-layout-flex\">\n<div class=\"wp-block-button\"><a class=\"wp-block-button__link has-cyan-bluish-gray-color has-text-color has-link-color has-text-align-center wp-element-button\" href=\"https:\/\/www.d-sidegroup.com\/\" target=\"_blank\" rel=\"noreferrer noopener\">d-side<\/a><\/div>\n<\/div>\n<\/div>\n<\/div>\n\n<p><\/p>\n\n<hr class=\"wp-block-separator has-alpha-channel-opacity\"\/>\n\n<p class=\"has-text-align-center\"><strong>Laser System Europe:<\/strong><br\/>LSE by Laser System Europe (LSE) war das Unternehmen, das f\u00fcr die Lasersysteme beim Lichtfestival Noor Riyadh verantwortlich war, welches 2022 Guinness-Weltrekorde f\u00fcr die umfangreichsten und l\u00e4ngsten Lasershows aufstellte.<br\/>Diese Rekorde, die im November 2022 durch die von Martin Arnaud entworfene und mit den von LSE gelieferten Lasersystemen realisierte Installation \u201ePulse of Light\u201c aufgestellt wurden, waren wie folgt:<br\/>&#8211; Gr\u00f6\u00dfte von einer Lasershow abgedeckte Fl\u00e4che: 14.459.160 m\u00b2 (\u00fcber 155 Millionen Quadratfu\u00df).<br\/>&#8211; L\u00e4ngste von einer Lasershow zur\u00fcckgelegte Distanz: 6,01 km (\u00fcber 19.700 Fu\u00df).<br\/>Diese Rekorde wurden durch Laserstrahlen erzielt, die \u00fcber eine der Hauptverkehrsadern von Riad projiziert wurden und mehrere ikonische Wolkenkratzer durch Licht miteinander verbanden.<\/p>\n\n<div class=\"wp-block-columns is-layout-flex wp-container-core-columns-is-layout-9d6595d7 wp-block-columns-is-layout-flex\">\n<div class=\"wp-block-column is-layout-flow wp-block-column-is-layout-flow\">\n<div class=\"wp-block-buttons is-content-justification-center is-layout-flex wp-container-core-buttons-is-layout-16018d1d wp-block-buttons-is-layout-flex\">\n<div class=\"wp-block-button\"><a class=\"wp-block-button__link has-cyan-bluish-gray-color has-text-color has-link-color wp-element-button\" href=\"http:\/\/www.openwhite.eu\/index.php\/2025\/11\/28\/pulse-of-light\/\">Mehr erfahren<\/a><\/div>\n<\/div>\n<\/div>\n\n\n\n<div class=\"wp-block-column is-layout-flow wp-block-column-is-layout-flow\">\n<div class=\"wp-block-buttons is-content-justification-center is-layout-flex wp-container-core-buttons-is-layout-16018d1d wp-block-buttons-is-layout-flex\">\n<div class=\"wp-block-button\"><a class=\"wp-block-button__link has-cyan-bluish-gray-color has-text-color has-link-color wp-element-button\" href=\"https:\/\/www.lpf-shows.fr\/\" target=\"_blank\" rel=\"noreferrer noopener\">Les petits fran\u00e7ais<\/a><\/div>\n<\/div>\n<\/div>\n<\/div>\n\n<hr class=\"wp-block-separator has-alpha-channel-opacity\"\/>\n\n<p class=\"has-text-align-center\"><strong>Laser System Europe:<\/strong><br\/>Gold bei den BEA Awards 2025 f\u00fcr die F\u00eate belge 2024 \u2728<br\/>Ein Projekt, das Talent, Vision und eine gemeinsame Leidenschaft vereinte, um unvergessliche Momente f\u00fcr unseren Nationalfeiertag der Kanzlei des Premierministers zu schaffen.<br\/>Wir f\u00fchlen uns geehrt, Teil des Konsortiums LFD+H an der Seite von Friends by Verhulst, D-Side group und Hangar zu sein. Der Beweis daf\u00fcr, dass gro\u00dfe Dinge geschehen, wenn gro\u00dfartige Teams zusammenkommen.<br\/>Herzlichen Gl\u00fcckwunsch an jeden Partner, Lieferanten und kreativen Geist hinter diesem Erfolg.<br\/><br\/>Ein ph\u00e4nomenales Schaufenster f\u00fcr Kreativit\u00e4t und kulturelle Wirkung!<\/p>\n\n<div class=\"wp-block-columns is-layout-flex wp-container-core-columns-is-layout-9d6595d7 wp-block-columns-is-layout-flex\">\n<div class=\"wp-block-column is-layout-flow wp-block-column-is-layout-flow\">\n<div class=\"wp-block-buttons is-content-justification-center is-layout-flex wp-container-core-buttons-is-layout-16018d1d wp-block-buttons-is-layout-flex\">\n<div class=\"wp-block-button\"><a class=\"wp-block-button__link has-cyan-bluish-gray-color has-text-color has-link-color wp-element-button\" href=\"http:\/\/www.openwhite.eu\/index.php\/2024\/07\/25\/21-juillet-2024\/\">Mehr erfahren<\/a><\/div>\n<\/div>\n<\/div>\n\n\n\n<div class=\"wp-block-column is-layout-flow wp-block-column-is-layout-flow\">\n<div class=\"wp-block-buttons is-content-justification-center is-layout-flex wp-container-core-buttons-is-layout-16018d1d wp-block-buttons-is-layout-flex\">\n<div class=\"wp-block-button\"><a class=\"wp-block-button__link has-cyan-bluish-gray-color has-text-color has-link-color wp-element-button\" href=\"https:\/\/www.d-sidegroup.com\/\" target=\"_blank\" rel=\"noreferrer noopener\">d-Side<\/a><\/div>\n<\/div>\n<\/div>\n\n\n\n<div class=\"wp-block-column is-layout-flow wp-block-column-is-layout-flow\">\n<div class=\"wp-block-buttons is-content-justification-center is-layout-flex wp-container-core-buttons-is-layout-16018d1d wp-block-buttons-is-layout-flex\">\n<div class=\"wp-block-button\"><a class=\"wp-block-button__link has-cyan-bluish-gray-color has-text-color has-link-color wp-element-button\" href=\"https:\/\/www.thefriends.be\/\" target=\"_blank\" rel=\"noreferrer noopener\">Friends<\/a><\/div>\n<\/div>\n<\/div>\n\n\n\n<div class=\"wp-block-column is-vertically-aligned-center is-layout-flow wp-block-column-is-layout-flow\">\n<div class=\"wp-block-buttons is-content-justification-center is-layout-flex wp-container-core-buttons-is-layout-16018d1d wp-block-buttons-is-layout-flex\">\n<div class=\"wp-block-button\"><a class=\"wp-block-button__link has-cyan-bluish-gray-color has-text-color has-link-color wp-element-button\" href=\"https:\/\/thehangar.be\/\" target=\"_blank\" rel=\"noreferrer noopener\">Hangar<\/a><\/div>\n<\/div>\n<\/div>\n<\/div>\n\n<hr class=\"wp-block-separator has-alpha-channel-opacity\"\/>\n\n<p><\/p>\n","protected":false},"excerpt":{"rendered":"<p>Jedes Projekt beginnt oft mit einer Idee, manchmal zerbrechlich, manchmal ehrgeizig. Wir hatten das Gl\u00fcck, unser Know-how und unsere technischen Kompetenzen in den Dienst von Veranstaltungen zu stellen, die anfangs nur Tr\u00e4ume auf einem wei\u00dfen Blatt Papier waren. Sie wachsen zu sehen, Gestalt annehmen zu lassen und schlie\u00dflich mit prestigetr\u00e4chtigen Preisen ausgezeichnet zu werden, war [&hellip;]<\/p>\n","protected":false},"author":1,"featured_media":0,"parent":0,"menu_order":0,"comment_status":"closed","ping_status":"closed","template":"template-full-width.php","meta":{"footnotes":""},"class_list":["post-1476","page","type-page","status-publish","hentry"],"_links":{"self":[{"href":"https:\/\/www.openwhite.eu\/de\/index.php\/wp-json\/wp\/v2\/pages\/1476","targetHints":{"allow":["GET"]}}],"collection":[{"href":"https:\/\/www.openwhite.eu\/de\/index.php\/wp-json\/wp\/v2\/pages"}],"about":[{"href":"https:\/\/www.openwhite.eu\/de\/index.php\/wp-json\/wp\/v2\/types\/page"}],"author":[{"embeddable":true,"href":"https:\/\/www.openwhite.eu\/de\/index.php\/wp-json\/wp\/v2\/users\/1"}],"replies":[{"embeddable":true,"href":"https:\/\/www.openwhite.eu\/de\/index.php\/wp-json\/wp\/v2\/comments?post=1476"}],"version-history":[{"count":1,"href":"https:\/\/www.openwhite.eu\/de\/index.php\/wp-json\/wp\/v2\/pages\/1476\/revisions"}],"predecessor-version":[{"id":1477,"href":"https:\/\/www.openwhite.eu\/de\/index.php\/wp-json\/wp\/v2\/pages\/1476\/revisions\/1477"}],"wp:attachment":[{"href":"https:\/\/www.openwhite.eu\/de\/index.php\/wp-json\/wp\/v2\/media?parent=1476"}],"curies":[{"name":"wp","href":"https:\/\/api.w.org\/{rel}","templated":true}]}}