{"id":1958,"date":"2026-04-07T09:57:08","date_gmt":"2026-04-07T09:57:08","guid":{"rendered":"https:\/\/www.openwhite.eu\/index.php\/production-assist\/"},"modified":"2026-04-07T11:31:48","modified_gmt":"2026-04-07T11:31:48","slug":"production-assist","status":"publish","type":"page","link":"https:\/\/www.openwhite.eu\/de\/index.php\/production-assist\/","title":{"rendered":"Production Assist"},"content":{"rendered":"<div class=\"wp-block-image\">\n<figure class=\"aligncenter size-full\"><img fetchpriority=\"high\" decoding=\"async\" width=\"280\" height=\"180\" src=\"https:\/\/www.openwhite.eu\/wp-content\/uploads\/2025\/12\/images.jpg\" alt=\"\" class=\"wp-image-773\"\/><\/figure>\n<\/div>\n<h3 class=\"wp-block-heading\"><strong>Technische Berechnungen und Strukturvorbereitung f\u00fcr Veranstaltungen<\/strong><\/h3>\n\n<p>Die technische Vorbereitung einer Veranstaltung beschr\u00e4nkt sich nicht auf das Zeichnen eines Plans.<\/p>\n\n<p>Sie beinhaltet das <strong>\u00dcberpr\u00fcfen von Lasten, das Antizipieren struktureller Einschr\u00e4nkungen und das Sichern von Installationen<\/strong>.<\/p>\n\n<p>Production Assist ist ein leistungsstarkes Tool, um diese Einschr\u00e4nkungen bereits in der Konzeptionsphase zu analysieren und vorzubereiten.<\/p>\n\n<p>Diese <strong>2-t\u00e4gige<\/strong> Schulung erm\u00f6glicht es Ihnen, Production Assist zu verstehen und zu nutzen, um <strong>Lasten zu bewerten, Installationen vorzubereiten und Ihre technischen Projekte zu sichern<\/strong>.<\/p>\n\n<p>Sie richtet sich an Fachleute aus der Veranstaltungsbranche, die <strong>technische Berechnungen im Zusammenhang mit Strukturen und B\u00fchneninstallationen besser beherrschen<\/strong> m\u00f6chten.<\/p>\n\n<hr class=\"wp-block-separator has-alpha-channel-opacity\"\/>\n\n<h1 class=\"wp-block-heading\"><strong>F\u00fcr wen ist diese Schulung gedacht?<\/strong><\/h1>\n\n<p>Diese Schulung richtet sich an:<\/p>\n\n<ul class=\"wp-block-list\">\n<li>Technische Leiter<\/li>\n\n\n\n<li>Technische Direktoren<\/li>\n\n\n\n<li>Rigging-Techniker<\/li>\n\n\n\n<li>Lichtdesigner<\/li>\n\n\n\n<li>Produktionstechniker<\/li>\n\n\n\n<li>Verantwortliche f\u00fcr Eventinstallationen<\/li>\n<\/ul>\n\n<p>Sie ist besonders n\u00fctzlich f\u00fcr alle Personen, die <strong>h\u00e4ngende Installationen oder technische Strukturen vorbereiten oder validieren<\/strong> m\u00fcssen.<\/p>\n\n<hr class=\"wp-block-separator has-alpha-channel-opacity\"\/>\n\n<h1 class=\"wp-block-heading\"><strong>Schulungsziele<\/strong><\/h1>\n\n<p>Nach Abschluss der Schulung sind die Teilnehmer in der Lage:<\/p>\n\n<ul class=\"wp-block-list\">\n<li>die Grundprinzipien von <strong>Lasten und mechanischen Beanspruchungen<\/strong> zu verstehen<\/li>\n\n\n\n<li>Production Assist zur <strong>Analyse einer Installation<\/strong> zu verwenden<\/li>\n\n\n\n<li><strong>H\u00e4ngelastberechnungen<\/strong> durchzuf\u00fchren<\/li>\n\n\n\n<li><strong>Bodenlasten<\/strong> zu analysieren<\/li>\n\n\n\n<li>die <strong>Auswirkungen des Windes auf eine Struktur<\/strong> zu bewerten<\/li>\n\n\n\n<li>eine <strong>klare technische Dokumentation f\u00fcr eine Produktion<\/strong> zu erstellen<\/li>\n<\/ul>\n\n<p>Ziel ist es, zu lernen, <strong>technische Einschr\u00e4nkungen vor der Installation vor Ort zu antizipieren<\/strong>.<\/p>\n\n<hr class=\"wp-block-separator has-alpha-channel-opacity\"\/>\n\n<h1 class=\"wp-block-heading\"><strong>Detailliertes Programm<\/strong><\/h1>\n\n<h2 class=\"wp-block-heading\"><strong>Tag 1 \u2014 Berechnungen verstehen und strukturieren<\/strong><\/h2>\n\n<h3 class=\"wp-block-heading\"><strong>Einf\u00fchrung in technische Einschr\u00e4nkungen<\/strong><\/h3>\n\n<ul class=\"wp-block-list\">\n<li>Wiederholung der mechanischen Prinzipien, angewandt auf Veranstaltungen<\/li>\n\n\n\n<li>Arten von Lasten und Beanspruchungen<\/li>\n\n\n\n<li>Sicherheit und bew\u00e4hrte Praktiken<\/li>\n<\/ul>\n\n<h3 class=\"wp-block-heading\"><strong>Einstieg in Production Assist<\/strong><\/h3>\n\n<ul class=\"wp-block-list\">\n<li>Benutzeroberfl\u00e4che und Softwareorganisation<\/li>\n\n\n\n<li>Erstellung eines Projekts<\/li>\n\n\n\n<li>Strukturierung einer Installation<\/li>\n<\/ul>\n\n<h3 class=\"wp-block-heading\"><strong>Berechnung von H\u00e4ngelasten<\/strong><\/h3>\n\n<ul class=\"wp-block-list\">\n<li>h\u00e4ngende Lasten<\/li>\n\n\n\n<li>Lastverteilung<\/li>\n\n\n\n<li>Analyse der Anschlagpunkte<\/li>\n\n\n\n<li>\u00dcberpr\u00fcfung struktureller Einschr\u00e4nkungen<\/li>\n<\/ul>\n\n<h3 class=\"wp-block-heading\"><strong>Praktische Fallstudie<\/strong><\/h3>\n\n<p>Analyse einer typischen Installation:<\/p>\n\n<ul class=\"wp-block-list\">\n<li>B\u00fchnenstruktur<\/li>\n\n\n\n<li>Lichtbr\u00fccken<\/li>\n\n\n\n<li>h\u00e4ngende Ausr\u00fcstung<\/li>\n<\/ul>\n\n<hr class=\"wp-block-separator has-alpha-channel-opacity\"\/>\n\n<h2 class=\"wp-block-heading\"><strong>Tag 2 \u2014 Erweiterte Analyse und Produktionsvorbereitung<\/strong><\/h2>\n\n<h3 class=\"wp-block-heading\"><strong>Bodenlasten<\/strong><\/h3>\n\n<ul class=\"wp-block-list\">\n<li>Lastverteilung<\/li>\n\n\n\n<li>Beanspruchungen auf Boden oder B\u00fchne<\/li>\n\n\n\n<li>Berechnung der Auflagepunkte<\/li>\n<\/ul>\n\n<h3 class=\"wp-block-heading\"><strong>Windlast<\/strong><\/h3>\n\n<ul class=\"wp-block-list\">\n<li>Einf\u00fchrung in aerodynamische Einschr\u00e4nkungen<\/li>\n\n\n\n<li>Auswirkungen des Windes auf tempor\u00e4re Strukturen<\/li>\n\n\n\n<li>Analyse exponierter Oberfl\u00e4chen<\/li>\n<\/ul>\n\n<h3 class=\"wp-block-heading\"><strong>Reale Fallstudien<\/strong><\/h3>\n\n<p>Simulation von in der Produktion auftretenden Situationen:<\/p>\n\n<ul class=\"wp-block-list\">\n<li>Au\u00dfenstruktur<\/li>\n\n\n\n<li>tempor\u00e4re B\u00fchne<\/li>\n\n\n\n<li>Eventinstallation<\/li>\n<\/ul>\n\n<h3 class=\"wp-block-heading\"><strong>Erstellung technischer Unterlagen<\/strong><\/h3>\n\n<ul class=\"wp-block-list\">\n<li>klare Darstellung der Berechnungen<\/li>\n\n\n\n<li>Kommunikation mit den technischen Teams<\/li>\n\n\n\n<li>Vorbereitung von Dokumenten zur technischen Validierung<\/li>\n<\/ul>\n\n<hr class=\"wp-block-separator has-alpha-channel-opacity\"\/>\n\n<h1 class=\"wp-block-heading\"><strong>P\u00e4dagogischer Ansatz<\/strong><\/h1>\n\n<p>Die Schulung wechselt ab zwischen:<\/p>\n\n<ul class=\"wp-block-list\">\n<li>technischen Erkl\u00e4rungen<\/li>\n\n\n\n<li>Software-Demonstrationen<\/li>\n\n\n\n<li>Fallstudien, die von realen Situationen inspiriert sind<\/li>\n\n\n\n<li>praktischen \u00dcbungen<\/li>\n<\/ul>\n\n<p>Die Teilnehmer arbeiten an <strong>konkreten Beispielen aus Veranstaltungs- und Eventprojekten<\/strong>.<\/p>\n\n<hr class=\"wp-block-separator has-alpha-channel-opacity\"\/>\n\n<h1 class=\"wp-block-heading\"><strong>Praktische Informationen<\/strong><\/h1>\n\n<p>Dauer: <strong>2 Tage<\/strong><\/p>\n\n<p>Format:<\/p>\n\n<ul class=\"wp-block-list\">\n<li>Schulung in kleiner Gruppe<\/li>\n\n\n\n<li>Inhouse-Schulung m\u00f6glich<\/li>\n\n\n\n<li>Schulung angepasst an das Niveau der Teilnehmer<\/li>\n<\/ul>\n\n<hr class=\"wp-block-separator has-alpha-channel-opacity\"\/>\n\n<h1 class=\"wp-block-heading\"><strong>Warum Production Assist verwenden?<\/strong><\/h1>\n\n<p>Production Assist erm\u00f6glicht es, Folgendes zu tun:<\/p>\n\n<ul class=\"wp-block-list\">\n<li>Installationen zu sichern<\/li>\n\n\n\n<li>technische Einschr\u00e4nkungen zu antizipieren<\/li>\n\n\n\n<li>fundierte technische Unterlagen zu erstellen<\/li>\n\n\n\n<li>die Kommunikation zwischen technischen Teams zu verbessern<\/li>\n<\/ul>\n\n<p>Es ist ein besonders n\u00fctzliches Tool f\u00fcr <strong>technische Direktoren und Produktionsteams, die komplexe Installationen validieren m\u00fcssen<\/strong>.<\/p>\n\n<hr class=\"wp-block-separator has-alpha-channel-opacity\"\/>\n\n<div class=\"wp-block-buttons is-content-justification-center is-layout-flex wp-container-core-buttons-is-layout-16018d1d wp-block-buttons-is-layout-flex\">\n<div class=\"wp-block-button has-custom-width wp-block-button__width-75 is-style-outline is-style-outline--1\"><a class=\"wp-block-button__link has-white-color has-text-color has-background has-link-color has-large-font-size has-custom-font-size wp-element-button\" href=\"https:\/\/www.openwhite.eu\/index.php\/prise-de-renseignement\/\" style=\"border-top-left-radius:18px;border-top-right-radius:18px;border-bottom-left-radius:18px;border-bottom-right-radius:18px;background-color:#6b6b6b\">Mehr erfahren<\/a><\/div>\n<\/div>\n\n<p><\/p>\n","protected":false},"excerpt":{"rendered":"<p>Technische Berechnungen und Strukturvorbereitung f\u00fcr Veranstaltungen Die technische Vorbereitung einer Veranstaltung beschr\u00e4nkt sich nicht auf das Zeichnen eines Plans. Sie beinhaltet das \u00dcberpr\u00fcfen von Lasten, das Antizipieren struktureller Einschr\u00e4nkungen und das Sichern von Installationen. Production Assist ist ein leistungsstarkes Tool, um diese Einschr\u00e4nkungen bereits in der Konzeptionsphase zu analysieren und vorzubereiten. Diese 2-t\u00e4gige Schulung erm\u00f6glicht [&hellip;]<\/p>\n","protected":false},"author":1,"featured_media":0,"parent":0,"menu_order":0,"comment_status":"closed","ping_status":"closed","template":"template-full-width.php","meta":{"footnotes":""},"class_list":["post-1958","page","type-page","status-publish","hentry"],"_links":{"self":[{"href":"https:\/\/www.openwhite.eu\/de\/index.php\/wp-json\/wp\/v2\/pages\/1958","targetHints":{"allow":["GET"]}}],"collection":[{"href":"https:\/\/www.openwhite.eu\/de\/index.php\/wp-json\/wp\/v2\/pages"}],"about":[{"href":"https:\/\/www.openwhite.eu\/de\/index.php\/wp-json\/wp\/v2\/types\/page"}],"author":[{"embeddable":true,"href":"https:\/\/www.openwhite.eu\/de\/index.php\/wp-json\/wp\/v2\/users\/1"}],"replies":[{"embeddable":true,"href":"https:\/\/www.openwhite.eu\/de\/index.php\/wp-json\/wp\/v2\/comments?post=1958"}],"version-history":[{"count":1,"href":"https:\/\/www.openwhite.eu\/de\/index.php\/wp-json\/wp\/v2\/pages\/1958\/revisions"}],"predecessor-version":[{"id":1959,"href":"https:\/\/www.openwhite.eu\/de\/index.php\/wp-json\/wp\/v2\/pages\/1958\/revisions\/1959"}],"wp:attachment":[{"href":"https:\/\/www.openwhite.eu\/de\/index.php\/wp-json\/wp\/v2\/media?parent=1958"}],"curies":[{"name":"wp","href":"https:\/\/api.w.org\/{rel}","templated":true}]}}