{"id":2069,"date":"2025-11-24T13:01:08","date_gmt":"2025-11-24T13:01:08","guid":{"rendered":"https:\/\/www.openwhite.eu\/index.php\/ueber-uns\/"},"modified":"2026-04-07T12:09:21","modified_gmt":"2026-04-07T12:09:21","slug":"ueber-uns","status":"publish","type":"page","link":"https:\/\/www.openwhite.eu\/de\/index.php\/ueber-uns\/","title":{"rendered":"\u00dcber uns"},"content":{"rendered":"\n<h2 class=\"wp-block-heading\">Biografie von Fran\u00e7ois<\/h2>\n\n<p>Seit Ende 2021 spielt Fran\u00e7ois Vandermeeren eine wichtige Rolle bei <strong>LSE<\/strong> als <strong>Projektleiter und Lichtdesigner<\/strong>, wo er \u00fcber f\u00fcnfundzwanzig Jahre Expertise in der Kreation, \u00dcberwachung und Integration komplexer Licht- und audiovisueller Systeme einbringt. Sein Engagement bei LSE markiert einen entscheidenden Schritt in einer bereits reichen Karriere, die von hochrangigen Kooperationen und einer seltenen Vielseitigkeit in der Branche gepr\u00e4gt ist.<br\/>Innerhalb von LSE spielt Fran\u00e7ois eine entscheidende Rolle bei der Konzeption und Realisierung internationaler Gro\u00dfprojekte. Insbesondere verantwortet er sein erstes Projekt f\u00fcr das Unternehmen am <strong>Burj Khalifa<\/strong> anl\u00e4sslich der <strong>Neujahrs-Show<\/strong>, ein emblematisches Projekt aufgrund seines technischen Umfangs und seiner weltweiten Sichtbarkeit. Anschlie\u00dfend \u00fcbernimmt er die <strong>vollst\u00e4ndige Leitung eines Werks, das beim Noor Festival in Riad pr\u00e4sentiert wird<\/strong>, einem der gr\u00f6\u00dften Lichtfestivals der Welt, wobei er sowohl seine k\u00fcnstlerischen, technischen als auch logistischen F\u00e4higkeiten einsetzt.<br\/>Er \u00fcberwacht auch die <strong>Implementierung der Laser<\/strong> f\u00fcr die <strong>Er\u00f6ffnungsshow der Olympischen Spiele am Eiffelturm<\/strong>, eine Operation von extremer Pr\u00e4zision, bei der Koordination, Sicherheit und visuelle Exzellenz unerl\u00e4sslich sind.<br\/>Seine Expertise wird auch f\u00fcr prestigetr\u00e4chtige institutionelle Veranstaltungen angefragt, wie die <strong>Nationalfeiertage in Paris<\/strong> oder den <strong>Nationalfeiertag Kuwaits<\/strong>, was das Vertrauen gro\u00dfer internationaler Organisationen in sein Know-how beweist.   <\/p>\n\n<h2 class=\"wp-block-heading\">Ein durch Erfahrung und Vielfalt der Einsatzgebiete gepr\u00e4gter Werdegang<\/h2>\n\n<p>Fran\u00e7ois Vandermeerens Werdegang beginnt mit einem Praktikum bei <strong>Groupe Son Priv\u00e9<\/strong>, wo er die Welt der darstellenden K\u00fcnste und die pr\u00e4zisen Anforderungen technischer Berufe kennenlernt. Dieser erste Kontakt erm\u00f6glicht es ihm, solide Grundlagen sowohl in Bezug auf Material als auch Methodik zu erwerben. <br\/><br\/>Anschlie\u00dfend setzt er seine Karriere bei <strong>ETF<\/strong> fort, einem Unternehmen, das sich sukzessive zu <strong>Procon<\/strong> und dann zu <strong>PRG<\/strong>, einem der gr\u00f6\u00dften technischen Dienstleister weltweit, entwickeln wird. In diesen Strukturen bildet er sich in einem breiten Spektrum technischer Situationen weiter, arbeitet an vielf\u00e4ltigen Produktionen und entwickelt seine F\u00e4higkeiten in Programmierung, Betrieb und Lichttechnik. Diese Jahre bilden eine entscheidende Grundlage, auf der er eine Beherrschung der fortschrittlichsten Lichttechnologien und wertvolle Praxiserfahrung erwirbt.  <br\/><br\/>Mit diesem Hintergrund beschlie\u00dft Fran\u00e7ois, sich als <strong>Freiberufler<\/strong> selbstst\u00e4ndig zu machen und sein T\u00e4tigkeitsfeld auf zahlreiche k\u00fcnstlerische Projekte, Veranstaltungen, Festivals und technische Kreationen auszudehnen. Diese Zeit erm\u00f6glicht es ihm, seine k\u00fcnstlerische Sensibilit\u00e4t zu verfeinern, die Erwartungen kreativer Teams zu verstehen und einen Ansatz zu entwickeln, der auf Zuh\u00f6ren, Pr\u00e4zision und visueller Emotion basiert. <\/p>\n\n<h2 class=\"wp-block-heading\">B\u00e9jart Ballet Lausanne: eine pr\u00e4gende Etappe<\/h2>\n\n<p>Seine Karriere nimmt eine internationale Dimension an, als er dem <strong>B\u00e9jart Ballet Lausanne<\/strong> in der Schweiz beitritt. Dort wird er zun\u00e4chst als <strong>Lichtverantwortlicher<\/strong> eingestellt, bevor er schnell zum <strong>Assistenten der technischen Leitung<\/strong> und dann zum <strong>technischen Direktor<\/strong> der renommierten Kompanie bef\u00f6rdert wird.<br\/>Vier Jahre lang beteiligt er sich an der Produktion gro\u00dfer Kreationen und begleitet die Truppe auf internationalen Tourneen. Er leitet multidisziplin\u00e4re Teams, koordiniert komplexe Produktionen auf B\u00fchnen weltweit und festigt seine F\u00e4higkeit, technische Pr\u00e4zision, k\u00fcnstlerische Vision und menschliches Management zu vereinen.<br\/>Diese sowohl intensive als auch pr\u00e4gende Erfahrung st\u00e4rkt seinen Sinn f\u00fcr Organisation, seine Vielseitigkeit und seine F\u00e4higkeit, ehrgeizige Projekte zu leiten und dabei die k\u00fcnstlerische Koh\u00e4renz zu wahren.  <\/p>\n\n<h2 class=\"wp-block-heading\">R\u00fcckkehr nach Belgien und berufliche Wiedergeburt<\/h2>\n\n<p>Zur\u00fcck in Belgien nimmt Fran\u00e7ois seine T\u00e4tigkeit als <strong>Freiberufler<\/strong> wieder auf und arbeitet mit zahlreichen Kompanien, wie <strong>Luc Petit Creation<\/strong>, kulturellen Institutionen und Produzenten zusammen. Er wirkt bei Festivals, B\u00fchnenproduktionen, Konzerten und Lichtinstallationen mit und vervielfacht so anspruchsvolle und vielf\u00e4ltige Projekte.<br\/>Die Covid-Krise, wie f\u00fcr viele Fachleute der Unterhaltungsbranche, stellt seine T\u00e4tigkeit grundlegend auf den Kopf. Dennoch f\u00fchrt dieser \u00dcbergang zu einer neuen Gelegenheit: seinem Eintritt bei <strong>LSE<\/strong>, wo er seine gesamte Erfahrung, Expertise und Kreativit\u00e4t einbringen kann.  <\/p>\n\n<h2 class=\"wp-block-heading\">Heute: ein wichtiger Akteur in der internationalen Lichtlandschaft<\/h2>\n\n<p>Heute etabliert sich Fran\u00e7ois Vandermeeren bei LSE als <strong>essenzieller Projektleiter<\/strong>, anerkannt f\u00fcr seine F\u00e4higkeit, komplexe technische Herausforderungen in au\u00dfergew\u00f6hnliche visuelle Erlebnisse zu verwandeln.<br\/>Seine Beherrschung von <strong>Lichtkonsolen<\/strong>, <strong>LED-Systemen<\/strong>, <strong>Lasern<\/strong> und der <strong>audiovisuellen Integration<\/strong> macht ihn zu einem seltenen Profil, das in der Lage ist, hochtechnische Projekte zu konzipieren, zu programmieren, zu koordinieren und zu \u00fcberwachen.<br\/>Gesch\u00e4tzt f\u00fcr seinen Sinn f\u00fcr Details, seine Kreativit\u00e4t, seine Effizienz und seine klare Kommunikation, repr\u00e4sentiert er das Unternehmen exzellent auf der internationalen B\u00fchne.<br\/>Fran\u00e7ois verk\u00f6rpert eine Generation von Lichtdesignern, die in der Lage sind, mit K\u00fcnstlern, Ingenieuren und Produzenten in Dialog zu treten und gleichzeitig immersive Erlebnisse zu gestalten, in denen Technik und visuelle Poesie eins werden.<\/p>\n\n<figure class=\"wp-block-gallery has-nested-images columns-default is-cropped wp-block-gallery-1 is-layout-flex wp-block-gallery-is-layout-flex\">\n<figure class=\"wp-block-image size-large\"><img fetchpriority=\"high\" decoding=\"async\" width=\"960\" height=\"720\" data-id=\"750\" src=\"https:\/\/www.openwhite.eu\/wp-content\/uploads\/2025\/12\/514473004_10161722546243869_2439988031419044354_n.jpg\" alt=\"\" class=\"wp-image-750\" srcset=\"https:\/\/www.openwhite.eu\/wp-content\/uploads\/2025\/12\/514473004_10161722546243869_2439988031419044354_n.jpg 960w, https:\/\/www.openwhite.eu\/wp-content\/uploads\/2025\/12\/514473004_10161722546243869_2439988031419044354_n-300x225.jpg 300w, https:\/\/www.openwhite.eu\/wp-content\/uploads\/2025\/12\/514473004_10161722546243869_2439988031419044354_n-768x576.jpg 768w\" sizes=\"(max-width: 960px) 100vw, 960px\" \/><\/figure>\n\n\n\n<figure class=\"wp-block-image size-large\"><img decoding=\"async\" width=\"1024\" height=\"682\" data-id=\"753\" data-src=\"https:\/\/www.openwhite.eu\/wp-content\/uploads\/2025\/12\/178127784_10158303255733869_4059474513315455364_n-1024x682.jpg\" alt=\"\" class=\"wp-image-753 lazyload\" data-srcset=\"https:\/\/www.openwhite.eu\/wp-content\/uploads\/2025\/12\/178127784_10158303255733869_4059474513315455364_n-1024x682.jpg 1024w, https:\/\/www.openwhite.eu\/wp-content\/uploads\/2025\/12\/178127784_10158303255733869_4059474513315455364_n-300x200.jpg 300w, https:\/\/www.openwhite.eu\/wp-content\/uploads\/2025\/12\/178127784_10158303255733869_4059474513315455364_n-768x511.jpg 768w, https:\/\/www.openwhite.eu\/wp-content\/uploads\/2025\/12\/178127784_10158303255733869_4059474513315455364_n-1536x1022.jpg 1536w, https:\/\/www.openwhite.eu\/wp-content\/uploads\/2025\/12\/178127784_10158303255733869_4059474513315455364_n.jpg 2048w\" data-sizes=\"(max-width: 1024px) 100vw, 1024px\" src=\"data:image\/svg+xml;base64,PHN2ZyB3aWR0aD0iMSIgaGVpZ2h0PSIxIiB4bWxucz0iaHR0cDovL3d3dy53My5vcmcvMjAwMC9zdmciPjwvc3ZnPg==\" style=\"--smush-placeholder-width: 1024px; --smush-placeholder-aspect-ratio: 1024\/682;\" \/><\/figure>\n\n\n\n<figure class=\"wp-block-image size-large\"><img decoding=\"async\" width=\"1024\" height=\"1024\" data-id=\"754\" data-src=\"https:\/\/www.openwhite.eu\/wp-content\/uploads\/2025\/12\/468659947_10160979941278869_229777482507457551_n-1024x1024.jpg\" alt=\"\" class=\"wp-image-754 lazyload\" data-srcset=\"https:\/\/www.openwhite.eu\/wp-content\/uploads\/2025\/12\/468659947_10160979941278869_229777482507457551_n-1024x1024.jpg 1024w, https:\/\/www.openwhite.eu\/wp-content\/uploads\/2025\/12\/468659947_10160979941278869_229777482507457551_n-300x300.jpg 300w, https:\/\/www.openwhite.eu\/wp-content\/uploads\/2025\/12\/468659947_10160979941278869_229777482507457551_n-150x150.jpg 150w, https:\/\/www.openwhite.eu\/wp-content\/uploads\/2025\/12\/468659947_10160979941278869_229777482507457551_n-768x769.jpg 768w, https:\/\/www.openwhite.eu\/wp-content\/uploads\/2025\/12\/468659947_10160979941278869_229777482507457551_n.jpg 1439w\" data-sizes=\"(max-width: 1024px) 100vw, 1024px\" src=\"data:image\/svg+xml;base64,PHN2ZyB3aWR0aD0iMSIgaGVpZ2h0PSIxIiB4bWxucz0iaHR0cDovL3d3dy53My5vcmcvMjAwMC9zdmciPjwvc3ZnPg==\" style=\"--smush-placeholder-width: 1024px; --smush-placeholder-aspect-ratio: 1024\/1024;\" \/><\/figure>\n\n\n\n<figure class=\"wp-block-image size-large\"><img decoding=\"async\" width=\"551\" height=\"538\" data-id=\"748\" data-src=\"https:\/\/www.openwhite.eu\/wp-content\/uploads\/2025\/12\/467744604_10160798109038869_5923848618460217761_n.jpg\" alt=\"\" class=\"wp-image-748 lazyload\" data-srcset=\"https:\/\/www.openwhite.eu\/wp-content\/uploads\/2025\/12\/467744604_10160798109038869_5923848618460217761_n.jpg 551w, https:\/\/www.openwhite.eu\/wp-content\/uploads\/2025\/12\/467744604_10160798109038869_5923848618460217761_n-300x293.jpg 300w\" data-sizes=\"(max-width: 551px) 100vw, 551px\" src=\"data:image\/svg+xml;base64,PHN2ZyB3aWR0aD0iMSIgaGVpZ2h0PSIxIiB4bWxucz0iaHR0cDovL3d3dy53My5vcmcvMjAwMC9zdmciPjwvc3ZnPg==\" style=\"--smush-placeholder-width: 551px; --smush-placeholder-aspect-ratio: 551\/538;\" \/><\/figure>\n\n\n\n<figure class=\"wp-block-image size-large\"><img decoding=\"async\" width=\"960\" height=\"953\" data-id=\"752\" data-src=\"https:\/\/www.openwhite.eu\/wp-content\/uploads\/2025\/12\/511579648_10161692949278869_782992732872569107_n.jpg\" alt=\"\" class=\"wp-image-752 lazyload\" data-srcset=\"https:\/\/www.openwhite.eu\/wp-content\/uploads\/2025\/12\/511579648_10161692949278869_782992732872569107_n.jpg 960w, https:\/\/www.openwhite.eu\/wp-content\/uploads\/2025\/12\/511579648_10161692949278869_782992732872569107_n-300x298.jpg 300w, https:\/\/www.openwhite.eu\/wp-content\/uploads\/2025\/12\/511579648_10161692949278869_782992732872569107_n-150x150.jpg 150w, https:\/\/www.openwhite.eu\/wp-content\/uploads\/2025\/12\/511579648_10161692949278869_782992732872569107_n-768x762.jpg 768w\" data-sizes=\"(max-width: 960px) 100vw, 960px\" src=\"data:image\/svg+xml;base64,PHN2ZyB3aWR0aD0iMSIgaGVpZ2h0PSIxIiB4bWxucz0iaHR0cDovL3d3dy53My5vcmcvMjAwMC9zdmciPjwvc3ZnPg==\" style=\"--smush-placeholder-width: 960px; --smush-placeholder-aspect-ratio: 960\/953;\" \/><\/figure>\n\n\n\n<figure class=\"wp-block-image size-large\"><img decoding=\"async\" width=\"960\" height=\"956\" data-id=\"751\" data-src=\"https:\/\/www.openwhite.eu\/wp-content\/uploads\/2025\/12\/515510537_10161732147858869_8234207645058529332_n.jpg\" alt=\"\" class=\"wp-image-751 lazyload\" data-srcset=\"https:\/\/www.openwhite.eu\/wp-content\/uploads\/2025\/12\/515510537_10161732147858869_8234207645058529332_n.jpg 960w, https:\/\/www.openwhite.eu\/wp-content\/uploads\/2025\/12\/515510537_10161732147858869_8234207645058529332_n-300x300.jpg 300w, https:\/\/www.openwhite.eu\/wp-content\/uploads\/2025\/12\/515510537_10161732147858869_8234207645058529332_n-150x150.jpg 150w, https:\/\/www.openwhite.eu\/wp-content\/uploads\/2025\/12\/515510537_10161732147858869_8234207645058529332_n-768x765.jpg 768w\" data-sizes=\"(max-width: 960px) 100vw, 960px\" src=\"data:image\/svg+xml;base64,PHN2ZyB3aWR0aD0iMSIgaGVpZ2h0PSIxIiB4bWxucz0iaHR0cDovL3d3dy53My5vcmcvMjAwMC9zdmciPjwvc3ZnPg==\" style=\"--smush-placeholder-width: 960px; --smush-placeholder-aspect-ratio: 960\/956;\" \/><\/figure>\n\n\n\n<figure class=\"wp-block-image size-large\"><img decoding=\"async\" width=\"960\" height=\"958\" data-id=\"749\" data-src=\"https:\/\/www.openwhite.eu\/wp-content\/uploads\/2025\/12\/515725984_10161750864798869_1162217536590412193_n.jpg\" alt=\"\" class=\"wp-image-749 lazyload\" data-srcset=\"https:\/\/www.openwhite.eu\/wp-content\/uploads\/2025\/12\/515725984_10161750864798869_1162217536590412193_n.jpg 960w, https:\/\/www.openwhite.eu\/wp-content\/uploads\/2025\/12\/515725984_10161750864798869_1162217536590412193_n-300x300.jpg 300w, https:\/\/www.openwhite.eu\/wp-content\/uploads\/2025\/12\/515725984_10161750864798869_1162217536590412193_n-150x150.jpg 150w, https:\/\/www.openwhite.eu\/wp-content\/uploads\/2025\/12\/515725984_10161750864798869_1162217536590412193_n-768x766.jpg 768w\" data-sizes=\"(max-width: 960px) 100vw, 960px\" src=\"data:image\/svg+xml;base64,PHN2ZyB3aWR0aD0iMSIgaGVpZ2h0PSIxIiB4bWxucz0iaHR0cDovL3d3dy53My5vcmcvMjAwMC9zdmciPjwvc3ZnPg==\" style=\"--smush-placeholder-width: 960px; --smush-placeholder-aspect-ratio: 960\/958;\" \/><\/figure>\n<\/figure>\n","protected":false},"excerpt":{"rendered":"<p>Biografie von Fran\u00e7ois Seit Ende 2021 spielt Fran\u00e7ois Vandermeeren eine wichtige Rolle bei LSE als Projektleiter und Lichtdesigner, wo er \u00fcber f\u00fcnfundzwanzig Jahre Expertise in der Kreation, \u00dcberwachung und Integration komplexer Licht- und audiovisueller Systeme einbringt. Sein Engagement bei LSE markiert einen entscheidenden Schritt in einer bereits reichen Karriere, die von hochrangigen Kooperationen und einer [&hellip;]<\/p>\n","protected":false},"author":1,"featured_media":0,"parent":0,"menu_order":0,"comment_status":"closed","ping_status":"closed","template":"template-full-width.php","meta":{"footnotes":""},"class_list":["post-2069","page","type-page","status-publish","hentry"],"_links":{"self":[{"href":"https:\/\/www.openwhite.eu\/de\/index.php\/wp-json\/wp\/v2\/pages\/2069","targetHints":{"allow":["GET"]}}],"collection":[{"href":"https:\/\/www.openwhite.eu\/de\/index.php\/wp-json\/wp\/v2\/pages"}],"about":[{"href":"https:\/\/www.openwhite.eu\/de\/index.php\/wp-json\/wp\/v2\/types\/page"}],"author":[{"embeddable":true,"href":"https:\/\/www.openwhite.eu\/de\/index.php\/wp-json\/wp\/v2\/users\/1"}],"replies":[{"embeddable":true,"href":"https:\/\/www.openwhite.eu\/de\/index.php\/wp-json\/wp\/v2\/comments?post=2069"}],"version-history":[{"count":1,"href":"https:\/\/www.openwhite.eu\/de\/index.php\/wp-json\/wp\/v2\/pages\/2069\/revisions"}],"predecessor-version":[{"id":2072,"href":"https:\/\/www.openwhite.eu\/de\/index.php\/wp-json\/wp\/v2\/pages\/2069\/revisions\/2072"}],"wp:attachment":[{"href":"https:\/\/www.openwhite.eu\/de\/index.php\/wp-json\/wp\/v2\/media?parent=2069"}],"curies":[{"name":"wp","href":"https:\/\/api.w.org\/{rel}","templated":true}]}}