{"id":1810,"date":"2026-03-21T11:16:52","date_gmt":"2026-03-21T11:16:52","guid":{"rendered":"https:\/\/www.openwhite.eu\/index.php\/anfrage\/"},"modified":"2026-04-07T11:27:18","modified_gmt":"2026-04-07T11:27:18","slug":"anfrage","status":"publish","type":"page","link":"https:\/\/www.openwhite.eu\/de\/anfrage\/","title":{"rendered":"Anfrage"},"content":{"rendered":"\n<h2 class=\"wp-block-heading\">Wie w\u00e4re es, wenn wir Ihr Team schulen?<\/h2>\n\n<p>Die Schulung ist auch <strong>inhouse<\/strong> verf\u00fcgbar, direkt in Ihrer Arbeitsumgebung.<\/p>\n\n<p>Dieses Format ist ideal, um:<\/p>\n\n<ul class=\"wp-block-list\">\n<li>an Ihren realen Projekten zu arbeiten<\/li>\n\n\n\n<li>die Methoden eines ganzen Teams abzustimmen<\/li>\n\n\n\n<li>Effizienz und Koh\u00e4renz zu steigern<\/li>\n\n\n\n<li>die Schulung an Ihre tats\u00e4chlichen Bed\u00fcrfnisse anzupassen<\/li>\n<\/ul>\n\n<p>\ud83d\udc49 Ma\u00dfgeschneidertes Format \u2014 Inhalt, Tempo und Niveau angepasst<br\/>\ud83d\udc49 M\u00f6glichkeit der Pr\u00e4senzschulung in Ihren R\u00e4umlichkeiten<\/p>\n\n<hr class=\"wp-block-separator has-alpha-channel-opacity\"\/>\n\n<h2 class=\"wp-block-heading\">N\u00e4chste Termine f\u00fcr Gruppenschulungen<\/h2>\n\n<p>M\u00f6chten Sie den n\u00e4chsten Schritt machen?<br\/>Hier sind die n\u00e4chsten Termine \ud83d\udc47 (Ort und Daten werden noch best\u00e4tigt):<\/p>\n\n<p class=\"has-large-font-size\">\ud83d\udc49 <strong><em>M\u00f6glichkeit ab April 2026!!!<\/em><\/strong><\/p>\n\n<p>\ud83d\udc49 Sie k\u00f6nnen einen einzelnen Block belegen oder Ihren Fortschritt \u00fcber den gesamten Kurs aufbauen.<br\/>\ud83d\udc49 Jedes Modul ist so konzipiert, dass es sofort in Ihren Projekten n\u00fctzlich ist.<\/p>\n\n<hr class=\"wp-block-separator has-alpha-channel-opacity\"\/>\n\n<h2 class=\"wp-block-heading\">Sie wissen nicht, welchen Block Sie w\u00e4hlen oder wo Sie anfangen sollen?<\/h2>\n\n<p>Das ist normal, jeder Weg ist anders.<br\/>Erkl\u00e4ren Sie mir Ihre Situation \u00fcber das untenstehende Formular und ich werde Sie zur am besten geeigneten L\u00f6sung f\u00fchren.<\/p>\n\n<hr class=\"wp-block-separator has-alpha-channel-opacity\"\/>\n\n<div class=\"wpcf7 no-js\" id=\"wpcf7-f1379-o1\" lang=\"de-DE\" dir=\"ltr\" data-wpcf7-id=\"1379\">\n<div class=\"screen-reader-response\"><p role=\"status\" aria-live=\"polite\" aria-atomic=\"true\"><\/p> <ul><\/ul><\/div>\n<form action=\"\/de\/wp-json\/wp\/v2\/pages\/1810#wpcf7-f1379-o1\" method=\"post\" class=\"wpcf7-form init\" aria-label=\"Kontaktformular\" novalidate=\"novalidate\" data-status=\"init\">\n<fieldset class=\"hidden-fields-container\"><input type=\"hidden\" name=\"_wpcf7\" value=\"1379\" \/><input type=\"hidden\" name=\"_wpcf7_version\" value=\"6.1.5\" \/><input type=\"hidden\" name=\"_wpcf7_locale\" value=\"de_DE\" \/><input type=\"hidden\" name=\"_wpcf7_unit_tag\" value=\"wpcf7-f1379-o1\" \/><input type=\"hidden\" name=\"_wpcf7_container_post\" value=\"0\" \/><input type=\"hidden\" name=\"_wpcf7_posted_data_hash\" value=\"\" \/><input type=\"hidden\" name=\"_wpcf7_recaptcha_response\" value=\"\" \/>\n<\/fieldset>\n<p><label> Ihr Name<br \/>\n<span class=\"wpcf7-form-control-wrap\" data-name=\"your-name\"><input size=\"40\" maxlength=\"400\" class=\"wpcf7-form-control wpcf7-text wpcf7-validates-as-required\" autocomplete=\"name\" aria-required=\"true\" aria-invalid=\"false\" value=\"\" type=\"text\" name=\"your-name\" \/><\/span><br \/>\n<\/label>\n<\/p>\n<p><label> Ihr Vorname<br \/>\n<span class=\"wpcf7-form-control-wrap\" data-name=\"your-firstname\"><input size=\"40\" maxlength=\"400\" class=\"wpcf7-form-control wpcf7-text wpcf7-validates-as-required\" autocomplete=\"given-name\" aria-required=\"true\" aria-invalid=\"false\" value=\"\" type=\"text\" name=\"your-firstname\" \/><\/span><br \/>\n<\/label>\n<\/p>\n<p><label> Ihre E-Mail-Adresse<br \/>\n<span class=\"wpcf7-form-control-wrap\" data-name=\"your-email\"><input size=\"40\" maxlength=\"400\" class=\"wpcf7-form-control wpcf7-email wpcf7-validates-as-required wpcf7-text wpcf7-validates-as-email\" autocomplete=\"email\" aria-required=\"true\" aria-invalid=\"false\" value=\"\" type=\"email\" name=\"your-email\" \/><\/span><br \/>\n<\/label>\n<\/p>\n<p><label> Ihre Telefonnummer<br \/>\n<span class=\"wpcf7-form-control-wrap\" data-name=\"your-phone\"><input size=\"40\" maxlength=\"400\" class=\"wpcf7-form-control wpcf7-text\" autocomplete=\"tel\" aria-invalid=\"false\" value=\"\" type=\"text\" name=\"your-phone\" \/><\/span><br \/>\n<\/label>\n<\/p>\n<p><label> Funktion \/ Position<br \/>\n<span class=\"wpcf7-form-control-wrap\" data-name=\"your-position\"><input size=\"40\" maxlength=\"400\" class=\"wpcf7-form-control wpcf7-text\" aria-invalid=\"false\" value=\"\" type=\"text\" name=\"your-position\" \/><\/span><br \/>\n<\/label>\n<\/p>\n<p><label> Kenntnisstand<br \/>\n<span class=\"wpcf7-form-control-wrap\" data-name=\"vectorworks-level\"><select class=\"wpcf7-form-control wpcf7-select\" aria-invalid=\"false\" name=\"vectorworks-level\"><option value=\"Anf\u00e4nger \u2013 ich entdecke Vectorworks\">Anf\u00e4nger \u2013 ich entdecke Vectorworks<\/option><option value=\"Grundkenntnisse \u2013 ich kenne die Grundlagen\">Grundkenntnisse \u2013 ich kenne die Grundlagen<\/option><option value=\"Fortgeschritten \u2013 ich nutze bereits Spotlight\">Fortgeschritten \u2013 ich nutze bereits Spotlight<\/option><option value=\"Profi \u2013 regelm\u00e4\u00dfige Nutzung in der Produktion\">Profi \u2013 regelm\u00e4\u00dfige Nutzung in der Produktion<\/option><option value=\"Experte \u2013 fortgeschrittener Workflow \/ MVR \/ Zusammenarbeit\">Experte \u2013 fortgeschrittener Workflow \/ MVR \/ Zusammenarbeit<\/option><option value=\"Anf\u00e4nger \u2013 Production Assist\">Anf\u00e4nger \u2013 Production Assist<\/option><\/select><\/span><br \/>\n<\/label>\n<\/p>\n<p><label> Gew\u00fcnschte Schulung<br \/>\n<span class=\"wpcf7-form-control-wrap\" data-name=\"formation\"><select class=\"wpcf7-form-control wpcf7-select wpcf7-validates-as-required\" aria-required=\"true\" aria-invalid=\"false\" name=\"formation\"><option value=\"Modul 1 \u2013 Grundlagen und Methodik\">Modul 1 \u2013 Grundlagen und Methodik<\/option><option value=\"Modul 2 \u2013 Licht und Dokumentation\">Modul 2 \u2013 Licht und Dokumentation<\/option><option value=\"Modul 3 \u2013 Rigging, Traversen und Motoren\">Modul 3 \u2013 Rigging, Traversen und Motoren<\/option><option value=\"Modul 4 \u2013 Abschlussdossier und Projekt-Workshop\">Modul 4 \u2013 Abschlussdossier und Projekt-Workshop<\/option><option value=\"Master 1 \u2013 Kollaboratives Arbeiten und Projektverwaltung\">Master 1 \u2013 Kollaboratives Arbeiten und Projektverwaltung<\/option><option value=\"Master 2 \u2013 Vectorworks &amp; MVR\">Master 2 \u2013 Vectorworks &amp; MVR<\/option><option value=\"Master 3 \u2013 Verkabelung (Cabletool)\">Master 3 \u2013 Verkabelung (Cabletool)<\/option><option value=\"Der gesamte Vectorworks-Kurs, alle 11 Tage\">Der gesamte Vectorworks-Kurs, alle 11 Tage<\/option><option value=\"Production Assist\">Production Assist<\/option><\/select><\/span><br \/>\n<\/label>\n<\/p>\n<p><label> Betreff<br \/>\n<span class=\"wpcf7-form-control-wrap\" data-name=\"your-subject\"><input size=\"40\" maxlength=\"400\" class=\"wpcf7-form-control wpcf7-text\" aria-invalid=\"false\" value=\"\" type=\"text\" name=\"your-subject\" \/><\/span><br \/>\n<\/label>\n<\/p>\n<p><label> Ihre Nachricht<br \/>\n<span class=\"wpcf7-form-control-wrap\" data-name=\"your-message\"><textarea cols=\"40\" rows=\"10\" maxlength=\"2000\" class=\"wpcf7-form-control wpcf7-textarea\" aria-invalid=\"false\" name=\"your-message\"><\/textarea><\/span><br \/>\n<\/label>\n<\/p>\n<p><span class=\"wpcf7-form-control-wrap\" data-name=\"consentement\"><span class=\"wpcf7-form-control wpcf7-acceptance\"><span class=\"wpcf7-list-item\"><label><input type=\"checkbox\" name=\"consentement\" value=\"1\" aria-invalid=\"false\" \/><span class=\"wpcf7-list-item-label\">Ich bin damit einverstanden, dass meine Daten zur Bearbeitung meiner Anfrage verwendet werden.<\/span><\/label><\/span><\/span><\/span>\n<\/p>\n<p><input class=\"wpcf7-form-control wpcf7-submit has-spinner\" type=\"submit\" value=\"Senden\" \/>\n<\/p><p style=\"display: none !important;\" class=\"akismet-fields-container\" data-prefix=\"_wpcf7_ak_\"><label>&#916;<textarea name=\"_wpcf7_ak_hp_textarea\" cols=\"45\" rows=\"8\" maxlength=\"100\"><\/textarea><\/label><input type=\"hidden\" id=\"ak_js_1\" name=\"_wpcf7_ak_js\" value=\"188\"\/><script>document.getElementById( \"ak_js_1\" ).setAttribute( \"value\", ( new Date() ).getTime() );<\/script><\/p><div class=\"wpcf7-response-output\" aria-hidden=\"true\"><\/div>\n<\/form>\n<\/div>\n\n","protected":false},"excerpt":{"rendered":"<p>Wie w\u00e4re es, wenn wir Ihr Team schulen? Die Schulung ist auch inhouse verf\u00fcgbar, direkt in Ihrer Arbeitsumgebung. Dieses Format ist ideal, um: \ud83d\udc49 Ma\u00dfgeschneidertes Format \u2014 Inhalt, Tempo und Niveau angepasst\ud83d\udc49 M\u00f6glichkeit der Pr\u00e4senzschulung in Ihren R\u00e4umlichkeiten N\u00e4chste Termine f\u00fcr Gruppenschulungen M\u00f6chten Sie den n\u00e4chsten Schritt machen?Hier sind die n\u00e4chsten Termine \ud83d\udc47 (Ort und [&hellip;]<\/p>\n","protected":false},"author":1,"featured_media":0,"parent":0,"menu_order":0,"comment_status":"closed","ping_status":"closed","template":"template-full-width.php","meta":{"footnotes":""},"class_list":["post-1810","page","type-page","status-publish","hentry"],"_links":{"self":[{"href":"https:\/\/www.openwhite.eu\/de\/wp-json\/wp\/v2\/pages\/1810","targetHints":{"allow":["GET"]}}],"collection":[{"href":"https:\/\/www.openwhite.eu\/de\/wp-json\/wp\/v2\/pages"}],"about":[{"href":"https:\/\/www.openwhite.eu\/de\/wp-json\/wp\/v2\/types\/page"}],"author":[{"embeddable":true,"href":"https:\/\/www.openwhite.eu\/de\/wp-json\/wp\/v2\/users\/1"}],"replies":[{"embeddable":true,"href":"https:\/\/www.openwhite.eu\/de\/wp-json\/wp\/v2\/comments?post=1810"}],"version-history":[{"count":1,"href":"https:\/\/www.openwhite.eu\/de\/wp-json\/wp\/v2\/pages\/1810\/revisions"}],"predecessor-version":[{"id":1811,"href":"https:\/\/www.openwhite.eu\/de\/wp-json\/wp\/v2\/pages\/1810\/revisions\/1811"}],"wp:attachment":[{"href":"https:\/\/www.openwhite.eu\/de\/wp-json\/wp\/v2\/media?parent=1810"}],"curies":[{"name":"wp","href":"https:\/\/api.w.org\/{rel}","templated":true}]}}