{"id":2128,"date":"2026-04-13T11:59:34","date_gmt":"2026-04-13T09:59:34","guid":{"rendered":"https:\/\/www.openwhite.eu\/?page_id=2128"},"modified":"2026-04-14T14:08:48","modified_gmt":"2026-04-14T12:08:48","slug":"app","status":"publish","type":"page","link":"https:\/\/www.openwhite.eu\/de\/app\/","title":{"rendered":"App"},"content":{"rendered":"\n<h1 class=\"wp-block-heading\"><strong>ShowTech Tools<\/strong><\/h1>\n\n<h2 class=\"wp-block-heading\"><strong>Die technischen Tools f\u00fcr die Show. Endlich vereint. <\/strong><\/h2>\n\n<p>Videoprojektion, Lichtberechnungen, Laser-Distanzen, photometrische Umrechnungen\u2026<\/p>\n\n<p>Techniker nutzen diese Berechnungen <strong>jeden Tag<\/strong>, aber sie sind oft auf Tabellen, Notizen oder verschiedene Apps verteilt.<\/p>\n\n<p><strong>ShowTech Tools b\u00fcndelt diese unverzichtbaren Tools in einer einzigen App<\/strong>, entwickelt f\u00fcr Profis aus Show, Event und AV.<\/p>\n\n<p>Schnell. Klar. Direkt vor Ort einsetzbar.  <\/p>\n<div class=\"align-center wp-block-blockons-image-carousel\">\n\t<div class=\"blockons-slider slider  navigation-default navigation-dark pagination-bullets pagination-dark default-icon arrows-ban caption-none  bradius-rounded\" id=\"c9163635-9f04-410d-9c7b-188990f94c1d\" data-settings=\"{&quot;autoHeight&quot;:true,&quot;effect&quot;:&quot;slide&quot;,&quot;slidesPerView&quot;:4,&quot;spaceBetween&quot;:4,&quot;loop&quot;:true,&quot;rewind&quot;:false,&quot;navigation&quot;:{&quot;prevEl&quot;:&quot;.swiper-button-prev&quot;,&quot;nextEl&quot;:&quot;.swiper-button-next&quot;},&quot;autoplay&quot;:{&quot;delay&quot;:&quot;1500&quot;,&quot;disableOnInteraction&quot;:false},&quot;pagination&quot;:{&quot;el&quot;:&quot;.swiper-pagination&quot;,&quot;type&quot;:&quot;bullets&quot;,&quot;dynamicBullets&quot;:false,&quot;clickable&quot;:true}}\">\n\t\t<div class=\"ic-swiper-c9163635-9f04-410d-9c7b-188990f94c1d swiper\">\n\t\t\t<div class=\"swiper-wrapper\">\n\t\t\t\t\t\t\t\t\t<div class=\"swiper-slide\">\n\t\t\t\t\t\t<div class=\"swiper-slide-inner\">\n\t\t\t\t\t\t\t<div class=\"blockons-slider-img imgfull aspect-ratio ratio-square \">\n\t\t\t\t\t\t\t\t\t\t\t\t\t\t\t\t\t<div class=\"aspect-img\">\n\t\t\t\t\t\t\t\t\t\t<img decoding=\"async\" data-src=\"https:\/\/www.openwhite.eu\/wp-content\/uploads\/2026\/04\/image3.png\" alt=\"\" src=\"data:image\/svg+xml;base64,PHN2ZyB3aWR0aD0iMSIgaGVpZ2h0PSIxIiB4bWxucz0iaHR0cDovL3d3dy53My5vcmcvMjAwMC9zdmciPjwvc3ZnPg==\" class=\"lazyload\" style=\"--smush-placeholder-width: 1024px; --smush-placeholder-aspect-ratio: 1024\/1024;\" \/>\n\t\t\t\t\t\t\t\t\t<\/div>\n\t\t\t\t\t\t\t\t\t\t\t\t\t\t\t<\/div>\n\n\t\t\t\t\t\t\t\t\t\t\t\t\t<\/div>\n\t\t\t\t\t<\/div>\n\t\t\t\t\t\t\t\t\t<div class=\"swiper-slide\">\n\t\t\t\t\t\t<div class=\"swiper-slide-inner\">\n\t\t\t\t\t\t\t<div class=\"blockons-slider-img imgfull aspect-ratio ratio-square \">\n\t\t\t\t\t\t\t\t\t\t\t\t\t\t\t\t\t<div class=\"aspect-img\">\n\t\t\t\t\t\t\t\t\t\t<img decoding=\"async\" data-src=\"https:\/\/www.openwhite.eu\/wp-content\/uploads\/2026\/04\/Screenshot_20260304_074638.jpg\" alt=\"Showtech Tools\" src=\"data:image\/svg+xml;base64,PHN2ZyB3aWR0aD0iMSIgaGVpZ2h0PSIxIiB4bWxucz0iaHR0cDovL3d3dy53My5vcmcvMjAwMC9zdmciPjwvc3ZnPg==\" class=\"lazyload\" style=\"--smush-placeholder-width: 1080px; --smush-placeholder-aspect-ratio: 1080\/2121;\" \/>\n\t\t\t\t\t\t\t\t\t<\/div>\n\t\t\t\t\t\t\t\t\t\t\t\t\t\t\t<\/div>\n\n\t\t\t\t\t\t\t\t\t\t\t\t\t<\/div>\n\t\t\t\t\t<\/div>\n\t\t\t\t\t\t\t\t\t<div class=\"swiper-slide\">\n\t\t\t\t\t\t<div class=\"swiper-slide-inner\">\n\t\t\t\t\t\t\t<div class=\"blockons-slider-img imgfull aspect-ratio ratio-square \">\n\t\t\t\t\t\t\t\t\t\t\t\t\t\t\t\t\t<div class=\"aspect-img\">\n\t\t\t\t\t\t\t\t\t\t<img decoding=\"async\" data-src=\"https:\/\/www.openwhite.eu\/wp-content\/uploads\/2026\/04\/Screenshot_20260304_074648.jpg\" alt=\"\" src=\"data:image\/svg+xml;base64,PHN2ZyB3aWR0aD0iMSIgaGVpZ2h0PSIxIiB4bWxucz0iaHR0cDovL3d3dy53My5vcmcvMjAwMC9zdmciPjwvc3ZnPg==\" class=\"lazyload\" style=\"--smush-placeholder-width: 1080px; --smush-placeholder-aspect-ratio: 1080\/2121;\" \/>\n\t\t\t\t\t\t\t\t\t<\/div>\n\t\t\t\t\t\t\t\t\t\t\t\t\t\t\t<\/div>\n\n\t\t\t\t\t\t\t\t\t\t\t\t\t<\/div>\n\t\t\t\t\t<\/div>\n\t\t\t\t\t\t\t\t\t<div class=\"swiper-slide\">\n\t\t\t\t\t\t<div class=\"swiper-slide-inner\">\n\t\t\t\t\t\t\t<div class=\"blockons-slider-img imgfull aspect-ratio ratio-square \">\n\t\t\t\t\t\t\t\t\t\t\t\t\t\t\t\t\t<div class=\"aspect-img\">\n\t\t\t\t\t\t\t\t\t\t<img decoding=\"async\" data-src=\"https:\/\/www.openwhite.eu\/wp-content\/uploads\/2026\/04\/Screenshot_20260304_113431.jpg\" alt=\"\" src=\"data:image\/svg+xml;base64,PHN2ZyB3aWR0aD0iMSIgaGVpZ2h0PSIxIiB4bWxucz0iaHR0cDovL3d3dy53My5vcmcvMjAwMC9zdmciPjwvc3ZnPg==\" class=\"lazyload\" style=\"--smush-placeholder-width: 1080px; --smush-placeholder-aspect-ratio: 1080\/2121;\" \/>\n\t\t\t\t\t\t\t\t\t<\/div>\n\t\t\t\t\t\t\t\t\t\t\t\t\t\t\t<\/div>\n\n\t\t\t\t\t\t\t\t\t\t\t\t\t<\/div>\n\t\t\t\t\t<\/div>\n\t\t\t\t\t\t\t\t\t<div class=\"swiper-slide\">\n\t\t\t\t\t\t<div class=\"swiper-slide-inner\">\n\t\t\t\t\t\t\t<div class=\"blockons-slider-img imgfull aspect-ratio ratio-square \">\n\t\t\t\t\t\t\t\t\t\t\t\t\t\t\t\t\t<div class=\"aspect-img\">\n\t\t\t\t\t\t\t\t\t\t<img decoding=\"async\" data-src=\"https:\/\/www.openwhite.eu\/wp-content\/uploads\/2026\/04\/Screenshot_20260304_074642.jpg\" alt=\"\" src=\"data:image\/svg+xml;base64,PHN2ZyB3aWR0aD0iMSIgaGVpZ2h0PSIxIiB4bWxucz0iaHR0cDovL3d3dy53My5vcmcvMjAwMC9zdmciPjwvc3ZnPg==\" class=\"lazyload\" style=\"--smush-placeholder-width: 1080px; --smush-placeholder-aspect-ratio: 1080\/2121;\" \/>\n\t\t\t\t\t\t\t\t\t<\/div>\n\t\t\t\t\t\t\t\t\t\t\t\t\t\t\t<\/div>\n\n\t\t\t\t\t\t\t\t\t\t\t\t\t<\/div>\n\t\t\t\t\t<\/div>\n\t\t\t\t\t\t\t\t\t<div class=\"swiper-slide\">\n\t\t\t\t\t\t<div class=\"swiper-slide-inner\">\n\t\t\t\t\t\t\t<div class=\"blockons-slider-img imgfull aspect-ratio ratio-square \">\n\t\t\t\t\t\t\t\t\t\t\t\t\t\t\t\t\t<div class=\"aspect-img\">\n\t\t\t\t\t\t\t\t\t\t<img decoding=\"async\" data-src=\"https:\/\/www.openwhite.eu\/wp-content\/uploads\/2026\/04\/Screenshot_20260304_074848.jpg\" alt=\"\" src=\"data:image\/svg+xml;base64,PHN2ZyB3aWR0aD0iMSIgaGVpZ2h0PSIxIiB4bWxucz0iaHR0cDovL3d3dy53My5vcmcvMjAwMC9zdmciPjwvc3ZnPg==\" class=\"lazyload\" style=\"--smush-placeholder-width: 1080px; --smush-placeholder-aspect-ratio: 1080\/1270;\" \/>\n\t\t\t\t\t\t\t\t\t<\/div>\n\t\t\t\t\t\t\t\t\t\t\t\t\t\t\t<\/div>\n\n\t\t\t\t\t\t\t\t\t\t\t\t\t<\/div>\n\t\t\t\t\t<\/div>\n\t\t\t\t\t\t\t\t\t<div class=\"swiper-slide\">\n\t\t\t\t\t\t<div class=\"swiper-slide-inner\">\n\t\t\t\t\t\t\t<div class=\"blockons-slider-img imgfull aspect-ratio ratio-square \">\n\t\t\t\t\t\t\t\t\t\t\t\t\t\t\t\t\t<div class=\"aspect-img\">\n\t\t\t\t\t\t\t\t\t\t<img decoding=\"async\" data-src=\"https:\/\/www.openwhite.eu\/wp-content\/uploads\/2026\/04\/Screenshot_20260304_074825.jpg\" alt=\"\" src=\"data:image\/svg+xml;base64,PHN2ZyB3aWR0aD0iMSIgaGVpZ2h0PSIxIiB4bWxucz0iaHR0cDovL3d3dy53My5vcmcvMjAwMC9zdmciPjwvc3ZnPg==\" class=\"lazyload\" style=\"--smush-placeholder-width: 1080px; --smush-placeholder-aspect-ratio: 1080\/1742;\" \/>\n\t\t\t\t\t\t\t\t\t<\/div>\n\t\t\t\t\t\t\t\t\t\t\t\t\t\t\t<\/div>\n\n\t\t\t\t\t\t\t\t\t\t\t\t\t<\/div>\n\t\t\t\t\t<\/div>\n\t\t\t\t\t\t\t\t\t<div class=\"swiper-slide\">\n\t\t\t\t\t\t<div class=\"swiper-slide-inner\">\n\t\t\t\t\t\t\t<div class=\"blockons-slider-img imgfull aspect-ratio ratio-square \">\n\t\t\t\t\t\t\t\t\t\t\t\t\t\t\t\t\t<div class=\"aspect-img\">\n\t\t\t\t\t\t\t\t\t\t<img decoding=\"async\" data-src=\"https:\/\/www.openwhite.eu\/wp-content\/uploads\/2026\/04\/Screenshot_20260304_074920.jpg\" alt=\"\" src=\"data:image\/svg+xml;base64,PHN2ZyB3aWR0aD0iMSIgaGVpZ2h0PSIxIiB4bWxucz0iaHR0cDovL3d3dy53My5vcmcvMjAwMC9zdmciPjwvc3ZnPg==\" class=\"lazyload\" style=\"--smush-placeholder-width: 1080px; --smush-placeholder-aspect-ratio: 1080\/2121;\" \/>\n\t\t\t\t\t\t\t\t\t<\/div>\n\t\t\t\t\t\t\t\t\t\t\t\t\t\t\t<\/div>\n\n\t\t\t\t\t\t\t\t\t\t\t\t\t<\/div>\n\t\t\t\t\t<\/div>\n\t\t\t\t\t\t\t\t\t<div class=\"swiper-slide\">\n\t\t\t\t\t\t<div class=\"swiper-slide-inner\">\n\t\t\t\t\t\t\t<div class=\"blockons-slider-img imgfull aspect-ratio ratio-square \">\n\t\t\t\t\t\t\t\t\t\t\t\t\t\t\t\t\t<div class=\"aspect-img\">\n\t\t\t\t\t\t\t\t\t\t<img decoding=\"async\" data-src=\"https:\/\/www.openwhite.eu\/wp-content\/uploads\/2026\/04\/Screenshot_20260304_074803.jpg\" alt=\"\" src=\"data:image\/svg+xml;base64,PHN2ZyB3aWR0aD0iMSIgaGVpZ2h0PSIxIiB4bWxucz0iaHR0cDovL3d3dy53My5vcmcvMjAwMC9zdmciPjwvc3ZnPg==\" class=\"lazyload\" style=\"--smush-placeholder-width: 1080px; --smush-placeholder-aspect-ratio: 1080\/2121;\" \/>\n\t\t\t\t\t\t\t\t\t<\/div>\n\t\t\t\t\t\t\t\t\t\t\t\t\t\t\t<\/div>\n\n\t\t\t\t\t\t\t\t\t\t\t\t\t<\/div>\n\t\t\t\t\t<\/div>\n\t\t\t\t\t\t\t\t\t<div class=\"swiper-slide\">\n\t\t\t\t\t\t<div class=\"swiper-slide-inner\">\n\t\t\t\t\t\t\t<div class=\"blockons-slider-img imgfull aspect-ratio ratio-square \">\n\t\t\t\t\t\t\t\t\t\t\t\t\t\t\t\t\t<div class=\"aspect-img\">\n\t\t\t\t\t\t\t\t\t\t<img decoding=\"async\" data-src=\"https:\/\/www.openwhite.eu\/wp-content\/uploads\/2026\/04\/Screenshot_20260304_074756.jpg\" alt=\"\" src=\"data:image\/svg+xml;base64,PHN2ZyB3aWR0aD0iMSIgaGVpZ2h0PSIxIiB4bWxucz0iaHR0cDovL3d3dy53My5vcmcvMjAwMC9zdmciPjwvc3ZnPg==\" class=\"lazyload\" style=\"--smush-placeholder-width: 1080px; --smush-placeholder-aspect-ratio: 1080\/1733;\" \/>\n\t\t\t\t\t\t\t\t\t<\/div>\n\t\t\t\t\t\t\t\t\t\t\t\t\t\t\t<\/div>\n\n\t\t\t\t\t\t\t\t\t\t\t\t\t<\/div>\n\t\t\t\t\t<\/div>\n\t\t\t\t\t\t\t\t\t<div class=\"swiper-slide\">\n\t\t\t\t\t\t<div class=\"swiper-slide-inner\">\n\t\t\t\t\t\t\t<div class=\"blockons-slider-img imgfull aspect-ratio ratio-square \">\n\t\t\t\t\t\t\t\t\t\t\t\t\t\t\t\t\t<div class=\"aspect-img\">\n\t\t\t\t\t\t\t\t\t\t<img decoding=\"async\" data-src=\"https:\/\/www.openwhite.eu\/wp-content\/uploads\/2026\/04\/Screenshot_20260304_074746.jpg\" alt=\"\" src=\"data:image\/svg+xml;base64,PHN2ZyB3aWR0aD0iMSIgaGVpZ2h0PSIxIiB4bWxucz0iaHR0cDovL3d3dy53My5vcmcvMjAwMC9zdmciPjwvc3ZnPg==\" class=\"lazyload\" style=\"--smush-placeholder-width: 1080px; --smush-placeholder-aspect-ratio: 1080\/2121;\" \/>\n\t\t\t\t\t\t\t\t\t<\/div>\n\t\t\t\t\t\t\t\t\t\t\t\t\t\t\t<\/div>\n\n\t\t\t\t\t\t\t\t\t\t\t\t\t<\/div>\n\t\t\t\t\t<\/div>\n\t\t\t\t\t\t\t\t\t<div class=\"swiper-slide\">\n\t\t\t\t\t\t<div class=\"swiper-slide-inner\">\n\t\t\t\t\t\t\t<div class=\"blockons-slider-img imgfull aspect-ratio ratio-square \">\n\t\t\t\t\t\t\t\t\t\t\t\t\t\t\t\t\t<div class=\"aspect-img\">\n\t\t\t\t\t\t\t\t\t\t<img decoding=\"async\" data-src=\"https:\/\/www.openwhite.eu\/wp-content\/uploads\/2026\/04\/Screenshot_20260304_074727-scaled.jpg\" alt=\"\" src=\"data:image\/svg+xml;base64,PHN2ZyB3aWR0aD0iMSIgaGVpZ2h0PSIxIiB4bWxucz0iaHR0cDovL3d3dy53My5vcmcvMjAwMC9zdmciPjwvc3ZnPg==\" class=\"lazyload\" style=\"--smush-placeholder-width: 640px; --smush-placeholder-aspect-ratio: 640\/2560;\" \/>\n\t\t\t\t\t\t\t\t\t<\/div>\n\t\t\t\t\t\t\t\t\t\t\t\t\t\t\t<\/div>\n\n\t\t\t\t\t\t\t\t\t\t\t\t\t<\/div>\n\t\t\t\t\t<\/div>\n\t\t\t\t\t\t\t\t\t<div class=\"swiper-slide\">\n\t\t\t\t\t\t<div class=\"swiper-slide-inner\">\n\t\t\t\t\t\t\t<div class=\"blockons-slider-img imgfull aspect-ratio ratio-square \">\n\t\t\t\t\t\t\t\t\t\t\t\t\t\t\t\t\t<div class=\"aspect-img\">\n\t\t\t\t\t\t\t\t\t\t<img decoding=\"async\" data-src=\"https:\/\/www.openwhite.eu\/wp-content\/uploads\/2026\/04\/Screenshot_20260304_074709.jpg\" alt=\"\" src=\"data:image\/svg+xml;base64,PHN2ZyB3aWR0aD0iMSIgaGVpZ2h0PSIxIiB4bWxucz0iaHR0cDovL3d3dy53My5vcmcvMjAwMC9zdmciPjwvc3ZnPg==\" class=\"lazyload\" style=\"--smush-placeholder-width: 1080px; --smush-placeholder-aspect-ratio: 1080\/2121;\" \/>\n\t\t\t\t\t\t\t\t\t<\/div>\n\t\t\t\t\t\t\t\t\t\t\t\t\t\t\t<\/div>\n\n\t\t\t\t\t\t\t\t\t\t\t\t\t<\/div>\n\t\t\t\t\t<\/div>\n\t\t\t\t\t\t\t\t\t<div class=\"swiper-slide\">\n\t\t\t\t\t\t<div class=\"swiper-slide-inner\">\n\t\t\t\t\t\t\t<div class=\"blockons-slider-img imgfull aspect-ratio ratio-square \">\n\t\t\t\t\t\t\t\t\t\t\t\t\t\t\t\t\t<div class=\"aspect-img\">\n\t\t\t\t\t\t\t\t\t\t<img decoding=\"async\" data-src=\"https:\/\/www.openwhite.eu\/wp-content\/uploads\/2026\/04\/Screenshot_20260304_074657-scaled.jpg\" alt=\"\" src=\"data:image\/svg+xml;base64,PHN2ZyB3aWR0aD0iMSIgaGVpZ2h0PSIxIiB4bWxucz0iaHR0cDovL3d3dy53My5vcmcvMjAwMC9zdmciPjwvc3ZnPg==\" class=\"lazyload\" style=\"--smush-placeholder-width: 697px; --smush-placeholder-aspect-ratio: 697\/2560;\" \/>\n\t\t\t\t\t\t\t\t\t<\/div>\n\t\t\t\t\t\t\t\t\t\t\t\t\t\t\t<\/div>\n\n\t\t\t\t\t\t\t\t\t\t\t\t\t<\/div>\n\t\t\t\t\t<\/div>\n\t\t\t\t\t\t\t<\/div>\n\t\t\t\n\t\t\t\t\t\t\t<div class=\"swiper-button-prev\"><\/div>\n\t\t\t\t<div class=\"swiper-button-next\"><\/div>\n\t\t\t\t\t\t\n\t\t\t\t\t\t\t<div class=\"swiper-pagination\"><\/div>\n\t\t\t\t\t<\/div>\n\t<\/div>\n<\/div>\n\n<hr class=\"wp-block-separator has-alpha-channel-opacity\"\/>\n\n<h1 class=\"wp-block-heading\"><strong>Warum es diese App gibt<\/strong>?<\/h1>\n\n<p>Auf der B\u00fchne, auf Tour oder bei einer Installation hat man keine Zeit, lange nach einer Formel oder Berechnung zu suchen.<\/p>\n\n<p>ShowTech Tools wurde entwickelt, um <strong>die technische Arbeit zu vereinfachen<\/strong> und Tools, die t\u00e4glich genutzt werden, in wenigen Sekunden zug\u00e4nglich zu machen \u2013 f\u00fcr:<\/p>\n\n<ul class=\"wp-block-list\">\n<li>Lighting Designer<\/li>\n\n\n\n<li>Lichtoperatoren<\/li>\n\n\n\n<li>Technische Leiter<\/li>\n\n\n\n<li>AV-Techniker<\/li>\n\n\n\n<li>Studierende der Veranstaltungstechnik<\/li>\n<\/ul>\n\n<p>Das Ziel ist einfach: <strong>Zeit sparen und effizienter arbeiten<\/strong>.<\/p>\n\n<hr class=\"wp-block-separator has-alpha-channel-opacity\"\/>\n\n<h1 class=\"wp-block-heading\"><strong>Tools, die f\u00fcr die Realit\u00e4t vor Ort gemacht sind<\/strong><\/h1>\n\n<p>Die App b\u00fcndelt mehrere Kategorien technischer Tools:<\/p>\n\n<h3 class=\"wp-block-heading\"><strong>Video<\/strong><\/h3>\n\n<ul class=\"wp-block-list\">\n<li>Projektionsberechnungen<\/li>\n\n\n\n<li>Bildformate und -abmessungen<\/li>\n\n\n\n<li>Helligkeitssch\u00e4tzung<\/li>\n<\/ul>\n\n<h3 class=\"wp-block-heading\"><strong>Licht<\/strong><\/h3>\n\n<ul class=\"wp-block-list\">\n<li>photometrische Umrechnungen<\/li>\n\n\n\n<li>Lux-\/Candela-\/Lumen-Berechnungen<\/li>\n\n\n\n<li>Licht-Referenztools<\/li>\n<\/ul>\n\n<h3 class=\"wp-block-heading\"><strong>Laser<\/strong><\/h3>\n\n<ul class=\"wp-block-list\">\n<li>Richtwerte f\u00fcr Sicherheitsabst\u00e4nde<\/li>\n\n\n\n<li>Hilfstools f\u00fcr Laserinstallationen<\/li>\n<\/ul>\n\n<h3 class=\"wp-block-heading\"><strong>Technik<\/strong><\/h3>\n\n<ul class=\"wp-block-list\">\n<li>DMX-Tools<\/li>\n\n\n\n<li>n\u00fctzliche technische Referenzen<\/li>\n<\/ul>\n\n<p>Neue Tools werden regelm\u00e4\u00dfig hinzugef\u00fcgt, um die App zu erweitern.<\/p>\n\n<hr class=\"wp-block-separator has-alpha-channel-opacity\"\/>\n\n<h1 class=\"wp-block-heading\"><strong>Immer in Ihrer Tasche<\/strong><\/h1>\n\n<p>Ob in der <strong>Projektvorbereitung, bei der Installation oder w\u00e4hrend des Betriebs<\/strong> \u2013 ShowTech Tools erm\u00f6glicht Ihnen den sofortigen Zugriff auf die Informationen, die Sie ben\u00f6tigen.<\/p>\n\n<p>Sie m\u00fcssen nicht mehr mehrere Dateien oder Apps \u00f6ffnen:<\/p>\n\n<p><strong>Alles ist in wenigen Sekunden verf\u00fcgbar.<\/strong><\/p>\n\n<hr class=\"wp-block-separator has-alpha-channel-opacity\"\/>\n\n<p>\u26a0\ufe0f Die von der App bereitgestellten Ergebnisse sind <strong>Richtwerte<\/strong> und m\u00fcssen stets gem\u00e4\u00df den geltenden Normen, den Installationsbedingungen und der Verantwortung des Operators \u00fcberpr\u00fcft werden.<\/p>\n\n<hr class=\"wp-block-separator has-alpha-channel-opacity\"\/>\n\n<h1 class=\"wp-block-heading\"><strong>ShowTech Tools herunterladen<\/strong><\/h1>\n\n<p>Verf\u00fcgbar auf:<\/p>\n\n<div class=\"wp-block-buttons is-horizontal is-layout-flex wp-block-buttons-is-layout-flex\">\n<div class=\"wp-block-button\"><a class=\"wp-block-button__link wp-element-button\" href=\"https:\/\/play.google.com\/store\/apps\/details?id=eu.openwhite.showtechtools\">Android<\/a><\/div>\n\n\n\n<div class=\"wp-block-button\"><a class=\"wp-block-button__link wp-element-button\" href=\"https:\/\/apps.apple.com\/app\/id6761654348\">Apple<\/a><\/div>\n<\/div>\n\n<hr class=\"wp-block-separator has-alpha-channel-opacity\"\/>\n\n<p><\/p>\n\n<p><\/p>\n","protected":false},"excerpt":{"rendered":"<p>ShowTech Tools Die technischen Tools f\u00fcr die Show. Endlich vereint. Videoprojektion, Lichtberechnungen, Laser-Distanzen, photometrische Umrechnungen\u2026 Techniker nutzen diese Berechnungen jeden Tag, aber sie sind oft auf Tabellen, Notizen oder verschiedene Apps verteilt. ShowTech Tools b\u00fcndelt diese unverzichtbaren Tools in einer einzigen App, entwickelt f\u00fcr Profis aus Show, Event und AV. Schnell. Klar. Direkt vor Ort [&hellip;]<\/p>\n","protected":false},"author":1,"featured_media":2401,"parent":0,"menu_order":0,"comment_status":"closed","ping_status":"closed","template":"template-full-width.php","meta":{"footnotes":""},"class_list":["post-2128","page","type-page","status-publish","has-post-thumbnail","hentry"],"_links":{"self":[{"href":"https:\/\/www.openwhite.eu\/de\/wp-json\/wp\/v2\/pages\/2128","targetHints":{"allow":["GET"]}}],"collection":[{"href":"https:\/\/www.openwhite.eu\/de\/wp-json\/wp\/v2\/pages"}],"about":[{"href":"https:\/\/www.openwhite.eu\/de\/wp-json\/wp\/v2\/types\/page"}],"author":[{"embeddable":true,"href":"https:\/\/www.openwhite.eu\/de\/wp-json\/wp\/v2\/users\/1"}],"replies":[{"embeddable":true,"href":"https:\/\/www.openwhite.eu\/de\/wp-json\/wp\/v2\/comments?post=2128"}],"version-history":[{"count":29,"href":"https:\/\/www.openwhite.eu\/de\/wp-json\/wp\/v2\/pages\/2128\/revisions"}],"predecessor-version":[{"id":2612,"href":"https:\/\/www.openwhite.eu\/de\/wp-json\/wp\/v2\/pages\/2128\/revisions\/2612"}],"wp:featuredmedia":[{"embeddable":true,"href":"https:\/\/www.openwhite.eu\/de\/wp-json\/wp\/v2\/media\/2401"}],"wp:attachment":[{"href":"https:\/\/www.openwhite.eu\/de\/wp-json\/wp\/v2\/media?parent=2128"}],"curies":[{"name":"wp","href":"https:\/\/api.w.org\/{rel}","templated":true}]}}