{"id":1348,"date":"2025-12-01T17:39:43","date_gmt":"2025-12-01T17:39:43","guid":{"rendered":"https:\/\/www.openwhite.eu\/index.php\/herramientas\/"},"modified":"2026-04-07T11:11:47","modified_gmt":"2026-04-07T11:11:47","slug":"herramientas","status":"publish","type":"page","link":"https:\/\/www.openwhite.eu\/es\/index.php\/herramientas\/","title":{"rendered":"Herramientas"},"content":{"rendered":"\n<h2 class=\"wp-block-heading\">Herramientas profesionales al servicio de sus proyectos<\/h2>\n\n<p>Para dar vida a sus ideas y garantizar proyectos fiables, creativos y controlados, nos apoyamos en herramientas profesionales reconocidas en el mundo del espect\u00e1culo y los eventos. Estos programas nos permiten dise\u00f1ar, visualizar, anticipar y asegurar cada etapa, para que su proyecto se desarrolle con total serenidad. <\/p>\n\n<blockquote class=\"wp-block-quote is-style-plain is-layout-flow wp-block-quote-is-layout-flow\">\n<p><em><strong>Cada proyecto nace de una idea y de una intenci\u00f3n art\u00edstica, y merece una realizaci\u00f3n a la vez creativa, precisa y controlada. Desde la concepci\u00f3n hasta la explotaci\u00f3n, le acompa\u00f1amos con exigencia y m\u00e9todo, integrando desde el principio los retos est\u00e9ticos, t\u00e9cnicos y de seguridad. <\/strong><\/em><br\/><br\/><em><strong>Juntos, creemos una experiencia armoniosa, viva y controlada.<\/strong><\/em><\/p>\n<\/blockquote>\n\n<blockquote class=\"wp-block-quote is-style-plain is-layout-flow wp-block-quote-is-layout-flow\">\n<p><\/p>\n<\/blockquote>\n\n<p><\/p>\n\n<hr class=\"wp-block-separator has-alpha-channel-opacity\"\/>\n\n<h3 class=\"wp-block-heading\"><strong>Vectorworks<\/strong><\/h3>\n\n<div class=\"wp-block-columns is-layout-flex wp-container-core-columns-is-layout-9d6595d7 wp-block-columns-is-layout-flex\">\n<div class=\"wp-block-column is-layout-flow wp-block-column-is-layout-flow\" style=\"flex-basis:50%\">\n<p>Vectorworks es nuestra herramienta principal de dise\u00f1o. Nos permite crear planos claros y precisos, tanto en 2D como en 3D, para imaginar la implantaci\u00f3n de los escenarios, las estructuras, la iluminaci\u00f3n y el conjunto de los elementos t\u00e9cnicos. Gracias a este enfoque, cada proyecto se piensa al detalle y es f\u00e1cilmente comprensible para todos los intervinientes.  <br\/><br\/>\ud83d\udc49 <a href=\"https:\/\/www.vectorworks.net\">https:\/\/www.vectorworks.net<\/a><\/p>\n<\/div>\n\n\n\n<div class=\"wp-block-column is-layout-flow wp-block-column-is-layout-flow\" style=\"flex-basis:50%\"><div class=\"wp-block-image wp-duotone-unset-1\">\n<figure class=\"alignright size-medium is-resized\"><a href=\"https:\/\/www.vectorworks.net\" target=\"_blank\" rel=\" noreferrer noopener\"><img fetchpriority=\"high\" decoding=\"async\" width=\"300\" height=\"171\" src=\"https:\/\/www.openwhite.eu\/wp-content\/uploads\/2025\/12\/logo1_1024x1024-300x171.webp\" alt=\"\" class=\"wp-image-775\" style=\"aspect-ratio:16\/9;object-fit:contain;width:400px\" srcset=\"https:\/\/www.openwhite.eu\/wp-content\/uploads\/2025\/12\/logo1_1024x1024-300x171.webp 300w, https:\/\/www.openwhite.eu\/wp-content\/uploads\/2025\/12\/logo1_1024x1024.webp 750w\" sizes=\"(max-width: 300px) 100vw, 300px\" \/><\/a><\/figure>\n<\/div><\/div>\n<\/div>\n\n<hr class=\"wp-block-separator has-alpha-channel-opacity\"\/>\n\n<h3 class=\"wp-block-heading\"><strong>Depence<\/strong> (Syncronorm)<\/h3>\n\n<div class=\"wp-block-columns is-layout-flex wp-container-core-columns-is-layout-9d6595d7 wp-block-columns-is-layout-flex\">\n<div class=\"wp-block-column is-layout-flow wp-block-column-is-layout-flow\" style=\"flex-basis:50%\">\n<p>Con Depence, sus proyectos cobran vida incluso antes de existir. Este software de visualizaci\u00f3n y previsualizaci\u00f3n 3D permite recrear fielmente los espacios y simular la iluminaci\u00f3n, el v\u00eddeo y los efectos en condiciones reales. Es una herramienta formidable para proyectarse, perfeccionar las elecciones art\u00edsticas y validar las decisiones t\u00e9cnicas con total confianza.  <br\/><br\/>\ud83d\udc49 <a href=\"https:\/\/www.syncronorm.com\">https:\/\/www.syncronorm.com<\/a><\/p>\n<\/div>\n\n\n\n<div class=\"wp-block-column is-layout-flow wp-block-column-is-layout-flow\" style=\"flex-basis:50%\"><div class=\"wp-block-image wp-duotone-unset-2\">\n<figure class=\"alignright size-medium is-resized\"><a href=\"https:\/\/www.syncronorm.com\" target=\"_blank\" rel=\" noreferrer noopener\"><img decoding=\"async\" width=\"300\" height=\"169\" data-src=\"https:\/\/www.openwhite.eu\/wp-content\/uploads\/2025\/12\/csm_Depence_R4___Release_Trailer_03f1cef0c1-300x169.png\" alt=\"\" class=\"wp-image-771 lazyload\" style=\"--smush-placeholder-width: 300px; --smush-placeholder-aspect-ratio: 300\/169;aspect-ratio:16\/9;object-fit:contain;width:400px\" data-srcset=\"https:\/\/www.openwhite.eu\/wp-content\/uploads\/2025\/12\/csm_Depence_R4___Release_Trailer_03f1cef0c1-300x169.png 300w, https:\/\/www.openwhite.eu\/wp-content\/uploads\/2025\/12\/csm_Depence_R4___Release_Trailer_03f1cef0c1.png 670w\" data-sizes=\"(max-width: 300px) 100vw, 300px\" src=\"data:image\/svg+xml;base64,PHN2ZyB3aWR0aD0iMSIgaGVpZ2h0PSIxIiB4bWxucz0iaHR0cDovL3d3dy53My5vcmcvMjAwMC9zdmciPjwvc3ZnPg==\" \/><\/a><\/figure>\n<\/div><\/div>\n<\/div>\n\n<hr class=\"wp-block-separator has-alpha-channel-opacity\"\/>\n\n<h3 class=\"wp-block-heading\"><strong>Consola grandMA3<\/strong><\/h3>\n\n<div class=\"wp-block-columns is-layout-flex wp-container-core-columns-is-layout-9d6595d7 wp-block-columns-is-layout-flex\">\n<div class=\"wp-block-column is-layout-flow wp-block-column-is-layout-flow\" style=\"flex-basis:50%\">\n<p>grandMA3 es la referencia mundial en programaci\u00f3n de iluminaci\u00f3n. Nos permite crear ambientes luminosos a medida, din\u00e1micos y perfectamente sincronizados con el espect\u00e1culo. Esta herramienta garantiza una explotaci\u00f3n fluida y fiable, al servicio de la emoci\u00f3n, la est\u00e9tica y la coherencia art\u00edstica de sus eventos.  <br\/><br\/>\ud83d\udc49 <a href=\"https:\/\/www.malighting.com\">https:\/\/www.malighting.com<\/a><\/p>\n<\/div>\n\n\n\n<div class=\"wp-block-column is-layout-flow wp-block-column-is-layout-flow\" style=\"flex-basis:50%\"><div class=\"wp-block-image wp-duotone-unset-3\">\n<figure class=\"alignright size-medium is-resized\"><a href=\"https:\/\/www.malighting.com\" target=\"_blank\" rel=\" noreferrer noopener\"><img decoding=\"async\" width=\"300\" height=\"158\" data-src=\"https:\/\/www.openwhite.eu\/wp-content\/uploads\/2025\/12\/63f3443a327ae950bcabbf9a_MALighting_1200x630px-300x158.jpg\" alt=\"\" class=\"wp-image-772 lazyload\" style=\"--smush-placeholder-width: 300px; --smush-placeholder-aspect-ratio: 300\/158;aspect-ratio:16\/9;object-fit:contain;width:400px\" data-srcset=\"https:\/\/www.openwhite.eu\/wp-content\/uploads\/2025\/12\/63f3443a327ae950bcabbf9a_MALighting_1200x630px-300x158.jpg 300w, https:\/\/www.openwhite.eu\/wp-content\/uploads\/2025\/12\/63f3443a327ae950bcabbf9a_MALighting_1200x630px-1024x538.jpg 1024w, https:\/\/www.openwhite.eu\/wp-content\/uploads\/2025\/12\/63f3443a327ae950bcabbf9a_MALighting_1200x630px-768x403.jpg 768w, https:\/\/www.openwhite.eu\/wp-content\/uploads\/2025\/12\/63f3443a327ae950bcabbf9a_MALighting_1200x630px.jpg 1200w\" data-sizes=\"(max-width: 300px) 100vw, 300px\" src=\"data:image\/svg+xml;base64,PHN2ZyB3aWR0aD0iMSIgaGVpZ2h0PSIxIiB4bWxucz0iaHR0cDovL3d3dy53My5vcmcvMjAwMC9zdmciPjwvc3ZnPg==\" \/><\/a><\/figure>\n<\/div><\/div>\n<\/div>\n\n<hr class=\"wp-block-separator has-alpha-channel-opacity\"\/>\n\n<h3 class=\"wp-block-heading\"><strong>Production Assist<\/strong><\/h3>\n\n<div class=\"wp-block-columns is-layout-flex wp-container-core-columns-is-layout-9d6595d7 wp-block-columns-is-layout-flex\">\n<div class=\"wp-block-column is-layout-flow wp-block-column-is-layout-flow\" style=\"flex-basis:50%\">\n<p>Production Assist es el aliado invisible pero esencial de cada proyecto. Nos permite anticipar los c\u00e1lculos de carga (estructura, suelo y resistencia al viento), la viabilidad estructural y la distribuci\u00f3n el\u00e9ctrica. Gracias a estos an\u00e1lisis, la seguridad y la conformidad se integran desde el dise\u00f1o, para lograr instalaciones fiables, controladas y sin sorpresas el d\u00eda del evento.  <br\/><br\/>\ud83d\udc49 <a href=\"https:\/\/www.production-assist.com?utm_source=chatgpt.com\">https:\/\/www.production-assist.com<\/a><\/p>\n<\/div>\n\n\n\n<div class=\"wp-block-column is-layout-flow wp-block-column-is-layout-flow\" style=\"flex-basis:50%\"><div class=\"wp-block-image wp-duotone-unset-4\">\n<figure class=\"alignright size-full is-resized\"><a href=\"https:\/\/www.production-assist.com\" target=\"_blank\" rel=\" noreferrer noopener\"><img decoding=\"async\" width=\"280\" height=\"180\" data-src=\"https:\/\/www.openwhite.eu\/wp-content\/uploads\/2025\/12\/images.jpg\" alt=\"\" class=\"wp-image-773 lazyload\" style=\"--smush-placeholder-width: 280px; --smush-placeholder-aspect-ratio: 280\/180;aspect-ratio:16\/9;object-fit:contain;width:400px\" src=\"data:image\/svg+xml;base64,PHN2ZyB3aWR0aD0iMSIgaGVpZ2h0PSIxIiB4bWxucz0iaHR0cDovL3d3dy53My5vcmcvMjAwMC9zdmciPjwvc3ZnPg==\" \/><\/a><\/figure>\n<\/div><\/div>\n<\/div>\n\n<hr class=\"wp-block-separator has-alpha-channel-opacity\"\/>\n","protected":false},"excerpt":{"rendered":"<p>Herramientas profesionales al servicio de sus proyectos Para dar vida a sus ideas y garantizar proyectos fiables, creativos y controlados, nos apoyamos en herramientas profesionales reconocidas en el mundo del espect\u00e1culo y los eventos. Estos programas nos permiten dise\u00f1ar, visualizar, anticipar y asegurar cada etapa, para que su proyecto se desarrolle con total serenidad. Cada [&hellip;]<\/p>\n","protected":false},"author":1,"featured_media":0,"parent":0,"menu_order":0,"comment_status":"closed","ping_status":"closed","template":"template-full-width.php","meta":{"footnotes":""},"class_list":["post-1348","page","type-page","status-publish","hentry"],"_links":{"self":[{"href":"https:\/\/www.openwhite.eu\/es\/index.php\/wp-json\/wp\/v2\/pages\/1348","targetHints":{"allow":["GET"]}}],"collection":[{"href":"https:\/\/www.openwhite.eu\/es\/index.php\/wp-json\/wp\/v2\/pages"}],"about":[{"href":"https:\/\/www.openwhite.eu\/es\/index.php\/wp-json\/wp\/v2\/types\/page"}],"author":[{"embeddable":true,"href":"https:\/\/www.openwhite.eu\/es\/index.php\/wp-json\/wp\/v2\/users\/1"}],"replies":[{"embeddable":true,"href":"https:\/\/www.openwhite.eu\/es\/index.php\/wp-json\/wp\/v2\/comments?post=1348"}],"version-history":[{"count":1,"href":"https:\/\/www.openwhite.eu\/es\/index.php\/wp-json\/wp\/v2\/pages\/1348\/revisions"}],"predecessor-version":[{"id":1351,"href":"https:\/\/www.openwhite.eu\/es\/index.php\/wp-json\/wp\/v2\/pages\/1348\/revisions\/1351"}],"wp:attachment":[{"href":"https:\/\/www.openwhite.eu\/es\/index.php\/wp-json\/wp\/v2\/media?parent=1348"}],"curies":[{"name":"wp","href":"https:\/\/api.w.org\/{rel}","templated":true}]}}