{"id":1456,"date":"2026-04-07T09:53:04","date_gmt":"2026-04-07T09:53:04","guid":{"rendered":"https:\/\/www.openwhite.eu\/index.php\/formacion-tecnica-para-el-espectaculo\/"},"modified":"2026-04-07T11:16:06","modified_gmt":"2026-04-07T11:16:06","slug":"formacion-tecnica-para-el-espectaculo","status":"publish","type":"page","link":"https:\/\/www.openwhite.eu\/es\/index.php\/formacion-tecnica-para-el-espectaculo\/","title":{"rendered":"Formaci\u00f3n t\u00e9cnica para el espect\u00e1culo"},"content":{"rendered":"\n<p>Los oficios t\u00e9cnicos del espect\u00e1culo evolucionan r\u00e1pidamente.<br\/>Las herramientas son cada vez m\u00e1s potentes, los flujos de trabajo est\u00e1n m\u00e1s conectados y las producciones son m\u00e1s complejas.<br\/>Estas formaciones han sido dise\u00f1adas para <strong>t\u00e9cnicos, dise\u00f1adores y directores t\u00e9cnicos<\/strong> que deseen dominar las herramientas utilizadas actualmente en la producci\u00f3n de espect\u00e1culos, eventos e instalaciones inmersivas.<\/p>\n\n<p>El objetivo es transmitir:<\/p>\n\n<ul class=\"wp-block-list\">\n<li><strong>m\u00e9todos de trabajo profesionales<\/strong><\/li>\n\n\n\n<li><strong>flujos de trabajo utilizados sobre el terreno<\/strong><\/li>\n\n\n\n<li>una <strong>comprensi\u00f3n global de las herramientas t\u00e9cnicas<\/strong><\/li>\n<\/ul>\n\n<p>Las formaciones son impartidas, entre otros, por <strong>Fran\u00e7ois Vandermeeren<\/strong>, dise\u00f1ador de iluminaci\u00f3n y director t\u00e9cnico, involucrado en producciones internacionales que combinan iluminaci\u00f3n, v\u00eddeo, automatizaci\u00f3n, efectos especiales y escenograf\u00eda t\u00e9cnica.<br\/>Cada m\u00f3dulo combina <strong>explicaciones, demostraciones y casos pr\u00e1cticos inspirados en producciones reales<\/strong>.<\/p>\n\n<hr class=\"wp-block-separator has-alpha-channel-opacity is-style-wide\"\/>\n\n<h1 class=\"wp-block-heading\"><strong>Formaciones disponibles actualmente<\/strong><\/h1>\n\n<h2 class=\"wp-block-heading\"><strong><a href=\"https:\/\/www.openwhite.eu\/index.php\/formation-vectorworks-spotlight\/\" data-type=\"page\" data-id=\"974\">Vectorworks Spotlight<\/a><\/strong><\/h2>\n\n<p>Aprenda a estructurar eficazmente un proyecto t\u00e9cnico para el espect\u00e1culo.<\/p>\n\n<p>En el programa:<\/p>\n\n<ul class=\"wp-block-list\">\n<li>creaci\u00f3n de planos t\u00e9cnicos profesionales<\/li>\n\n\n\n<li>gesti\u00f3n de proyectores y posiciones<\/li>\n\n\n\n<li>documentaci\u00f3n de iluminaci\u00f3n<\/li>\n\n\n\n<li>rigging, truss y motores<\/li>\n\n\n\n<li>organizaci\u00f3n y estructuraci\u00f3n de archivos<\/li>\n\n\n\n<li>preparaci\u00f3n de dosieres t\u00e9cnicos<\/li>\n\n\n\n<li>introducci\u00f3n a los flujos de trabajo <strong>MVR<\/strong><\/li>\n<\/ul>\n\n<p>Esta formaci\u00f3n es ideal para:<\/p>\n\n<ul class=\"wp-block-list\">\n<li>iluminadores<\/li>\n\n\n\n<li>regidores<\/li>\n\n\n\n<li>dise\u00f1adores de iluminaci\u00f3n<\/li>\n\n\n\n<li>t\u00e9cnicos de producci\u00f3n<\/li>\n<\/ul>\n\n<hr class=\"wp-block-separator has-alpha-channel-opacity is-style-dots\"\/>\n\n<h2 class=\"wp-block-heading\"><strong><a href=\"https:\/\/www.openwhite.eu\/index.php\/production-assist\/\" data-type=\"page\" data-id=\"1213\">Production Assist: c\u00e1lculos y preparaci\u00f3n t\u00e9cnica<\/a><\/strong><\/h2>\n\n<p>Production Assist permite analizar y preparar los condicionantes t\u00e9cnicos de un proyecto antes de su instalaci\u00f3n.<\/p>\n\n<p>Esta formaci\u00f3n aborda, en particular:<\/p>\n\n<ul class=\"wp-block-list\">\n<li><strong>c\u00e1lculo de cargas de suspensi\u00f3n<\/strong><\/li>\n\n\n\n<li><strong>distribuci\u00f3n de cargas en las estructuras<\/strong><\/li>\n\n\n\n<li><strong>cargas sobre el suelo<\/strong><\/li>\n\n\n\n<li><strong>resistencia al viento de estructuras e instalaciones<\/strong><\/li>\n\n\n\n<li>verificaci\u00f3n de condicionantes t\u00e9cnicos<\/li>\n\n\n\n<li>preparaci\u00f3n de dosieres t\u00e9cnicos para la producci\u00f3n<\/li>\n<\/ul>\n\n<p>El objetivo es permitir a los participantes <strong>asegurar sus instalaciones y anticipar los condicionantes t\u00e9cnicos desde la fase de preparaci\u00f3n<\/strong>.<\/p>\n\n<hr class=\"wp-block-separator has-alpha-channel-opacity\"\/>\n\n<h1 class=\"wp-block-heading\"><strong>Pr\u00f3ximas formaciones<\/strong><\/h1>\n\n<p>El cat\u00e1logo de formaciones se ampliar\u00e1 progresivamente para cubrir todo el flujo de trabajo t\u00e9cnico de una producci\u00f3n.<\/p>\n\n<h3 class=\"wp-block-heading\"><strong>Creaci\u00f3n de perfiles GDTF<\/strong><\/h3>\n\n<p>Comprender y crear perfiles GDTF para proyectores y dispositivos de iluminaci\u00f3n con el fin de asegurar una compatibilidad \u00f3ptima entre consolas, software de previsualizaci\u00f3n y herramientas de dise\u00f1o.<\/p>\n\n<h3 class=\"wp-block-heading\"><strong>Depence (iluminaci\u00f3n, l\u00e1ser y efectos especiales)<\/strong><\/h3>\n\n<p>Descubrimiento y manejo de <strong>Depence\u00b2<\/strong> para la previsualizaci\u00f3n de espect\u00e1culos:<\/p>\n\n<ul class=\"wp-block-list\">\n<li>iluminaci\u00f3n<\/li>\n\n\n\n<li>l\u00e1seres<\/li>\n\n\n\n<li>efectos especiales<\/li>\n\n\n\n<li>integraci\u00f3n en un flujo de trabajo de producci\u00f3n<\/li>\n<\/ul>\n\n<h3 class=\"wp-block-heading\"><strong>L\u00e1ser: bases de programaci\u00f3n<\/strong><\/h3>\n\n<p>Introducci\u00f3n a la programaci\u00f3n l\u00e1ser:<\/p>\n\n<ul class=\"wp-block-list\">\n<li>principios de funcionamiento<\/li>\n\n\n\n<li>seguridad y normas<\/li>\n\n\n\n<li>creaci\u00f3n de escenas<\/li>\n\n\n\n<li>sincronizaci\u00f3n con la iluminaci\u00f3n y la m\u00fasica<\/li>\n<\/ul>\n\n<h3 class=\"wp-block-heading\"><strong>grandMA3: bases de programaci\u00f3n<\/strong><\/h3>\n\n<p>Primeros pasos con la consola <strong>grandMA3<\/strong>:<\/p>\n\n<ul class=\"wp-block-list\">\n<li>estructura del software<\/li>\n\n\n\n<li>gesti\u00f3n de proyectores<\/li>\n\n\n\n<li>programaci\u00f3n b\u00e1sica<\/li>\n\n\n\n<li>creaci\u00f3n de presets<\/li>\n\n\n\n<li>construcci\u00f3n de secuencias sencillas<\/li>\n<\/ul>\n\n<hr class=\"wp-block-separator has-alpha-channel-opacity\"\/>\n\n<h1 class=\"wp-block-heading\"><strong>Un enfoque orientado a la producci\u00f3n<\/strong><\/h1>\n\n<p>Estas formaciones no se limitan al aprendizaje de un software.<\/p>\n\n<p>Su objetivo es comprender <strong>c\u00f3mo se integran las herramientas en un flujo de trabajo de producci\u00f3n real<\/strong>.<\/p>\n\n<p>El objetivo es permitir a los participantes:<\/p>\n\n<ul class=\"wp-block-list\">\n<li>trabajar de manera m\u00e1s eficiente<\/li>\n\n\n\n<li>reducir los errores en producci\u00f3n<\/li>\n\n\n\n<li>mejorar la comunicaci\u00f3n entre departamentos t\u00e9cnicos<\/li>\n\n\n\n<li>ahorrar tiempo durante la preparaci\u00f3n de los proyectos<\/li>\n<\/ul>\n","protected":false},"excerpt":{"rendered":"<p>Los oficios t\u00e9cnicos del espect\u00e1culo evolucionan r\u00e1pidamente.Las herramientas son cada vez m\u00e1s potentes, los flujos de trabajo est\u00e1n m\u00e1s conectados y las producciones son m\u00e1s complejas.Estas formaciones han sido dise\u00f1adas para t\u00e9cnicos, dise\u00f1adores y directores t\u00e9cnicos que deseen dominar las herramientas utilizadas actualmente en la producci\u00f3n de espect\u00e1culos, eventos e instalaciones inmersivas. El objetivo es [&hellip;]<\/p>\n","protected":false},"author":1,"featured_media":0,"parent":0,"menu_order":0,"comment_status":"closed","ping_status":"closed","template":"template-full-width.php","meta":{"footnotes":""},"class_list":["post-1456","page","type-page","status-publish","hentry"],"_links":{"self":[{"href":"https:\/\/www.openwhite.eu\/es\/index.php\/wp-json\/wp\/v2\/pages\/1456","targetHints":{"allow":["GET"]}}],"collection":[{"href":"https:\/\/www.openwhite.eu\/es\/index.php\/wp-json\/wp\/v2\/pages"}],"about":[{"href":"https:\/\/www.openwhite.eu\/es\/index.php\/wp-json\/wp\/v2\/types\/page"}],"author":[{"embeddable":true,"href":"https:\/\/www.openwhite.eu\/es\/index.php\/wp-json\/wp\/v2\/users\/1"}],"replies":[{"embeddable":true,"href":"https:\/\/www.openwhite.eu\/es\/index.php\/wp-json\/wp\/v2\/comments?post=1456"}],"version-history":[{"count":1,"href":"https:\/\/www.openwhite.eu\/es\/index.php\/wp-json\/wp\/v2\/pages\/1456\/revisions"}],"predecessor-version":[{"id":1457,"href":"https:\/\/www.openwhite.eu\/es\/index.php\/wp-json\/wp\/v2\/pages\/1456\/revisions\/1457"}],"wp:attachment":[{"href":"https:\/\/www.openwhite.eu\/es\/index.php\/wp-json\/wp\/v2\/media?parent=1456"}],"curies":[{"name":"wp","href":"https:\/\/api.w.org\/{rel}","templated":true}]}}