{"id":1490,"date":"2025-11-28T13:43:33","date_gmt":"2025-11-28T13:43:33","guid":{"rendered":"https:\/\/www.openwhite.eu\/index.php\/premios\/"},"modified":"2026-04-07T11:17:34","modified_gmt":"2026-04-07T11:17:34","slug":"premios","status":"publish","type":"page","link":"https:\/\/www.openwhite.eu\/es\/index.php\/premios\/","title":{"rendered":"Premios"},"content":{"rendered":"\n<p class=\"has-text-align-center\">Cada proyecto suele comenzar con una idea, a veces fr\u00e1gil, a veces ambiciosa. <br\/>Hemos tenido la oportunidad de poner nuestra experiencia y nuestras habilidades t\u00e9cnicas al servicio de eventos que, en un principio, eran solo sue\u00f1os en una p\u00e1gina en blanco. <br\/>Verlos crecer, tomar forma y, finalmente, ser recompensados con premios prestigiosos ha sido para nosotros una experiencia profundamente impactante. <br\/>M\u00e1s all\u00e1 de las distinciones, son los momentos de creaci\u00f3n, los desaf\u00edos superados en equipo y la energ\u00eda compartida lo que permanece en nuestra memoria. <br\/>Contribuir a estos \u00e9xitos nos ha recordado por qu\u00e9 amamos tanto esta profesi\u00f3n: transformar una visi\u00f3n en realidad. <br\/>Y nos sentimos honrados de haber podido desempe\u00f1ar nuestro papel en estas historias que, ahora, cuentan con un reconocimiento oficial.<\/p>\n\n<hr class=\"wp-block-separator has-alpha-channel-opacity\"\/>\n\n<p class=\"has-text-align-center\"><strong>Luc Petit Creation:<\/strong><br\/>Con el espect\u00e1culo \u00abLes routes de la libert\u00e9\u00bb (2019), LPC recibi\u00f3 premios en los BEA Awards.<br\/>&#8211; Medalla de oro al mejor evento educativo<br\/>&#8211; Medalla de plata al mejor evento cultural<br\/><\/p>\n\n<div class=\"wp-block-columns is-layout-flex wp-container-core-columns-is-layout-9d6595d7 wp-block-columns-is-layout-flex\">\n<div class=\"wp-block-column is-layout-flow wp-block-column-is-layout-flow\">\n<div class=\"wp-block-buttons is-content-justification-center is-layout-flex wp-container-core-buttons-is-layout-16018d1d wp-block-buttons-is-layout-flex\">\n<div class=\"wp-block-button\"><a class=\"wp-block-button__link has-cyan-bluish-gray-color has-text-color has-link-color wp-element-button\" href=\"http:\/\/www.openwhite.eu\/index.php\/2019\/12\/18\/les-routes-de-la-liberte\/\">Leer m\u00e1s<\/a><\/div>\n<\/div>\n<\/div>\n\n\n\n<div class=\"wp-block-column is-layout-flow wp-block-column-is-layout-flow\">\n<div class=\"wp-block-buttons is-content-justification-center is-layout-flex wp-container-core-buttons-is-layout-16018d1d wp-block-buttons-is-layout-flex\">\n<div class=\"wp-block-button\"><a class=\"wp-block-button__link has-cyan-bluish-gray-color has-text-color has-link-color wp-element-button\" href=\"https:\/\/www.lucpetit.com\/portfolio\/les-routes-de-la-liberte\/\" target=\"_blank\" rel=\"noreferrer noopener\">Luc Petit Creation<\/a><\/div>\n<\/div>\n<\/div>\n<\/div>\n\n<hr class=\"wp-block-separator has-alpha-channel-opacity\"\/>\n\n<p class=\"has-text-align-center\"><strong>StaySafe.Events:<\/strong><br\/>\u00a1Estamos muy agradecidos y orgullosos de haber ganado 2 Golden Awards para Ontex y StaySafe.Events, en los Belgian Event Awards! Comenzamos este nuevo confinamiento de eventos con a\u00fan m\u00e1s pasi\u00f3n, motivaci\u00f3n y determinaci\u00f3n.<br\/>\u00a1Muchas gracias y enhorabuena a todos los socios (m\u00e1s de 300 voluntarios) que hicieron posible la campa\u00f1a StaySafe.Events! <\/p>\n\n<p class=\"has-text-align-center\">equipo d-side y equipo LSE<\/p>\n\n<div class=\"wp-block-columns is-layout-flex wp-container-core-columns-is-layout-9d6595d7 wp-block-columns-is-layout-flex\">\n<div class=\"wp-block-column is-layout-flow wp-block-column-is-layout-flow\" style=\"flex-basis:50%\">\n<div class=\"wp-block-buttons is-content-justification-center is-layout-flex wp-container-core-buttons-is-layout-16018d1d wp-block-buttons-is-layout-flex\">\n<div class=\"wp-block-button\"><a class=\"wp-block-button__link has-cyan-bluish-gray-color has-text-color has-link-color wp-element-button\" href=\"https:\/\/www.openwhite.eu\/index.php\/2025\/12\/04\/staysafe-events\/\">Leer m\u00e1s<\/a><\/div>\n<\/div>\n<\/div>\n\n\n\n<div class=\"wp-block-column is-layout-flow wp-block-column-is-layout-flow\" style=\"flex-basis:50%\">\n<div class=\"wp-block-buttons is-content-justification-center is-layout-flex wp-container-core-buttons-is-layout-16018d1d wp-block-buttons-is-layout-flex\">\n<div class=\"wp-block-button\"><a class=\"wp-block-button__link has-cyan-bluish-gray-color has-text-color has-link-color has-text-align-center wp-element-button\" href=\"https:\/\/www.d-sidegroup.com\/\" target=\"_blank\" rel=\"noreferrer noopener\">d-side<\/a><\/div>\n<\/div>\n<\/div>\n<\/div>\n\n<p><\/p>\n\n<hr class=\"wp-block-separator has-alpha-channel-opacity\"\/>\n\n<p class=\"has-text-align-center\"><strong>Laser System Europe:<\/strong><br\/>LSE by Laser System Europe (LSE) fue la empresa responsable de los sistemas l\u00e1ser utilizados durante el festival de luces Noor Riyadh, que estableci\u00f3 r\u00e9cords mundiales Guinness por los espect\u00e1culos l\u00e1ser m\u00e1s extensos y largos en 2022.<br\/>Estos r\u00e9cords establecidos por la instalaci\u00f3n \u00abPulse of Light\u00bb, dise\u00f1ada por Martin Arnaud y realizada gracias a los sistemas l\u00e1ser proporcionados por LSE, en noviembre de 2022, fueron los siguientes:<br\/>&#8211; Mayor superficie cubierta por un espect\u00e1culo l\u00e1ser: 14.459.160 m\u00b2 (m\u00e1s de 155 millones de pies cuadrados).<br\/>&#8211; Mayor distancia recorrida por un espect\u00e1culo l\u00e1ser: 6,01 km (m\u00e1s de 19.700 pies).<br\/>Estos r\u00e9cords se lograron gracias a los haces l\u00e1ser proyectados sobre una de las principales arterias de Riad, conectando con luz varios rascacielos emblem\u00e1ticos.<\/p>\n\n<div class=\"wp-block-columns is-layout-flex wp-container-core-columns-is-layout-9d6595d7 wp-block-columns-is-layout-flex\">\n<div class=\"wp-block-column is-layout-flow wp-block-column-is-layout-flow\">\n<div class=\"wp-block-buttons is-content-justification-center is-layout-flex wp-container-core-buttons-is-layout-16018d1d wp-block-buttons-is-layout-flex\">\n<div class=\"wp-block-button\"><a class=\"wp-block-button__link has-cyan-bluish-gray-color has-text-color has-link-color wp-element-button\" href=\"http:\/\/www.openwhite.eu\/index.php\/2025\/11\/28\/pulse-of-light\/\">Leer m\u00e1s<\/a><\/div>\n<\/div>\n<\/div>\n\n\n\n<div class=\"wp-block-column is-layout-flow wp-block-column-is-layout-flow\">\n<div class=\"wp-block-buttons is-content-justification-center is-layout-flex wp-container-core-buttons-is-layout-16018d1d wp-block-buttons-is-layout-flex\">\n<div class=\"wp-block-button\"><a class=\"wp-block-button__link has-cyan-bluish-gray-color has-text-color has-link-color wp-element-button\" href=\"https:\/\/www.lpf-shows.fr\/\" target=\"_blank\" rel=\"noreferrer noopener\">Les petits fran\u00e7ais<\/a><\/div>\n<\/div>\n<\/div>\n<\/div>\n\n<hr class=\"wp-block-separator has-alpha-channel-opacity\"\/>\n\n<p class=\"has-text-align-center\"><strong>Laser System Europe:<\/strong><br\/>Oro en los BEA Awards 2025 para la Fiesta belga 2024 \u2728<br\/>Un proyecto que reuni\u00f3 talento, visi\u00f3n y una pasi\u00f3n compartida para crear momentos inolvidables para nuestra Fiesta Nacional de la Canciller\u00eda del Primer Ministro.<br\/>Nos sentimos honrados de formar parte del consorcio LFD+H junto a Friends by Verhulst, D-Side group y Hangar. La prueba de que cuando grandes equipos se unen, grandes cosas suceden.<br\/>Felicidades a cada socio, proveedor y mente creativa detr\u00e1s de este \u00e9xito. <br\/><br\/>\u00a1Un escaparate fenomenal de creatividad e impacto cultural!<\/p>\n\n<div class=\"wp-block-columns is-layout-flex wp-container-core-columns-is-layout-9d6595d7 wp-block-columns-is-layout-flex\">\n<div class=\"wp-block-column is-layout-flow wp-block-column-is-layout-flow\">\n<div class=\"wp-block-buttons is-content-justification-center is-layout-flex wp-container-core-buttons-is-layout-16018d1d wp-block-buttons-is-layout-flex\">\n<div class=\"wp-block-button\"><a class=\"wp-block-button__link has-cyan-bluish-gray-color has-text-color has-link-color wp-element-button\" href=\"http:\/\/www.openwhite.eu\/index.php\/2024\/07\/25\/21-juillet-2024\/\">Leer m\u00e1s<\/a><\/div>\n<\/div>\n<\/div>\n\n\n\n<div class=\"wp-block-column is-layout-flow wp-block-column-is-layout-flow\">\n<div class=\"wp-block-buttons is-content-justification-center is-layout-flex wp-container-core-buttons-is-layout-16018d1d wp-block-buttons-is-layout-flex\">\n<div class=\"wp-block-button\"><a class=\"wp-block-button__link has-cyan-bluish-gray-color has-text-color has-link-color wp-element-button\" href=\"https:\/\/www.d-sidegroup.com\/\" target=\"_blank\" rel=\"noreferrer noopener\">d-Side<\/a><\/div>\n<\/div>\n<\/div>\n\n\n\n<div class=\"wp-block-column is-layout-flow wp-block-column-is-layout-flow\">\n<div class=\"wp-block-buttons is-content-justification-center is-layout-flex wp-container-core-buttons-is-layout-16018d1d wp-block-buttons-is-layout-flex\">\n<div class=\"wp-block-button\"><a class=\"wp-block-button__link has-cyan-bluish-gray-color has-text-color has-link-color wp-element-button\" href=\"https:\/\/www.thefriends.be\/\" target=\"_blank\" rel=\"noreferrer noopener\">Friends<\/a><\/div>\n<\/div>\n<\/div>\n\n\n\n<div class=\"wp-block-column is-vertically-aligned-center is-layout-flow wp-block-column-is-layout-flow\">\n<div class=\"wp-block-buttons is-content-justification-center is-layout-flex wp-container-core-buttons-is-layout-16018d1d wp-block-buttons-is-layout-flex\">\n<div class=\"wp-block-button\"><a class=\"wp-block-button__link has-cyan-bluish-gray-color has-text-color has-link-color wp-element-button\" href=\"https:\/\/thehangar.be\/\" target=\"_blank\" rel=\"noreferrer noopener\">Hangar<\/a><\/div>\n<\/div>\n<\/div>\n<\/div>\n\n<hr class=\"wp-block-separator has-alpha-channel-opacity\"\/>\n\n<p><\/p>\n","protected":false},"excerpt":{"rendered":"<p>Cada proyecto suele comenzar con una idea, a veces fr\u00e1gil, a veces ambiciosa. Hemos tenido la oportunidad de poner nuestra experiencia y nuestras habilidades t\u00e9cnicas al servicio de eventos que, en un principio, eran solo sue\u00f1os en una p\u00e1gina en blanco. Verlos crecer, tomar forma y, finalmente, ser recompensados con premios prestigiosos ha sido para [&hellip;]<\/p>\n","protected":false},"author":1,"featured_media":0,"parent":0,"menu_order":0,"comment_status":"closed","ping_status":"closed","template":"template-full-width.php","meta":{"footnotes":""},"class_list":["post-1490","page","type-page","status-publish","hentry"],"_links":{"self":[{"href":"https:\/\/www.openwhite.eu\/es\/index.php\/wp-json\/wp\/v2\/pages\/1490","targetHints":{"allow":["GET"]}}],"collection":[{"href":"https:\/\/www.openwhite.eu\/es\/index.php\/wp-json\/wp\/v2\/pages"}],"about":[{"href":"https:\/\/www.openwhite.eu\/es\/index.php\/wp-json\/wp\/v2\/types\/page"}],"author":[{"embeddable":true,"href":"https:\/\/www.openwhite.eu\/es\/index.php\/wp-json\/wp\/v2\/users\/1"}],"replies":[{"embeddable":true,"href":"https:\/\/www.openwhite.eu\/es\/index.php\/wp-json\/wp\/v2\/comments?post=1490"}],"version-history":[{"count":1,"href":"https:\/\/www.openwhite.eu\/es\/index.php\/wp-json\/wp\/v2\/pages\/1490\/revisions"}],"predecessor-version":[{"id":1491,"href":"https:\/\/www.openwhite.eu\/es\/index.php\/wp-json\/wp\/v2\/pages\/1490\/revisions\/1491"}],"wp:attachment":[{"href":"https:\/\/www.openwhite.eu\/es\/index.php\/wp-json\/wp\/v2\/media?parent=1490"}],"curies":[{"name":"wp","href":"https:\/\/api.w.org\/{rel}","templated":true}]}}