{"id":1502,"date":"2025-11-24T13:01:08","date_gmt":"2025-11-24T13:01:08","guid":{"rendered":"https:\/\/www.openwhite.eu\/index.php\/acerca-de\/"},"modified":"2026-04-07T11:18:27","modified_gmt":"2026-04-07T11:18:27","slug":"acerca-de","status":"publish","type":"page","link":"https:\/\/www.openwhite.eu\/es\/index.php\/acerca-de\/","title":{"rendered":"Acerca de"},"content":{"rendered":"\n<h2 class=\"wp-block-heading\">Biograf\u00eda de Fran\u00e7ois<\/h2>\n\n<p>Desde finales de 2021, Fran\u00e7ois Vandermeeren ocupa un papel fundamental en <strong>LSE<\/strong> como <strong>jefe de proyecto y dise\u00f1ador de iluminaci\u00f3n<\/strong>, aportando m\u00e1s de veinticinco a\u00f1os de experiencia en la creaci\u00f3n, supervisi\u00f3n e integraci\u00f3n de complejos dispositivos luminosos y audiovisuales. Su paso por LSE marca un hito decisivo en una carrera ya rica, caracterizada por colaboraciones de alto nivel y una versatilidad poco com\u00fan en el sector.<br\/>Dentro de LSE, Fran\u00e7ois desempe\u00f1a un papel determinante en el dise\u00f1o y la realizaci\u00f3n de proyectos de envergadura internacional. Destaca su primer proyecto para la empresa en el <strong>Burj Khalifa<\/strong>, con motivo del <strong>espect\u00e1culo de A\u00f1o Nuevo<\/strong>, un proyecto emblem\u00e1tico por su magnitud t\u00e9cnica y visibilidad mundial. Posteriormente, asume la <strong>direcci\u00f3n completa de una obra presentada en el Noor Festival de Riad<\/strong>, uno de los festivales de luz m\u00e1s grandes del mundo, movilizando sus habilidades art\u00edsticas, t\u00e9cnicas y log\u00edsticas. <br\/>Tambi\u00e9n supervisa la <strong>implementaci\u00f3n de los l\u00e1seres<\/strong> para el <strong>espect\u00e1culo de apertura de los Juegos Ol\u00edmpicos en la Torre Eiffel<\/strong>, una operaci\u00f3n de extrema precisi\u00f3n donde la coordinaci\u00f3n, la seguridad y la excelencia visual son esenciales.<br\/>Su experiencia tambi\u00e9n es requerida para prestigiosos eventos institucionales, como las <strong>fiestas nacionales en Par\u00eds<\/strong> o la <strong>Fiesta Nacional de Kuwait<\/strong>, demostrando la confianza que las grandes organizaciones internacionales depositan en su saber hacer.   <\/p>\n\n<h2 class=\"wp-block-heading\">Una trayectoria forjada por la experiencia y la diversidad de campos<\/h2>\n\n<p>La trayectoria de Fran\u00e7ois Vandermeeren comienza con unas pr\u00e1cticas en <strong>Groupe Son Priv\u00e9<\/strong>, donde descubre el universo del espect\u00e1culo en vivo y las exigencias precisas de los oficios t\u00e9cnicos. Este primer contacto le permite adquirir una base s\u00f3lida, tanto en material como en metodolog\u00eda. <br\/><br\/>Posteriormente, contin\u00faa en <strong>ETF<\/strong>, una empresa que evolucionar\u00eda para convertirse sucesivamente en <strong>Procon<\/strong> y luego en <strong>PRG<\/strong>, uno de los mayores proveedores t\u00e9cnicos del mundo. En estas estructuras, se forma en una amplia gama de situaciones t\u00e9cnicas, trabaja en producciones variadas y desarrolla sus habilidades en programaci\u00f3n, operaci\u00f3n e ingenier\u00eda de iluminaci\u00f3n. Estos a\u00f1os constituyen una base determinante, donde adquiere un dominio de las tecnolog\u00edas de iluminaci\u00f3n m\u00e1s avanzadas y una valiosa experiencia en el campo.  <br\/><br\/>Con esta experiencia, Fran\u00e7ois decide trabajar como <strong>aut\u00f3nomo<\/strong>, ampliando su campo de acci\u00f3n a numerosos proyectos art\u00edsticos, eventos, festivales y creaciones t\u00e9cnicas. Este per\u00edodo le permite afinar su sensibilidad art\u00edstica, comprender las expectativas de los equipos creativos y desarrollar un enfoque centrado en la escucha, la precisi\u00f3n y la emoci\u00f3n visual. <\/p>\n\n<h2 class=\"wp-block-heading\">B\u00e9jart Ballet Lausanne: una etapa estructurante<\/h2>\n\n<p>Su carrera adquiere una dimensi\u00f3n internacional cuando se une al <strong>B\u00e9jart Ballet Lausanne<\/strong> en Suiza. All\u00ed es contratado inicialmente como <strong>responsable de iluminaci\u00f3n<\/strong>, antes de ser r\u00e1pidamente ascendido a <strong>asistente de direcci\u00f3n t\u00e9cnica<\/strong>, y luego a <strong>director t\u00e9cnico<\/strong> de la prestigiosa compa\u00f1\u00eda.<br\/>Durante cuatro a\u00f1os, participa en la producci\u00f3n de creaciones importantes y acompa\u00f1a a la compa\u00f1\u00eda en giras internacionales. Supervisa equipos multidisciplinares, coordina producciones complejas en escenarios de todo el mundo y consolida su capacidad para combinar rigor t\u00e9cnico, visi\u00f3n art\u00edstica y gesti\u00f3n humana.<br\/>Esta experiencia, a la vez intensa y formativa, refuerza su sentido de la organizaci\u00f3n, su versatilidad y su aptitud para liderar proyectos ambiciosos preservando la coherencia art\u00edstica.  <\/p>\n\n<h2 class=\"wp-block-heading\">Regreso a B\u00e9lgica y renacimiento profesional<\/h2>\n\n<p>De regreso en B\u00e9lgica, Fran\u00e7ois retoma su actividad como <strong>aut\u00f3nomo<\/strong>, colaborando con numerosas compa\u00f1\u00edas, como <strong>Luc Petit Creation<\/strong>, instituciones culturales y productores. Participa en festivales, creaciones esc\u00e9nicas, conciertos e instalaciones de iluminaci\u00f3n, multiplicando los proyectos exigentes y diversificados.<br\/>La crisis del Covid, como para muchos profesionales del espect\u00e1culo, trastoca profundamente su actividad. Sin embargo, esta transici\u00f3n conducir\u00e1 a una nueva oportunidad: su entrada en <strong>LSE<\/strong>, donde puede movilizar la totalidad de su experiencia, su pericia y su creatividad.  <\/p>\n\n<h2 class=\"wp-block-heading\">Hoy: un actor clave en el panorama internacional de la iluminaci\u00f3n<\/h2>\n\n<p>Hoy, Fran\u00e7ois Vandermeeren se consolida en LSE como un <strong>jefe de proyecto esencial<\/strong>, reconocido por su capacidad para transformar desaf\u00edos t\u00e9cnicos complejos en experiencias visuales excepcionales.<br\/>Su dominio de las <strong>consolas de iluminaci\u00f3n<\/strong>, los <strong>sistemas LED<\/strong>, los <strong>l\u00e1seres<\/strong> y la <strong>integraci\u00f3n audiovisual<\/strong> lo convierte en un perfil raro, capaz de concebir, programar, coordinar y supervisar proyectos de gran tecnicidad.<br\/>Apreciado por su atenci\u00f3n al detalle, su creatividad, su eficacia y su comunicaci\u00f3n clara, representa a la empresa con excelencia en la escena internacional.<br\/>Fran\u00e7ois encarna una generaci\u00f3n de dise\u00f1adores de iluminaci\u00f3n capaces de dialogar con artistas, ingenieros y productores, mientras dan forma a experiencias inmersivas donde la t\u00e9cnica y la poes\u00eda visual se fusionan.<\/p>\n\n<figure class=\"wp-block-gallery has-nested-images columns-default is-cropped wp-block-gallery-1 is-layout-flex wp-block-gallery-is-layout-flex\">\n<figure class=\"wp-block-image size-large\"><img fetchpriority=\"high\" decoding=\"async\" width=\"551\" height=\"538\" data-id=\"748\" src=\"https:\/\/www.openwhite.eu\/wp-content\/uploads\/2025\/12\/467744604_10160798109038869_5923848618460217761_n.jpg\" alt=\"\" class=\"wp-image-748\" srcset=\"https:\/\/www.openwhite.eu\/wp-content\/uploads\/2025\/12\/467744604_10160798109038869_5923848618460217761_n.jpg 551w, https:\/\/www.openwhite.eu\/wp-content\/uploads\/2025\/12\/467744604_10160798109038869_5923848618460217761_n-300x293.jpg 300w\" sizes=\"(max-width: 551px) 100vw, 551px\" \/><\/figure>\n\n\n\n<figure class=\"wp-block-image size-large\"><img decoding=\"async\" width=\"960\" height=\"958\" data-id=\"749\" data-src=\"https:\/\/www.openwhite.eu\/wp-content\/uploads\/2025\/12\/515725984_10161750864798869_1162217536590412193_n.jpg\" alt=\"\" class=\"wp-image-749 lazyload\" data-srcset=\"https:\/\/www.openwhite.eu\/wp-content\/uploads\/2025\/12\/515725984_10161750864798869_1162217536590412193_n.jpg 960w, https:\/\/www.openwhite.eu\/wp-content\/uploads\/2025\/12\/515725984_10161750864798869_1162217536590412193_n-300x300.jpg 300w, https:\/\/www.openwhite.eu\/wp-content\/uploads\/2025\/12\/515725984_10161750864798869_1162217536590412193_n-150x150.jpg 150w, https:\/\/www.openwhite.eu\/wp-content\/uploads\/2025\/12\/515725984_10161750864798869_1162217536590412193_n-768x766.jpg 768w\" data-sizes=\"(max-width: 960px) 100vw, 960px\" src=\"data:image\/svg+xml;base64,PHN2ZyB3aWR0aD0iMSIgaGVpZ2h0PSIxIiB4bWxucz0iaHR0cDovL3d3dy53My5vcmcvMjAwMC9zdmciPjwvc3ZnPg==\" style=\"--smush-placeholder-width: 960px; --smush-placeholder-aspect-ratio: 960\/958;\" \/><\/figure>\n\n\n\n<figure class=\"wp-block-image size-large\"><img decoding=\"async\" width=\"960\" height=\"956\" data-id=\"751\" data-src=\"https:\/\/www.openwhite.eu\/wp-content\/uploads\/2025\/12\/515510537_10161732147858869_8234207645058529332_n.jpg\" alt=\"\" class=\"wp-image-751 lazyload\" data-srcset=\"https:\/\/www.openwhite.eu\/wp-content\/uploads\/2025\/12\/515510537_10161732147858869_8234207645058529332_n.jpg 960w, https:\/\/www.openwhite.eu\/wp-content\/uploads\/2025\/12\/515510537_10161732147858869_8234207645058529332_n-300x300.jpg 300w, https:\/\/www.openwhite.eu\/wp-content\/uploads\/2025\/12\/515510537_10161732147858869_8234207645058529332_n-150x150.jpg 150w, https:\/\/www.openwhite.eu\/wp-content\/uploads\/2025\/12\/515510537_10161732147858869_8234207645058529332_n-768x765.jpg 768w\" data-sizes=\"(max-width: 960px) 100vw, 960px\" src=\"data:image\/svg+xml;base64,PHN2ZyB3aWR0aD0iMSIgaGVpZ2h0PSIxIiB4bWxucz0iaHR0cDovL3d3dy53My5vcmcvMjAwMC9zdmciPjwvc3ZnPg==\" style=\"--smush-placeholder-width: 960px; --smush-placeholder-aspect-ratio: 960\/956;\" \/><\/figure>\n\n\n\n<figure class=\"wp-block-image size-large\"><img decoding=\"async\" width=\"960\" height=\"953\" data-id=\"752\" data-src=\"https:\/\/www.openwhite.eu\/wp-content\/uploads\/2025\/12\/511579648_10161692949278869_782992732872569107_n.jpg\" alt=\"\" class=\"wp-image-752 lazyload\" data-srcset=\"https:\/\/www.openwhite.eu\/wp-content\/uploads\/2025\/12\/511579648_10161692949278869_782992732872569107_n.jpg 960w, https:\/\/www.openwhite.eu\/wp-content\/uploads\/2025\/12\/511579648_10161692949278869_782992732872569107_n-300x298.jpg 300w, https:\/\/www.openwhite.eu\/wp-content\/uploads\/2025\/12\/511579648_10161692949278869_782992732872569107_n-150x150.jpg 150w, https:\/\/www.openwhite.eu\/wp-content\/uploads\/2025\/12\/511579648_10161692949278869_782992732872569107_n-768x762.jpg 768w\" data-sizes=\"(max-width: 960px) 100vw, 960px\" src=\"data:image\/svg+xml;base64,PHN2ZyB3aWR0aD0iMSIgaGVpZ2h0PSIxIiB4bWxucz0iaHR0cDovL3d3dy53My5vcmcvMjAwMC9zdmciPjwvc3ZnPg==\" style=\"--smush-placeholder-width: 960px; --smush-placeholder-aspect-ratio: 960\/953;\" \/><\/figure>\n\n\n\n<figure class=\"wp-block-image size-large\"><img decoding=\"async\" width=\"1024\" height=\"682\" data-id=\"753\" data-src=\"https:\/\/www.openwhite.eu\/wp-content\/uploads\/2025\/12\/178127784_10158303255733869_4059474513315455364_n-1024x682.jpg\" alt=\"\" class=\"wp-image-753 lazyload\" data-srcset=\"https:\/\/www.openwhite.eu\/wp-content\/uploads\/2025\/12\/178127784_10158303255733869_4059474513315455364_n-1024x682.jpg 1024w, https:\/\/www.openwhite.eu\/wp-content\/uploads\/2025\/12\/178127784_10158303255733869_4059474513315455364_n-300x200.jpg 300w, https:\/\/www.openwhite.eu\/wp-content\/uploads\/2025\/12\/178127784_10158303255733869_4059474513315455364_n-768x511.jpg 768w, https:\/\/www.openwhite.eu\/wp-content\/uploads\/2025\/12\/178127784_10158303255733869_4059474513315455364_n-1536x1022.jpg 1536w, https:\/\/www.openwhite.eu\/wp-content\/uploads\/2025\/12\/178127784_10158303255733869_4059474513315455364_n.jpg 2048w\" data-sizes=\"(max-width: 1024px) 100vw, 1024px\" src=\"data:image\/svg+xml;base64,PHN2ZyB3aWR0aD0iMSIgaGVpZ2h0PSIxIiB4bWxucz0iaHR0cDovL3d3dy53My5vcmcvMjAwMC9zdmciPjwvc3ZnPg==\" style=\"--smush-placeholder-width: 1024px; --smush-placeholder-aspect-ratio: 1024\/682;\" \/><\/figure>\n\n\n\n<figure class=\"wp-block-image size-large\"><img decoding=\"async\" width=\"1024\" height=\"1024\" data-id=\"754\" data-src=\"https:\/\/www.openwhite.eu\/wp-content\/uploads\/2025\/12\/468659947_10160979941278869_229777482507457551_n-1024x1024.jpg\" alt=\"\" class=\"wp-image-754 lazyload\" data-srcset=\"https:\/\/www.openwhite.eu\/wp-content\/uploads\/2025\/12\/468659947_10160979941278869_229777482507457551_n-1024x1024.jpg 1024w, https:\/\/www.openwhite.eu\/wp-content\/uploads\/2025\/12\/468659947_10160979941278869_229777482507457551_n-300x300.jpg 300w, https:\/\/www.openwhite.eu\/wp-content\/uploads\/2025\/12\/468659947_10160979941278869_229777482507457551_n-150x150.jpg 150w, https:\/\/www.openwhite.eu\/wp-content\/uploads\/2025\/12\/468659947_10160979941278869_229777482507457551_n-768x769.jpg 768w, https:\/\/www.openwhite.eu\/wp-content\/uploads\/2025\/12\/468659947_10160979941278869_229777482507457551_n.jpg 1439w\" data-sizes=\"(max-width: 1024px) 100vw, 1024px\" src=\"data:image\/svg+xml;base64,PHN2ZyB3aWR0aD0iMSIgaGVpZ2h0PSIxIiB4bWxucz0iaHR0cDovL3d3dy53My5vcmcvMjAwMC9zdmciPjwvc3ZnPg==\" style=\"--smush-placeholder-width: 1024px; --smush-placeholder-aspect-ratio: 1024\/1024;\" \/><\/figure>\n\n\n\n<figure class=\"wp-block-image size-large\"><img decoding=\"async\" width=\"960\" height=\"720\" data-id=\"750\" data-src=\"https:\/\/www.openwhite.eu\/wp-content\/uploads\/2025\/12\/514473004_10161722546243869_2439988031419044354_n.jpg\" alt=\"\" class=\"wp-image-750 lazyload\" data-srcset=\"https:\/\/www.openwhite.eu\/wp-content\/uploads\/2025\/12\/514473004_10161722546243869_2439988031419044354_n.jpg 960w, https:\/\/www.openwhite.eu\/wp-content\/uploads\/2025\/12\/514473004_10161722546243869_2439988031419044354_n-300x225.jpg 300w, https:\/\/www.openwhite.eu\/wp-content\/uploads\/2025\/12\/514473004_10161722546243869_2439988031419044354_n-768x576.jpg 768w\" data-sizes=\"(max-width: 960px) 100vw, 960px\" src=\"data:image\/svg+xml;base64,PHN2ZyB3aWR0aD0iMSIgaGVpZ2h0PSIxIiB4bWxucz0iaHR0cDovL3d3dy53My5vcmcvMjAwMC9zdmciPjwvc3ZnPg==\" style=\"--smush-placeholder-width: 960px; --smush-placeholder-aspect-ratio: 960\/720;\" \/><\/figure>\n<\/figure>\n","protected":false},"excerpt":{"rendered":"<p>Biograf\u00eda de Fran\u00e7ois Desde finales de 2021, Fran\u00e7ois Vandermeeren ocupa un papel fundamental en LSE como jefe de proyecto y dise\u00f1ador de iluminaci\u00f3n, aportando m\u00e1s de veinticinco a\u00f1os de experiencia en la creaci\u00f3n, supervisi\u00f3n e integraci\u00f3n de complejos dispositivos luminosos y audiovisuales. Su paso por LSE marca un hito decisivo en una carrera ya rica, [&hellip;]<\/p>\n","protected":false},"author":1,"featured_media":0,"parent":0,"menu_order":0,"comment_status":"closed","ping_status":"closed","template":"template-full-width.php","meta":{"footnotes":""},"class_list":["post-1502","page","type-page","status-publish","hentry"],"_links":{"self":[{"href":"https:\/\/www.openwhite.eu\/es\/index.php\/wp-json\/wp\/v2\/pages\/1502","targetHints":{"allow":["GET"]}}],"collection":[{"href":"https:\/\/www.openwhite.eu\/es\/index.php\/wp-json\/wp\/v2\/pages"}],"about":[{"href":"https:\/\/www.openwhite.eu\/es\/index.php\/wp-json\/wp\/v2\/types\/page"}],"author":[{"embeddable":true,"href":"https:\/\/www.openwhite.eu\/es\/index.php\/wp-json\/wp\/v2\/users\/1"}],"replies":[{"embeddable":true,"href":"https:\/\/www.openwhite.eu\/es\/index.php\/wp-json\/wp\/v2\/comments?post=1502"}],"version-history":[{"count":1,"href":"https:\/\/www.openwhite.eu\/es\/index.php\/wp-json\/wp\/v2\/pages\/1502\/revisions"}],"predecessor-version":[{"id":1503,"href":"https:\/\/www.openwhite.eu\/es\/index.php\/wp-json\/wp\/v2\/pages\/1502\/revisions\/1503"}],"wp:attachment":[{"href":"https:\/\/www.openwhite.eu\/es\/index.php\/wp-json\/wp\/v2\/media?parent=1502"}],"curies":[{"name":"wp","href":"https:\/\/api.w.org\/{rel}","templated":true}]}}