{"id":1802,"date":"2026-03-21T11:16:52","date_gmt":"2026-03-21T11:16:52","guid":{"rendered":"https:\/\/www.openwhite.eu\/index.php\/solicitud-de-informacion\/"},"modified":"2026-04-07T11:27:08","modified_gmt":"2026-04-07T11:27:08","slug":"solicitud-de-informacion","status":"publish","type":"page","link":"https:\/\/www.openwhite.eu\/es\/index.php\/solicitud-de-informacion\/","title":{"rendered":"Solicitud de informaci\u00f3n"},"content":{"rendered":"\n<h2 class=\"wp-block-heading\">\u00bfY si form\u00e1ramos a su equipo?<\/h2>\n\n<p>La formaci\u00f3n tambi\u00e9n est\u00e1 disponible <strong>en la empresa<\/strong>, directamente en su entorno de trabajo.<\/p>\n\n<p>Es el formato ideal para:<\/p>\n\n<ul class=\"wp-block-list\">\n<li>trabajar en sus proyectos reales<\/li>\n\n\n\n<li>alinear los m\u00e9todos de todo un equipo<\/li>\n\n\n\n<li>ganar en eficiencia y coherencia<\/li>\n\n\n\n<li>adaptar la formaci\u00f3n a sus necesidades reales<\/li>\n<\/ul>\n\n<p>\ud83d\udc49 Formato a medida: contenido, ritmo y nivel adaptados<br\/>\ud83d\udc49 Posibilidad de formaci\u00f3n presencial en sus instalaciones<\/p>\n\n<hr class=\"wp-block-separator has-alpha-channel-opacity\"\/>\n\n<h2 class=\"wp-block-heading\">Pr\u00f3ximas fechas de formaci\u00f3n grupal<\/h2>\n\n<p>\u00bfQuiere dar un paso adelante?<br\/>Aqu\u00ed est\u00e1n las pr\u00f3ximas sesiones \ud83d\udc47(lugar y fechas por confirmar):<\/p>\n\n<p class=\"has-large-font-size\">\ud83d\udc49 <strong><em>\u00a1Posibilidad desde abril de 2026!<\/em><\/strong><\/p>\n\n<p>\ud83d\udc49 Puede seguir un solo bloque o construir su progresi\u00f3n en todo el recorrido.<br\/>\ud83d\udc49 Cada m\u00f3dulo est\u00e1 dise\u00f1ado para ser \u00fatil inmediatamente en sus proyectos.<\/p>\n\n<hr class=\"wp-block-separator has-alpha-channel-opacity\"\/>\n\n<h2 class=\"wp-block-heading\">\u00bfNo sabe qu\u00e9 bloque elegir o por d\u00f3nde empezar?<\/h2>\n\n<p>Es normal, cada recorrido es diferente.<br\/>Expl\u00edqueme su situaci\u00f3n a trav\u00e9s del formulario a continuaci\u00f3n y le orientar\u00e9 hacia la f\u00f3rmula m\u00e1s adecuada.<\/p>\n\n<hr class=\"wp-block-separator has-alpha-channel-opacity\"\/>\n\n<div class=\"wpcf7 no-js\" id=\"wpcf7-f1377-o1\" lang=\"es-ES\" dir=\"ltr\" data-wpcf7-id=\"1377\">\n<div class=\"screen-reader-response\"><p role=\"status\" aria-live=\"polite\" aria-atomic=\"true\"><\/p> <ul><\/ul><\/div>\n<form action=\"\/es\/index.php\/wp-json\/wp\/v2\/pages\/1802#wpcf7-f1377-o1\" method=\"post\" class=\"wpcf7-form init\" aria-label=\"Formulario de contacto\" novalidate=\"novalidate\" data-status=\"init\">\n<fieldset class=\"hidden-fields-container\"><input type=\"hidden\" name=\"_wpcf7\" value=\"1377\" \/><input type=\"hidden\" name=\"_wpcf7_version\" value=\"6.1.5\" \/><input type=\"hidden\" name=\"_wpcf7_locale\" value=\"es_ES\" \/><input type=\"hidden\" name=\"_wpcf7_unit_tag\" value=\"wpcf7-f1377-o1\" \/><input type=\"hidden\" name=\"_wpcf7_container_post\" value=\"0\" \/><input type=\"hidden\" name=\"_wpcf7_posted_data_hash\" value=\"\" \/><input type=\"hidden\" name=\"_wpcf7_recaptcha_response\" value=\"\" \/>\n<\/fieldset>\n<p><label> Su apellido<br \/>\n<span class=\"wpcf7-form-control-wrap\" data-name=\"your-name\"><input size=\"40\" maxlength=\"400\" class=\"wpcf7-form-control wpcf7-text wpcf7-validates-as-required\" autocomplete=\"name\" aria-required=\"true\" aria-invalid=\"false\" value=\"\" type=\"text\" name=\"your-name\" \/><\/span><br \/>\n<\/label>\n<\/p>\n<p><label> Su nombre<br \/>\n<span class=\"wpcf7-form-control-wrap\" data-name=\"your-firstname\"><input size=\"40\" maxlength=\"400\" class=\"wpcf7-form-control wpcf7-text wpcf7-validates-as-required\" autocomplete=\"given-name\" aria-required=\"true\" aria-invalid=\"false\" value=\"\" type=\"text\" name=\"your-firstname\" \/><\/span><br \/>\n<\/label>\n<\/p>\n<p><label> Su correo electr\u00f3nico<br \/>\n<span class=\"wpcf7-form-control-wrap\" data-name=\"your-email\"><input size=\"40\" maxlength=\"400\" class=\"wpcf7-form-control wpcf7-email wpcf7-validates-as-required wpcf7-text wpcf7-validates-as-email\" autocomplete=\"email\" aria-required=\"true\" aria-invalid=\"false\" value=\"\" type=\"email\" name=\"your-email\" \/><\/span><br \/>\n<\/label>\n<\/p>\n<p><label> Su tel\u00e9fono<br \/>\n<span class=\"wpcf7-form-control-wrap\" data-name=\"your-phone\"><input size=\"40\" maxlength=\"400\" class=\"wpcf7-form-control wpcf7-text\" autocomplete=\"tel\" aria-invalid=\"false\" value=\"\" type=\"text\" name=\"your-phone\" \/><\/span><br \/>\n<\/label>\n<\/p>\n<p><label> Funci\u00f3n \/ Puesto<br \/>\n<span class=\"wpcf7-form-control-wrap\" data-name=\"your-position\"><input size=\"40\" maxlength=\"400\" class=\"wpcf7-form-control wpcf7-text\" aria-invalid=\"false\" value=\"\" type=\"text\" name=\"your-position\" \/><\/span><br \/>\n<\/label>\n<\/p>\n<p><label> Nivel de conocimientos<br \/>\n<span class=\"wpcf7-form-control-wrap\" data-name=\"vectorworks-level\"><select class=\"wpcf7-form-control wpcf7-select\" aria-invalid=\"false\" name=\"vectorworks-level\"><option value=\"Principiante: estoy descubriendo Vectorworks\">Principiante: estoy descubriendo Vectorworks<\/option><option value=\"B\u00e1sico: conozco lo esencial\">B\u00e1sico: conozco lo esencial<\/option><option value=\"Intermedio: ya utilizo Spotlight\">Intermedio: ya utilizo Spotlight<\/option><option value=\"Avanzado: uso habitual en producci\u00f3n\">Avanzado: uso habitual en producci\u00f3n<\/option><option value=\"Experto: flujo de trabajo avanzado \/ MVR \/ colaboraci\u00f3n\">Experto: flujo de trabajo avanzado \/ MVR \/ colaboraci\u00f3n<\/option><option value=\"Principiante - Production Assist\">Principiante - Production Assist<\/option><\/select><\/span><br \/>\n<\/label>\n<\/p>\n<p><label> Formaci\u00f3n deseada<br \/>\n<span class=\"wpcf7-form-control-wrap\" data-name=\"formation\"><select class=\"wpcf7-form-control wpcf7-select wpcf7-validates-as-required\" aria-required=\"true\" aria-invalid=\"false\" name=\"formation\"><option value=\"M\u00f3dulo 1 - Base y metodolog\u00eda\">M\u00f3dulo 1 - Base y metodolog\u00eda<\/option><option value=\"M\u00f3dulo 2 - Iluminaci\u00f3n y documentaci\u00f3n\">M\u00f3dulo 2 - Iluminaci\u00f3n y documentaci\u00f3n<\/option><option value=\"M\u00f3dulo 3 - Rigging, truss y motores\">M\u00f3dulo 3 - Rigging, truss y motores<\/option><option value=\"M\u00f3dulo 4 - Dossier final y taller de proyecto\">M\u00f3dulo 4 - Dossier final y taller de proyecto<\/option><option value=\"M\u00e1ster 1 - Trabajo colaborativo y administraci\u00f3n de proyectos\">M\u00e1ster 1 - Trabajo colaborativo y administraci\u00f3n de proyectos<\/option><option value=\"M\u00e1ster 2 - Vectorworks &amp; MVR\">M\u00e1ster 2 - Vectorworks &amp; MVR<\/option><option value=\"M\u00e1ster 3 - Cableado (cabletool)\">M\u00e1ster 3 - Cableado (cabletool)<\/option><option value=\"Todo el itinerario de Vectorworks, 11 d\u00edas\">Todo el itinerario de Vectorworks, 11 d\u00edas<\/option><option value=\"Production Assist\">Production Assist<\/option><\/select><\/span><br \/>\n<\/label>\n<\/p>\n<p><label> Asunto<br \/>\n<span class=\"wpcf7-form-control-wrap\" data-name=\"your-subject\"><input size=\"40\" maxlength=\"400\" class=\"wpcf7-form-control wpcf7-text\" aria-invalid=\"false\" value=\"\" type=\"text\" name=\"your-subject\" \/><\/span><br \/>\n<\/label>\n<\/p>\n<p><label> Su mensaje<br \/>\n<span class=\"wpcf7-form-control-wrap\" data-name=\"your-message\"><textarea cols=\"40\" rows=\"10\" maxlength=\"2000\" class=\"wpcf7-form-control wpcf7-textarea\" aria-invalid=\"false\" name=\"your-message\"><\/textarea><\/span><br \/>\n<\/label>\n<\/p>\n<p><span class=\"wpcf7-form-control-wrap\" data-name=\"consentement\"><span class=\"wpcf7-form-control wpcf7-acceptance\"><span class=\"wpcf7-list-item\"><label><input type=\"checkbox\" name=\"consentement\" value=\"1\" aria-invalid=\"false\" \/><span class=\"wpcf7-list-item-label\">Acepto que mis datos se utilicen para tramitar mi solicitud.<\/span><\/label><\/span><\/span><\/span>\n<\/p>\n<p><input class=\"wpcf7-form-control wpcf7-submit has-spinner\" type=\"submit\" value=\"Enviar\" \/>\n<\/p><p style=\"display: none !important;\" class=\"akismet-fields-container\" data-prefix=\"_wpcf7_ak_\"><label>&#916;<textarea name=\"_wpcf7_ak_hp_textarea\" cols=\"45\" rows=\"8\" maxlength=\"100\"><\/textarea><\/label><input type=\"hidden\" id=\"ak_js_1\" name=\"_wpcf7_ak_js\" value=\"28\"\/><script>document.getElementById( \"ak_js_1\" ).setAttribute( \"value\", ( new Date() ).getTime() );<\/script><\/p><div class=\"wpcf7-response-output\" aria-hidden=\"true\"><\/div>\n<\/form>\n<\/div>\n\n","protected":false},"excerpt":{"rendered":"<p>\u00bfY si form\u00e1ramos a su equipo? La formaci\u00f3n tambi\u00e9n est\u00e1 disponible en la empresa, directamente en su entorno de trabajo. Es el formato ideal para: \ud83d\udc49 Formato a medida: contenido, ritmo y nivel adaptados\ud83d\udc49 Posibilidad de formaci\u00f3n presencial en sus instalaciones Pr\u00f3ximas fechas de formaci\u00f3n grupal \u00bfQuiere dar un paso adelante?Aqu\u00ed est\u00e1n las pr\u00f3ximas sesiones [&hellip;]<\/p>\n","protected":false},"author":1,"featured_media":0,"parent":0,"menu_order":0,"comment_status":"closed","ping_status":"closed","template":"template-full-width.php","meta":{"footnotes":""},"class_list":["post-1802","page","type-page","status-publish","hentry"],"_links":{"self":[{"href":"https:\/\/www.openwhite.eu\/es\/index.php\/wp-json\/wp\/v2\/pages\/1802","targetHints":{"allow":["GET"]}}],"collection":[{"href":"https:\/\/www.openwhite.eu\/es\/index.php\/wp-json\/wp\/v2\/pages"}],"about":[{"href":"https:\/\/www.openwhite.eu\/es\/index.php\/wp-json\/wp\/v2\/types\/page"}],"author":[{"embeddable":true,"href":"https:\/\/www.openwhite.eu\/es\/index.php\/wp-json\/wp\/v2\/users\/1"}],"replies":[{"embeddable":true,"href":"https:\/\/www.openwhite.eu\/es\/index.php\/wp-json\/wp\/v2\/comments?post=1802"}],"version-history":[{"count":1,"href":"https:\/\/www.openwhite.eu\/es\/index.php\/wp-json\/wp\/v2\/pages\/1802\/revisions"}],"predecessor-version":[{"id":1803,"href":"https:\/\/www.openwhite.eu\/es\/index.php\/wp-json\/wp\/v2\/pages\/1802\/revisions\/1803"}],"wp:attachment":[{"href":"https:\/\/www.openwhite.eu\/es\/index.php\/wp-json\/wp\/v2\/media?parent=1802"}],"curies":[{"name":"wp","href":"https:\/\/api.w.org\/{rel}","templated":true}]}}