{"id":1464,"date":"2026-04-04T10:53:27","date_gmt":"2026-04-04T10:53:27","guid":{"rendered":"https:\/\/www.openwhite.eu\/index.php\/politica-de-privacidad\/"},"modified":"2026-04-07T11:16:16","modified_gmt":"2026-04-07T11:16:16","slug":"politica-de-privacidad","status":"publish","type":"page","link":"https:\/\/www.openwhite.eu\/es\/politica-de-privacidad\/","title":{"rendered":"Pol\u00edtica de privacidad."},"content":{"rendered":"\n<p>\u00daltima actualizaci\u00f3n: 2026<\/p>\n\n<p>ShowTech Tools respeta la privacidad de sus usuarios.<\/p>\n\n<h4 class=\"wp-block-heading\"><strong>Datos recopilados<\/strong><\/h4>\n\n<p>La aplicaci\u00f3n <strong>no recopila, almacena ni comparte ning\u00fan dato personal<\/strong>.<br\/>Ninguna informaci\u00f3n como el nombre, la direcci\u00f3n de correo electr\u00f3nico, la ubicaci\u00f3n o cualquier otro dato personal es recopilada por la aplicaci\u00f3n.<\/p>\n\n<h4 class=\"wp-block-heading\"><strong>Datos t\u00e9cnicos<\/strong><\/h4>\n\n<p>Ciertos datos t\u00e9cnicos pueden ser recopilados autom\u00e1ticamente por los servicios del sistema operativo (Google Play o Apple) con el fin de mejorar la estabilidad y seguridad de la aplicaci\u00f3n.<\/p>\n\n<p>Estos datos pueden incluir:<\/p>\n\n<ul class=\"wp-block-list\">\n<li>informaci\u00f3n sobre el dispositivo<\/li>\n\n\n\n<li>informes de fallos<\/li>\n\n\n\n<li>estad\u00edsticas an\u00f3nimas de uso<\/li>\n<\/ul>\n\n<p>Esta informaci\u00f3n es gestionada directamente por las plataformas correspondientes.<\/p>\n\n<h4 class=\"wp-block-heading\"><strong>Uso de la aplicaci\u00f3n<\/strong><\/h4>\n\n<p>ShowTech Tools es una aplicaci\u00f3n de c\u00e1lculos t\u00e9cnicos destinada a profesionales del espect\u00e1culo (iluminaci\u00f3n, v\u00eddeo y l\u00e1ser).<br\/>Los resultados proporcionados son indicativos.<\/p>\n\n<h4 class=\"wp-block-heading\"><strong>Contacto<\/strong><\/h4>\n\n<p>Para cualquier pregunta sobre esta pol\u00edtica de privacidad:<br\/>info@openwhite.eu<\/p>\n","protected":false},"excerpt":{"rendered":"<p>\u00daltima actualizaci\u00f3n: 2026 ShowTech Tools respeta la privacidad de sus usuarios. Datos recopilados La aplicaci\u00f3n no recopila, almacena ni comparte ning\u00fan dato personal.Ninguna informaci\u00f3n como el nombre, la direcci\u00f3n de correo electr\u00f3nico, la ubicaci\u00f3n o cualquier otro dato personal es recopilada por la aplicaci\u00f3n. Datos t\u00e9cnicos Ciertos datos t\u00e9cnicos pueden ser recopilados autom\u00e1ticamente por los [&hellip;]<\/p>\n","protected":false},"author":1,"featured_media":0,"parent":0,"menu_order":0,"comment_status":"closed","ping_status":"closed","template":"template-full-width.php","meta":{"footnotes":""},"class_list":["post-1464","page","type-page","status-publish","hentry"],"_links":{"self":[{"href":"https:\/\/www.openwhite.eu\/es\/wp-json\/wp\/v2\/pages\/1464","targetHints":{"allow":["GET"]}}],"collection":[{"href":"https:\/\/www.openwhite.eu\/es\/wp-json\/wp\/v2\/pages"}],"about":[{"href":"https:\/\/www.openwhite.eu\/es\/wp-json\/wp\/v2\/types\/page"}],"author":[{"embeddable":true,"href":"https:\/\/www.openwhite.eu\/es\/wp-json\/wp\/v2\/users\/1"}],"replies":[{"embeddable":true,"href":"https:\/\/www.openwhite.eu\/es\/wp-json\/wp\/v2\/comments?post=1464"}],"version-history":[{"count":1,"href":"https:\/\/www.openwhite.eu\/es\/wp-json\/wp\/v2\/pages\/1464\/revisions"}],"predecessor-version":[{"id":1465,"href":"https:\/\/www.openwhite.eu\/es\/wp-json\/wp\/v2\/pages\/1464\/revisions\/1465"}],"wp:attachment":[{"href":"https:\/\/www.openwhite.eu\/es\/wp-json\/wp\/v2\/media?parent=1464"}],"curies":[{"name":"wp","href":"https:\/\/api.w.org\/{rel}","templated":true}]}}