{"id":2014,"date":"2025-11-24T13:03:57","date_gmt":"2025-11-24T12:03:57","guid":{"rendered":"https:\/\/www.openwhite.eu\/index.php\/inicio\/"},"modified":"2026-04-16T12:04:25","modified_gmt":"2026-04-16T10:04:25","slug":"inicio","status":"publish","type":"page","link":"https:\/\/www.openwhite.eu\/es\/","title":{"rendered":"Inicio"},"content":{"rendered":"\n<h2 class=\"wp-block-heading has-text-align-center has-medium-font-size\"><em>Antes del primer foco, hay un silencio.<\/em> <br\/>El de un espacio que espera. <br\/>De una historia que busca su forma. <br\/>De una idea a\u00fan en la oscuridad.<br\/>Ah\u00ed es donde todo comienza, en ese intersticio fr\u00e1gil, donde la luz a\u00fan no existe pero ya se siente posible.<\/h2>\n\n<h3 class=\"wp-block-heading has-text-align-center has-medium-font-size\"><br\/>Desde hace m\u00e1s de 25 a\u00f1os, Open White parte de ah\u00ed, de ese silencio, de esa espera, para dar forma a experiencias luminosas. <br\/>Desde escenarios de B\u00e9lgica hasta ceremonias de Estado, desde espacios recogidos hasta multitudes que contienen la respiraci\u00f3n, cada proyecto es una nueva forma de escuchar un espacio y darle una voz.<\/h3>\n\n<h4 class=\"wp-block-heading has-text-align-center has-medium-font-size\"><br\/>Concebir la luz es, ante todo, comprender lo que un lugar quiere decir. <br\/>Lo que un instante quiere dejar. <br\/>Lo que un p\u00fablico debe llevarse consigo al marcharse.<\/h4>\n\n<h5 class=\"wp-block-heading has-text-align-center has-medium-font-size\"><br\/>Estos a\u00f1os han dejado huellas. <br\/>Im\u00e1genes que permanecen, saberes que se ofrecen, herramientas nacidas de la pr\u00e1ctica y del tiempo.<\/h5>\n\n<h2> <\/h2>\n\n<blockquote class=\"wp-block-quote has-text-align-center is-layout-flow wp-block-quote-is-layout-flow\">\n<p class=\"has-medium-font-size\" style=\"font-style:italic;font-weight:500\"><br\/><em>Porque la luz no se improvisa \u2014se sue\u00f1a, se construye y, a veces, se ense\u00f1a.<\/em><\/p>\n<\/blockquote>\n\n<p><\/p>\n\n<p><\/p>\n\n<div class=\"wp-block-columns is-layout-flex wp-container-core-columns-is-layout-9d6595d7 wp-block-columns-is-layout-flex\">\n<div class=\"wp-block-column is-layout-flow wp-block-column-is-layout-flow\">\n<p class=\"has-text-align-center has-x-large-font-size\" style=\"font-style:italic;font-weight:600;text-decoration:underline\"><a href=\"https:\/\/www.openwhite.eu\/medias\/\" data-type=\"page\" data-id=\"2110\">Portfolio<\/a><\/p>\n<\/div>\n\n\n\n<div class=\"wp-block-column is-layout-flow wp-block-column-is-layout-flow\">\n<p class=\"has-text-align-center has-x-large-font-size\" style=\"font-style:italic;font-weight:600;text-decoration:underline\"><a href=\"https:\/\/www.openwhite.eu\/es\/formacion-tecnica-para-el-espectaculo\/\" data-type=\"page\" data-id=\"1210\">Formaci\u00f3n<\/a><\/p>\n<\/div>\n\n\n\n<div class=\"wp-block-column is-layout-flow wp-block-column-is-layout-flow\">\n<p class=\"has-text-align-center has-x-large-font-size\" style=\"font-style:italic;font-weight:600;text-decoration:underline\"><a href=\"https:\/\/www.openwhite.eu\/es\/contacto\/\">Contacto<\/a><\/p>\n<\/div>\n<\/div>\n\n<p><\/p>\n","protected":false},"excerpt":{"rendered":"<p>Antes del primer foco, hay un silencio. El de un espacio que espera. De una historia que busca su forma. De una idea a\u00fan en la oscuridad.Ah\u00ed es donde todo comienza, en ese intersticio fr\u00e1gil, donde la luz a\u00fan no existe pero ya se siente posible. Desde hace m\u00e1s de 25 a\u00f1os, Open White parte [&hellip;]<\/p>\n","protected":false},"author":1,"featured_media":3091,"parent":0,"menu_order":0,"comment_status":"closed","ping_status":"closed","template":"template-full-width.php","meta":{"footnotes":""},"class_list":["post-2014","page","type-page","status-publish","has-post-thumbnail","hentry"],"_links":{"self":[{"href":"https:\/\/www.openwhite.eu\/es\/wp-json\/wp\/v2\/pages\/2014","targetHints":{"allow":["GET"]}}],"collection":[{"href":"https:\/\/www.openwhite.eu\/es\/wp-json\/wp\/v2\/pages"}],"about":[{"href":"https:\/\/www.openwhite.eu\/es\/wp-json\/wp\/v2\/types\/page"}],"author":[{"embeddable":true,"href":"https:\/\/www.openwhite.eu\/es\/wp-json\/wp\/v2\/users\/1"}],"replies":[{"embeddable":true,"href":"https:\/\/www.openwhite.eu\/es\/wp-json\/wp\/v2\/comments?post=2014"}],"version-history":[{"count":40,"href":"https:\/\/www.openwhite.eu\/es\/wp-json\/wp\/v2\/pages\/2014\/revisions"}],"predecessor-version":[{"id":3220,"href":"https:\/\/www.openwhite.eu\/es\/wp-json\/wp\/v2\/pages\/2014\/revisions\/3220"}],"wp:featuredmedia":[{"embeddable":true,"href":"https:\/\/www.openwhite.eu\/es\/wp-json\/wp\/v2\/media\/3091"}],"wp:attachment":[{"href":"https:\/\/www.openwhite.eu\/es\/wp-json\/wp\/v2\/media?parent=2014"}],"curies":[{"name":"wp","href":"https:\/\/api.w.org\/{rel}","templated":true}]}}