{"id":1203,"date":"2026-04-04T10:53:27","date_gmt":"2026-04-04T10:53:27","guid":{"rendered":"https:\/\/www.openwhite.eu\/?page_id=1203"},"modified":"2026-04-16T10:47:35","modified_gmt":"2026-04-16T08:47:35","slug":"politique-de-confidentialite","status":"publish","type":"page","link":"https:\/\/www.openwhite.eu\/politique-de-confidentialite\/","title":{"rendered":"Politique de confidentialit\u00e9."},"content":{"rendered":"\n<p>Derni\u00e8re mise \u00e0 jour : 2026<\/p>\n\n\n\n<p>ShowTech Tools respecte la vie priv\u00e9e de ses utilisateurs.<\/p>\n\n\n\n<h4 class=\"wp-block-heading\"><strong>Donn\u00e9es collect\u00e9es<\/strong><\/h4>\n\n\n\n<p>L\u2019application\u00a0<strong>ne collecte, ne stocke et ne partage aucune donn\u00e9e personnelle<\/strong>.<br>Aucune information telle que le nom, l\u2019adresse e-mail, la localisation ou toute autre donn\u00e9e personnelle n\u2019est collect\u00e9e par l\u2019application.<\/p>\n\n\n\n<h4 class=\"wp-block-heading\"><strong>Donn\u00e9es techniques<\/strong><\/h4>\n\n\n\n<p>Certaines donn\u00e9es techniques peuvent \u00eatre collect\u00e9es automatiquement par les services du syst\u00e8me d\u2019exploitation (Google Play ou Apple) afin d\u2019am\u00e9liorer la stabilit\u00e9 et la s\u00e9curit\u00e9 de l\u2019application.<\/p>\n\n\n\n<p>Ces donn\u00e9es peuvent inclure :<\/p>\n\n\n\n<ul class=\"wp-block-list\">\n<li>informations sur l\u2019appareil<\/li>\n\n\n\n<li>rapports de crash<\/li>\n\n\n\n<li>statistiques anonymes d\u2019utilisation<\/li>\n<\/ul>\n\n\n\n<p>Ces informations sont g\u00e9r\u00e9es directement par les plateformes concern\u00e9es.<\/p>\n\n\n\n<h4 class=\"wp-block-heading\"><strong>Utilisation de l\u2019application<\/strong><\/h4>\n\n\n\n<p>ShowTech Tools est une application de calculs techniques destin\u00e9e aux professionnels du spectacle (lumi\u00e8re, vid\u00e9o et laser).<br>Les r\u00e9sultats fournis sont indicatifs.<\/p>\n\n\n\n<h4 class=\"wp-block-heading\"><strong>Contact<\/strong><\/h4>\n\n\n\n<p>Pour toute question concernant cette politique de confidentialit\u00e9 :<br>info@openwhite.eu<\/p>\n","protected":false},"excerpt":{"rendered":"<p>Derni\u00e8re mise \u00e0 jour : 2026 ShowTech Tools respecte la vie priv\u00e9e de ses utilisateurs. Donn\u00e9es collect\u00e9es L\u2019application\u00a0ne collecte, ne stocke et ne partage aucune donn\u00e9e personnelle.Aucune information telle que le nom, l\u2019adresse e-mail, la localisation ou toute autre donn\u00e9e personnelle n\u2019est collect\u00e9e par l\u2019application. Donn\u00e9es techniques Certaines donn\u00e9es techniques peuvent \u00eatre collect\u00e9es automatiquement par [&hellip;]<\/p>\n","protected":false},"author":1,"featured_media":0,"parent":0,"menu_order":0,"comment_status":"closed","ping_status":"closed","template":"template-full-width.php","meta":{"footnotes":""},"class_list":["post-1203","page","type-page","status-publish","hentry"],"_links":{"self":[{"href":"https:\/\/www.openwhite.eu\/wp-json\/wp\/v2\/pages\/1203","targetHints":{"allow":["GET"]}}],"collection":[{"href":"https:\/\/www.openwhite.eu\/wp-json\/wp\/v2\/pages"}],"about":[{"href":"https:\/\/www.openwhite.eu\/wp-json\/wp\/v2\/types\/page"}],"author":[{"embeddable":true,"href":"https:\/\/www.openwhite.eu\/wp-json\/wp\/v2\/users\/1"}],"replies":[{"embeddable":true,"href":"https:\/\/www.openwhite.eu\/wp-json\/wp\/v2\/comments?post=1203"}],"version-history":[{"count":1,"href":"https:\/\/www.openwhite.eu\/wp-json\/wp\/v2\/pages\/1203\/revisions"}],"predecessor-version":[{"id":1204,"href":"https:\/\/www.openwhite.eu\/wp-json\/wp\/v2\/pages\/1203\/revisions\/1204"}],"wp:attachment":[{"href":"https:\/\/www.openwhite.eu\/wp-json\/wp\/v2\/media?parent=1203"}],"curies":[{"name":"wp","href":"https:\/\/api.w.org\/{rel}","templated":true}]}}