{"id":1598,"date":"2026-04-13T11:59:34","date_gmt":"2026-04-13T09:59:34","guid":{"rendered":"https:\/\/www.openwhite.eu\/?page_id=1598"},"modified":"2026-04-13T14:33:37","modified_gmt":"2026-04-13T12:33:37","slug":"application","status":"publish","type":"page","link":"https:\/\/www.openwhite.eu\/index.php\/application\/","title":{"rendered":"Application"},"content":{"rendered":"\n<h1 class=\"wp-block-heading\"><strong>ShowTech Tools<\/strong><\/h1>\n\n\n\n<h2 class=\"wp-block-heading\"><strong>Les outils techniques du spectacle. Enfin r\u00e9unis.<\/strong><\/h2>\n\n\n\n<p>Projection vid\u00e9o, calculs lumi\u00e8re, distances laser, conversions photom\u00e9triques\u2026<\/p>\n\n\n\n<p>Les techniciens utilisent ces calculs <strong>tous les jours<\/strong>, mais ils sont souvent dispers\u00e9s entre tableurs, notes ou diff\u00e9rentes applications.<\/p>\n\n\n\n<p><strong>ShowTech Tools rassemble ces outils essentiels dans une seule application<\/strong>, con\u00e7ue pour les professionnels du spectacle, de l\u2019\u00e9v\u00e9nementiel et de l\u2019audiovisuel.<\/p>\n\n\n\n<p>Rapide. Clair. Directement utilisable sur le terrain.<\/p>\n\n\n<div class=\"align-center wp-block-blockons-image-carousel\">\n\t<div class=\"blockons-slider slider  navigation-round navigation-light pagination-bullets pagination-dark default-icon arrows-ban caption-none  bradius-rounded\" id=\"3eeade62-4bfc-4ace-8b3b-c1ff8b7d47e2\" data-settings=\"{&quot;autoHeight&quot;:true,&quot;effect&quot;:&quot;slide&quot;,&quot;slidesPerView&quot;:3,&quot;spaceBetween&quot;:5,&quot;loop&quot;:false,&quot;rewind&quot;:false,&quot;navigation&quot;:{&quot;prevEl&quot;:&quot;.swiper-button-prev&quot;,&quot;nextEl&quot;:&quot;.swiper-button-next&quot;},&quot;autoplay&quot;:{&quot;delay&quot;:&quot;1500&quot;,&quot;disableOnInteraction&quot;:true},&quot;pagination&quot;:{&quot;el&quot;:&quot;.swiper-pagination&quot;,&quot;type&quot;:&quot;bullets&quot;,&quot;dynamicBullets&quot;:false,&quot;clickable&quot;:true}}\">\n\t\t<div class=\"ic-swiper-3eeade62-4bfc-4ace-8b3b-c1ff8b7d47e2 swiper\">\n\t\t\t<div class=\"swiper-wrapper\">\n\t\t\t\t\t\t\t\t\t<div class=\"swiper-slide\">\n\t\t\t\t\t\t<div class=\"swiper-slide-inner\">\n\t\t\t\t\t\t\t<div class=\"blockons-slider-img imgfull aspect-ratio ratio-square \">\n\t\t\t\t\t\t\t\t\t\t\t\t\t\t\t\t\t<div class=\"aspect-img\">\n\t\t\t\t\t\t\t\t\t\t<img decoding=\"async\" data-src=\"https:\/\/www.openwhite.eu\/wp-content\/uploads\/2026\/04\/Screenshot_20260304_074638.jpg\" alt=\"\" src=\"data:image\/svg+xml;base64,PHN2ZyB3aWR0aD0iMSIgaGVpZ2h0PSIxIiB4bWxucz0iaHR0cDovL3d3dy53My5vcmcvMjAwMC9zdmciPjwvc3ZnPg==\" class=\"lazyload\" style=\"--smush-placeholder-width: 1080px; --smush-placeholder-aspect-ratio: 1080\/2121;\" \/>\n\t\t\t\t\t\t\t\t\t<\/div>\n\t\t\t\t\t\t\t\t\t\t\t\t\t\t\t<\/div>\n\n\t\t\t\t\t\t\t\t\t\t\t\t\t<\/div>\n\t\t\t\t\t<\/div>\n\t\t\t\t\t\t\t\t\t<div class=\"swiper-slide\">\n\t\t\t\t\t\t<div class=\"swiper-slide-inner\">\n\t\t\t\t\t\t\t<div class=\"blockons-slider-img imgfull aspect-ratio ratio-square \">\n\t\t\t\t\t\t\t\t\t\t\t\t\t\t\t\t\t<div class=\"aspect-img\">\n\t\t\t\t\t\t\t\t\t\t<img decoding=\"async\" data-src=\"https:\/\/www.openwhite.eu\/wp-content\/uploads\/2026\/04\/Screenshot_20260304_074642.jpg\" alt=\"\" src=\"data:image\/svg+xml;base64,PHN2ZyB3aWR0aD0iMSIgaGVpZ2h0PSIxIiB4bWxucz0iaHR0cDovL3d3dy53My5vcmcvMjAwMC9zdmciPjwvc3ZnPg==\" class=\"lazyload\" style=\"--smush-placeholder-width: 1080px; --smush-placeholder-aspect-ratio: 1080\/2121;\" \/>\n\t\t\t\t\t\t\t\t\t<\/div>\n\t\t\t\t\t\t\t\t\t\t\t\t\t\t\t<\/div>\n\n\t\t\t\t\t\t\t\t\t\t\t\t\t<\/div>\n\t\t\t\t\t<\/div>\n\t\t\t\t\t\t\t\t\t<div class=\"swiper-slide\">\n\t\t\t\t\t\t<div class=\"swiper-slide-inner\">\n\t\t\t\t\t\t\t<div class=\"blockons-slider-img imgfull aspect-ratio ratio-square \">\n\t\t\t\t\t\t\t\t\t\t\t\t\t\t\t\t\t<div class=\"aspect-img\">\n\t\t\t\t\t\t\t\t\t\t<img decoding=\"async\" data-src=\"https:\/\/www.openwhite.eu\/wp-content\/uploads\/2026\/04\/Screenshot_20260304_074648.jpg\" alt=\"\" src=\"data:image\/svg+xml;base64,PHN2ZyB3aWR0aD0iMSIgaGVpZ2h0PSIxIiB4bWxucz0iaHR0cDovL3d3dy53My5vcmcvMjAwMC9zdmciPjwvc3ZnPg==\" class=\"lazyload\" style=\"--smush-placeholder-width: 1080px; --smush-placeholder-aspect-ratio: 1080\/2121;\" \/>\n\t\t\t\t\t\t\t\t\t<\/div>\n\t\t\t\t\t\t\t\t\t\t\t\t\t\t\t<\/div>\n\n\t\t\t\t\t\t\t\t\t\t\t\t\t<\/div>\n\t\t\t\t\t<\/div>\n\t\t\t\t\t\t\t\t\t<div class=\"swiper-slide\">\n\t\t\t\t\t\t<div class=\"swiper-slide-inner\">\n\t\t\t\t\t\t\t<div class=\"blockons-slider-img imgfull aspect-ratio ratio-square \">\n\t\t\t\t\t\t\t\t\t\t\t\t\t\t\t\t\t<div class=\"aspect-img\">\n\t\t\t\t\t\t\t\t\t\t<img decoding=\"async\" data-src=\"https:\/\/www.openwhite.eu\/wp-content\/uploads\/2026\/04\/Screenshot_20260304_074657-scaled.jpg\" alt=\"\" src=\"data:image\/svg+xml;base64,PHN2ZyB3aWR0aD0iMSIgaGVpZ2h0PSIxIiB4bWxucz0iaHR0cDovL3d3dy53My5vcmcvMjAwMC9zdmciPjwvc3ZnPg==\" class=\"lazyload\" style=\"--smush-placeholder-width: 697px; --smush-placeholder-aspect-ratio: 697\/2560;\" \/>\n\t\t\t\t\t\t\t\t\t<\/div>\n\t\t\t\t\t\t\t\t\t\t\t\t\t\t\t<\/div>\n\n\t\t\t\t\t\t\t\t\t\t\t\t\t<\/div>\n\t\t\t\t\t<\/div>\n\t\t\t\t\t\t\t\t\t<div class=\"swiper-slide\">\n\t\t\t\t\t\t<div class=\"swiper-slide-inner\">\n\t\t\t\t\t\t\t<div class=\"blockons-slider-img imgfull aspect-ratio ratio-square \">\n\t\t\t\t\t\t\t\t\t\t\t\t\t\t\t\t\t<div class=\"aspect-img\">\n\t\t\t\t\t\t\t\t\t\t<img decoding=\"async\" data-src=\"https:\/\/www.openwhite.eu\/wp-content\/uploads\/2026\/04\/Screenshot_20260304_074709.jpg\" alt=\"\" src=\"data:image\/svg+xml;base64,PHN2ZyB3aWR0aD0iMSIgaGVpZ2h0PSIxIiB4bWxucz0iaHR0cDovL3d3dy53My5vcmcvMjAwMC9zdmciPjwvc3ZnPg==\" class=\"lazyload\" style=\"--smush-placeholder-width: 1080px; --smush-placeholder-aspect-ratio: 1080\/2121;\" \/>\n\t\t\t\t\t\t\t\t\t<\/div>\n\t\t\t\t\t\t\t\t\t\t\t\t\t\t\t<\/div>\n\n\t\t\t\t\t\t\t\t\t\t\t\t\t<\/div>\n\t\t\t\t\t<\/div>\n\t\t\t\t\t\t\t\t\t<div class=\"swiper-slide\">\n\t\t\t\t\t\t<div class=\"swiper-slide-inner\">\n\t\t\t\t\t\t\t<div class=\"blockons-slider-img imgfull aspect-ratio ratio-square \">\n\t\t\t\t\t\t\t\t\t\t\t\t\t\t\t\t\t<div class=\"aspect-img\">\n\t\t\t\t\t\t\t\t\t\t<img decoding=\"async\" data-src=\"https:\/\/www.openwhite.eu\/wp-content\/uploads\/2026\/04\/Screenshot_20260304_074727-scaled.jpg\" alt=\"\" src=\"data:image\/svg+xml;base64,PHN2ZyB3aWR0aD0iMSIgaGVpZ2h0PSIxIiB4bWxucz0iaHR0cDovL3d3dy53My5vcmcvMjAwMC9zdmciPjwvc3ZnPg==\" class=\"lazyload\" style=\"--smush-placeholder-width: 640px; --smush-placeholder-aspect-ratio: 640\/2560;\" \/>\n\t\t\t\t\t\t\t\t\t<\/div>\n\t\t\t\t\t\t\t\t\t\t\t\t\t\t\t<\/div>\n\n\t\t\t\t\t\t\t\t\t\t\t\t\t<\/div>\n\t\t\t\t\t<\/div>\n\t\t\t\t\t\t\t\t\t<div class=\"swiper-slide\">\n\t\t\t\t\t\t<div class=\"swiper-slide-inner\">\n\t\t\t\t\t\t\t<div class=\"blockons-slider-img imgfull aspect-ratio ratio-square \">\n\t\t\t\t\t\t\t\t\t\t\t\t\t\t\t\t\t<div class=\"aspect-img\">\n\t\t\t\t\t\t\t\t\t\t<img decoding=\"async\" data-src=\"https:\/\/www.openwhite.eu\/wp-content\/uploads\/2026\/04\/Screenshot_20260304_074746.jpg\" alt=\"\" src=\"data:image\/svg+xml;base64,PHN2ZyB3aWR0aD0iMSIgaGVpZ2h0PSIxIiB4bWxucz0iaHR0cDovL3d3dy53My5vcmcvMjAwMC9zdmciPjwvc3ZnPg==\" class=\"lazyload\" style=\"--smush-placeholder-width: 1080px; --smush-placeholder-aspect-ratio: 1080\/2121;\" \/>\n\t\t\t\t\t\t\t\t\t<\/div>\n\t\t\t\t\t\t\t\t\t\t\t\t\t\t\t<\/div>\n\n\t\t\t\t\t\t\t\t\t\t\t\t\t<\/div>\n\t\t\t\t\t<\/div>\n\t\t\t\t\t\t\t\t\t<div class=\"swiper-slide\">\n\t\t\t\t\t\t<div class=\"swiper-slide-inner\">\n\t\t\t\t\t\t\t<div class=\"blockons-slider-img imgfull aspect-ratio ratio-square \">\n\t\t\t\t\t\t\t\t\t\t\t\t\t\t\t\t\t<div class=\"aspect-img\">\n\t\t\t\t\t\t\t\t\t\t<img decoding=\"async\" data-src=\"https:\/\/www.openwhite.eu\/wp-content\/uploads\/2026\/04\/Screenshot_20260304_074752.jpg\" alt=\"\" src=\"data:image\/svg+xml;base64,PHN2ZyB3aWR0aD0iMSIgaGVpZ2h0PSIxIiB4bWxucz0iaHR0cDovL3d3dy53My5vcmcvMjAwMC9zdmciPjwvc3ZnPg==\" class=\"lazyload\" style=\"--smush-placeholder-width: 1080px; --smush-placeholder-aspect-ratio: 1080\/2121;\" \/>\n\t\t\t\t\t\t\t\t\t<\/div>\n\t\t\t\t\t\t\t\t\t\t\t\t\t\t\t<\/div>\n\n\t\t\t\t\t\t\t\t\t\t\t\t\t<\/div>\n\t\t\t\t\t<\/div>\n\t\t\t\t\t\t\t\t\t<div class=\"swiper-slide\">\n\t\t\t\t\t\t<div class=\"swiper-slide-inner\">\n\t\t\t\t\t\t\t<div class=\"blockons-slider-img imgfull aspect-ratio ratio-square \">\n\t\t\t\t\t\t\t\t\t\t\t\t\t\t\t\t\t<div class=\"aspect-img\">\n\t\t\t\t\t\t\t\t\t\t<img decoding=\"async\" data-src=\"https:\/\/www.openwhite.eu\/wp-content\/uploads\/2026\/04\/Screenshot_20260304_074756.jpg\" alt=\"\" src=\"data:image\/svg+xml;base64,PHN2ZyB3aWR0aD0iMSIgaGVpZ2h0PSIxIiB4bWxucz0iaHR0cDovL3d3dy53My5vcmcvMjAwMC9zdmciPjwvc3ZnPg==\" class=\"lazyload\" style=\"--smush-placeholder-width: 1080px; --smush-placeholder-aspect-ratio: 1080\/1733;\" \/>\n\t\t\t\t\t\t\t\t\t<\/div>\n\t\t\t\t\t\t\t\t\t\t\t\t\t\t\t<\/div>\n\n\t\t\t\t\t\t\t\t\t\t\t\t\t<\/div>\n\t\t\t\t\t<\/div>\n\t\t\t\t\t\t\t\t\t<div class=\"swiper-slide\">\n\t\t\t\t\t\t<div class=\"swiper-slide-inner\">\n\t\t\t\t\t\t\t<div class=\"blockons-slider-img imgfull aspect-ratio ratio-square \">\n\t\t\t\t\t\t\t\t\t\t\t\t\t\t\t\t\t<div class=\"aspect-img\">\n\t\t\t\t\t\t\t\t\t\t<img decoding=\"async\" data-src=\"https:\/\/www.openwhite.eu\/wp-content\/uploads\/2026\/04\/Screenshot_20260304_074803.jpg\" alt=\"\" src=\"data:image\/svg+xml;base64,PHN2ZyB3aWR0aD0iMSIgaGVpZ2h0PSIxIiB4bWxucz0iaHR0cDovL3d3dy53My5vcmcvMjAwMC9zdmciPjwvc3ZnPg==\" class=\"lazyload\" style=\"--smush-placeholder-width: 1080px; --smush-placeholder-aspect-ratio: 1080\/2121;\" \/>\n\t\t\t\t\t\t\t\t\t<\/div>\n\t\t\t\t\t\t\t\t\t\t\t\t\t\t\t<\/div>\n\n\t\t\t\t\t\t\t\t\t\t\t\t\t<\/div>\n\t\t\t\t\t<\/div>\n\t\t\t\t\t\t\t\t\t<div class=\"swiper-slide\">\n\t\t\t\t\t\t<div class=\"swiper-slide-inner\">\n\t\t\t\t\t\t\t<div class=\"blockons-slider-img imgfull aspect-ratio ratio-square \">\n\t\t\t\t\t\t\t\t\t\t\t\t\t\t\t\t\t<div class=\"aspect-img\">\n\t\t\t\t\t\t\t\t\t\t<img decoding=\"async\" data-src=\"https:\/\/www.openwhite.eu\/wp-content\/uploads\/2026\/04\/Screenshot_20260304_074812.jpg\" alt=\"\" src=\"data:image\/svg+xml;base64,PHN2ZyB3aWR0aD0iMSIgaGVpZ2h0PSIxIiB4bWxucz0iaHR0cDovL3d3dy53My5vcmcvMjAwMC9zdmciPjwvc3ZnPg==\" class=\"lazyload\" style=\"--smush-placeholder-width: 1080px; --smush-placeholder-aspect-ratio: 1080\/1743;\" \/>\n\t\t\t\t\t\t\t\t\t<\/div>\n\t\t\t\t\t\t\t\t\t\t\t\t\t\t\t<\/div>\n\n\t\t\t\t\t\t\t\t\t\t\t\t\t<\/div>\n\t\t\t\t\t<\/div>\n\t\t\t\t\t\t\t\t\t<div class=\"swiper-slide\">\n\t\t\t\t\t\t<div class=\"swiper-slide-inner\">\n\t\t\t\t\t\t\t<div class=\"blockons-slider-img imgfull aspect-ratio ratio-square \">\n\t\t\t\t\t\t\t\t\t\t\t\t\t\t\t\t\t<div class=\"aspect-img\">\n\t\t\t\t\t\t\t\t\t\t<img decoding=\"async\" data-src=\"https:\/\/www.openwhite.eu\/wp-content\/uploads\/2026\/04\/Screenshot_20260304_074825.jpg\" alt=\"\" src=\"data:image\/svg+xml;base64,PHN2ZyB3aWR0aD0iMSIgaGVpZ2h0PSIxIiB4bWxucz0iaHR0cDovL3d3dy53My5vcmcvMjAwMC9zdmciPjwvc3ZnPg==\" class=\"lazyload\" style=\"--smush-placeholder-width: 1080px; --smush-placeholder-aspect-ratio: 1080\/1742;\" \/>\n\t\t\t\t\t\t\t\t\t<\/div>\n\t\t\t\t\t\t\t\t\t\t\t\t\t\t\t<\/div>\n\n\t\t\t\t\t\t\t\t\t\t\t\t\t<\/div>\n\t\t\t\t\t<\/div>\n\t\t\t\t\t\t\t\t\t<div class=\"swiper-slide\">\n\t\t\t\t\t\t<div class=\"swiper-slide-inner\">\n\t\t\t\t\t\t\t<div class=\"blockons-slider-img imgfull aspect-ratio ratio-square \">\n\t\t\t\t\t\t\t\t\t\t\t\t\t\t\t\t\t<div class=\"aspect-img\">\n\t\t\t\t\t\t\t\t\t\t<img decoding=\"async\" data-src=\"https:\/\/www.openwhite.eu\/wp-content\/uploads\/2026\/04\/Screenshot_20260304_074836.jpg\" alt=\"\" src=\"data:image\/svg+xml;base64,PHN2ZyB3aWR0aD0iMSIgaGVpZ2h0PSIxIiB4bWxucz0iaHR0cDovL3d3dy53My5vcmcvMjAwMC9zdmciPjwvc3ZnPg==\" class=\"lazyload\" style=\"--smush-placeholder-width: 1080px; --smush-placeholder-aspect-ratio: 1080\/2121;\" \/>\n\t\t\t\t\t\t\t\t\t<\/div>\n\t\t\t\t\t\t\t\t\t\t\t\t\t\t\t<\/div>\n\n\t\t\t\t\t\t\t\t\t\t\t\t\t<\/div>\n\t\t\t\t\t<\/div>\n\t\t\t\t\t\t\t\t\t<div class=\"swiper-slide\">\n\t\t\t\t\t\t<div class=\"swiper-slide-inner\">\n\t\t\t\t\t\t\t<div class=\"blockons-slider-img imgfull aspect-ratio ratio-square \">\n\t\t\t\t\t\t\t\t\t\t\t\t\t\t\t\t\t<div class=\"aspect-img\">\n\t\t\t\t\t\t\t\t\t\t<img decoding=\"async\" data-src=\"https:\/\/www.openwhite.eu\/wp-content\/uploads\/2026\/04\/Screenshot_20260304_074843.jpg\" alt=\"\" src=\"data:image\/svg+xml;base64,PHN2ZyB3aWR0aD0iMSIgaGVpZ2h0PSIxIiB4bWxucz0iaHR0cDovL3d3dy53My5vcmcvMjAwMC9zdmciPjwvc3ZnPg==\" class=\"lazyload\" style=\"--smush-placeholder-width: 1080px; --smush-placeholder-aspect-ratio: 1080\/1584;\" \/>\n\t\t\t\t\t\t\t\t\t<\/div>\n\t\t\t\t\t\t\t\t\t\t\t\t\t\t\t<\/div>\n\n\t\t\t\t\t\t\t\t\t\t\t\t\t<\/div>\n\t\t\t\t\t<\/div>\n\t\t\t\t\t\t\t\t\t<div class=\"swiper-slide\">\n\t\t\t\t\t\t<div class=\"swiper-slide-inner\">\n\t\t\t\t\t\t\t<div class=\"blockons-slider-img imgfull aspect-ratio ratio-square \">\n\t\t\t\t\t\t\t\t\t\t\t\t\t\t\t\t\t<div class=\"aspect-img\">\n\t\t\t\t\t\t\t\t\t\t<img decoding=\"async\" data-src=\"https:\/\/www.openwhite.eu\/wp-content\/uploads\/2026\/04\/Screenshot_20260304_074848.jpg\" alt=\"\" src=\"data:image\/svg+xml;base64,PHN2ZyB3aWR0aD0iMSIgaGVpZ2h0PSIxIiB4bWxucz0iaHR0cDovL3d3dy53My5vcmcvMjAwMC9zdmciPjwvc3ZnPg==\" class=\"lazyload\" style=\"--smush-placeholder-width: 1080px; --smush-placeholder-aspect-ratio: 1080\/1270;\" \/>\n\t\t\t\t\t\t\t\t\t<\/div>\n\t\t\t\t\t\t\t\t\t\t\t\t\t\t\t<\/div>\n\n\t\t\t\t\t\t\t\t\t\t\t\t\t<\/div>\n\t\t\t\t\t<\/div>\n\t\t\t\t\t\t\t\t\t<div class=\"swiper-slide\">\n\t\t\t\t\t\t<div class=\"swiper-slide-inner\">\n\t\t\t\t\t\t\t<div class=\"blockons-slider-img imgfull aspect-ratio ratio-square \">\n\t\t\t\t\t\t\t\t\t\t\t\t\t\t\t\t\t<div class=\"aspect-img\">\n\t\t\t\t\t\t\t\t\t\t<img decoding=\"async\" data-src=\"https:\/\/www.openwhite.eu\/wp-content\/uploads\/2026\/04\/Screenshot_20260304_074853-scaled.jpg\" alt=\"\" src=\"data:image\/svg+xml;base64,PHN2ZyB3aWR0aD0iMSIgaGVpZ2h0PSIxIiB4bWxucz0iaHR0cDovL3d3dy53My5vcmcvMjAwMC9zdmciPjwvc3ZnPg==\" class=\"lazyload\" style=\"--smush-placeholder-width: 339px; --smush-placeholder-aspect-ratio: 339\/2560;\" \/>\n\t\t\t\t\t\t\t\t\t<\/div>\n\t\t\t\t\t\t\t\t\t\t\t\t\t\t\t<\/div>\n\n\t\t\t\t\t\t\t\t\t\t\t\t\t<\/div>\n\t\t\t\t\t<\/div>\n\t\t\t\t\t\t\t\t\t<div class=\"swiper-slide\">\n\t\t\t\t\t\t<div class=\"swiper-slide-inner\">\n\t\t\t\t\t\t\t<div class=\"blockons-slider-img imgfull aspect-ratio ratio-square \">\n\t\t\t\t\t\t\t\t\t\t\t\t\t\t\t\t\t<div class=\"aspect-img\">\n\t\t\t\t\t\t\t\t\t\t<img decoding=\"async\" data-src=\"https:\/\/www.openwhite.eu\/wp-content\/uploads\/2026\/04\/Screenshot_20260304_074916.jpg\" alt=\"\" src=\"data:image\/svg+xml;base64,PHN2ZyB3aWR0aD0iMSIgaGVpZ2h0PSIxIiB4bWxucz0iaHR0cDovL3d3dy53My5vcmcvMjAwMC9zdmciPjwvc3ZnPg==\" class=\"lazyload\" style=\"--smush-placeholder-width: 1080px; --smush-placeholder-aspect-ratio: 1080\/2121;\" \/>\n\t\t\t\t\t\t\t\t\t<\/div>\n\t\t\t\t\t\t\t\t\t\t\t\t\t\t\t<\/div>\n\n\t\t\t\t\t\t\t\t\t\t\t\t\t<\/div>\n\t\t\t\t\t<\/div>\n\t\t\t\t\t\t\t\t\t<div class=\"swiper-slide\">\n\t\t\t\t\t\t<div class=\"swiper-slide-inner\">\n\t\t\t\t\t\t\t<div class=\"blockons-slider-img imgfull aspect-ratio ratio-square \">\n\t\t\t\t\t\t\t\t\t\t\t\t\t\t\t\t\t<div class=\"aspect-img\">\n\t\t\t\t\t\t\t\t\t\t<img decoding=\"async\" data-src=\"https:\/\/www.openwhite.eu\/wp-content\/uploads\/2026\/04\/Screenshot_20260304_074920.jpg\" alt=\"\" src=\"data:image\/svg+xml;base64,PHN2ZyB3aWR0aD0iMSIgaGVpZ2h0PSIxIiB4bWxucz0iaHR0cDovL3d3dy53My5vcmcvMjAwMC9zdmciPjwvc3ZnPg==\" class=\"lazyload\" style=\"--smush-placeholder-width: 1080px; --smush-placeholder-aspect-ratio: 1080\/2121;\" \/>\n\t\t\t\t\t\t\t\t\t<\/div>\n\t\t\t\t\t\t\t\t\t\t\t\t\t\t\t<\/div>\n\n\t\t\t\t\t\t\t\t\t\t\t\t\t<\/div>\n\t\t\t\t\t<\/div>\n\t\t\t\t\t\t\t\t\t<div class=\"swiper-slide\">\n\t\t\t\t\t\t<div class=\"swiper-slide-inner\">\n\t\t\t\t\t\t\t<div class=\"blockons-slider-img imgfull aspect-ratio ratio-square \">\n\t\t\t\t\t\t\t\t\t\t\t\t\t\t\t\t\t<div class=\"aspect-img\">\n\t\t\t\t\t\t\t\t\t\t<img decoding=\"async\" data-src=\"https:\/\/www.openwhite.eu\/wp-content\/uploads\/2026\/04\/Screenshot_20260304_113431.jpg\" alt=\"\" src=\"data:image\/svg+xml;base64,PHN2ZyB3aWR0aD0iMSIgaGVpZ2h0PSIxIiB4bWxucz0iaHR0cDovL3d3dy53My5vcmcvMjAwMC9zdmciPjwvc3ZnPg==\" class=\"lazyload\" style=\"--smush-placeholder-width: 1080px; --smush-placeholder-aspect-ratio: 1080\/2121;\" \/>\n\t\t\t\t\t\t\t\t\t<\/div>\n\t\t\t\t\t\t\t\t\t\t\t\t\t\t\t<\/div>\n\n\t\t\t\t\t\t\t\t\t\t\t\t\t<\/div>\n\t\t\t\t\t<\/div>\n\t\t\t\t\t\t\t<\/div>\n\t\t\t\n\t\t\t\t\t\t\t<div class=\"swiper-button-prev\"><\/div>\n\t\t\t\t<div class=\"swiper-button-next\"><\/div>\n\t\t\t\t\t\t\n\t\t\t\t\t\t\t<div class=\"swiper-pagination\"><\/div>\n\t\t\t\t\t<\/div>\n\t<\/div>\n<\/div>\n\n\n\n<hr class=\"wp-block-separator has-alpha-channel-opacity\"\/>\n\n\n\n<h1 class=\"wp-block-heading\"><strong>Pourquoi cette application existe<\/strong> ?<\/h1>\n\n\n\n<p>Sur un plateau, en tourn\u00e9e ou en installation, on n\u2019a pas le temps de chercher longtemps une formule ou un calcul.<\/p>\n\n\n\n<p>ShowTech Tools a \u00e9t\u00e9 cr\u00e9\u00e9 pour <strong>simplifier le travail technique<\/strong> et rendre accessibles en quelques secondes des outils qui servent quotidiennement aux :<\/p>\n\n\n\n<ul class=\"wp-block-list\">\n<li>lighting designers<\/li>\n\n\n\n<li>op\u00e9rateurs lumi\u00e8re<\/li>\n\n\n\n<li>r\u00e9gisseurs techniques<\/li>\n\n\n\n<li>techniciens audiovisuel<\/li>\n\n\n\n<li>\u00e9tudiants en technique du spectacle<\/li>\n<\/ul>\n\n\n\n<p>L\u2019objectif est simple : <strong>gagner du temps et travailler plus efficacement<\/strong>.<\/p>\n\n\n\n<hr class=\"wp-block-separator has-alpha-channel-opacity\"\/>\n\n\n\n<h1 class=\"wp-block-heading\"><strong>Des outils pens\u00e9s pour la r\u00e9alit\u00e9 du terrain<\/strong><\/h1>\n\n\n\n<p>L\u2019application regroupe plusieurs cat\u00e9gories d\u2019outils techniques :<\/p>\n\n\n\n<h3 class=\"wp-block-heading\"><strong>Vid\u00e9o<\/strong><\/h3>\n\n\n\n<ul class=\"wp-block-list\">\n<li>calculs de projection<\/li>\n\n\n\n<li>ratios et dimensions d\u2019image<\/li>\n\n\n\n<li>estimation de luminosit\u00e9<\/li>\n<\/ul>\n\n\n\n<h3 class=\"wp-block-heading\"><strong>Lumi\u00e8re<\/strong><\/h3>\n\n\n\n<ul class=\"wp-block-list\">\n<li>conversions photom\u00e9triques<\/li>\n\n\n\n<li>calculs lux \/ candela \/ lumen<\/li>\n\n\n\n<li>outils de r\u00e9f\u00e9rence lumi\u00e8re<\/li>\n<\/ul>\n\n\n\n<h3 class=\"wp-block-heading\"><strong>Laser<\/strong><\/h3>\n\n\n\n<ul class=\"wp-block-list\">\n<li>estimations indicatives des distances de s\u00e9curit\u00e9<\/li>\n\n\n\n<li>outils d\u2019aide pour les installations laser<\/li>\n<\/ul>\n\n\n\n<h3 class=\"wp-block-heading\"><strong>Technique<\/strong><\/h3>\n\n\n\n<ul class=\"wp-block-list\">\n<li>outils DMX<\/li>\n\n\n\n<li>r\u00e9f\u00e9rences techniques utiles<\/li>\n<\/ul>\n\n\n\n<p>De nouveaux outils seront ajout\u00e9s r\u00e9guli\u00e8rement pour enrichir l\u2019application.<\/p>\n\n\n\n<hr class=\"wp-block-separator has-alpha-channel-opacity\"\/>\n\n\n\n<h1 class=\"wp-block-heading\"><strong>Toujours dans votre poche<\/strong><\/h1>\n\n\n\n<p>Que ce soit en <strong>pr\u00e9paration de projet, en installation ou pendant l\u2019exploitation<\/strong>, ShowTech Tools vous permet d\u2019acc\u00e9der imm\u00e9diatement aux informations dont vous avez besoin.<\/p>\n\n\n\n<p>Plus besoin d\u2019ouvrir plusieurs fichiers ou applications :<\/p>\n\n\n\n<p><strong>tout est accessible en quelques secondes.<\/strong><\/p>\n\n\n\n<hr class=\"wp-block-separator has-alpha-channel-opacity\"\/>\n\n\n\n<p>\u26a0\ufe0f Les r\u00e9sultats fournis par l\u2019application sont <strong>indicatifs<\/strong> et doivent toujours \u00eatre v\u00e9rifi\u00e9s selon les normes en vigueur, les conditions d\u2019installation et la responsabilit\u00e9 de l\u2019op\u00e9rateur.<\/p>\n\n\n\n<hr class=\"wp-block-separator has-alpha-channel-opacity\"\/>\n\n\n\n<h1 class=\"wp-block-heading\"><strong>T\u00e9l\u00e9charger ShowTech Tools<\/strong><\/h1>\n\n\n\n<p>Disponible sur :<\/p>\n\n\n\n<div class=\"wp-block-columns is-layout-flex wp-container-core-columns-is-layout-9d6595d7 wp-block-columns-is-layout-flex\">\n<div class=\"wp-block-column is-layout-flow wp-block-column-is-layout-flow\">\n<figure class=\"wp-block-image size-full is-resized\"><a href=\"https:\/\/play.google.com\/store\/apps\/details?id=eu.openwhite.showtechtools\" target=\"_blank\" rel=\" noreferrer noopener\"><img fetchpriority=\"high\" decoding=\"async\" width=\"478\" height=\"142\" src=\"https:\/\/www.openwhite.eu\/wp-content\/uploads\/2026\/04\/GetItOnGooglePlay_Badge_Web_color_French.png\" alt=\"\" class=\"wp-image-2167\" style=\"aspect-ratio:3.366502088872009;width:403px;height:auto\" srcset=\"https:\/\/www.openwhite.eu\/wp-content\/uploads\/2026\/04\/GetItOnGooglePlay_Badge_Web_color_French.png 478w, https:\/\/www.openwhite.eu\/wp-content\/uploads\/2026\/04\/GetItOnGooglePlay_Badge_Web_color_French-300x89.png 300w\" sizes=\"(max-width: 478px) 100vw, 478px\" \/><\/a><\/figure>\n<\/div>\n\n\n\n<div class=\"wp-block-column is-layout-flow wp-block-column-is-layout-flow\"><\/div>\n<\/div>\n\n\n\n<div class=\"wp-block-columns is-layout-flex wp-container-core-columns-is-layout-9d6595d7 wp-block-columns-is-layout-flex\">\n<div class=\"wp-block-column is-layout-flow wp-block-column-is-layout-flow\">\n<figure class=\"wp-block-image size-full is-resized\"><a href=\"https:\/\/apps.apple.com\/app\/id6761654348\" target=\"_blank\" rel=\" noreferrer noopener\"><img decoding=\"async\" width=\"253\" height=\"80\" data-src=\"https:\/\/www.openwhite.eu\/wp-content\/uploads\/2026\/04\/Download_on_the_App_Store_Badge_FR_RGB_wht_100217.png\" alt=\"\" class=\"wp-image-2183 lazyload\" style=\"--smush-placeholder-width: 253px; --smush-placeholder-aspect-ratio: 253\/80;width:416px;height:auto\" src=\"data:image\/svg+xml;base64,PHN2ZyB3aWR0aD0iMSIgaGVpZ2h0PSIxIiB4bWxucz0iaHR0cDovL3d3dy53My5vcmcvMjAwMC9zdmciPjwvc3ZnPg==\" \/><\/a><\/figure>\n<\/div>\n\n\n\n<div class=\"wp-block-column is-layout-flow wp-block-column-is-layout-flow\"><\/div>\n<\/div>\n\n\n\n<hr class=\"wp-block-separator has-alpha-channel-opacity\"\/>\n","protected":false},"excerpt":{"rendered":"<p>ShowTech Tools Les outils techniques du spectacle. Enfin r\u00e9unis. Projection vid\u00e9o, calculs lumi\u00e8re, distances laser, conversions photom\u00e9triques\u2026 Les techniciens utilisent ces calculs tous les jours, mais ils sont souvent dispers\u00e9s entre tableurs, notes ou diff\u00e9rentes applications. ShowTech Tools rassemble ces outils essentiels dans une seule application, con\u00e7ue pour les professionnels du spectacle, de l\u2019\u00e9v\u00e9nementiel et [&hellip;]<\/p>\n","protected":false},"author":1,"featured_media":0,"parent":0,"menu_order":0,"comment_status":"closed","ping_status":"closed","template":"template-full-width.php","meta":{"footnotes":""},"class_list":["post-1598","page","type-page","status-publish","hentry"],"_links":{"self":[{"href":"https:\/\/www.openwhite.eu\/index.php\/wp-json\/wp\/v2\/pages\/1598","targetHints":{"allow":["GET"]}}],"collection":[{"href":"https:\/\/www.openwhite.eu\/index.php\/wp-json\/wp\/v2\/pages"}],"about":[{"href":"https:\/\/www.openwhite.eu\/index.php\/wp-json\/wp\/v2\/types\/page"}],"author":[{"embeddable":true,"href":"https:\/\/www.openwhite.eu\/index.php\/wp-json\/wp\/v2\/users\/1"}],"replies":[{"embeddable":true,"href":"https:\/\/www.openwhite.eu\/index.php\/wp-json\/wp\/v2\/comments?post=1598"}],"version-history":[{"count":22,"href":"https:\/\/www.openwhite.eu\/index.php\/wp-json\/wp\/v2\/pages\/1598\/revisions"}],"predecessor-version":[{"id":2382,"href":"https:\/\/www.openwhite.eu\/index.php\/wp-json\/wp\/v2\/pages\/1598\/revisions\/2382"}],"wp:attachment":[{"href":"https:\/\/www.openwhite.eu\/index.php\/wp-json\/wp\/v2\/media?parent=1598"}],"curies":[{"name":"wp","href":"https:\/\/api.w.org\/{rel}","templated":true}]}}