{"id":1444,"date":"2026-04-07T09:53:04","date_gmt":"2026-04-07T09:53:04","guid":{"rendered":"https:\/\/www.openwhite.eu\/index.php\/corsi-tecnici-per-lo-spettacolo\/"},"modified":"2026-04-07T11:15:46","modified_gmt":"2026-04-07T11:15:46","slug":"corsi-tecnici-per-lo-spettacolo","status":"publish","type":"page","link":"https:\/\/www.openwhite.eu\/it\/index.php\/corsi-tecnici-per-lo-spettacolo\/","title":{"rendered":"Corsi tecnici per lo spettacolo"},"content":{"rendered":"\n<p>Le professioni tecniche dello spettacolo evolvono rapidamente.<br\/>Gli strumenti diventano pi\u00f9 potenti, i workflow pi\u00f9 connessi e le produzioni pi\u00f9 complesse.<br\/>Questi corsi sono stati pensati per i <strong>tecnici, designer e direttori tecnici<\/strong> che desiderano padroneggiare gli strumenti utilizzati oggi nella produzione di spettacoli, eventi e installazioni immersive.<\/p>\n\n<p>L&#8217;obiettivo \u00e8 trasmettere:<\/p>\n\n<ul class=\"wp-block-list\">\n<li><strong>metodi di lavoro professionali<\/strong><\/li>\n\n\n\n<li><strong>workflow utilizzati sul campo<\/strong><\/li>\n\n\n\n<li><strong>una comprensione globale degli strumenti tecnici<\/strong><\/li>\n<\/ul>\n\n<p>I corsi sono tenuti, tra gli altri, da <strong>Fran\u00e7ois Vandermeeren<\/strong>, lighting designer e direttore tecnico, coinvolto in produzioni internazionali che combinano luce, video, automazione, effetti speciali e scenografia tecnica.<br\/>Ogni modulo combina <strong>spiegazioni, dimostrazioni e casi pratici ispirati a produzioni reali<\/strong>.<\/p>\n\n<hr class=\"wp-block-separator has-alpha-channel-opacity is-style-wide\"\/>\n\n<h1 class=\"wp-block-heading\"><strong>Corsi attualmente disponibili<\/strong><\/h1>\n\n<h2 class=\"wp-block-heading\"><strong><a href=\"https:\/\/www.openwhite.eu\/index.php\/formation-vectorworks-spotlight\/\" data-type=\"page\" data-id=\"974\">Vectorworks Spotlight<\/a><\/strong><\/h2>\n\n<p>Impara a strutturare efficacemente un progetto tecnico per lo spettacolo.<\/p>\n\n<p>In programma:<\/p>\n\n<ul class=\"wp-block-list\">\n<li>creazione di piani tecnici professionali<\/li>\n\n\n\n<li>gestione di proiettori e posizioni<\/li>\n\n\n\n<li>documentazione illuminotecnica<\/li>\n\n\n\n<li>rigging, truss e motori<\/li>\n\n\n\n<li>organizzazione e strutturazione dei file<\/li>\n\n\n\n<li>preparazione dei dossier tecnici<\/li>\n\n\n\n<li>introduzione ai workflow <strong>MVR<\/strong><\/li>\n<\/ul>\n\n<p>Questo corso \u00e8 ideale per:<\/p>\n\n<ul class=\"wp-block-list\">\n<li>lighting designer<\/li>\n\n\n\n<li>direttori di scena<\/li>\n\n\n\n<li>light designer<\/li>\n\n\n\n<li>tecnici di produzione<\/li>\n<\/ul>\n\n<hr class=\"wp-block-separator has-alpha-channel-opacity is-style-dots\"\/>\n\n<h2 class=\"wp-block-heading\"><strong><a href=\"https:\/\/www.openwhite.eu\/index.php\/production-assist\/\" data-type=\"page\" data-id=\"1213\">Production Assist \u2014 calcoli e preparazione tecnica<\/a><\/strong><\/h2>\n\n<p>Production Assist permette di analizzare e preparare i vincoli tecnici di un progetto prima della sua installazione.<\/p>\n\n<p>Questo corso affronta in particolare:<\/p>\n\n<ul class=\"wp-block-list\">\n<li><strong>calcolo dei carichi di sospensione<\/strong><\/li>\n\n\n\n<li><strong>distribuzione dei carichi sulle strutture<\/strong><\/li>\n\n\n\n<li><strong>carichi a terra<\/strong><\/li>\n\n\n\n<li><strong>resistenza al vento di strutture e installazioni<\/strong><\/li>\n\n\n\n<li>verifica dei vincoli tecnici<\/li>\n\n\n\n<li>preparazione dei dossier tecnici per la produzione<\/li>\n<\/ul>\n\n<p>L&#8217;obiettivo \u00e8 permettere ai partecipanti di <strong>mettere in sicurezza le proprie installazioni e anticipare i vincoli tecnici fin dalla fase di preparazione<\/strong>.<\/p>\n\n<hr class=\"wp-block-separator has-alpha-channel-opacity\"\/>\n\n<h1 class=\"wp-block-heading\"><strong>Corsi futuri<\/strong><\/h1>\n\n<p>Il catalogo dei corsi si amplier\u00e0 progressivamente per coprire l&#8217;intero workflow tecnico di una produzione.<\/p>\n\n<h3 class=\"wp-block-heading\"><strong>Creazione di profili GDTF<\/strong><\/h3>\n\n<p>Comprendere e creare profili GDTF per proiettori e apparecchi luce al fine di garantire una compatibilit\u00e0 ottimale tra console, software di previsualizzazione e strumenti di progettazione.<\/p>\n\n<h3 class=\"wp-block-heading\"><strong>Depence (luce, laser ed effetti speciali)<\/strong><\/h3>\n\n<p>Scoperta e presa in mano di <strong>Depence\u00b2<\/strong> per la previsualizzazione di spettacoli:<\/p>\n\n<ul class=\"wp-block-list\">\n<li>luce<\/li>\n\n\n\n<li>laser<\/li>\n\n\n\n<li>effetti speciali<\/li>\n\n\n\n<li>integrazione in un workflow di produzione<\/li>\n<\/ul>\n\n<h3 class=\"wp-block-heading\"><strong>Laser \u2014 basi di programmazione<\/strong><\/h3>\n\n<p>Introduzione alla programmazione laser:<\/p>\n\n<ul class=\"wp-block-list\">\n<li>principi di funzionamento<\/li>\n\n\n\n<li>sicurezza e norme<\/li>\n\n\n\n<li>creazione di scene<\/li>\n\n\n\n<li>sincronizzazione con luce e musica<\/li>\n<\/ul>\n\n<h3 class=\"wp-block-heading\"><strong>grandMA3 \u2014 basi di programmazione<\/strong><\/h3>\n\n<p>Primi passi con la console <strong>grandMA3<\/strong>:<\/p>\n\n<ul class=\"wp-block-list\">\n<li>struttura del software<\/li>\n\n\n\n<li>gestione dei proiettori<\/li>\n\n\n\n<li>programmazione di base<\/li>\n\n\n\n<li>creazione di preset<\/li>\n\n\n\n<li>costruzione di sequenze semplici<\/li>\n<\/ul>\n\n<hr class=\"wp-block-separator has-alpha-channel-opacity\"\/>\n\n<h1 class=\"wp-block-heading\"><strong>Un approccio orientato alla produzione<\/strong><\/h1>\n\n<p>Questi corsi non si limitano all&#8217;apprendimento di un software.<\/p>\n\n<p>Mirano a comprendere <strong>come gli strumenti si integrano in un workflow di produzione reale<\/strong>.<\/p>\n\n<p>L&#8217;obiettivo \u00e8 permettere ai partecipanti di:<\/p>\n\n<ul class=\"wp-block-list\">\n<li>lavorare in modo pi\u00f9 efficiente<\/li>\n\n\n\n<li>ridurre gli errori in produzione<\/li>\n\n\n\n<li>migliorare la comunicazione tra i reparti tecnici<\/li>\n\n\n\n<li>risparmiare tempo nella preparazione dei progetti<\/li>\n<\/ul>\n","protected":false},"excerpt":{"rendered":"<p>Le professioni tecniche dello spettacolo evolvono rapidamente.Gli strumenti diventano pi\u00f9 potenti, i workflow pi\u00f9 connessi e le produzioni pi\u00f9 complesse.Questi corsi sono stati pensati per i tecnici, designer e direttori tecnici che desiderano padroneggiare gli strumenti utilizzati oggi nella produzione di spettacoli, eventi e installazioni immersive. L&#8217;obiettivo \u00e8 trasmettere: I corsi sono tenuti, tra gli [&hellip;]<\/p>\n","protected":false},"author":1,"featured_media":0,"parent":0,"menu_order":0,"comment_status":"closed","ping_status":"closed","template":"template-full-width.php","meta":{"footnotes":""},"class_list":["post-1444","page","type-page","status-publish","hentry"],"_links":{"self":[{"href":"https:\/\/www.openwhite.eu\/it\/index.php\/wp-json\/wp\/v2\/pages\/1444","targetHints":{"allow":["GET"]}}],"collection":[{"href":"https:\/\/www.openwhite.eu\/it\/index.php\/wp-json\/wp\/v2\/pages"}],"about":[{"href":"https:\/\/www.openwhite.eu\/it\/index.php\/wp-json\/wp\/v2\/types\/page"}],"author":[{"embeddable":true,"href":"https:\/\/www.openwhite.eu\/it\/index.php\/wp-json\/wp\/v2\/users\/1"}],"replies":[{"embeddable":true,"href":"https:\/\/www.openwhite.eu\/it\/index.php\/wp-json\/wp\/v2\/comments?post=1444"}],"version-history":[{"count":1,"href":"https:\/\/www.openwhite.eu\/it\/index.php\/wp-json\/wp\/v2\/pages\/1444\/revisions"}],"predecessor-version":[{"id":1445,"href":"https:\/\/www.openwhite.eu\/it\/index.php\/wp-json\/wp\/v2\/pages\/1444\/revisions\/1445"}],"wp:attachment":[{"href":"https:\/\/www.openwhite.eu\/it\/index.php\/wp-json\/wp\/v2\/media?parent=1444"}],"curies":[{"name":"wp","href":"https:\/\/api.w.org\/{rel}","templated":true}]}}