{"id":1510,"date":"2025-11-24T13:01:08","date_gmt":"2025-11-24T13:01:08","guid":{"rendered":"https:\/\/www.openwhite.eu\/index.php\/chi-siamo\/"},"modified":"2026-04-07T11:18:27","modified_gmt":"2026-04-07T11:18:27","slug":"chi-siamo","status":"publish","type":"page","link":"https:\/\/www.openwhite.eu\/it\/index.php\/chi-siamo\/","title":{"rendered":"Chi siamo"},"content":{"rendered":"\n<h2 class=\"wp-block-heading\">Biografia di Fran\u00e7ois<\/h2>\n\n<p>Dalla fine del 2021, Fran\u00e7ois Vandermeeren ricopre un ruolo chiave all&#8217;interno di <strong>LSE<\/strong> come <strong>project manager e light designer<\/strong>, dove apporta oltre venticinque anni di esperienza nella creazione, supervisione e integrazione di complessi dispositivi luminosi e audiovisivi. Il suo ingresso in LSE segna una tappa decisiva in una carriera gi\u00e0 ricca, contraddistinta da collaborazioni di alto livello e una rara versatilit\u00e0 nel settore.<br\/>All&#8217;interno di LSE, Fran\u00e7ois svolge un ruolo determinante nella concezione e realizzazione di progetti di portata internazionale. In particolare, firma il suo primo progetto per l&#8217;azienda al <strong>Burj Khalifa<\/strong>, in occasione dello <strong>spettacolo di Capodanno<\/strong>, un progetto emblematico per la sua portata tecnica e la sua visibilit\u00e0 mondiale. Successivamente, assume la <strong>direzione completa di un&#8217;opera presentata al Noor Festival di Riyadh<\/strong>, uno dei pi\u00f9 grandi festival di luci al mondo, mobilitando le sue competenze artistiche, tecniche e logistiche. <br\/>Supervisiona inoltre la <strong>realizzazione dei laser<\/strong> per lo <strong>spettacolo di apertura dei Giochi Olimpici sulla Torre Eiffel<\/strong>, un&#8217;operazione di estrema precisione dove coordinamento, sicurezza ed eccellenza visiva sono essenziali.<br\/>La sua esperienza \u00e8 richiesta anche per prestigiosi eventi istituzionali, come le <strong>feste nazionali a Parigi<\/strong> o la <strong>Festa nazionale del Kuwait<\/strong>, dimostrando la fiducia che le grandi organizzazioni internazionali ripongono nel suo know-how.   <\/p>\n\n<h2 class=\"wp-block-heading\">Un percorso forgiato dall&#8217;esperienza e dalla diversit\u00e0 dei contesti<\/h2>\n\n<p>Il percorso di Fran\u00e7ois Vandermeeren inizia con uno stage presso <strong>Groupe Son Priv\u00e9<\/strong>, dove scopre il mondo dello spettacolo dal vivo e le precise esigenze delle professioni tecniche. Questo primo contatto gli permette di acquisire solide basi, sia a livello di attrezzature che di metodologia. <br\/><br\/>Prosegue poi presso <strong>ETF<\/strong>, un&#8217;azienda che si evolver\u00e0 per diventare successivamente <strong>Procon<\/strong> e poi <strong>PRG<\/strong>, uno dei maggiori fornitori tecnici al mondo. In queste strutture, si forma su un&#8217;ampia gamma di situazioni tecniche, lavora su produzioni varie e sviluppa le sue competenze nella programmazione, nell&#8217;esercizio e nell&#8217;ingegneria dell&#8217;illuminazione. Questi anni costituiscono una base determinante, dove acquisisce una padronanza delle tecnologie di illuminazione pi\u00f9 avanzate e una preziosa esperienza sul campo.  <br\/><br\/>Forte di questo bagaglio, Fran\u00e7ois decide di diventare <strong>freelance<\/strong>, ampliando il suo campo d&#8217;azione a numerosi progetti artistici, eventi, festival e creazioni tecniche. Questo periodo gli permette di affinare la sua sensibilit\u00e0 artistica, di comprendere le aspettative dei team creativi e di sviluppare un approccio incentrato sull&#8217;ascolto, la precisione e l&#8217;emozione visiva. <\/p>\n\n<h2 class=\"wp-block-heading\">B\u00e9jart Ballet Lausanne: una tappa strutturante<\/h2>\n\n<p>La sua carriera assume una dimensione internazionale quando si unisce al <strong>B\u00e9jart Ballet Lausanne<\/strong> in Svizzera. L\u00ec viene inizialmente assunto come <strong>responsabile luci<\/strong>, prima di essere rapidamente promosso <strong>assistente alla direzione tecnica<\/strong>, e poi <strong>direttore tecnico<\/strong> della prestigiosa compagnia.<br\/>Per quattro anni, partecipa alla produzione di importanti creazioni e accompagna la troupe in tourn\u00e9e internazionali. Supervisiona team multidisciplinari, coordina produzioni complesse su palcoscenici di tutto il mondo e consolida la sua capacit\u00e0 di combinare rigore tecnico, visione artistica e gestione umana.<br\/>Questa esperienza, intensa e formativa, rafforza il suo senso dell&#8217;organizzazione, la sua versatilit\u00e0 e la sua attitudine a condurre progetti ambiziosi preservando la coerenza artistica.  <\/p>\n\n<h2 class=\"wp-block-heading\">Ritorno in Belgio e rinascita professionale<\/h2>\n\n<p>Tornato in Belgio, Fran\u00e7ois riprende la sua attivit\u00e0 di <strong>freelance<\/strong>, collaborando con numerose compagnie, come <strong>Luc Petit Creation<\/strong>, istituzioni culturali e produttori. Interviene su festival, creazioni sceniche, concerti e installazioni luminose, moltiplicando progetti esigenti e diversificati.<br\/>La crisi del Covid, come per molti professionisti dello spettacolo, sconvolge profondamente la sua attivit\u00e0. Tuttavia, questa transizione porter\u00e0 a una nuova opportunit\u00e0: il suo ingresso in <strong>LSE<\/strong>, dove pu\u00f2 mobilitare tutta la sua esperienza, la sua competenza e la sua creativit\u00e0.  <\/p>\n\n<h2 class=\"wp-block-heading\">Oggi: un attore chiave nel panorama internazionale dell&#8217;illuminazione<\/h2>\n\n<p>Oggi, Fran\u00e7ois Vandermeeren si afferma in LSE come un <strong>project manager essenziale<\/strong>, riconosciuto per la sua capacit\u00e0 di trasformare complesse sfide tecniche in eccezionali esperienze visive.<br\/>La sua padronanza delle <strong>console di illuminazione<\/strong>, dei <strong>sistemi LED<\/strong>, dei <strong>laser<\/strong> e dell&#8217;<strong>integrazione audiovisiva<\/strong> lo rende un profilo raro, capace di concepire, programmare, coordinare e supervisionare progetti di grande tecnicit\u00e0.<br\/>Apprezzato per il suo senso del dettaglio, la sua creativit\u00e0, la sua efficacia e la sua comunicazione chiara, rappresenta l&#8217;azienda con eccellenza sulla scena internazionale.<br\/>Fran\u00e7ois incarna una generazione di light designer capaci di dialogare con artisti, ingegneri e produttori, plasmando al contempo esperienze immersive dove tecnica e poesia visiva si fondono.<\/p>\n\n<figure class=\"wp-block-gallery has-nested-images columns-default is-cropped wp-block-gallery-1 is-layout-flex wp-block-gallery-is-layout-flex\">\n<figure class=\"wp-block-image size-large\"><img fetchpriority=\"high\" decoding=\"async\" width=\"960\" height=\"956\" data-id=\"751\" src=\"https:\/\/www.openwhite.eu\/wp-content\/uploads\/2025\/12\/515510537_10161732147858869_8234207645058529332_n.jpg\" alt=\"\" class=\"wp-image-751\" srcset=\"https:\/\/www.openwhite.eu\/wp-content\/uploads\/2025\/12\/515510537_10161732147858869_8234207645058529332_n.jpg 960w, https:\/\/www.openwhite.eu\/wp-content\/uploads\/2025\/12\/515510537_10161732147858869_8234207645058529332_n-300x300.jpg 300w, https:\/\/www.openwhite.eu\/wp-content\/uploads\/2025\/12\/515510537_10161732147858869_8234207645058529332_n-150x150.jpg 150w, https:\/\/www.openwhite.eu\/wp-content\/uploads\/2025\/12\/515510537_10161732147858869_8234207645058529332_n-768x765.jpg 768w\" sizes=\"(max-width: 960px) 100vw, 960px\" \/><\/figure>\n\n\n\n<figure class=\"wp-block-image size-large\"><img decoding=\"async\" width=\"1024\" height=\"682\" data-id=\"753\" data-src=\"https:\/\/www.openwhite.eu\/wp-content\/uploads\/2025\/12\/178127784_10158303255733869_4059474513315455364_n-1024x682.jpg\" alt=\"\" class=\"wp-image-753 lazyload\" data-srcset=\"https:\/\/www.openwhite.eu\/wp-content\/uploads\/2025\/12\/178127784_10158303255733869_4059474513315455364_n-1024x682.jpg 1024w, https:\/\/www.openwhite.eu\/wp-content\/uploads\/2025\/12\/178127784_10158303255733869_4059474513315455364_n-300x200.jpg 300w, https:\/\/www.openwhite.eu\/wp-content\/uploads\/2025\/12\/178127784_10158303255733869_4059474513315455364_n-768x511.jpg 768w, https:\/\/www.openwhite.eu\/wp-content\/uploads\/2025\/12\/178127784_10158303255733869_4059474513315455364_n-1536x1022.jpg 1536w, https:\/\/www.openwhite.eu\/wp-content\/uploads\/2025\/12\/178127784_10158303255733869_4059474513315455364_n.jpg 2048w\" data-sizes=\"(max-width: 1024px) 100vw, 1024px\" src=\"data:image\/svg+xml;base64,PHN2ZyB3aWR0aD0iMSIgaGVpZ2h0PSIxIiB4bWxucz0iaHR0cDovL3d3dy53My5vcmcvMjAwMC9zdmciPjwvc3ZnPg==\" style=\"--smush-placeholder-width: 1024px; --smush-placeholder-aspect-ratio: 1024\/682;\" \/><\/figure>\n\n\n\n<figure class=\"wp-block-image size-large\"><img decoding=\"async\" width=\"551\" height=\"538\" data-id=\"748\" data-src=\"https:\/\/www.openwhite.eu\/wp-content\/uploads\/2025\/12\/467744604_10160798109038869_5923848618460217761_n.jpg\" alt=\"\" class=\"wp-image-748 lazyload\" data-srcset=\"https:\/\/www.openwhite.eu\/wp-content\/uploads\/2025\/12\/467744604_10160798109038869_5923848618460217761_n.jpg 551w, https:\/\/www.openwhite.eu\/wp-content\/uploads\/2025\/12\/467744604_10160798109038869_5923848618460217761_n-300x293.jpg 300w\" data-sizes=\"(max-width: 551px) 100vw, 551px\" src=\"data:image\/svg+xml;base64,PHN2ZyB3aWR0aD0iMSIgaGVpZ2h0PSIxIiB4bWxucz0iaHR0cDovL3d3dy53My5vcmcvMjAwMC9zdmciPjwvc3ZnPg==\" style=\"--smush-placeholder-width: 551px; --smush-placeholder-aspect-ratio: 551\/538;\" \/><\/figure>\n\n\n\n<figure class=\"wp-block-image size-large\"><img decoding=\"async\" width=\"1024\" height=\"1024\" data-id=\"754\" data-src=\"https:\/\/www.openwhite.eu\/wp-content\/uploads\/2025\/12\/468659947_10160979941278869_229777482507457551_n-1024x1024.jpg\" alt=\"\" class=\"wp-image-754 lazyload\" data-srcset=\"https:\/\/www.openwhite.eu\/wp-content\/uploads\/2025\/12\/468659947_10160979941278869_229777482507457551_n-1024x1024.jpg 1024w, https:\/\/www.openwhite.eu\/wp-content\/uploads\/2025\/12\/468659947_10160979941278869_229777482507457551_n-300x300.jpg 300w, https:\/\/www.openwhite.eu\/wp-content\/uploads\/2025\/12\/468659947_10160979941278869_229777482507457551_n-150x150.jpg 150w, https:\/\/www.openwhite.eu\/wp-content\/uploads\/2025\/12\/468659947_10160979941278869_229777482507457551_n-768x769.jpg 768w, https:\/\/www.openwhite.eu\/wp-content\/uploads\/2025\/12\/468659947_10160979941278869_229777482507457551_n.jpg 1439w\" data-sizes=\"(max-width: 1024px) 100vw, 1024px\" src=\"data:image\/svg+xml;base64,PHN2ZyB3aWR0aD0iMSIgaGVpZ2h0PSIxIiB4bWxucz0iaHR0cDovL3d3dy53My5vcmcvMjAwMC9zdmciPjwvc3ZnPg==\" style=\"--smush-placeholder-width: 1024px; --smush-placeholder-aspect-ratio: 1024\/1024;\" \/><\/figure>\n\n\n\n<figure class=\"wp-block-image size-large\"><img decoding=\"async\" width=\"960\" height=\"953\" data-id=\"752\" data-src=\"https:\/\/www.openwhite.eu\/wp-content\/uploads\/2025\/12\/511579648_10161692949278869_782992732872569107_n.jpg\" alt=\"\" class=\"wp-image-752 lazyload\" data-srcset=\"https:\/\/www.openwhite.eu\/wp-content\/uploads\/2025\/12\/511579648_10161692949278869_782992732872569107_n.jpg 960w, https:\/\/www.openwhite.eu\/wp-content\/uploads\/2025\/12\/511579648_10161692949278869_782992732872569107_n-300x298.jpg 300w, https:\/\/www.openwhite.eu\/wp-content\/uploads\/2025\/12\/511579648_10161692949278869_782992732872569107_n-150x150.jpg 150w, https:\/\/www.openwhite.eu\/wp-content\/uploads\/2025\/12\/511579648_10161692949278869_782992732872569107_n-768x762.jpg 768w\" data-sizes=\"(max-width: 960px) 100vw, 960px\" src=\"data:image\/svg+xml;base64,PHN2ZyB3aWR0aD0iMSIgaGVpZ2h0PSIxIiB4bWxucz0iaHR0cDovL3d3dy53My5vcmcvMjAwMC9zdmciPjwvc3ZnPg==\" style=\"--smush-placeholder-width: 960px; --smush-placeholder-aspect-ratio: 960\/953;\" \/><\/figure>\n\n\n\n<figure class=\"wp-block-image size-large\"><img decoding=\"async\" width=\"960\" height=\"720\" data-id=\"750\" data-src=\"https:\/\/www.openwhite.eu\/wp-content\/uploads\/2025\/12\/514473004_10161722546243869_2439988031419044354_n.jpg\" alt=\"\" class=\"wp-image-750 lazyload\" data-srcset=\"https:\/\/www.openwhite.eu\/wp-content\/uploads\/2025\/12\/514473004_10161722546243869_2439988031419044354_n.jpg 960w, https:\/\/www.openwhite.eu\/wp-content\/uploads\/2025\/12\/514473004_10161722546243869_2439988031419044354_n-300x225.jpg 300w, https:\/\/www.openwhite.eu\/wp-content\/uploads\/2025\/12\/514473004_10161722546243869_2439988031419044354_n-768x576.jpg 768w\" data-sizes=\"(max-width: 960px) 100vw, 960px\" src=\"data:image\/svg+xml;base64,PHN2ZyB3aWR0aD0iMSIgaGVpZ2h0PSIxIiB4bWxucz0iaHR0cDovL3d3dy53My5vcmcvMjAwMC9zdmciPjwvc3ZnPg==\" style=\"--smush-placeholder-width: 960px; --smush-placeholder-aspect-ratio: 960\/720;\" \/><\/figure>\n\n\n\n<figure class=\"wp-block-image size-large\"><img decoding=\"async\" width=\"960\" height=\"958\" data-id=\"749\" data-src=\"https:\/\/www.openwhite.eu\/wp-content\/uploads\/2025\/12\/515725984_10161750864798869_1162217536590412193_n.jpg\" alt=\"\" class=\"wp-image-749 lazyload\" data-srcset=\"https:\/\/www.openwhite.eu\/wp-content\/uploads\/2025\/12\/515725984_10161750864798869_1162217536590412193_n.jpg 960w, https:\/\/www.openwhite.eu\/wp-content\/uploads\/2025\/12\/515725984_10161750864798869_1162217536590412193_n-300x300.jpg 300w, https:\/\/www.openwhite.eu\/wp-content\/uploads\/2025\/12\/515725984_10161750864798869_1162217536590412193_n-150x150.jpg 150w, https:\/\/www.openwhite.eu\/wp-content\/uploads\/2025\/12\/515725984_10161750864798869_1162217536590412193_n-768x766.jpg 768w\" data-sizes=\"(max-width: 960px) 100vw, 960px\" src=\"data:image\/svg+xml;base64,PHN2ZyB3aWR0aD0iMSIgaGVpZ2h0PSIxIiB4bWxucz0iaHR0cDovL3d3dy53My5vcmcvMjAwMC9zdmciPjwvc3ZnPg==\" style=\"--smush-placeholder-width: 960px; --smush-placeholder-aspect-ratio: 960\/958;\" \/><\/figure>\n<\/figure>\n","protected":false},"excerpt":{"rendered":"<p>Biografia di Fran\u00e7ois Dalla fine del 2021, Fran\u00e7ois Vandermeeren ricopre un ruolo chiave all&#8217;interno di LSE come project manager e light designer, dove apporta oltre venticinque anni di esperienza nella creazione, supervisione e integrazione di complessi dispositivi luminosi e audiovisivi. Il suo ingresso in LSE segna una tappa decisiva in una carriera gi\u00e0 ricca, contraddistinta [&hellip;]<\/p>\n","protected":false},"author":1,"featured_media":0,"parent":0,"menu_order":0,"comment_status":"closed","ping_status":"closed","template":"template-full-width.php","meta":{"footnotes":""},"class_list":["post-1510","page","type-page","status-publish","hentry"],"_links":{"self":[{"href":"https:\/\/www.openwhite.eu\/it\/index.php\/wp-json\/wp\/v2\/pages\/1510","targetHints":{"allow":["GET"]}}],"collection":[{"href":"https:\/\/www.openwhite.eu\/it\/index.php\/wp-json\/wp\/v2\/pages"}],"about":[{"href":"https:\/\/www.openwhite.eu\/it\/index.php\/wp-json\/wp\/v2\/types\/page"}],"author":[{"embeddable":true,"href":"https:\/\/www.openwhite.eu\/it\/index.php\/wp-json\/wp\/v2\/users\/1"}],"replies":[{"embeddable":true,"href":"https:\/\/www.openwhite.eu\/it\/index.php\/wp-json\/wp\/v2\/comments?post=1510"}],"version-history":[{"count":1,"href":"https:\/\/www.openwhite.eu\/it\/index.php\/wp-json\/wp\/v2\/pages\/1510\/revisions"}],"predecessor-version":[{"id":1511,"href":"https:\/\/www.openwhite.eu\/it\/index.php\/wp-json\/wp\/v2\/pages\/1510\/revisions\/1511"}],"wp:attachment":[{"href":"https:\/\/www.openwhite.eu\/it\/index.php\/wp-json\/wp\/v2\/media?parent=1510"}],"curies":[{"name":"wp","href":"https:\/\/api.w.org\/{rel}","templated":true}]}}