{"id":2024,"date":"2025-11-24T13:03:57","date_gmt":"2025-11-24T12:03:57","guid":{"rendered":"https:\/\/www.openwhite.eu\/index.php\/home\/"},"modified":"2026-04-16T12:04:25","modified_gmt":"2026-04-16T10:04:25","slug":"home","status":"publish","type":"page","link":"https:\/\/www.openwhite.eu\/it\/","title":{"rendered":"Home"},"content":{"rendered":"\n<h2 class=\"wp-block-heading has-text-align-center has-medium-font-size\"><em>Prima del primo raggio di luce, c&#8217;\u00e8 un silenzio.<\/em> <br\/>Quello di uno spazio che aspetta. <br\/>Di una storia che cerca la sua forma. <br\/>Di un&#8217;idea ancora nell&#8217;oscurit\u00e0.<br\/>\u00c8 l\u00ec che tutto inizia, in questo fragile spazio intermedio, dove la luce non esiste ancora ma dove la si sente gi\u00e0 possibile.<\/h2>\n\n<h3 class=\"wp-block-heading has-text-align-center has-medium-font-size\"><br\/>Da oltre 25 anni, Open White parte da l\u00ec, da quel silenzio, da quell&#8217;attesa, per creare esperienze luminose. <br\/>Dai palcoscenici del Belgio alle cerimonie di Stato, dagli spazi raccolti alle folle che trattengono il respiro, ogni progetto \u00e8 un nuovo modo di ascoltare uno spazio e dargli una voce.<\/h3>\n\n<h4 class=\"wp-block-heading has-text-align-center has-medium-font-size\"><br\/>Progettare la luce significa innanzitutto capire cosa vuole dire un luogo. <br\/>Cosa vuole lasciare un istante. <br\/>Cosa deve portare con s\u00e9 il pubblico quando se ne va.<\/h4>\n\n<h5 class=\"wp-block-heading has-text-align-center has-medium-font-size\"><br\/>Questi anni hanno lasciato tracce. <br\/>Immagini che restano, conoscenze che si offrono, strumenti nati dalla pratica e dal tempo.<\/h5>\n\n<h2> <\/h2>\n\n<blockquote class=\"wp-block-quote has-text-align-center is-layout-flow wp-block-quote-is-layout-flow\">\n<p class=\"has-medium-font-size\" style=\"font-style:italic;font-weight:500\"><br\/><em>Perch\u00e9 la luce non si improvvisa \u2014 si sogna, si costruisce e a volte si insegna.<\/em><\/p>\n<\/blockquote>\n\n<p><\/p>\n\n<p><\/p>\n\n<div class=\"wp-block-columns is-layout-flex wp-container-core-columns-is-layout-9d6595d7 wp-block-columns-is-layout-flex\">\n<div class=\"wp-block-column is-layout-flow wp-block-column-is-layout-flow\">\n<p class=\"has-text-align-center has-x-large-font-size\" style=\"font-style:italic;font-weight:600;text-decoration:underline\"><a href=\"https:\/\/www.openwhite.eu\/medias\/\" data-type=\"page\" data-id=\"2110\">Portfolio<\/a><\/p>\n<\/div>\n\n\n\n<div class=\"wp-block-column is-layout-flow wp-block-column-is-layout-flow\">\n<p class=\"has-text-align-center has-x-large-font-size\" style=\"font-style:italic;font-weight:600;text-decoration:underline\"><a href=\"https:\/\/www.openwhite.eu\/it\/corsi-tecnici-per-lo-spettacolo\/\" data-type=\"page\" data-id=\"1210\">Formazione<\/a><\/p>\n<\/div>\n\n\n\n<div class=\"wp-block-column is-layout-flow wp-block-column-is-layout-flow\">\n<p class=\"has-text-align-center has-x-large-font-size\" style=\"font-style:italic;font-weight:600;text-decoration:underline\"><a href=\"https:\/\/www.openwhite.eu\/it\/contatti\/\">Contatti<\/a><\/p>\n<\/div>\n<\/div>\n\n<p><\/p>\n","protected":false},"excerpt":{"rendered":"<p>Prima del primo raggio di luce, c&#8217;\u00e8 un silenzio. Quello di uno spazio che aspetta. Di una storia che cerca la sua forma. Di un&#8217;idea ancora nell&#8217;oscurit\u00e0.\u00c8 l\u00ec che tutto inizia, in questo fragile spazio intermedio, dove la luce non esiste ancora ma dove la si sente gi\u00e0 possibile. Da oltre 25 anni, Open White [&hellip;]<\/p>\n","protected":false},"author":1,"featured_media":3088,"parent":0,"menu_order":0,"comment_status":"closed","ping_status":"closed","template":"template-full-width.php","meta":{"footnotes":""},"class_list":["post-2024","page","type-page","status-publish","has-post-thumbnail","hentry"],"_links":{"self":[{"href":"https:\/\/www.openwhite.eu\/it\/wp-json\/wp\/v2\/pages\/2024","targetHints":{"allow":["GET"]}}],"collection":[{"href":"https:\/\/www.openwhite.eu\/it\/wp-json\/wp\/v2\/pages"}],"about":[{"href":"https:\/\/www.openwhite.eu\/it\/wp-json\/wp\/v2\/types\/page"}],"author":[{"embeddable":true,"href":"https:\/\/www.openwhite.eu\/it\/wp-json\/wp\/v2\/users\/1"}],"replies":[{"embeddable":true,"href":"https:\/\/www.openwhite.eu\/it\/wp-json\/wp\/v2\/comments?post=2024"}],"version-history":[{"count":49,"href":"https:\/\/www.openwhite.eu\/it\/wp-json\/wp\/v2\/pages\/2024\/revisions"}],"predecessor-version":[{"id":3223,"href":"https:\/\/www.openwhite.eu\/it\/wp-json\/wp\/v2\/pages\/2024\/revisions\/3223"}],"wp:featuredmedia":[{"embeddable":true,"href":"https:\/\/www.openwhite.eu\/it\/wp-json\/wp\/v2\/media\/3088"}],"wp:attachment":[{"href":"https:\/\/www.openwhite.eu\/it\/wp-json\/wp\/v2\/media?parent=2024"}],"curies":[{"name":"wp","href":"https:\/\/api.w.org\/{rel}","templated":true}]}}