{"id":2132,"date":"2026-04-13T11:59:34","date_gmt":"2026-04-13T09:59:34","guid":{"rendered":"https:\/\/www.openwhite.eu\/?page_id=2132"},"modified":"2026-04-13T14:33:40","modified_gmt":"2026-04-13T12:33:40","slug":"applicatie","status":"publish","type":"page","link":"https:\/\/www.openwhite.eu\/nl\/index.php\/applicatie\/","title":{"rendered":"Applicatie"},"content":{"rendered":"\n<h1 class=\"wp-block-heading\"><strong>ShowTech Tools<\/strong><\/h1>\n\n<h2 class=\"wp-block-heading\"><strong>De technische tools voor de show. Eindelijk samengebracht. <\/strong><\/h2>\n\n<p>Videoprojectie, lichtberekeningen, laserafstanden, fotometrische conversies\u2026<\/p>\n\n<p>Technici gebruiken deze berekeningen <strong>dagelijks<\/strong>, maar ze zijn vaak verspreid over spreadsheets, notities of verschillende applicaties.<\/p>\n\n<p><strong>ShowTech Tools bundelt deze essenti\u00eble tools in \u00e9\u00e9n enkele applicatie<\/strong>, ontworpen voor professionals in de show-, evenementen- en audiovisuele sector.<\/p>\n\n<p>Snel. Duidelijk. Direct bruikbaar op locatie.  <\/p>\n<div class=\"align-center wp-block-blockons-image-carousel\">\n\t<div class=\"blockons-slider slider  navigation-round navigation-light pagination-bullets pagination-dark default-icon arrows-ban caption-none  bradius-rounded\" id=\"3eeade62-4bfc-4ace-8b3b-c1ff8b7d47e2\" data-settings=\"{&quot;autoHeight&quot;:true,&quot;effect&quot;:&quot;slide&quot;,&quot;slidesPerView&quot;:3,&quot;spaceBetween&quot;:5,&quot;loop&quot;:false,&quot;rewind&quot;:false,&quot;navigation&quot;:{&quot;prevEl&quot;:&quot;.swiper-button-prev&quot;,&quot;nextEl&quot;:&quot;.swiper-button-next&quot;},&quot;autoplay&quot;:{&quot;delay&quot;:&quot;1500&quot;,&quot;disableOnInteraction&quot;:true},&quot;pagination&quot;:{&quot;el&quot;:&quot;.swiper-pagination&quot;,&quot;type&quot;:&quot;bullets&quot;,&quot;dynamicBullets&quot;:false,&quot;clickable&quot;:true}}\">\n\t\t<div class=\"ic-swiper-3eeade62-4bfc-4ace-8b3b-c1ff8b7d47e2 swiper\">\n\t\t\t<div class=\"swiper-wrapper\">\n\t\t\t\t\t\t\t\t\t<div class=\"swiper-slide\">\n\t\t\t\t\t\t<div class=\"swiper-slide-inner\">\n\t\t\t\t\t\t\t<div class=\"blockons-slider-img imgfull aspect-ratio ratio-square \">\n\t\t\t\t\t\t\t\t\t\t\t\t\t\t\t\t\t<div class=\"aspect-img\">\n\t\t\t\t\t\t\t\t\t\t<img decoding=\"async\" data-src=\"https:\/\/www.openwhite.eu\/wp-content\/uploads\/2026\/04\/Screenshot_20260304_074638.jpg\" alt=\"\" src=\"data:image\/svg+xml;base64,PHN2ZyB3aWR0aD0iMSIgaGVpZ2h0PSIxIiB4bWxucz0iaHR0cDovL3d3dy53My5vcmcvMjAwMC9zdmciPjwvc3ZnPg==\" class=\"lazyload\" style=\"--smush-placeholder-width: 1080px; --smush-placeholder-aspect-ratio: 1080\/2121;\" \/>\n\t\t\t\t\t\t\t\t\t<\/div>\n\t\t\t\t\t\t\t\t\t\t\t\t\t\t\t<\/div>\n\n\t\t\t\t\t\t\t\t\t\t\t\t\t<\/div>\n\t\t\t\t\t<\/div>\n\t\t\t\t\t\t\t\t\t<div class=\"swiper-slide\">\n\t\t\t\t\t\t<div class=\"swiper-slide-inner\">\n\t\t\t\t\t\t\t<div class=\"blockons-slider-img imgfull aspect-ratio ratio-square \">\n\t\t\t\t\t\t\t\t\t\t\t\t\t\t\t\t\t<div class=\"aspect-img\">\n\t\t\t\t\t\t\t\t\t\t<img decoding=\"async\" data-src=\"https:\/\/www.openwhite.eu\/wp-content\/uploads\/2026\/04\/Screenshot_20260304_074642.jpg\" alt=\"\" src=\"data:image\/svg+xml;base64,PHN2ZyB3aWR0aD0iMSIgaGVpZ2h0PSIxIiB4bWxucz0iaHR0cDovL3d3dy53My5vcmcvMjAwMC9zdmciPjwvc3ZnPg==\" class=\"lazyload\" style=\"--smush-placeholder-width: 1080px; --smush-placeholder-aspect-ratio: 1080\/2121;\" \/>\n\t\t\t\t\t\t\t\t\t<\/div>\n\t\t\t\t\t\t\t\t\t\t\t\t\t\t\t<\/div>\n\n\t\t\t\t\t\t\t\t\t\t\t\t\t<\/div>\n\t\t\t\t\t<\/div>\n\t\t\t\t\t\t\t\t\t<div class=\"swiper-slide\">\n\t\t\t\t\t\t<div class=\"swiper-slide-inner\">\n\t\t\t\t\t\t\t<div class=\"blockons-slider-img imgfull aspect-ratio ratio-square \">\n\t\t\t\t\t\t\t\t\t\t\t\t\t\t\t\t\t<div class=\"aspect-img\">\n\t\t\t\t\t\t\t\t\t\t<img decoding=\"async\" data-src=\"https:\/\/www.openwhite.eu\/wp-content\/uploads\/2026\/04\/Screenshot_20260304_074648.jpg\" alt=\"\" src=\"data:image\/svg+xml;base64,PHN2ZyB3aWR0aD0iMSIgaGVpZ2h0PSIxIiB4bWxucz0iaHR0cDovL3d3dy53My5vcmcvMjAwMC9zdmciPjwvc3ZnPg==\" class=\"lazyload\" style=\"--smush-placeholder-width: 1080px; --smush-placeholder-aspect-ratio: 1080\/2121;\" \/>\n\t\t\t\t\t\t\t\t\t<\/div>\n\t\t\t\t\t\t\t\t\t\t\t\t\t\t\t<\/div>\n\n\t\t\t\t\t\t\t\t\t\t\t\t\t<\/div>\n\t\t\t\t\t<\/div>\n\t\t\t\t\t\t\t\t\t<div class=\"swiper-slide\">\n\t\t\t\t\t\t<div class=\"swiper-slide-inner\">\n\t\t\t\t\t\t\t<div class=\"blockons-slider-img imgfull aspect-ratio ratio-square \">\n\t\t\t\t\t\t\t\t\t\t\t\t\t\t\t\t\t<div class=\"aspect-img\">\n\t\t\t\t\t\t\t\t\t\t<img decoding=\"async\" data-src=\"https:\/\/www.openwhite.eu\/wp-content\/uploads\/2026\/04\/Screenshot_20260304_074657-scaled.jpg\" alt=\"\" src=\"data:image\/svg+xml;base64,PHN2ZyB3aWR0aD0iMSIgaGVpZ2h0PSIxIiB4bWxucz0iaHR0cDovL3d3dy53My5vcmcvMjAwMC9zdmciPjwvc3ZnPg==\" class=\"lazyload\" style=\"--smush-placeholder-width: 697px; --smush-placeholder-aspect-ratio: 697\/2560;\" \/>\n\t\t\t\t\t\t\t\t\t<\/div>\n\t\t\t\t\t\t\t\t\t\t\t\t\t\t\t<\/div>\n\n\t\t\t\t\t\t\t\t\t\t\t\t\t<\/div>\n\t\t\t\t\t<\/div>\n\t\t\t\t\t\t\t\t\t<div class=\"swiper-slide\">\n\t\t\t\t\t\t<div class=\"swiper-slide-inner\">\n\t\t\t\t\t\t\t<div class=\"blockons-slider-img imgfull aspect-ratio ratio-square \">\n\t\t\t\t\t\t\t\t\t\t\t\t\t\t\t\t\t<div class=\"aspect-img\">\n\t\t\t\t\t\t\t\t\t\t<img decoding=\"async\" data-src=\"https:\/\/www.openwhite.eu\/wp-content\/uploads\/2026\/04\/Screenshot_20260304_074709.jpg\" alt=\"\" src=\"data:image\/svg+xml;base64,PHN2ZyB3aWR0aD0iMSIgaGVpZ2h0PSIxIiB4bWxucz0iaHR0cDovL3d3dy53My5vcmcvMjAwMC9zdmciPjwvc3ZnPg==\" class=\"lazyload\" style=\"--smush-placeholder-width: 1080px; --smush-placeholder-aspect-ratio: 1080\/2121;\" \/>\n\t\t\t\t\t\t\t\t\t<\/div>\n\t\t\t\t\t\t\t\t\t\t\t\t\t\t\t<\/div>\n\n\t\t\t\t\t\t\t\t\t\t\t\t\t<\/div>\n\t\t\t\t\t<\/div>\n\t\t\t\t\t\t\t\t\t<div class=\"swiper-slide\">\n\t\t\t\t\t\t<div class=\"swiper-slide-inner\">\n\t\t\t\t\t\t\t<div class=\"blockons-slider-img imgfull aspect-ratio ratio-square \">\n\t\t\t\t\t\t\t\t\t\t\t\t\t\t\t\t\t<div class=\"aspect-img\">\n\t\t\t\t\t\t\t\t\t\t<img decoding=\"async\" data-src=\"https:\/\/www.openwhite.eu\/wp-content\/uploads\/2026\/04\/Screenshot_20260304_074727-scaled.jpg\" alt=\"\" src=\"data:image\/svg+xml;base64,PHN2ZyB3aWR0aD0iMSIgaGVpZ2h0PSIxIiB4bWxucz0iaHR0cDovL3d3dy53My5vcmcvMjAwMC9zdmciPjwvc3ZnPg==\" class=\"lazyload\" style=\"--smush-placeholder-width: 640px; --smush-placeholder-aspect-ratio: 640\/2560;\" \/>\n\t\t\t\t\t\t\t\t\t<\/div>\n\t\t\t\t\t\t\t\t\t\t\t\t\t\t\t<\/div>\n\n\t\t\t\t\t\t\t\t\t\t\t\t\t<\/div>\n\t\t\t\t\t<\/div>\n\t\t\t\t\t\t\t\t\t<div class=\"swiper-slide\">\n\t\t\t\t\t\t<div class=\"swiper-slide-inner\">\n\t\t\t\t\t\t\t<div class=\"blockons-slider-img imgfull aspect-ratio ratio-square \">\n\t\t\t\t\t\t\t\t\t\t\t\t\t\t\t\t\t<div class=\"aspect-img\">\n\t\t\t\t\t\t\t\t\t\t<img decoding=\"async\" data-src=\"https:\/\/www.openwhite.eu\/wp-content\/uploads\/2026\/04\/Screenshot_20260304_074746.jpg\" alt=\"\" src=\"data:image\/svg+xml;base64,PHN2ZyB3aWR0aD0iMSIgaGVpZ2h0PSIxIiB4bWxucz0iaHR0cDovL3d3dy53My5vcmcvMjAwMC9zdmciPjwvc3ZnPg==\" class=\"lazyload\" style=\"--smush-placeholder-width: 1080px; --smush-placeholder-aspect-ratio: 1080\/2121;\" \/>\n\t\t\t\t\t\t\t\t\t<\/div>\n\t\t\t\t\t\t\t\t\t\t\t\t\t\t\t<\/div>\n\n\t\t\t\t\t\t\t\t\t\t\t\t\t<\/div>\n\t\t\t\t\t<\/div>\n\t\t\t\t\t\t\t\t\t<div class=\"swiper-slide\">\n\t\t\t\t\t\t<div class=\"swiper-slide-inner\">\n\t\t\t\t\t\t\t<div class=\"blockons-slider-img imgfull aspect-ratio ratio-square \">\n\t\t\t\t\t\t\t\t\t\t\t\t\t\t\t\t\t<div class=\"aspect-img\">\n\t\t\t\t\t\t\t\t\t\t<img decoding=\"async\" data-src=\"https:\/\/www.openwhite.eu\/wp-content\/uploads\/2026\/04\/Screenshot_20260304_074752.jpg\" alt=\"\" src=\"data:image\/svg+xml;base64,PHN2ZyB3aWR0aD0iMSIgaGVpZ2h0PSIxIiB4bWxucz0iaHR0cDovL3d3dy53My5vcmcvMjAwMC9zdmciPjwvc3ZnPg==\" class=\"lazyload\" style=\"--smush-placeholder-width: 1080px; --smush-placeholder-aspect-ratio: 1080\/2121;\" \/>\n\t\t\t\t\t\t\t\t\t<\/div>\n\t\t\t\t\t\t\t\t\t\t\t\t\t\t\t<\/div>\n\n\t\t\t\t\t\t\t\t\t\t\t\t\t<\/div>\n\t\t\t\t\t<\/div>\n\t\t\t\t\t\t\t\t\t<div class=\"swiper-slide\">\n\t\t\t\t\t\t<div class=\"swiper-slide-inner\">\n\t\t\t\t\t\t\t<div class=\"blockons-slider-img imgfull aspect-ratio ratio-square \">\n\t\t\t\t\t\t\t\t\t\t\t\t\t\t\t\t\t<div class=\"aspect-img\">\n\t\t\t\t\t\t\t\t\t\t<img decoding=\"async\" data-src=\"https:\/\/www.openwhite.eu\/wp-content\/uploads\/2026\/04\/Screenshot_20260304_074756.jpg\" alt=\"\" src=\"data:image\/svg+xml;base64,PHN2ZyB3aWR0aD0iMSIgaGVpZ2h0PSIxIiB4bWxucz0iaHR0cDovL3d3dy53My5vcmcvMjAwMC9zdmciPjwvc3ZnPg==\" class=\"lazyload\" style=\"--smush-placeholder-width: 1080px; --smush-placeholder-aspect-ratio: 1080\/1733;\" \/>\n\t\t\t\t\t\t\t\t\t<\/div>\n\t\t\t\t\t\t\t\t\t\t\t\t\t\t\t<\/div>\n\n\t\t\t\t\t\t\t\t\t\t\t\t\t<\/div>\n\t\t\t\t\t<\/div>\n\t\t\t\t\t\t\t\t\t<div class=\"swiper-slide\">\n\t\t\t\t\t\t<div class=\"swiper-slide-inner\">\n\t\t\t\t\t\t\t<div class=\"blockons-slider-img imgfull aspect-ratio ratio-square \">\n\t\t\t\t\t\t\t\t\t\t\t\t\t\t\t\t\t<div class=\"aspect-img\">\n\t\t\t\t\t\t\t\t\t\t<img decoding=\"async\" data-src=\"https:\/\/www.openwhite.eu\/wp-content\/uploads\/2026\/04\/Screenshot_20260304_074803.jpg\" alt=\"\" src=\"data:image\/svg+xml;base64,PHN2ZyB3aWR0aD0iMSIgaGVpZ2h0PSIxIiB4bWxucz0iaHR0cDovL3d3dy53My5vcmcvMjAwMC9zdmciPjwvc3ZnPg==\" class=\"lazyload\" style=\"--smush-placeholder-width: 1080px; --smush-placeholder-aspect-ratio: 1080\/2121;\" \/>\n\t\t\t\t\t\t\t\t\t<\/div>\n\t\t\t\t\t\t\t\t\t\t\t\t\t\t\t<\/div>\n\n\t\t\t\t\t\t\t\t\t\t\t\t\t<\/div>\n\t\t\t\t\t<\/div>\n\t\t\t\t\t\t\t\t\t<div class=\"swiper-slide\">\n\t\t\t\t\t\t<div class=\"swiper-slide-inner\">\n\t\t\t\t\t\t\t<div class=\"blockons-slider-img imgfull aspect-ratio ratio-square \">\n\t\t\t\t\t\t\t\t\t\t\t\t\t\t\t\t\t<div class=\"aspect-img\">\n\t\t\t\t\t\t\t\t\t\t<img decoding=\"async\" data-src=\"https:\/\/www.openwhite.eu\/wp-content\/uploads\/2026\/04\/Screenshot_20260304_074812.jpg\" alt=\"\" src=\"data:image\/svg+xml;base64,PHN2ZyB3aWR0aD0iMSIgaGVpZ2h0PSIxIiB4bWxucz0iaHR0cDovL3d3dy53My5vcmcvMjAwMC9zdmciPjwvc3ZnPg==\" class=\"lazyload\" style=\"--smush-placeholder-width: 1080px; --smush-placeholder-aspect-ratio: 1080\/1743;\" \/>\n\t\t\t\t\t\t\t\t\t<\/div>\n\t\t\t\t\t\t\t\t\t\t\t\t\t\t\t<\/div>\n\n\t\t\t\t\t\t\t\t\t\t\t\t\t<\/div>\n\t\t\t\t\t<\/div>\n\t\t\t\t\t\t\t\t\t<div class=\"swiper-slide\">\n\t\t\t\t\t\t<div class=\"swiper-slide-inner\">\n\t\t\t\t\t\t\t<div class=\"blockons-slider-img imgfull aspect-ratio ratio-square \">\n\t\t\t\t\t\t\t\t\t\t\t\t\t\t\t\t\t<div class=\"aspect-img\">\n\t\t\t\t\t\t\t\t\t\t<img decoding=\"async\" data-src=\"https:\/\/www.openwhite.eu\/wp-content\/uploads\/2026\/04\/Screenshot_20260304_074825.jpg\" alt=\"\" src=\"data:image\/svg+xml;base64,PHN2ZyB3aWR0aD0iMSIgaGVpZ2h0PSIxIiB4bWxucz0iaHR0cDovL3d3dy53My5vcmcvMjAwMC9zdmciPjwvc3ZnPg==\" class=\"lazyload\" style=\"--smush-placeholder-width: 1080px; --smush-placeholder-aspect-ratio: 1080\/1742;\" \/>\n\t\t\t\t\t\t\t\t\t<\/div>\n\t\t\t\t\t\t\t\t\t\t\t\t\t\t\t<\/div>\n\n\t\t\t\t\t\t\t\t\t\t\t\t\t<\/div>\n\t\t\t\t\t<\/div>\n\t\t\t\t\t\t\t\t\t<div class=\"swiper-slide\">\n\t\t\t\t\t\t<div class=\"swiper-slide-inner\">\n\t\t\t\t\t\t\t<div class=\"blockons-slider-img imgfull aspect-ratio ratio-square \">\n\t\t\t\t\t\t\t\t\t\t\t\t\t\t\t\t\t<div class=\"aspect-img\">\n\t\t\t\t\t\t\t\t\t\t<img decoding=\"async\" data-src=\"https:\/\/www.openwhite.eu\/wp-content\/uploads\/2026\/04\/Screenshot_20260304_074836.jpg\" alt=\"\" src=\"data:image\/svg+xml;base64,PHN2ZyB3aWR0aD0iMSIgaGVpZ2h0PSIxIiB4bWxucz0iaHR0cDovL3d3dy53My5vcmcvMjAwMC9zdmciPjwvc3ZnPg==\" class=\"lazyload\" style=\"--smush-placeholder-width: 1080px; --smush-placeholder-aspect-ratio: 1080\/2121;\" \/>\n\t\t\t\t\t\t\t\t\t<\/div>\n\t\t\t\t\t\t\t\t\t\t\t\t\t\t\t<\/div>\n\n\t\t\t\t\t\t\t\t\t\t\t\t\t<\/div>\n\t\t\t\t\t<\/div>\n\t\t\t\t\t\t\t\t\t<div class=\"swiper-slide\">\n\t\t\t\t\t\t<div class=\"swiper-slide-inner\">\n\t\t\t\t\t\t\t<div class=\"blockons-slider-img imgfull aspect-ratio ratio-square \">\n\t\t\t\t\t\t\t\t\t\t\t\t\t\t\t\t\t<div class=\"aspect-img\">\n\t\t\t\t\t\t\t\t\t\t<img decoding=\"async\" data-src=\"https:\/\/www.openwhite.eu\/wp-content\/uploads\/2026\/04\/Screenshot_20260304_074843.jpg\" alt=\"\" src=\"data:image\/svg+xml;base64,PHN2ZyB3aWR0aD0iMSIgaGVpZ2h0PSIxIiB4bWxucz0iaHR0cDovL3d3dy53My5vcmcvMjAwMC9zdmciPjwvc3ZnPg==\" class=\"lazyload\" style=\"--smush-placeholder-width: 1080px; --smush-placeholder-aspect-ratio: 1080\/1584;\" \/>\n\t\t\t\t\t\t\t\t\t<\/div>\n\t\t\t\t\t\t\t\t\t\t\t\t\t\t\t<\/div>\n\n\t\t\t\t\t\t\t\t\t\t\t\t\t<\/div>\n\t\t\t\t\t<\/div>\n\t\t\t\t\t\t\t\t\t<div class=\"swiper-slide\">\n\t\t\t\t\t\t<div class=\"swiper-slide-inner\">\n\t\t\t\t\t\t\t<div class=\"blockons-slider-img imgfull aspect-ratio ratio-square \">\n\t\t\t\t\t\t\t\t\t\t\t\t\t\t\t\t\t<div class=\"aspect-img\">\n\t\t\t\t\t\t\t\t\t\t<img decoding=\"async\" data-src=\"https:\/\/www.openwhite.eu\/wp-content\/uploads\/2026\/04\/Screenshot_20260304_074848.jpg\" alt=\"\" src=\"data:image\/svg+xml;base64,PHN2ZyB3aWR0aD0iMSIgaGVpZ2h0PSIxIiB4bWxucz0iaHR0cDovL3d3dy53My5vcmcvMjAwMC9zdmciPjwvc3ZnPg==\" class=\"lazyload\" style=\"--smush-placeholder-width: 1080px; --smush-placeholder-aspect-ratio: 1080\/1270;\" \/>\n\t\t\t\t\t\t\t\t\t<\/div>\n\t\t\t\t\t\t\t\t\t\t\t\t\t\t\t<\/div>\n\n\t\t\t\t\t\t\t\t\t\t\t\t\t<\/div>\n\t\t\t\t\t<\/div>\n\t\t\t\t\t\t\t\t\t<div class=\"swiper-slide\">\n\t\t\t\t\t\t<div class=\"swiper-slide-inner\">\n\t\t\t\t\t\t\t<div class=\"blockons-slider-img imgfull aspect-ratio ratio-square \">\n\t\t\t\t\t\t\t\t\t\t\t\t\t\t\t\t\t<div class=\"aspect-img\">\n\t\t\t\t\t\t\t\t\t\t<img decoding=\"async\" data-src=\"https:\/\/www.openwhite.eu\/wp-content\/uploads\/2026\/04\/Screenshot_20260304_074853-scaled.jpg\" alt=\"\" src=\"data:image\/svg+xml;base64,PHN2ZyB3aWR0aD0iMSIgaGVpZ2h0PSIxIiB4bWxucz0iaHR0cDovL3d3dy53My5vcmcvMjAwMC9zdmciPjwvc3ZnPg==\" class=\"lazyload\" style=\"--smush-placeholder-width: 339px; --smush-placeholder-aspect-ratio: 339\/2560;\" \/>\n\t\t\t\t\t\t\t\t\t<\/div>\n\t\t\t\t\t\t\t\t\t\t\t\t\t\t\t<\/div>\n\n\t\t\t\t\t\t\t\t\t\t\t\t\t<\/div>\n\t\t\t\t\t<\/div>\n\t\t\t\t\t\t\t\t\t<div class=\"swiper-slide\">\n\t\t\t\t\t\t<div class=\"swiper-slide-inner\">\n\t\t\t\t\t\t\t<div class=\"blockons-slider-img imgfull aspect-ratio ratio-square \">\n\t\t\t\t\t\t\t\t\t\t\t\t\t\t\t\t\t<div class=\"aspect-img\">\n\t\t\t\t\t\t\t\t\t\t<img decoding=\"async\" data-src=\"https:\/\/www.openwhite.eu\/wp-content\/uploads\/2026\/04\/Screenshot_20260304_074916.jpg\" alt=\"\" src=\"data:image\/svg+xml;base64,PHN2ZyB3aWR0aD0iMSIgaGVpZ2h0PSIxIiB4bWxucz0iaHR0cDovL3d3dy53My5vcmcvMjAwMC9zdmciPjwvc3ZnPg==\" class=\"lazyload\" style=\"--smush-placeholder-width: 1080px; --smush-placeholder-aspect-ratio: 1080\/2121;\" \/>\n\t\t\t\t\t\t\t\t\t<\/div>\n\t\t\t\t\t\t\t\t\t\t\t\t\t\t\t<\/div>\n\n\t\t\t\t\t\t\t\t\t\t\t\t\t<\/div>\n\t\t\t\t\t<\/div>\n\t\t\t\t\t\t\t\t\t<div class=\"swiper-slide\">\n\t\t\t\t\t\t<div class=\"swiper-slide-inner\">\n\t\t\t\t\t\t\t<div class=\"blockons-slider-img imgfull aspect-ratio ratio-square \">\n\t\t\t\t\t\t\t\t\t\t\t\t\t\t\t\t\t<div class=\"aspect-img\">\n\t\t\t\t\t\t\t\t\t\t<img decoding=\"async\" data-src=\"https:\/\/www.openwhite.eu\/wp-content\/uploads\/2026\/04\/Screenshot_20260304_074920.jpg\" alt=\"\" src=\"data:image\/svg+xml;base64,PHN2ZyB3aWR0aD0iMSIgaGVpZ2h0PSIxIiB4bWxucz0iaHR0cDovL3d3dy53My5vcmcvMjAwMC9zdmciPjwvc3ZnPg==\" class=\"lazyload\" style=\"--smush-placeholder-width: 1080px; --smush-placeholder-aspect-ratio: 1080\/2121;\" \/>\n\t\t\t\t\t\t\t\t\t<\/div>\n\t\t\t\t\t\t\t\t\t\t\t\t\t\t\t<\/div>\n\n\t\t\t\t\t\t\t\t\t\t\t\t\t<\/div>\n\t\t\t\t\t<\/div>\n\t\t\t\t\t\t\t\t\t<div class=\"swiper-slide\">\n\t\t\t\t\t\t<div class=\"swiper-slide-inner\">\n\t\t\t\t\t\t\t<div class=\"blockons-slider-img imgfull aspect-ratio ratio-square \">\n\t\t\t\t\t\t\t\t\t\t\t\t\t\t\t\t\t<div class=\"aspect-img\">\n\t\t\t\t\t\t\t\t\t\t<img decoding=\"async\" data-src=\"https:\/\/www.openwhite.eu\/wp-content\/uploads\/2026\/04\/Screenshot_20260304_113431.jpg\" alt=\"\" src=\"data:image\/svg+xml;base64,PHN2ZyB3aWR0aD0iMSIgaGVpZ2h0PSIxIiB4bWxucz0iaHR0cDovL3d3dy53My5vcmcvMjAwMC9zdmciPjwvc3ZnPg==\" class=\"lazyload\" style=\"--smush-placeholder-width: 1080px; --smush-placeholder-aspect-ratio: 1080\/2121;\" \/>\n\t\t\t\t\t\t\t\t\t<\/div>\n\t\t\t\t\t\t\t\t\t\t\t\t\t\t\t<\/div>\n\n\t\t\t\t\t\t\t\t\t\t\t\t\t<\/div>\n\t\t\t\t\t<\/div>\n\t\t\t\t\t\t\t<\/div>\n\t\t\t\n\t\t\t\t\t\t\t<div class=\"swiper-button-prev\"><\/div>\n\t\t\t\t<div class=\"swiper-button-next\"><\/div>\n\t\t\t\t\t\t\n\t\t\t\t\t\t\t<div class=\"swiper-pagination\"><\/div>\n\t\t\t\t\t<\/div>\n\t<\/div>\n<\/div>\n\n<hr class=\"wp-block-separator has-alpha-channel-opacity\"\/>\n\n<h1 class=\"wp-block-heading\"><strong>Waarom deze applicatie bestaat<\/strong>?<\/h1>\n\n<p>Op een set, tijdens een tournee of bij een installatie is er geen tijd om lang naar een formule of berekening te zoeken.<\/p>\n\n<p>ShowTech Tools is gemaakt om <strong>technisch werk te vereenvoudigen<\/strong> en tools die dagelijks worden gebruikt door: binnen enkele seconden toegankelijk te maken.<\/p>\n\n<ul class=\"wp-block-list\">\n<li>lichtontwerpers<\/li>\n\n\n\n<li>lichtoperators<\/li>\n\n\n\n<li>technisch regisseurs<\/li>\n\n\n\n<li>audiovisuele technici<\/li>\n\n\n\n<li>studenten podiumtechniek<\/li>\n<\/ul>\n\n<p>Het doel is eenvoudig: <strong>tijd besparen en effici\u00ebnter werken<\/strong>.<\/p>\n\n<hr class=\"wp-block-separator has-alpha-channel-opacity\"\/>\n\n<h1 class=\"wp-block-heading\"><strong>Tools ontworpen voor de praktijk<\/strong><\/h1>\n\n<p>De applicatie groepeert verschillende categorie\u00ebn technische tools:<\/p>\n\n<h3 class=\"wp-block-heading\"><strong>Video<\/strong><\/h3>\n\n<ul class=\"wp-block-list\">\n<li>projectieberekeningen<\/li>\n\n\n\n<li>beeldverhoudingen en -afmetingen<\/li>\n\n\n\n<li>helderheidsschatting<\/li>\n<\/ul>\n\n<h3 class=\"wp-block-heading\"><strong>Licht<\/strong><\/h3>\n\n<ul class=\"wp-block-list\">\n<li>fotometrische conversies<\/li>\n\n\n\n<li>lux \/ candela \/ lumen berekeningen<\/li>\n\n\n\n<li>lichtreferentietools<\/li>\n<\/ul>\n\n<h3 class=\"wp-block-heading\"><strong>Laser<\/strong><\/h3>\n\n<ul class=\"wp-block-list\">\n<li>indicatieve schattingen van veiligheidsafstanden<\/li>\n\n\n\n<li>hulpmiddelen voor laserinstallaties<\/li>\n<\/ul>\n\n<h3 class=\"wp-block-heading\"><strong>Techniek<\/strong><\/h3>\n\n<ul class=\"wp-block-list\">\n<li>DMX-tools<\/li>\n\n\n\n<li>nuttige technische referenties<\/li>\n<\/ul>\n\n<p>Regelmatig zullen nieuwe tools worden toegevoegd om de applicatie te verrijken.<\/p>\n\n<hr class=\"wp-block-separator has-alpha-channel-opacity\"\/>\n\n<h1 class=\"wp-block-heading\"><strong>Altijd op zak<\/strong><\/h1>\n\n<p>Of het nu gaat om <strong>projectvoorbereiding, installatie of tijdens de uitvoering<\/strong>, ShowTech Tools geeft u direct toegang tot de informatie die u nodig heeft.<\/p>\n\n<p>U hoeft niet langer meerdere bestanden of applicaties te openen:<\/p>\n\n<p><strong>alles is binnen enkele seconden toegankelijk.<\/strong><\/p>\n\n<hr class=\"wp-block-separator has-alpha-channel-opacity\"\/>\n\n<p>\u26a0\ufe0f De door de applicatie geleverde resultaten zijn <strong>indicatief<\/strong> en moeten altijd worden geverifieerd volgens de geldende normen, installatievoorwaarden en de verantwoordelijkheid van de operator.<\/p>\n\n<hr class=\"wp-block-separator has-alpha-channel-opacity\"\/>\n\n<h1 class=\"wp-block-heading\"><strong>Download ShowTech Tools<\/strong><\/h1>\n\n<p>Beschikbaar op:<\/p>\n\n<div class=\"wp-block-columns is-layout-flex wp-container-core-columns-is-layout-9d6595d7 wp-block-columns-is-layout-flex\">\n<div class=\"wp-block-column is-layout-flow wp-block-column-is-layout-flow\">\n<figure class=\"wp-block-image size-full is-resized\"><a href=\"https:\/\/play.google.com\/store\/apps\/details?id=eu.openwhite.showtechtools\" target=\"_blank\" rel=\" noreferrer noopener\"><img fetchpriority=\"high\" decoding=\"async\" width=\"478\" height=\"142\" src=\"https:\/\/www.openwhite.eu\/wp-content\/uploads\/2026\/04\/GetItOnGooglePlay_Badge_Web_color_French.png\" alt=\"\" class=\"wp-image-2167\" style=\"aspect-ratio:3.366502088872009;width:403px;height:auto\" srcset=\"https:\/\/www.openwhite.eu\/wp-content\/uploads\/2026\/04\/GetItOnGooglePlay_Badge_Web_color_French.png 478w, https:\/\/www.openwhite.eu\/wp-content\/uploads\/2026\/04\/GetItOnGooglePlay_Badge_Web_color_French-300x89.png 300w\" sizes=\"(max-width: 478px) 100vw, 478px\" \/><\/a><\/figure>\n<\/div>\n\n\n\n<div class=\"wp-block-column is-layout-flow wp-block-column-is-layout-flow\"><\/div>\n<\/div>\n\n<div class=\"wp-block-columns is-layout-flex wp-container-core-columns-is-layout-9d6595d7 wp-block-columns-is-layout-flex\">\n<div class=\"wp-block-column is-layout-flow wp-block-column-is-layout-flow\">\n<figure class=\"wp-block-image size-full is-resized\"><a href=\"https:\/\/apps.apple.com\/app\/id6761654348\" target=\"_blank\" rel=\" noreferrer noopener\"><img decoding=\"async\" width=\"253\" height=\"80\" data-src=\"https:\/\/www.openwhite.eu\/wp-content\/uploads\/2026\/04\/Download_on_the_App_Store_Badge_FR_RGB_wht_100217.png\" alt=\"\" class=\"wp-image-2183 lazyload\" style=\"--smush-placeholder-width: 253px; --smush-placeholder-aspect-ratio: 253\/80;width:416px;height:auto\" src=\"data:image\/svg+xml;base64,PHN2ZyB3aWR0aD0iMSIgaGVpZ2h0PSIxIiB4bWxucz0iaHR0cDovL3d3dy53My5vcmcvMjAwMC9zdmciPjwvc3ZnPg==\" \/><\/a><\/figure>\n<\/div>\n\n\n\n<div class=\"wp-block-column is-layout-flow wp-block-column-is-layout-flow\"><\/div>\n<\/div>\n\n<hr class=\"wp-block-separator has-alpha-channel-opacity\"\/>\n","protected":false},"excerpt":{"rendered":"<p>ShowTech Tools De technische tools voor de show. Eindelijk samengebracht. Videoprojectie, lichtberekeningen, laserafstanden, fotometrische conversies\u2026 Technici gebruiken deze berekeningen dagelijks, maar ze zijn vaak verspreid over spreadsheets, notities of verschillende applicaties. ShowTech Tools bundelt deze essenti\u00eble tools in \u00e9\u00e9n enkele applicatie, ontworpen voor professionals in de show-, evenementen- en audiovisuele sector. Snel. Duidelijk. Direct bruikbaar [&hellip;]<\/p>\n","protected":false},"author":1,"featured_media":0,"parent":0,"menu_order":0,"comment_status":"closed","ping_status":"closed","template":"template-full-width.php","meta":{"footnotes":""},"class_list":["post-2132","page","type-page","status-publish","hentry"],"_links":{"self":[{"href":"https:\/\/www.openwhite.eu\/nl\/index.php\/wp-json\/wp\/v2\/pages\/2132","targetHints":{"allow":["GET"]}}],"collection":[{"href":"https:\/\/www.openwhite.eu\/nl\/index.php\/wp-json\/wp\/v2\/pages"}],"about":[{"href":"https:\/\/www.openwhite.eu\/nl\/index.php\/wp-json\/wp\/v2\/types\/page"}],"author":[{"embeddable":true,"href":"https:\/\/www.openwhite.eu\/nl\/index.php\/wp-json\/wp\/v2\/users\/1"}],"replies":[{"embeddable":true,"href":"https:\/\/www.openwhite.eu\/nl\/index.php\/wp-json\/wp\/v2\/comments?post=2132"}],"version-history":[{"count":19,"href":"https:\/\/www.openwhite.eu\/nl\/index.php\/wp-json\/wp\/v2\/pages\/2132\/revisions"}],"predecessor-version":[{"id":2387,"href":"https:\/\/www.openwhite.eu\/nl\/index.php\/wp-json\/wp\/v2\/pages\/2132\/revisions\/2387"}],"wp:attachment":[{"href":"https:\/\/www.openwhite.eu\/nl\/index.php\/wp-json\/wp\/v2\/media?parent=2132"}],"curies":[{"name":"wp","href":"https:\/\/api.w.org\/{rel}","templated":true}]}}