{"id":1293,"date":"2025-12-01T17:39:43","date_gmt":"2025-12-01T17:39:43","guid":{"rendered":"https:\/\/www.openwhite.eu\/index.php\/ferramentas\/"},"modified":"2026-04-07T11:11:22","modified_gmt":"2026-04-07T11:11:22","slug":"ferramentas","status":"publish","type":"page","link":"https:\/\/www.openwhite.eu\/pt-br\/index.php\/ferramentas\/","title":{"rendered":"Ferramentas"},"content":{"rendered":"\n<h2 class=\"wp-block-heading\">Ferramentas profissionais a servi\u00e7o de seus projetos<\/h2>\n\n<p>Para dar vida \u00e0s suas ideias e garantir projetos confi\u00e1veis, criativos e controlados, contamos com ferramentas profissionais reconhecidas no mundo do espet\u00e1culo e de eventos. Esses softwares nos permitem conceber, visualizar, antecipar e assegurar cada etapa, para que seu projeto ocorra com total serenidade. <\/p>\n\n<blockquote class=\"wp-block-quote is-style-plain is-layout-flow wp-block-quote-is-layout-flow\">\n<p><em><strong>Cada projeto nasce de uma ideia e de uma inten\u00e7\u00e3o art\u00edstica, e merece uma execu\u00e7\u00e3o que seja, ao mesmo tempo, criativa, precisa e controlada. Da concep\u00e7\u00e3o \u00e0 opera\u00e7\u00e3o, acompanhamos voc\u00ea com exig\u00eancia e m\u00e9todo, integrando desde o in\u00edcio os desafios est\u00e9ticos, t\u00e9cnicos e de seguran\u00e7a. <\/strong><\/em><br\/><br\/><em><strong>Juntos, criaremos uma experi\u00eancia harmoniosa, viva e controlada.<\/strong><\/em><\/p>\n<\/blockquote>\n\n<blockquote class=\"wp-block-quote is-style-plain is-layout-flow wp-block-quote-is-layout-flow\">\n<p><\/p>\n<\/blockquote>\n\n<p><\/p>\n\n<hr class=\"wp-block-separator has-alpha-channel-opacity\"\/>\n\n<h3 class=\"wp-block-heading\"><strong>Vectorworks<\/strong><\/h3>\n\n<div class=\"wp-block-columns is-layout-flex wp-container-core-columns-is-layout-9d6595d7 wp-block-columns-is-layout-flex\">\n<div class=\"wp-block-column is-layout-flow wp-block-column-is-layout-flow\" style=\"flex-basis:50%\">\n<p>O Vectorworks \u00e9 nossa principal ferramenta de design. Ele nos permite criar plantas claras e precisas, tanto em 2D quanto em 3D, para planejar a implanta\u00e7\u00e3o de palcos, estruturas, ilumina\u00e7\u00e3o e todos os elementos t\u00e9cnicos. Gra\u00e7as a essa abordagem, cada projeto \u00e9 pensado detalhadamente e torna-se facilmente compreens\u00edvel para todos os envolvidos.  <br\/><br\/>\ud83d\udc49 <a href=\"https:\/\/www.vectorworks.net\">https:\/\/www.vectorworks.net<\/a><\/p>\n<\/div>\n\n\n\n<div class=\"wp-block-column is-layout-flow wp-block-column-is-layout-flow\" style=\"flex-basis:50%\"><div class=\"wp-block-image wp-duotone-unset-1\">\n<figure class=\"alignright size-medium is-resized\"><a href=\"https:\/\/www.vectorworks.net\" target=\"_blank\" rel=\" noreferrer noopener\"><img fetchpriority=\"high\" decoding=\"async\" width=\"300\" height=\"171\" src=\"https:\/\/www.openwhite.eu\/wp-content\/uploads\/2025\/12\/logo1_1024x1024-300x171.webp\" alt=\"\" class=\"wp-image-775\" style=\"aspect-ratio:16\/9;object-fit:contain;width:400px\" srcset=\"https:\/\/www.openwhite.eu\/wp-content\/uploads\/2025\/12\/logo1_1024x1024-300x171.webp 300w, https:\/\/www.openwhite.eu\/wp-content\/uploads\/2025\/12\/logo1_1024x1024.webp 750w\" sizes=\"(max-width: 300px) 100vw, 300px\" \/><\/a><\/figure>\n<\/div><\/div>\n<\/div>\n\n<hr class=\"wp-block-separator has-alpha-channel-opacity\"\/>\n\n<h3 class=\"wp-block-heading\"><strong>Depence<\/strong> (Syncronorm)<\/h3>\n\n<div class=\"wp-block-columns is-layout-flex wp-container-core-columns-is-layout-9d6595d7 wp-block-columns-is-layout-flex\">\n<div class=\"wp-block-column is-layout-flow wp-block-column-is-layout-flow\" style=\"flex-basis:50%\">\n<p>Com o Depence, seus projetos ganham vida antes mesmo de existirem. Este software de visualiza\u00e7\u00e3o e pr\u00e9-visualiza\u00e7\u00e3o 3D permite recriar fielmente os locais e simular a ilumina\u00e7\u00e3o, o v\u00eddeo e os efeitos em condi\u00e7\u00f5es reais. \u00c9 uma ferramenta formid\u00e1vel para se projetar, refinar escolhas art\u00edsticas e validar decis\u00f5es t\u00e9cnicas com total confian\u00e7a.  <br\/><br\/>\ud83d\udc49 <a href=\"https:\/\/www.syncronorm.com\">https:\/\/www.syncronorm.com<\/a><\/p>\n<\/div>\n\n\n\n<div class=\"wp-block-column is-layout-flow wp-block-column-is-layout-flow\" style=\"flex-basis:50%\"><div class=\"wp-block-image wp-duotone-unset-2\">\n<figure class=\"alignright size-medium is-resized\"><a href=\"https:\/\/www.syncronorm.com\" target=\"_blank\" rel=\" noreferrer noopener\"><img decoding=\"async\" width=\"300\" height=\"169\" data-src=\"https:\/\/www.openwhite.eu\/wp-content\/uploads\/2025\/12\/csm_Depence_R4___Release_Trailer_03f1cef0c1-300x169.png\" alt=\"\" class=\"wp-image-771 lazyload\" style=\"--smush-placeholder-width: 300px; --smush-placeholder-aspect-ratio: 300\/169;aspect-ratio:16\/9;object-fit:contain;width:400px\" data-srcset=\"https:\/\/www.openwhite.eu\/wp-content\/uploads\/2025\/12\/csm_Depence_R4___Release_Trailer_03f1cef0c1-300x169.png 300w, https:\/\/www.openwhite.eu\/wp-content\/uploads\/2025\/12\/csm_Depence_R4___Release_Trailer_03f1cef0c1.png 670w\" data-sizes=\"(max-width: 300px) 100vw, 300px\" src=\"data:image\/svg+xml;base64,PHN2ZyB3aWR0aD0iMSIgaGVpZ2h0PSIxIiB4bWxucz0iaHR0cDovL3d3dy53My5vcmcvMjAwMC9zdmciPjwvc3ZnPg==\" \/><\/a><\/figure>\n<\/div><\/div>\n<\/div>\n\n<hr class=\"wp-block-separator has-alpha-channel-opacity\"\/>\n\n<h3 class=\"wp-block-heading\"><strong>Console grandMA3<\/strong><\/h3>\n\n<div class=\"wp-block-columns is-layout-flex wp-container-core-columns-is-layout-9d6595d7 wp-block-columns-is-layout-flex\">\n<div class=\"wp-block-column is-layout-flow wp-block-column-is-layout-flow\" style=\"flex-basis:50%\">\n<p>O grandMA3 \u00e9 a refer\u00eancia mundial em programa\u00e7\u00e3o de ilumina\u00e7\u00e3o. Ele nos permite criar ambientes luminosos sob medida, din\u00e2micos e perfeitamente sincronizados com o espet\u00e1culo. Esta ferramenta garante uma opera\u00e7\u00e3o fluida e confi\u00e1vel, a servi\u00e7o da emo\u00e7\u00e3o, da est\u00e9tica e da coer\u00eancia art\u00edstica de seus eventos.  <br\/><br\/>\ud83d\udc49 <a href=\"https:\/\/www.malighting.com\">https:\/\/www.malighting.com<\/a><\/p>\n<\/div>\n\n\n\n<div class=\"wp-block-column is-layout-flow wp-block-column-is-layout-flow\" style=\"flex-basis:50%\"><div class=\"wp-block-image wp-duotone-unset-3\">\n<figure class=\"alignright size-medium is-resized\"><a href=\"https:\/\/www.malighting.com\" target=\"_blank\" rel=\" noreferrer noopener\"><img decoding=\"async\" width=\"300\" height=\"158\" data-src=\"https:\/\/www.openwhite.eu\/wp-content\/uploads\/2025\/12\/63f3443a327ae950bcabbf9a_MALighting_1200x630px-300x158.jpg\" alt=\"\" class=\"wp-image-772 lazyload\" style=\"--smush-placeholder-width: 300px; --smush-placeholder-aspect-ratio: 300\/158;aspect-ratio:16\/9;object-fit:contain;width:400px\" data-srcset=\"https:\/\/www.openwhite.eu\/wp-content\/uploads\/2025\/12\/63f3443a327ae950bcabbf9a_MALighting_1200x630px-300x158.jpg 300w, https:\/\/www.openwhite.eu\/wp-content\/uploads\/2025\/12\/63f3443a327ae950bcabbf9a_MALighting_1200x630px-1024x538.jpg 1024w, https:\/\/www.openwhite.eu\/wp-content\/uploads\/2025\/12\/63f3443a327ae950bcabbf9a_MALighting_1200x630px-768x403.jpg 768w, https:\/\/www.openwhite.eu\/wp-content\/uploads\/2025\/12\/63f3443a327ae950bcabbf9a_MALighting_1200x630px.jpg 1200w\" data-sizes=\"(max-width: 300px) 100vw, 300px\" src=\"data:image\/svg+xml;base64,PHN2ZyB3aWR0aD0iMSIgaGVpZ2h0PSIxIiB4bWxucz0iaHR0cDovL3d3dy53My5vcmcvMjAwMC9zdmciPjwvc3ZnPg==\" \/><\/a><\/figure>\n<\/div><\/div>\n<\/div>\n\n<hr class=\"wp-block-separator has-alpha-channel-opacity\"\/>\n\n<h3 class=\"wp-block-heading\"><strong>Production Assist<\/strong><\/h3>\n\n<div class=\"wp-block-columns is-layout-flex wp-container-core-columns-is-layout-9d6595d7 wp-block-columns-is-layout-flex\">\n<div class=\"wp-block-column is-layout-flow wp-block-column-is-layout-flow\" style=\"flex-basis:50%\">\n<p>O Production Assist \u00e9 o aliado invis\u00edvel, por\u00e9m essencial, de cada projeto. Ele nos permite antecipar c\u00e1lculos de carga (estrutura, solo e resist\u00eancia ao vento), a viabilidade estrutural e a distribui\u00e7\u00e3o el\u00e9trica. Gra\u00e7as a essas an\u00e1lises, a seguran\u00e7a e a conformidade s\u00e3o integradas desde a concep\u00e7\u00e3o, para instala\u00e7\u00f5es confi\u00e1veis, controladas e sem surpresas no dia do evento.  <br\/><br\/>\ud83d\udc49 <a href=\"https:\/\/www.production-assist.com?utm_source=chatgpt.com\">https:\/\/www.production-assist.com<\/a><\/p>\n<\/div>\n\n\n\n<div class=\"wp-block-column is-layout-flow wp-block-column-is-layout-flow\" style=\"flex-basis:50%\"><div class=\"wp-block-image wp-duotone-unset-4\">\n<figure class=\"alignright size-full is-resized\"><a href=\"https:\/\/www.production-assist.com\" target=\"_blank\" rel=\" noreferrer noopener\"><img decoding=\"async\" width=\"280\" height=\"180\" data-src=\"https:\/\/www.openwhite.eu\/wp-content\/uploads\/2025\/12\/images.jpg\" alt=\"\" class=\"wp-image-773 lazyload\" style=\"--smush-placeholder-width: 280px; --smush-placeholder-aspect-ratio: 280\/180;aspect-ratio:16\/9;object-fit:contain;width:400px\" src=\"data:image\/svg+xml;base64,PHN2ZyB3aWR0aD0iMSIgaGVpZ2h0PSIxIiB4bWxucz0iaHR0cDovL3d3dy53My5vcmcvMjAwMC9zdmciPjwvc3ZnPg==\" \/><\/a><\/figure>\n<\/div><\/div>\n<\/div>\n\n<hr class=\"wp-block-separator has-alpha-channel-opacity\"\/>\n","protected":false},"excerpt":{"rendered":"<p>Ferramentas profissionais a servi\u00e7o de seus projetos Para dar vida \u00e0s suas ideias e garantir projetos confi\u00e1veis, criativos e controlados, contamos com ferramentas profissionais reconhecidas no mundo do espet\u00e1culo e de eventos. Esses softwares nos permitem conceber, visualizar, antecipar e assegurar cada etapa, para que seu projeto ocorra com total serenidade. Cada projeto nasce de [&hellip;]<\/p>\n","protected":false},"author":1,"featured_media":0,"parent":0,"menu_order":0,"comment_status":"closed","ping_status":"closed","template":"template-full-width.php","meta":{"footnotes":""},"class_list":["post-1293","page","type-page","status-publish","hentry"],"_links":{"self":[{"href":"https:\/\/www.openwhite.eu\/pt-br\/index.php\/wp-json\/wp\/v2\/pages\/1293","targetHints":{"allow":["GET"]}}],"collection":[{"href":"https:\/\/www.openwhite.eu\/pt-br\/index.php\/wp-json\/wp\/v2\/pages"}],"about":[{"href":"https:\/\/www.openwhite.eu\/pt-br\/index.php\/wp-json\/wp\/v2\/types\/page"}],"author":[{"embeddable":true,"href":"https:\/\/www.openwhite.eu\/pt-br\/index.php\/wp-json\/wp\/v2\/users\/1"}],"replies":[{"embeddable":true,"href":"https:\/\/www.openwhite.eu\/pt-br\/index.php\/wp-json\/wp\/v2\/comments?post=1293"}],"version-history":[{"count":1,"href":"https:\/\/www.openwhite.eu\/pt-br\/index.php\/wp-json\/wp\/v2\/pages\/1293\/revisions"}],"predecessor-version":[{"id":1297,"href":"https:\/\/www.openwhite.eu\/pt-br\/index.php\/wp-json\/wp\/v2\/pages\/1293\/revisions\/1297"}],"wp:attachment":[{"href":"https:\/\/www.openwhite.eu\/pt-br\/index.php\/wp-json\/wp\/v2\/media?parent=1293"}],"curies":[{"name":"wp","href":"https:\/\/api.w.org\/{rel}","templated":true}]}}