{"id":1442,"date":"2026-04-07T09:53:04","date_gmt":"2026-04-07T09:53:04","guid":{"rendered":"https:\/\/www.openwhite.eu\/index.php\/treinamentos-tecnicos-para-espetaculos\/"},"modified":"2026-04-07T11:15:46","modified_gmt":"2026-04-07T11:15:46","slug":"treinamentos-tecnicos-para-espetaculos","status":"publish","type":"page","link":"https:\/\/www.openwhite.eu\/pt-br\/index.php\/treinamentos-tecnicos-para-espetaculos\/","title":{"rendered":"Treinamentos t\u00e9cnicos para espet\u00e1culos"},"content":{"rendered":"\n<p>As profiss\u00f5es t\u00e9cnicas do espet\u00e1culo evoluem rapidamente.<br\/>As ferramentas ficam mais poderosas, os workflows mais conectados e as produ\u00e7\u00f5es mais complexas.<br\/>Esses treinamentos foram concebidos para <strong>t\u00e9cnicos, designers e diretores t\u00e9cnicos<\/strong> que desejam dominar as ferramentas usadas hoje na produ\u00e7\u00e3o de espet\u00e1culos, eventos e instala\u00e7\u00f5es imersivas.<\/p>\n\n<p>O objetivo \u00e9 transmitir:<\/p>\n\n<ul class=\"wp-block-list\">\n<li><strong>m\u00e9todos de trabalho profissionais<\/strong><\/li>\n\n\n\n<li><strong>workflows usados em campo<\/strong><\/li>\n\n\n\n<li>uma <strong>compreens\u00e3o global das ferramentas t\u00e9cnicas<\/strong><\/li>\n<\/ul>\n\n<p>Os treinamentos s\u00e3o conduzidos, entre outros, por <strong>Fran\u00e7ois Vandermeeren<\/strong>, lighting designer e technical director, envolvido em produ\u00e7\u00f5es internacionais que combinam luz, v\u00eddeo, automa\u00e7\u00e3o, efeitos especiais e cenografia t\u00e9cnica.<br\/>Cada m\u00f3dulo combina <strong>explica\u00e7\u00f5es, demonstra\u00e7\u00f5es e casos pr\u00e1ticos inspirados em produ\u00e7\u00f5es reais<\/strong>.<\/p>\n\n<hr class=\"wp-block-separator has-alpha-channel-opacity is-style-wide\"\/>\n\n<h1 class=\"wp-block-heading\"><strong>Treinamentos dispon\u00edveis no momento<\/strong><\/h1>\n\n<h2 class=\"wp-block-heading\"><strong><a href=\"https:\/\/www.openwhite.eu\/index.php\/formation-vectorworks-spotlight\/\" data-type=\"page\" data-id=\"974\">Vectorworks Spotlight<\/a><\/strong><\/h2>\n\n<p>Aprenda a estruturar com efici\u00eancia um projeto t\u00e9cnico para espet\u00e1culos.<\/p>\n\n<p>No programa:<\/p>\n\n<ul class=\"wp-block-list\">\n<li>cria\u00e7\u00e3o de plantas t\u00e9cnicas profissionais<\/li>\n\n\n\n<li>gest\u00e3o de refletores e posi\u00e7\u00f5es<\/li>\n\n\n\n<li>documenta\u00e7\u00e3o de ilumina\u00e7\u00e3o<\/li>\n\n\n\n<li>rigging, truss e motores<\/li>\n\n\n\n<li>organiza\u00e7\u00e3o e estrutura\u00e7\u00e3o de arquivos<\/li>\n\n\n\n<li>prepara\u00e7\u00e3o de dossi\u00eas t\u00e9cnicos<\/li>\n\n\n\n<li>introdu\u00e7\u00e3o aos workflows <strong>MVR<\/strong><\/li>\n<\/ul>\n\n<p>Este treinamento \u00e9 ideal para:<\/p>\n\n<ul class=\"wp-block-list\">\n<li>iluminadores<\/li>\n\n\n\n<li>r\u00e9gisseurs<\/li>\n\n\n\n<li>designers de ilumina\u00e7\u00e3o<\/li>\n\n\n\n<li>t\u00e9cnicos de produ\u00e7\u00e3o<\/li>\n<\/ul>\n\n<hr class=\"wp-block-separator has-alpha-channel-opacity is-style-dots\"\/>\n\n<h2 class=\"wp-block-heading\"><strong><a href=\"https:\/\/www.openwhite.eu\/index.php\/production-assist\/\" data-type=\"page\" data-id=\"1213\">Production Assist \u2014 c\u00e1lculos e prepara\u00e7\u00e3o t\u00e9cnica<\/a><\/strong><\/h2>\n\n<p>O Production Assist permite analisar e preparar as restri\u00e7\u00f5es t\u00e9cnicas de um projeto antes de sua instala\u00e7\u00e3o.<\/p>\n\n<p>Este treinamento aborda, entre outros temas:<\/p>\n\n<ul class=\"wp-block-list\">\n<li><strong>c\u00e1lculo das cargas de suspens\u00e3o<\/strong><\/li>\n\n\n\n<li><strong>distribui\u00e7\u00e3o de cargas nas estruturas<\/strong><\/li>\n\n\n\n<li><strong>cargas no piso<\/strong><\/li>\n\n\n\n<li><strong>carga de vento em estruturas e instala\u00e7\u00f5es<\/strong><\/li>\n\n\n\n<li>verifica\u00e7\u00e3o das restri\u00e7\u00f5es t\u00e9cnicas<\/li>\n\n\n\n<li>prepara\u00e7\u00e3o de dossi\u00eas t\u00e9cnicos para a produ\u00e7\u00e3o<\/li>\n<\/ul>\n\n<p>O objetivo \u00e9 permitir que os participantes <strong>tornem suas instala\u00e7\u00f5es mais seguras e antecipem as restri\u00e7\u00f5es t\u00e9cnicas desde a fase de prepara\u00e7\u00e3o<\/strong>.<\/p>\n\n<hr class=\"wp-block-separator has-alpha-channel-opacity\"\/>\n\n<h1 class=\"wp-block-heading\"><strong>Treinamentos em breve<\/strong><\/h1>\n\n<p>O cat\u00e1logo de treinamentos ser\u00e1 ampliado gradualmente para cobrir todo o workflow t\u00e9cnico de uma produ\u00e7\u00e3o.<\/p>\n\n<h3 class=\"wp-block-heading\"><strong>Cria\u00e7\u00e3o de perfis GDTF<\/strong><\/h3>\n\n<p>Compreender e criar perfis GDTF para refletores e equipamentos de ilumina\u00e7\u00e3o, a fim de garantir compatibilidade ideal entre consoles, softwares de pr\u00e9-visualiza\u00e7\u00e3o e ferramentas de concep\u00e7\u00e3o.<\/p>\n\n<h3 class=\"wp-block-heading\"><strong>Depence (ilumina\u00e7\u00e3o, laser e efeitos especiais)<\/strong><\/h3>\n\n<p>Descoberta e primeiros passos com <strong>Depence\u00b2<\/strong> para a pr\u00e9-visualiza\u00e7\u00e3o de espet\u00e1culos:<\/p>\n\n<ul class=\"wp-block-list\">\n<li>ilumina\u00e7\u00e3o<\/li>\n\n\n\n<li>lasers<\/li>\n\n\n\n<li>efeitos especiais<\/li>\n\n\n\n<li>integra\u00e7\u00e3o em um workflow de produ\u00e7\u00e3o<\/li>\n<\/ul>\n\n<h3 class=\"wp-block-heading\"><strong>Laser \u2014 fundamentos de programa\u00e7\u00e3o<\/strong><\/h3>\n\n<p>Introdu\u00e7\u00e3o \u00e0 programa\u00e7\u00e3o de laser:<\/p>\n\n<ul class=\"wp-block-list\">\n<li>princ\u00edpios de funcionamento<\/li>\n\n\n\n<li>seguran\u00e7a e normas<\/li>\n\n\n\n<li>cria\u00e7\u00e3o de cenas<\/li>\n\n\n\n<li>sincroniza\u00e7\u00e3o com a ilumina\u00e7\u00e3o e a m\u00fasica<\/li>\n<\/ul>\n\n<h3 class=\"wp-block-heading\"><strong>grandMA3 \u2014 fundamentos de programa\u00e7\u00e3o<\/strong><\/h3>\n\n<p>Primeiros passos com a console <strong>grandMA3<\/strong>:<\/p>\n\n<ul class=\"wp-block-list\">\n<li>estrutura do software<\/li>\n\n\n\n<li>gest\u00e3o de refletores<\/li>\n\n\n\n<li>programa\u00e7\u00e3o b\u00e1sica<\/li>\n\n\n\n<li>cria\u00e7\u00e3o de presets<\/li>\n\n\n\n<li>constru\u00e7\u00e3o de sequ\u00eancias simples<\/li>\n<\/ul>\n\n<hr class=\"wp-block-separator has-alpha-channel-opacity\"\/>\n\n<h1 class=\"wp-block-heading\"><strong>Uma abordagem orientada \u00e0 produ\u00e7\u00e3o<\/strong><\/h1>\n\n<p>Esses treinamentos n\u00e3o se limitam ao aprendizado de um software.<\/p>\n\n<p>Eles visam compreender <strong>como as ferramentas se integram a um workflow de produ\u00e7\u00e3o real<\/strong>.<\/p>\n\n<p>O objetivo \u00e9 permitir que os participantes:<\/p>\n\n<ul class=\"wp-block-list\">\n<li>trabalhem com mais efici\u00eancia<\/li>\n\n\n\n<li>reduzam erros na produ\u00e7\u00e3o<\/li>\n\n\n\n<li>melhorem a comunica\u00e7\u00e3o entre departamentos t\u00e9cnicos<\/li>\n\n\n\n<li>ganhem tempo na prepara\u00e7\u00e3o dos projetos<\/li>\n<\/ul>\n","protected":false},"excerpt":{"rendered":"<p>As profiss\u00f5es t\u00e9cnicas do espet\u00e1culo evoluem rapidamente.As ferramentas ficam mais poderosas, os workflows mais conectados e as produ\u00e7\u00f5es mais complexas.Esses treinamentos foram concebidos para t\u00e9cnicos, designers e diretores t\u00e9cnicos que desejam dominar as ferramentas usadas hoje na produ\u00e7\u00e3o de espet\u00e1culos, eventos e instala\u00e7\u00f5es imersivas. O objetivo \u00e9 transmitir: Os treinamentos s\u00e3o conduzidos, entre outros, por [&hellip;]<\/p>\n","protected":false},"author":1,"featured_media":0,"parent":0,"menu_order":0,"comment_status":"closed","ping_status":"closed","template":"template-full-width.php","meta":{"footnotes":""},"class_list":["post-1442","page","type-page","status-publish","hentry"],"_links":{"self":[{"href":"https:\/\/www.openwhite.eu\/pt-br\/index.php\/wp-json\/wp\/v2\/pages\/1442","targetHints":{"allow":["GET"]}}],"collection":[{"href":"https:\/\/www.openwhite.eu\/pt-br\/index.php\/wp-json\/wp\/v2\/pages"}],"about":[{"href":"https:\/\/www.openwhite.eu\/pt-br\/index.php\/wp-json\/wp\/v2\/types\/page"}],"author":[{"embeddable":true,"href":"https:\/\/www.openwhite.eu\/pt-br\/index.php\/wp-json\/wp\/v2\/users\/1"}],"replies":[{"embeddable":true,"href":"https:\/\/www.openwhite.eu\/pt-br\/index.php\/wp-json\/wp\/v2\/comments?post=1442"}],"version-history":[{"count":1,"href":"https:\/\/www.openwhite.eu\/pt-br\/index.php\/wp-json\/wp\/v2\/pages\/1442\/revisions"}],"predecessor-version":[{"id":1443,"href":"https:\/\/www.openwhite.eu\/pt-br\/index.php\/wp-json\/wp\/v2\/pages\/1442\/revisions\/1443"}],"wp:attachment":[{"href":"https:\/\/www.openwhite.eu\/pt-br\/index.php\/wp-json\/wp\/v2\/media?parent=1442"}],"curies":[{"name":"wp","href":"https:\/\/api.w.org\/{rel}","templated":true}]}}