{"id":1472,"date":"2025-11-28T13:43:33","date_gmt":"2025-11-28T13:43:33","guid":{"rendered":"https:\/\/www.openwhite.eu\/index.php\/premios\/"},"modified":"2026-04-07T11:17:13","modified_gmt":"2026-04-07T11:17:13","slug":"premios","status":"publish","type":"page","link":"https:\/\/www.openwhite.eu\/pt-br\/index.php\/premios\/","title":{"rendered":"Pr\u00eamios"},"content":{"rendered":"\n<p class=\"has-text-align-center\">Cada projeto geralmente come\u00e7a com uma ideia, \u00e0s vezes fr\u00e1gil, \u00e0s vezes ambiciosa. <br\/>Tivemos a sorte de colocar nosso know-how e nossas compet\u00eancias t\u00e9cnicas a servi\u00e7o de eventos que, no in\u00edcio, eram apenas sonhos em uma p\u00e1gina em branco. <br\/>V\u00ea-los crescer, ganhar forma e, por fim, serem recompensados com pr\u00eamios prestigiosos foi, para n\u00f3s, uma experi\u00eancia profundamente marcante. <br\/>Al\u00e9m das distin\u00e7\u00f5es, s\u00e3o os momentos de cria\u00e7\u00e3o, os desafios superados em equipe e a energia compartilhada que permanecem em nossa mem\u00f3ria. <br\/>Contribuir para esses sucessos nos lembrou por que gostamos tanto desta profiss\u00e3o: transformar uma vis\u00e3o em realidade. <br\/>E temos a honra de ter podido desempenhar nosso papel nessas hist\u00f3rias que, agora, contam com reconhecimento oficial.<\/p>\n\n<hr class=\"wp-block-separator has-alpha-channel-opacity\"\/>\n\n<p class=\"has-text-align-center\"><strong>Luc Petit Creation :<\/strong><br\/>Com o espet\u00e1culo &#8220;As rotas da liberdade&#8221; (2019), a LPC recebeu um pr\u00eamio no BEA Awards.<br\/>&#8211; Medalha de ouro de melhor evento educativo<br\/>&#8211; Medalha de prata de melhor evento cultural<br\/><\/p>\n\n<div class=\"wp-block-columns is-layout-flex wp-container-core-columns-is-layout-9d6595d7 wp-block-columns-is-layout-flex\">\n<div class=\"wp-block-column is-layout-flow wp-block-column-is-layout-flow\">\n<div class=\"wp-block-buttons is-content-justification-center is-layout-flex wp-container-core-buttons-is-layout-16018d1d wp-block-buttons-is-layout-flex\">\n<div class=\"wp-block-button\"><a class=\"wp-block-button__link has-cyan-bluish-gray-color has-text-color has-link-color wp-element-button\" href=\"http:\/\/www.openwhite.eu\/index.php\/2019\/12\/18\/les-routes-de-la-liberte\/\">Leia mais<\/a><\/div>\n<\/div>\n<\/div>\n\n\n\n<div class=\"wp-block-column is-layout-flow wp-block-column-is-layout-flow\">\n<div class=\"wp-block-buttons is-content-justification-center is-layout-flex wp-container-core-buttons-is-layout-16018d1d wp-block-buttons-is-layout-flex\">\n<div class=\"wp-block-button\"><a class=\"wp-block-button__link has-cyan-bluish-gray-color has-text-color has-link-color wp-element-button\" href=\"https:\/\/www.lucpetit.com\/portfolio\/les-routes-de-la-liberte\/\" target=\"_blank\" rel=\"noreferrer noopener\">Luc Petit Creation<\/a><\/div>\n<\/div>\n<\/div>\n<\/div>\n\n<hr class=\"wp-block-separator has-alpha-channel-opacity\"\/>\n\n<p class=\"has-text-align-center\"><strong>StaySafe.Events :<\/strong><br\/>Somos muito gratos e orgulhosos por termos conquistado 2 Golden Awards para a Ontex e a StaySafe.Events, no Belgian Event Awards! Iniciamos este novo confinamento de eventos com ainda mais paix\u00e3o, motiva\u00e7\u00e3o e determina\u00e7\u00e3o.<br\/>Um grande obrigado e parab\u00e9ns a todos os parceiros (mais de 300 volunt\u00e1rios) que tornaram poss\u00edvel a campanha StaySafe.Events!<\/p>\n\n<p class=\"has-text-align-center\">equipe d-side &amp; equipe LSE<\/p>\n\n<div class=\"wp-block-columns is-layout-flex wp-container-core-columns-is-layout-9d6595d7 wp-block-columns-is-layout-flex\">\n<div class=\"wp-block-column is-layout-flow wp-block-column-is-layout-flow\" style=\"flex-basis:50%\">\n<div class=\"wp-block-buttons is-content-justification-center is-layout-flex wp-container-core-buttons-is-layout-16018d1d wp-block-buttons-is-layout-flex\">\n<div class=\"wp-block-button\"><a class=\"wp-block-button__link has-cyan-bluish-gray-color has-text-color has-link-color wp-element-button\" href=\"https:\/\/www.openwhite.eu\/index.php\/2025\/12\/04\/staysafe-events\/\">Leia mais<\/a><\/div>\n<\/div>\n<\/div>\n\n\n\n<div class=\"wp-block-column is-layout-flow wp-block-column-is-layout-flow\" style=\"flex-basis:50%\">\n<div class=\"wp-block-buttons is-content-justification-center is-layout-flex wp-container-core-buttons-is-layout-16018d1d wp-block-buttons-is-layout-flex\">\n<div class=\"wp-block-button\"><a class=\"wp-block-button__link has-cyan-bluish-gray-color has-text-color has-link-color has-text-align-center wp-element-button\" href=\"https:\/\/www.d-sidegroup.com\/\" target=\"_blank\" rel=\"noreferrer noopener\">d-side<\/a><\/div>\n<\/div>\n<\/div>\n<\/div>\n\n<p><\/p>\n\n<hr class=\"wp-block-separator has-alpha-channel-opacity\"\/>\n\n<p class=\"has-text-align-center\"><strong>Laser System Europe :<\/strong><br\/>A LSE by Laser System Europe (LSE) foi a empresa respons\u00e1vel pelos sistemas a laser utilizados durante o festival de luzes Noor Riyadh, que estabeleceu recordes mundiais do Guinness para os maiores e mais longos shows a laser em 2022.<br\/>Esses recordes, estabelecidos pela instala\u00e7\u00e3o \u00ab Pulse of Light \u00bb, concebida por Martin Arnaud e realizada gra\u00e7as aos sistemas a laser fornecidos pela LSE, em novembro de 2022, foram os seguintes:<br\/>&#8211; Maior \u00e1rea coberta por um show a laser: 14 459 160 m\u00b2 (mais de 155 milh\u00f5es de p\u00e9s quadrados).<br\/>&#8211; Maior dist\u00e2ncia percorrida por um show a laser: 6,01 km (mais de 19 700 p\u00e9s).<br\/>Esses recordes foram obtidos gra\u00e7as a feixes de laser projetados acima de uma das principais art\u00e9rias de Riad, conectando pela luz v\u00e1rios arranha-c\u00e9us emblem\u00e1ticos.<\/p>\n\n<div class=\"wp-block-columns is-layout-flex wp-container-core-columns-is-layout-9d6595d7 wp-block-columns-is-layout-flex\">\n<div class=\"wp-block-column is-layout-flow wp-block-column-is-layout-flow\">\n<div class=\"wp-block-buttons is-content-justification-center is-layout-flex wp-container-core-buttons-is-layout-16018d1d wp-block-buttons-is-layout-flex\">\n<div class=\"wp-block-button\"><a class=\"wp-block-button__link has-cyan-bluish-gray-color has-text-color has-link-color wp-element-button\" href=\"http:\/\/www.openwhite.eu\/index.php\/2025\/11\/28\/pulse-of-light\/\">Leia mais<\/a><\/div>\n<\/div>\n<\/div>\n\n\n\n<div class=\"wp-block-column is-layout-flow wp-block-column-is-layout-flow\">\n<div class=\"wp-block-buttons is-content-justification-center is-layout-flex wp-container-core-buttons-is-layout-16018d1d wp-block-buttons-is-layout-flex\">\n<div class=\"wp-block-button\"><a class=\"wp-block-button__link has-cyan-bluish-gray-color has-text-color has-link-color wp-element-button\" href=\"https:\/\/www.lpf-shows.fr\/\" target=\"_blank\" rel=\"noreferrer noopener\">Les petits fran\u00e7ais<\/a><\/div>\n<\/div>\n<\/div>\n<\/div>\n\n<hr class=\"wp-block-separator has-alpha-channel-opacity\"\/>\n\n<p class=\"has-text-align-center\"><strong>Laser System Europe :<\/strong><br\/>Ouro no BEA Awards 2025 pela Festa belga 2024 \u2728<br\/>Um projeto que reuniu talento, vis\u00e3o e uma paix\u00e3o compartilhada para criar momentos inesquec\u00edveis para nossa Festa Nacional da chancelaria do Primeiro-Ministro.<br\/>Temos a honra de fazer parte do cons\u00f3rcio LFD+H ao lado de Friends by Verhulst, D-Side group e Hangar. A prova de que, quando grandes equipes se unem, grandes coisas acontecem.<br\/>Parab\u00e9ns a cada parceiro, fornecedor e mente criativa por tr\u00e1s desta conquista.<br\/><br\/>Uma vitrine fenomenal de criatividade e impacto cultural!<\/p>\n\n<div class=\"wp-block-columns is-layout-flex wp-container-core-columns-is-layout-9d6595d7 wp-block-columns-is-layout-flex\">\n<div class=\"wp-block-column is-layout-flow wp-block-column-is-layout-flow\">\n<div class=\"wp-block-buttons is-content-justification-center is-layout-flex wp-container-core-buttons-is-layout-16018d1d wp-block-buttons-is-layout-flex\">\n<div class=\"wp-block-button\"><a class=\"wp-block-button__link has-cyan-bluish-gray-color has-text-color has-link-color wp-element-button\" href=\"http:\/\/www.openwhite.eu\/index.php\/2024\/07\/25\/21-juillet-2024\/\">Leia mais<\/a><\/div>\n<\/div>\n<\/div>\n\n\n\n<div class=\"wp-block-column is-layout-flow wp-block-column-is-layout-flow\">\n<div class=\"wp-block-buttons is-content-justification-center is-layout-flex wp-container-core-buttons-is-layout-16018d1d wp-block-buttons-is-layout-flex\">\n<div class=\"wp-block-button\"><a class=\"wp-block-button__link has-cyan-bluish-gray-color has-text-color has-link-color wp-element-button\" href=\"https:\/\/www.d-sidegroup.com\/\" target=\"_blank\" rel=\"noreferrer noopener\">d-Side<\/a><\/div>\n<\/div>\n<\/div>\n\n\n\n<div class=\"wp-block-column is-layout-flow wp-block-column-is-layout-flow\">\n<div class=\"wp-block-buttons is-content-justification-center is-layout-flex wp-container-core-buttons-is-layout-16018d1d wp-block-buttons-is-layout-flex\">\n<div class=\"wp-block-button\"><a class=\"wp-block-button__link has-cyan-bluish-gray-color has-text-color has-link-color wp-element-button\" href=\"https:\/\/www.thefriends.be\/\" target=\"_blank\" rel=\"noreferrer noopener\">Friends<\/a><\/div>\n<\/div>\n<\/div>\n\n\n\n<div class=\"wp-block-column is-vertically-aligned-center is-layout-flow wp-block-column-is-layout-flow\">\n<div class=\"wp-block-buttons is-content-justification-center is-layout-flex wp-container-core-buttons-is-layout-16018d1d wp-block-buttons-is-layout-flex\">\n<div class=\"wp-block-button\"><a class=\"wp-block-button__link has-cyan-bluish-gray-color has-text-color has-link-color wp-element-button\" href=\"https:\/\/thehangar.be\/\" target=\"_blank\" rel=\"noreferrer noopener\">Hangar<\/a><\/div>\n<\/div>\n<\/div>\n<\/div>\n\n<hr class=\"wp-block-separator has-alpha-channel-opacity\"\/>\n\n<p><\/p>\n","protected":false},"excerpt":{"rendered":"<p>Cada projeto geralmente come\u00e7a com uma ideia, \u00e0s vezes fr\u00e1gil, \u00e0s vezes ambiciosa. Tivemos a sorte de colocar nosso know-how e nossas compet\u00eancias t\u00e9cnicas a servi\u00e7o de eventos que, no in\u00edcio, eram apenas sonhos em uma p\u00e1gina em branco. V\u00ea-los crescer, ganhar forma e, por fim, serem recompensados com pr\u00eamios prestigiosos foi, para n\u00f3s, uma [&hellip;]<\/p>\n","protected":false},"author":1,"featured_media":0,"parent":0,"menu_order":0,"comment_status":"closed","ping_status":"closed","template":"template-full-width.php","meta":{"footnotes":""},"class_list":["post-1472","page","type-page","status-publish","hentry"],"_links":{"self":[{"href":"https:\/\/www.openwhite.eu\/pt-br\/index.php\/wp-json\/wp\/v2\/pages\/1472","targetHints":{"allow":["GET"]}}],"collection":[{"href":"https:\/\/www.openwhite.eu\/pt-br\/index.php\/wp-json\/wp\/v2\/pages"}],"about":[{"href":"https:\/\/www.openwhite.eu\/pt-br\/index.php\/wp-json\/wp\/v2\/types\/page"}],"author":[{"embeddable":true,"href":"https:\/\/www.openwhite.eu\/pt-br\/index.php\/wp-json\/wp\/v2\/users\/1"}],"replies":[{"embeddable":true,"href":"https:\/\/www.openwhite.eu\/pt-br\/index.php\/wp-json\/wp\/v2\/comments?post=1472"}],"version-history":[{"count":1,"href":"https:\/\/www.openwhite.eu\/pt-br\/index.php\/wp-json\/wp\/v2\/pages\/1472\/revisions"}],"predecessor-version":[{"id":1473,"href":"https:\/\/www.openwhite.eu\/pt-br\/index.php\/wp-json\/wp\/v2\/pages\/1472\/revisions\/1473"}],"wp:attachment":[{"href":"https:\/\/www.openwhite.eu\/pt-br\/index.php\/wp-json\/wp\/v2\/media?parent=1472"}],"curies":[{"name":"wp","href":"https:\/\/api.w.org\/{rel}","templated":true}]}}