{"id":1506,"date":"2025-11-24T13:01:08","date_gmt":"2025-11-24T13:01:08","guid":{"rendered":"https:\/\/www.openwhite.eu\/index.php\/sobre\/"},"modified":"2026-04-07T11:18:27","modified_gmt":"2026-04-07T11:18:27","slug":"sobre","status":"publish","type":"page","link":"https:\/\/www.openwhite.eu\/pt-br\/index.php\/sobre\/","title":{"rendered":"Sobre"},"content":{"rendered":"\n<h2 class=\"wp-block-heading\">Biografia de Fran\u00e7ois<\/h2>\n\n<p>Desde o final de 2021, Fran\u00e7ois Vandermeeren ocupa um papel de destaque na <strong>LSE<\/strong> como <strong>gerente de projetos e designer de ilumina\u00e7\u00e3o<\/strong>, onde aporta mais de vinte e cinco anos de experi\u00eancia na cria\u00e7\u00e3o, supervis\u00e3o e integra\u00e7\u00e3o de dispositivos luminosos e audiovisuais complexos. Sua passagem pela LSE marca uma etapa decisiva em uma carreira j\u00e1 consolidada, caracterizada por colabora\u00e7\u00f5es de alto n\u00edvel e uma versatilidade rara no setor.<br\/>Na LSE, Fran\u00e7ois desempenha um papel determinante na concep\u00e7\u00e3o e realiza\u00e7\u00e3o de projetos de escala internacional. Ele assinou, notadamente, seu primeiro trabalho para a empresa no <strong>Burj Khalifa<\/strong>, por ocasi\u00e3o do <strong>show de Ano Novo<\/strong>, um projeto emblem\u00e1tico por sua magnitude t\u00e9cnica e visibilidade mundial. Em seguida, assumiu a <strong>dire\u00e7\u00e3o completa de uma obra apresentada no Noor Festival em Riade<\/strong>, um dos maiores festivais de luz do mundo, mobilizando simultaneamente suas compet\u00eancias art\u00edsticas, t\u00e9cnicas e log\u00edsticas.<br\/>Ele tamb\u00e9m supervisiona a <strong>implementa\u00e7\u00e3o dos lasers<\/strong> para o <strong>show de abertura dos Jogos Ol\u00edmpicos na Torre Eiffel<\/strong>, uma opera\u00e7\u00e3o de precis\u00e3o extrema onde a coordena\u00e7\u00e3o, a seguran\u00e7a e a excel\u00eancia visual s\u00e3o essenciais.<br\/>Sua expertise tamb\u00e9m \u00e9 requisitada para eventos institucionais de prest\u00edgio, como as <strong>festas nacionais em Paris<\/strong> ou a <strong>Festa Nacional do Kuwait<\/strong>, demonstrando a confian\u00e7a que grandes organiza\u00e7\u00f5es internacionais depositam em seu know-how.   <\/p>\n\n<h2 class=\"wp-block-heading\">Uma trajet\u00f3ria forjada pela experi\u00eancia e pela diversidade de cen\u00e1rios<\/h2>\n\n<p>A trajet\u00f3ria de Fran\u00e7ois Vandermeeren come\u00e7a com um est\u00e1gio no <strong>Groupe Son Priv\u00e9<\/strong>, onde ele descobre o universo do espet\u00e1culo ao vivo e as exig\u00eancias precisas das profiss\u00f5es t\u00e9cnicas. Este primeiro contato permitiu-lhe adquirir bases s\u00f3lidas, tanto em equipamentos quanto em metodologia. <br\/><br\/>Em seguida, continuou na <strong>ETF<\/strong>, empresa que evoluiria para se tornar sucessivamente <strong>Procon<\/strong> e depois <strong>PRG<\/strong>, um dos maiores prestadores de servi\u00e7os t\u00e9cnicos do mundo. Nessas estruturas, ele se capacitou em uma ampla gama de situa\u00e7\u00f5es t\u00e9cnicas, trabalhou em produ\u00e7\u00f5es variadas e desenvolveu suas habilidades em programa\u00e7\u00e3o, opera\u00e7\u00e3o e engenharia de ilumina\u00e7\u00e3o. Esses anos constitu\u00edram um alicerce determinante, onde adquiriu o dom\u00ednio das tecnologias de ilumina\u00e7\u00e3o mais avan\u00e7adas e uma preciosa experi\u00eancia de campo.  <br\/><br\/>Com essa bagagem, Fran\u00e7ois decidiu tornar-se <strong>independente<\/strong>, ampliando seu campo de atua\u00e7\u00e3o para in\u00fameros projetos art\u00edsticos, eventos, festivais e cria\u00e7\u00f5es t\u00e9cnicas. Este per\u00edodo permitiu-lhe refinar sua sensibilidade art\u00edstica, compreender as expectativas das equipes criativas e desenvolver uma abordagem centrada na escuta, na precis\u00e3o e na emo\u00e7\u00e3o visual. <\/p>\n\n<h2 class=\"wp-block-heading\">B\u00e9jart Ballet Lausanne: uma etapa estruturante<\/h2>\n\n<p>Sua carreira assumiu uma dimens\u00e3o internacional quando se juntou ao <strong>B\u00e9jart Ballet Lausanne<\/strong>, na Su\u00ed\u00e7a. Foi inicialmente contratado como <strong>respons\u00e1vel pela ilumina\u00e7\u00e3o<\/strong>, antes de ser rapidamente promovido a <strong>assistente de dire\u00e7\u00e3o t\u00e9cnica<\/strong> e, posteriormente, a <strong>diretor t\u00e9cnico<\/strong> da prestigiada companhia.<br\/>Durante quatro anos, participou da produ\u00e7\u00e3o de grandes cria\u00e7\u00f5es e acompanhou a trupe em turn\u00eas internacionais. Supervisionou equipes multidisciplinares, coordenou produ\u00e7\u00f5es complexas em palcos de todo o mundo e consolidou sua capacidade de aliar rigor t\u00e9cnico, vis\u00e3o art\u00edstica e gest\u00e3o humana.<br\/>Esta experi\u00eancia, ao mesmo tempo intensa e formadora, refor\u00e7ou seu senso de organiza\u00e7\u00e3o, sua versatilidade e sua aptid\u00e3o para conduzir projetos ambiciosos, preservando a coer\u00eancia art\u00edstica.  <\/p>\n\n<h2 class=\"wp-block-heading\">Retorno \u00e0 B\u00e9lgica e renascimento profissional<\/h2>\n\n<p>De volta \u00e0 B\u00e9lgica, Fran\u00e7ois retomou sua atividade como <strong>independente<\/strong>, colaborando com diversas companhias, como a <strong>Luc Petit Creation<\/strong>, institui\u00e7\u00f5es culturais e produtores. Atuou em festivais, cria\u00e7\u00f5es c\u00eanicas, concertos e instala\u00e7\u00f5es luminosas, multiplicando projetos exigentes e diversificados.<br\/>A crise da Covid, como para muitos profissionais do espet\u00e1culo, impactou profundamente sua atividade. No entanto, essa transi\u00e7\u00e3o levou a uma nova oportunidade: sua entrada na <strong>LSE<\/strong>, onde pode mobilizar a totalidade de sua experi\u00eancia, expertise e criatividade.  <\/p>\n\n<h2 class=\"wp-block-heading\">Hoje: um ator-chave no cen\u00e1rio internacional da ilumina\u00e7\u00e3o<\/h2>\n\n<p>Hoje, Fran\u00e7ois Vandermeeren estabelece-se na LSE como um <strong>gerente de projetos essencial<\/strong>, reconhecido por sua capacidade de transformar desafios t\u00e9cnicos complexos em experi\u00eancias visuais de exce\u00e7\u00e3o.<br\/>Seu dom\u00ednio de <strong>consoles de ilumina\u00e7\u00e3o<\/strong>, <strong>sistemas LED<\/strong>, <strong>lasers<\/strong> e <strong>integra\u00e7\u00e3o audiovisual<\/strong> faz dele um perfil raro, capaz de conceber, programar, coordenar e supervisionar projetos de alta tecnicidade.<br\/>Apreciado por seu senso de detalhe, criatividade, efici\u00eancia e comunica\u00e7\u00e3o clara, ele representa a empresa com excel\u00eancia no cen\u00e1rio internacional.<br\/>Fran\u00e7ois encarna uma gera\u00e7\u00e3o de designers de ilumina\u00e7\u00e3o capazes de dialogar com artistas, engenheiros e produtores, moldando experi\u00eancias imersivas onde a t\u00e9cnica e a poesia visual se tornam uma s\u00f3.<\/p>\n\n<figure class=\"wp-block-gallery has-nested-images columns-default is-cropped wp-block-gallery-1 is-layout-flex wp-block-gallery-is-layout-flex\">\n<figure class=\"wp-block-image size-large\"><img fetchpriority=\"high\" decoding=\"async\" width=\"1024\" height=\"682\" data-id=\"753\" src=\"https:\/\/www.openwhite.eu\/wp-content\/uploads\/2025\/12\/178127784_10158303255733869_4059474513315455364_n-1024x682.jpg\" alt=\"\" class=\"wp-image-753\" srcset=\"https:\/\/www.openwhite.eu\/wp-content\/uploads\/2025\/12\/178127784_10158303255733869_4059474513315455364_n-1024x682.jpg 1024w, https:\/\/www.openwhite.eu\/wp-content\/uploads\/2025\/12\/178127784_10158303255733869_4059474513315455364_n-300x200.jpg 300w, https:\/\/www.openwhite.eu\/wp-content\/uploads\/2025\/12\/178127784_10158303255733869_4059474513315455364_n-768x511.jpg 768w, https:\/\/www.openwhite.eu\/wp-content\/uploads\/2025\/12\/178127784_10158303255733869_4059474513315455364_n-1536x1022.jpg 1536w, https:\/\/www.openwhite.eu\/wp-content\/uploads\/2025\/12\/178127784_10158303255733869_4059474513315455364_n.jpg 2048w\" sizes=\"(max-width: 1024px) 100vw, 1024px\" \/><\/figure>\n\n\n\n<figure class=\"wp-block-image size-large\"><img decoding=\"async\" width=\"960\" height=\"956\" data-id=\"751\" data-src=\"https:\/\/www.openwhite.eu\/wp-content\/uploads\/2025\/12\/515510537_10161732147858869_8234207645058529332_n.jpg\" alt=\"\" class=\"wp-image-751 lazyload\" data-srcset=\"https:\/\/www.openwhite.eu\/wp-content\/uploads\/2025\/12\/515510537_10161732147858869_8234207645058529332_n.jpg 960w, https:\/\/www.openwhite.eu\/wp-content\/uploads\/2025\/12\/515510537_10161732147858869_8234207645058529332_n-300x300.jpg 300w, https:\/\/www.openwhite.eu\/wp-content\/uploads\/2025\/12\/515510537_10161732147858869_8234207645058529332_n-150x150.jpg 150w, https:\/\/www.openwhite.eu\/wp-content\/uploads\/2025\/12\/515510537_10161732147858869_8234207645058529332_n-768x765.jpg 768w\" data-sizes=\"(max-width: 960px) 100vw, 960px\" src=\"data:image\/svg+xml;base64,PHN2ZyB3aWR0aD0iMSIgaGVpZ2h0PSIxIiB4bWxucz0iaHR0cDovL3d3dy53My5vcmcvMjAwMC9zdmciPjwvc3ZnPg==\" style=\"--smush-placeholder-width: 960px; --smush-placeholder-aspect-ratio: 960\/956;\" \/><\/figure>\n\n\n\n<figure class=\"wp-block-image size-large\"><img decoding=\"async\" width=\"1024\" height=\"1024\" data-id=\"754\" data-src=\"https:\/\/www.openwhite.eu\/wp-content\/uploads\/2025\/12\/468659947_10160979941278869_229777482507457551_n-1024x1024.jpg\" alt=\"\" class=\"wp-image-754 lazyload\" data-srcset=\"https:\/\/www.openwhite.eu\/wp-content\/uploads\/2025\/12\/468659947_10160979941278869_229777482507457551_n-1024x1024.jpg 1024w, https:\/\/www.openwhite.eu\/wp-content\/uploads\/2025\/12\/468659947_10160979941278869_229777482507457551_n-300x300.jpg 300w, https:\/\/www.openwhite.eu\/wp-content\/uploads\/2025\/12\/468659947_10160979941278869_229777482507457551_n-150x150.jpg 150w, https:\/\/www.openwhite.eu\/wp-content\/uploads\/2025\/12\/468659947_10160979941278869_229777482507457551_n-768x769.jpg 768w, https:\/\/www.openwhite.eu\/wp-content\/uploads\/2025\/12\/468659947_10160979941278869_229777482507457551_n.jpg 1439w\" data-sizes=\"(max-width: 1024px) 100vw, 1024px\" src=\"data:image\/svg+xml;base64,PHN2ZyB3aWR0aD0iMSIgaGVpZ2h0PSIxIiB4bWxucz0iaHR0cDovL3d3dy53My5vcmcvMjAwMC9zdmciPjwvc3ZnPg==\" style=\"--smush-placeholder-width: 1024px; --smush-placeholder-aspect-ratio: 1024\/1024;\" \/><\/figure>\n\n\n\n<figure class=\"wp-block-image size-large\"><img decoding=\"async\" width=\"960\" height=\"720\" data-id=\"750\" data-src=\"https:\/\/www.openwhite.eu\/wp-content\/uploads\/2025\/12\/514473004_10161722546243869_2439988031419044354_n.jpg\" alt=\"\" class=\"wp-image-750 lazyload\" data-srcset=\"https:\/\/www.openwhite.eu\/wp-content\/uploads\/2025\/12\/514473004_10161722546243869_2439988031419044354_n.jpg 960w, https:\/\/www.openwhite.eu\/wp-content\/uploads\/2025\/12\/514473004_10161722546243869_2439988031419044354_n-300x225.jpg 300w, https:\/\/www.openwhite.eu\/wp-content\/uploads\/2025\/12\/514473004_10161722546243869_2439988031419044354_n-768x576.jpg 768w\" data-sizes=\"(max-width: 960px) 100vw, 960px\" src=\"data:image\/svg+xml;base64,PHN2ZyB3aWR0aD0iMSIgaGVpZ2h0PSIxIiB4bWxucz0iaHR0cDovL3d3dy53My5vcmcvMjAwMC9zdmciPjwvc3ZnPg==\" style=\"--smush-placeholder-width: 960px; --smush-placeholder-aspect-ratio: 960\/720;\" \/><\/figure>\n\n\n\n<figure class=\"wp-block-image size-large\"><img decoding=\"async\" width=\"960\" height=\"958\" data-id=\"749\" data-src=\"https:\/\/www.openwhite.eu\/wp-content\/uploads\/2025\/12\/515725984_10161750864798869_1162217536590412193_n.jpg\" alt=\"\" class=\"wp-image-749 lazyload\" data-srcset=\"https:\/\/www.openwhite.eu\/wp-content\/uploads\/2025\/12\/515725984_10161750864798869_1162217536590412193_n.jpg 960w, https:\/\/www.openwhite.eu\/wp-content\/uploads\/2025\/12\/515725984_10161750864798869_1162217536590412193_n-300x300.jpg 300w, https:\/\/www.openwhite.eu\/wp-content\/uploads\/2025\/12\/515725984_10161750864798869_1162217536590412193_n-150x150.jpg 150w, https:\/\/www.openwhite.eu\/wp-content\/uploads\/2025\/12\/515725984_10161750864798869_1162217536590412193_n-768x766.jpg 768w\" data-sizes=\"(max-width: 960px) 100vw, 960px\" src=\"data:image\/svg+xml;base64,PHN2ZyB3aWR0aD0iMSIgaGVpZ2h0PSIxIiB4bWxucz0iaHR0cDovL3d3dy53My5vcmcvMjAwMC9zdmciPjwvc3ZnPg==\" style=\"--smush-placeholder-width: 960px; --smush-placeholder-aspect-ratio: 960\/958;\" \/><\/figure>\n\n\n\n<figure class=\"wp-block-image size-large\"><img decoding=\"async\" width=\"551\" height=\"538\" data-id=\"748\" data-src=\"https:\/\/www.openwhite.eu\/wp-content\/uploads\/2025\/12\/467744604_10160798109038869_5923848618460217761_n.jpg\" alt=\"\" class=\"wp-image-748 lazyload\" data-srcset=\"https:\/\/www.openwhite.eu\/wp-content\/uploads\/2025\/12\/467744604_10160798109038869_5923848618460217761_n.jpg 551w, https:\/\/www.openwhite.eu\/wp-content\/uploads\/2025\/12\/467744604_10160798109038869_5923848618460217761_n-300x293.jpg 300w\" data-sizes=\"(max-width: 551px) 100vw, 551px\" src=\"data:image\/svg+xml;base64,PHN2ZyB3aWR0aD0iMSIgaGVpZ2h0PSIxIiB4bWxucz0iaHR0cDovL3d3dy53My5vcmcvMjAwMC9zdmciPjwvc3ZnPg==\" style=\"--smush-placeholder-width: 551px; --smush-placeholder-aspect-ratio: 551\/538;\" \/><\/figure>\n\n\n\n<figure class=\"wp-block-image size-large\"><img decoding=\"async\" width=\"960\" height=\"953\" data-id=\"752\" data-src=\"https:\/\/www.openwhite.eu\/wp-content\/uploads\/2025\/12\/511579648_10161692949278869_782992732872569107_n.jpg\" alt=\"\" class=\"wp-image-752 lazyload\" data-srcset=\"https:\/\/www.openwhite.eu\/wp-content\/uploads\/2025\/12\/511579648_10161692949278869_782992732872569107_n.jpg 960w, https:\/\/www.openwhite.eu\/wp-content\/uploads\/2025\/12\/511579648_10161692949278869_782992732872569107_n-300x298.jpg 300w, https:\/\/www.openwhite.eu\/wp-content\/uploads\/2025\/12\/511579648_10161692949278869_782992732872569107_n-150x150.jpg 150w, https:\/\/www.openwhite.eu\/wp-content\/uploads\/2025\/12\/511579648_10161692949278869_782992732872569107_n-768x762.jpg 768w\" data-sizes=\"(max-width: 960px) 100vw, 960px\" src=\"data:image\/svg+xml;base64,PHN2ZyB3aWR0aD0iMSIgaGVpZ2h0PSIxIiB4bWxucz0iaHR0cDovL3d3dy53My5vcmcvMjAwMC9zdmciPjwvc3ZnPg==\" style=\"--smush-placeholder-width: 960px; --smush-placeholder-aspect-ratio: 960\/953;\" \/><\/figure>\n<\/figure>\n","protected":false},"excerpt":{"rendered":"<p>Biografia de Fran\u00e7ois Desde o final de 2021, Fran\u00e7ois Vandermeeren ocupa um papel de destaque na LSE como gerente de projetos e designer de ilumina\u00e7\u00e3o, onde aporta mais de vinte e cinco anos de experi\u00eancia na cria\u00e7\u00e3o, supervis\u00e3o e integra\u00e7\u00e3o de dispositivos luminosos e audiovisuais complexos. Sua passagem pela LSE marca uma etapa decisiva em [&hellip;]<\/p>\n","protected":false},"author":1,"featured_media":0,"parent":0,"menu_order":0,"comment_status":"closed","ping_status":"closed","template":"template-full-width.php","meta":{"footnotes":""},"class_list":["post-1506","page","type-page","status-publish","hentry"],"_links":{"self":[{"href":"https:\/\/www.openwhite.eu\/pt-br\/index.php\/wp-json\/wp\/v2\/pages\/1506","targetHints":{"allow":["GET"]}}],"collection":[{"href":"https:\/\/www.openwhite.eu\/pt-br\/index.php\/wp-json\/wp\/v2\/pages"}],"about":[{"href":"https:\/\/www.openwhite.eu\/pt-br\/index.php\/wp-json\/wp\/v2\/types\/page"}],"author":[{"embeddable":true,"href":"https:\/\/www.openwhite.eu\/pt-br\/index.php\/wp-json\/wp\/v2\/users\/1"}],"replies":[{"embeddable":true,"href":"https:\/\/www.openwhite.eu\/pt-br\/index.php\/wp-json\/wp\/v2\/comments?post=1506"}],"version-history":[{"count":1,"href":"https:\/\/www.openwhite.eu\/pt-br\/index.php\/wp-json\/wp\/v2\/pages\/1506\/revisions"}],"predecessor-version":[{"id":1507,"href":"https:\/\/www.openwhite.eu\/pt-br\/index.php\/wp-json\/wp\/v2\/pages\/1506\/revisions\/1507"}],"wp:attachment":[{"href":"https:\/\/www.openwhite.eu\/pt-br\/index.php\/wp-json\/wp\/v2\/media?parent=1506"}],"curies":[{"name":"wp","href":"https:\/\/api.w.org\/{rel}","templated":true}]}}