{"id":2040,"date":"2025-11-24T13:03:57","date_gmt":"2025-11-24T13:03:57","guid":{"rendered":"https:\/\/www.openwhite.eu\/index.php\/inicio\/"},"modified":"2026-04-07T11:34:12","modified_gmt":"2026-04-07T11:34:12","slug":"inicio","status":"publish","type":"page","link":"https:\/\/www.openwhite.eu\/pt-br\/","title":{"rendered":"In\u00edcio"},"content":{"rendered":"\t\t<div data-elementor-type=\"wp-page\" data-elementor-id=\"2040\" class=\"elementor elementor-2040 elementor-47\">\n\t\t\t\t<div class=\"elementor-element elementor-element-1279dd7c e-flex e-con-boxed e-con e-parent\" data-id=\"1279dd7c\" data-element_type=\"container\" data-e-type=\"container\">\n\t\t\t\t\t<div class=\"e-con-inner\">\n\t\t\t\t<div class=\"elementor-element elementor-element-5e0479d0 elementor-widget elementor-widget-text-editor\" data-id=\"5e0479d0\" data-element_type=\"widget\" data-e-type=\"widget\" data-widget_type=\"text-editor.default\">\n\t\t\t\t\t\t\t\t\t<p><\/p>\n<div class=\"wp-block-nextend-smartslider3\"><\/div>\n<p><\/p>\n<hr class=\"wp-block-separator has-alpha-channel-opacity\">\n<p><\/p>\n<div class=\"wp-block-columns\">\n<p><\/p>\n<div class=\"wp-block-column\" style=\"flex-basis: 33.34%;\">\n<p><\/p>\n<div class=\"wp-block-buttons\">\n<p><\/p>\n<\/div>\n<\/div>\n<div class=\"wp-block-column\" style=\"flex-basis: 33.33%;\">\n<div class=\"wp-block-buttons\">\n<div class=\"wp-block-button is-style-outline\"> <\/div>\n<p><\/p>\n<\/div>\n<p><\/p>\n<\/div>\n<p><\/p>\n<\/div>\n<p><\/p>\n<p><\/p>\t\t\t\t\t\t\t\t<\/div>\n\t\t\t\t\t<\/div>\n\t\t\t\t<\/div>\n\t\t<div class=\"elementor-element elementor-element-b9bd0ea e-grid e-con-boxed e-con e-parent\" data-id=\"b9bd0ea\" data-element_type=\"container\" data-e-type=\"container\">\n\t\t\t\t\t<div class=\"e-con-inner\">\n\t\t\t\t<div class=\"elementor-element elementor-element-5c1312c elementor-widget elementor-widget-heading\" data-id=\"5c1312c\" data-element_type=\"widget\" data-e-type=\"widget\" data-widget_type=\"heading.default\">\n\t\t\t\t\t<h2 class=\"elementor-heading-title elementor-size-default\"><a href=\"https:\/\/www.openwhite.eu\/index.php\/portfolio\/\">Portf\u00f3lio<\/a><\/h2>\t\t\t\t<\/div>\n\t\t\t\t<div class=\"elementor-element elementor-element-17a7797 elementor-widget elementor-widget-heading\" data-id=\"17a7797\" data-element_type=\"widget\" data-e-type=\"widget\" data-widget_type=\"heading.default\">\n\t\t\t\t\t<h2 class=\"elementor-heading-title elementor-size-default\"><a href=\"https:\/\/www.openwhite.eu\/index.php\/formation-vectorworks-spotlight\/\">Forma\u00e7\u00e3o<\/a><\/h2>\t\t\t\t<\/div>\n\t\t\t\t<div class=\"elementor-element elementor-element-449a267 elementor-widget elementor-widget-heading\" data-id=\"449a267\" data-element_type=\"widget\" data-e-type=\"widget\" data-widget_type=\"heading.default\">\n\t\t\t\t\t<h2 class=\"elementor-heading-title elementor-size-default\"><a href=\"https:\/\/www.openwhite.eu\/index.php\/contact\/\">Contato<\/a><\/h2>\t\t\t\t<\/div>\n\t\t\t\t\t<\/div>\n\t\t\t\t<\/div>\n\t\t\t\t<\/div>\n\t\t","protected":false},"excerpt":{"rendered":"<p>Portf\u00f3lio Forma\u00e7\u00e3o Contato<\/p>\n","protected":false},"author":1,"featured_media":0,"parent":0,"menu_order":0,"comment_status":"closed","ping_status":"closed","template":"template-full-width.php","meta":{"footnotes":""},"class_list":["post-2040","page","type-page","status-publish","hentry"],"_links":{"self":[{"href":"https:\/\/www.openwhite.eu\/pt-br\/index.php\/wp-json\/wp\/v2\/pages\/2040","targetHints":{"allow":["GET"]}}],"collection":[{"href":"https:\/\/www.openwhite.eu\/pt-br\/index.php\/wp-json\/wp\/v2\/pages"}],"about":[{"href":"https:\/\/www.openwhite.eu\/pt-br\/index.php\/wp-json\/wp\/v2\/types\/page"}],"author":[{"embeddable":true,"href":"https:\/\/www.openwhite.eu\/pt-br\/index.php\/wp-json\/wp\/v2\/users\/1"}],"replies":[{"embeddable":true,"href":"https:\/\/www.openwhite.eu\/pt-br\/index.php\/wp-json\/wp\/v2\/comments?post=2040"}],"version-history":[{"count":9,"href":"https:\/\/www.openwhite.eu\/pt-br\/index.php\/wp-json\/wp\/v2\/pages\/2040\/revisions"}],"predecessor-version":[{"id":2061,"href":"https:\/\/www.openwhite.eu\/pt-br\/index.php\/wp-json\/wp\/v2\/pages\/2040\/revisions\/2061"}],"wp:attachment":[{"href":"https:\/\/www.openwhite.eu\/pt-br\/index.php\/wp-json\/wp\/v2\/media?parent=2040"}],"curies":[{"name":"wp","href":"https:\/\/api.w.org\/{rel}","templated":true}]}}