{"id":2135,"date":"2026-04-13T11:59:34","date_gmt":"2026-04-13T09:59:34","guid":{"rendered":"https:\/\/www.openwhite.eu\/?page_id=2135"},"modified":"2026-04-13T14:33:40","modified_gmt":"2026-04-13T12:33:40","slug":"aplicativo","status":"publish","type":"page","link":"https:\/\/www.openwhite.eu\/pt-br\/index.php\/aplicativo\/","title":{"rendered":"Aplicativo"},"content":{"rendered":"\n<h1 class=\"wp-block-heading\"><strong>ShowTech Tools<\/strong><\/h1>\n\n<h2 class=\"wp-block-heading\"><strong>As ferramentas t\u00e9cnicas do espet\u00e1culo. Finalmente reunidas. <\/strong><\/h2>\n\n<p>Proje\u00e7\u00e3o de v\u00eddeo, c\u00e1lculos de ilumina\u00e7\u00e3o, dist\u00e2ncias de laser, convers\u00f5es fotom\u00e9tricas\u2026<\/p>\n\n<p>Os t\u00e9cnicos utilizam esses c\u00e1lculos <strong>todos os dias<\/strong>, mas eles est\u00e3o frequentemente dispersos entre planilhas, anota\u00e7\u00f5es ou diferentes aplicativos.<\/p>\n\n<p><strong>ShowTech Tools re\u00fane essas ferramentas essenciais em um \u00fanico aplicativo<\/strong>, desenvolvido para profissionais do espet\u00e1culo, eventos e audiovisual.<\/p>\n\n<p>R\u00e1pido. Claro. Diretamente utiliz\u00e1vel em campo.  <\/p>\n<div class=\"align-center wp-block-blockons-image-carousel\">\n\t<div class=\"blockons-slider slider  navigation-round navigation-light pagination-bullets pagination-dark default-icon arrows-ban caption-none  bradius-rounded\" id=\"3eeade62-4bfc-4ace-8b3b-c1ff8b7d47e2\" data-settings=\"{&quot;autoHeight&quot;:true,&quot;effect&quot;:&quot;slide&quot;,&quot;slidesPerView&quot;:3,&quot;spaceBetween&quot;:5,&quot;loop&quot;:false,&quot;rewind&quot;:false,&quot;navigation&quot;:{&quot;prevEl&quot;:&quot;.swiper-button-prev&quot;,&quot;nextEl&quot;:&quot;.swiper-button-next&quot;},&quot;autoplay&quot;:{&quot;delay&quot;:&quot;1500&quot;,&quot;disableOnInteraction&quot;:true},&quot;pagination&quot;:{&quot;el&quot;:&quot;.swiper-pagination&quot;,&quot;type&quot;:&quot;bullets&quot;,&quot;dynamicBullets&quot;:false,&quot;clickable&quot;:true}}\">\n\t\t<div class=\"ic-swiper-3eeade62-4bfc-4ace-8b3b-c1ff8b7d47e2 swiper\">\n\t\t\t<div class=\"swiper-wrapper\">\n\t\t\t\t\t\t\t\t\t<div class=\"swiper-slide\">\n\t\t\t\t\t\t<div class=\"swiper-slide-inner\">\n\t\t\t\t\t\t\t<div class=\"blockons-slider-img imgfull aspect-ratio ratio-square \">\n\t\t\t\t\t\t\t\t\t\t\t\t\t\t\t\t\t<div class=\"aspect-img\">\n\t\t\t\t\t\t\t\t\t\t<img decoding=\"async\" data-src=\"https:\/\/www.openwhite.eu\/wp-content\/uploads\/2026\/04\/Screenshot_20260304_074638.jpg\" alt=\"\" src=\"data:image\/svg+xml;base64,PHN2ZyB3aWR0aD0iMSIgaGVpZ2h0PSIxIiB4bWxucz0iaHR0cDovL3d3dy53My5vcmcvMjAwMC9zdmciPjwvc3ZnPg==\" class=\"lazyload\" style=\"--smush-placeholder-width: 1080px; --smush-placeholder-aspect-ratio: 1080\/2121;\" \/>\n\t\t\t\t\t\t\t\t\t<\/div>\n\t\t\t\t\t\t\t\t\t\t\t\t\t\t\t<\/div>\n\n\t\t\t\t\t\t\t\t\t\t\t\t\t<\/div>\n\t\t\t\t\t<\/div>\n\t\t\t\t\t\t\t\t\t<div class=\"swiper-slide\">\n\t\t\t\t\t\t<div class=\"swiper-slide-inner\">\n\t\t\t\t\t\t\t<div class=\"blockons-slider-img imgfull aspect-ratio ratio-square \">\n\t\t\t\t\t\t\t\t\t\t\t\t\t\t\t\t\t<div class=\"aspect-img\">\n\t\t\t\t\t\t\t\t\t\t<img decoding=\"async\" data-src=\"https:\/\/www.openwhite.eu\/wp-content\/uploads\/2026\/04\/Screenshot_20260304_074642.jpg\" alt=\"\" src=\"data:image\/svg+xml;base64,PHN2ZyB3aWR0aD0iMSIgaGVpZ2h0PSIxIiB4bWxucz0iaHR0cDovL3d3dy53My5vcmcvMjAwMC9zdmciPjwvc3ZnPg==\" class=\"lazyload\" style=\"--smush-placeholder-width: 1080px; --smush-placeholder-aspect-ratio: 1080\/2121;\" \/>\n\t\t\t\t\t\t\t\t\t<\/div>\n\t\t\t\t\t\t\t\t\t\t\t\t\t\t\t<\/div>\n\n\t\t\t\t\t\t\t\t\t\t\t\t\t<\/div>\n\t\t\t\t\t<\/div>\n\t\t\t\t\t\t\t\t\t<div class=\"swiper-slide\">\n\t\t\t\t\t\t<div class=\"swiper-slide-inner\">\n\t\t\t\t\t\t\t<div class=\"blockons-slider-img imgfull aspect-ratio ratio-square \">\n\t\t\t\t\t\t\t\t\t\t\t\t\t\t\t\t\t<div class=\"aspect-img\">\n\t\t\t\t\t\t\t\t\t\t<img decoding=\"async\" data-src=\"https:\/\/www.openwhite.eu\/wp-content\/uploads\/2026\/04\/Screenshot_20260304_074648.jpg\" alt=\"\" src=\"data:image\/svg+xml;base64,PHN2ZyB3aWR0aD0iMSIgaGVpZ2h0PSIxIiB4bWxucz0iaHR0cDovL3d3dy53My5vcmcvMjAwMC9zdmciPjwvc3ZnPg==\" class=\"lazyload\" style=\"--smush-placeholder-width: 1080px; --smush-placeholder-aspect-ratio: 1080\/2121;\" \/>\n\t\t\t\t\t\t\t\t\t<\/div>\n\t\t\t\t\t\t\t\t\t\t\t\t\t\t\t<\/div>\n\n\t\t\t\t\t\t\t\t\t\t\t\t\t<\/div>\n\t\t\t\t\t<\/div>\n\t\t\t\t\t\t\t\t\t<div class=\"swiper-slide\">\n\t\t\t\t\t\t<div class=\"swiper-slide-inner\">\n\t\t\t\t\t\t\t<div class=\"blockons-slider-img imgfull aspect-ratio ratio-square \">\n\t\t\t\t\t\t\t\t\t\t\t\t\t\t\t\t\t<div class=\"aspect-img\">\n\t\t\t\t\t\t\t\t\t\t<img decoding=\"async\" data-src=\"https:\/\/www.openwhite.eu\/wp-content\/uploads\/2026\/04\/Screenshot_20260304_074657-scaled.jpg\" alt=\"\" src=\"data:image\/svg+xml;base64,PHN2ZyB3aWR0aD0iMSIgaGVpZ2h0PSIxIiB4bWxucz0iaHR0cDovL3d3dy53My5vcmcvMjAwMC9zdmciPjwvc3ZnPg==\" class=\"lazyload\" style=\"--smush-placeholder-width: 697px; --smush-placeholder-aspect-ratio: 697\/2560;\" \/>\n\t\t\t\t\t\t\t\t\t<\/div>\n\t\t\t\t\t\t\t\t\t\t\t\t\t\t\t<\/div>\n\n\t\t\t\t\t\t\t\t\t\t\t\t\t<\/div>\n\t\t\t\t\t<\/div>\n\t\t\t\t\t\t\t\t\t<div class=\"swiper-slide\">\n\t\t\t\t\t\t<div class=\"swiper-slide-inner\">\n\t\t\t\t\t\t\t<div class=\"blockons-slider-img imgfull aspect-ratio ratio-square \">\n\t\t\t\t\t\t\t\t\t\t\t\t\t\t\t\t\t<div class=\"aspect-img\">\n\t\t\t\t\t\t\t\t\t\t<img decoding=\"async\" data-src=\"https:\/\/www.openwhite.eu\/wp-content\/uploads\/2026\/04\/Screenshot_20260304_074709.jpg\" alt=\"\" src=\"data:image\/svg+xml;base64,PHN2ZyB3aWR0aD0iMSIgaGVpZ2h0PSIxIiB4bWxucz0iaHR0cDovL3d3dy53My5vcmcvMjAwMC9zdmciPjwvc3ZnPg==\" class=\"lazyload\" style=\"--smush-placeholder-width: 1080px; --smush-placeholder-aspect-ratio: 1080\/2121;\" \/>\n\t\t\t\t\t\t\t\t\t<\/div>\n\t\t\t\t\t\t\t\t\t\t\t\t\t\t\t<\/div>\n\n\t\t\t\t\t\t\t\t\t\t\t\t\t<\/div>\n\t\t\t\t\t<\/div>\n\t\t\t\t\t\t\t\t\t<div class=\"swiper-slide\">\n\t\t\t\t\t\t<div class=\"swiper-slide-inner\">\n\t\t\t\t\t\t\t<div class=\"blockons-slider-img imgfull aspect-ratio ratio-square \">\n\t\t\t\t\t\t\t\t\t\t\t\t\t\t\t\t\t<div class=\"aspect-img\">\n\t\t\t\t\t\t\t\t\t\t<img decoding=\"async\" data-src=\"https:\/\/www.openwhite.eu\/wp-content\/uploads\/2026\/04\/Screenshot_20260304_074727-scaled.jpg\" alt=\"\" src=\"data:image\/svg+xml;base64,PHN2ZyB3aWR0aD0iMSIgaGVpZ2h0PSIxIiB4bWxucz0iaHR0cDovL3d3dy53My5vcmcvMjAwMC9zdmciPjwvc3ZnPg==\" class=\"lazyload\" style=\"--smush-placeholder-width: 640px; --smush-placeholder-aspect-ratio: 640\/2560;\" \/>\n\t\t\t\t\t\t\t\t\t<\/div>\n\t\t\t\t\t\t\t\t\t\t\t\t\t\t\t<\/div>\n\n\t\t\t\t\t\t\t\t\t\t\t\t\t<\/div>\n\t\t\t\t\t<\/div>\n\t\t\t\t\t\t\t\t\t<div class=\"swiper-slide\">\n\t\t\t\t\t\t<div class=\"swiper-slide-inner\">\n\t\t\t\t\t\t\t<div class=\"blockons-slider-img imgfull aspect-ratio ratio-square \">\n\t\t\t\t\t\t\t\t\t\t\t\t\t\t\t\t\t<div class=\"aspect-img\">\n\t\t\t\t\t\t\t\t\t\t<img decoding=\"async\" data-src=\"https:\/\/www.openwhite.eu\/wp-content\/uploads\/2026\/04\/Screenshot_20260304_074746.jpg\" alt=\"\" src=\"data:image\/svg+xml;base64,PHN2ZyB3aWR0aD0iMSIgaGVpZ2h0PSIxIiB4bWxucz0iaHR0cDovL3d3dy53My5vcmcvMjAwMC9zdmciPjwvc3ZnPg==\" class=\"lazyload\" style=\"--smush-placeholder-width: 1080px; --smush-placeholder-aspect-ratio: 1080\/2121;\" \/>\n\t\t\t\t\t\t\t\t\t<\/div>\n\t\t\t\t\t\t\t\t\t\t\t\t\t\t\t<\/div>\n\n\t\t\t\t\t\t\t\t\t\t\t\t\t<\/div>\n\t\t\t\t\t<\/div>\n\t\t\t\t\t\t\t\t\t<div class=\"swiper-slide\">\n\t\t\t\t\t\t<div class=\"swiper-slide-inner\">\n\t\t\t\t\t\t\t<div class=\"blockons-slider-img imgfull aspect-ratio ratio-square \">\n\t\t\t\t\t\t\t\t\t\t\t\t\t\t\t\t\t<div class=\"aspect-img\">\n\t\t\t\t\t\t\t\t\t\t<img decoding=\"async\" data-src=\"https:\/\/www.openwhite.eu\/wp-content\/uploads\/2026\/04\/Screenshot_20260304_074752.jpg\" alt=\"\" src=\"data:image\/svg+xml;base64,PHN2ZyB3aWR0aD0iMSIgaGVpZ2h0PSIxIiB4bWxucz0iaHR0cDovL3d3dy53My5vcmcvMjAwMC9zdmciPjwvc3ZnPg==\" class=\"lazyload\" style=\"--smush-placeholder-width: 1080px; --smush-placeholder-aspect-ratio: 1080\/2121;\" \/>\n\t\t\t\t\t\t\t\t\t<\/div>\n\t\t\t\t\t\t\t\t\t\t\t\t\t\t\t<\/div>\n\n\t\t\t\t\t\t\t\t\t\t\t\t\t<\/div>\n\t\t\t\t\t<\/div>\n\t\t\t\t\t\t\t\t\t<div class=\"swiper-slide\">\n\t\t\t\t\t\t<div class=\"swiper-slide-inner\">\n\t\t\t\t\t\t\t<div class=\"blockons-slider-img imgfull aspect-ratio ratio-square \">\n\t\t\t\t\t\t\t\t\t\t\t\t\t\t\t\t\t<div class=\"aspect-img\">\n\t\t\t\t\t\t\t\t\t\t<img decoding=\"async\" data-src=\"https:\/\/www.openwhite.eu\/wp-content\/uploads\/2026\/04\/Screenshot_20260304_074756.jpg\" alt=\"\" src=\"data:image\/svg+xml;base64,PHN2ZyB3aWR0aD0iMSIgaGVpZ2h0PSIxIiB4bWxucz0iaHR0cDovL3d3dy53My5vcmcvMjAwMC9zdmciPjwvc3ZnPg==\" class=\"lazyload\" style=\"--smush-placeholder-width: 1080px; --smush-placeholder-aspect-ratio: 1080\/1733;\" \/>\n\t\t\t\t\t\t\t\t\t<\/div>\n\t\t\t\t\t\t\t\t\t\t\t\t\t\t\t<\/div>\n\n\t\t\t\t\t\t\t\t\t\t\t\t\t<\/div>\n\t\t\t\t\t<\/div>\n\t\t\t\t\t\t\t\t\t<div class=\"swiper-slide\">\n\t\t\t\t\t\t<div class=\"swiper-slide-inner\">\n\t\t\t\t\t\t\t<div class=\"blockons-slider-img imgfull aspect-ratio ratio-square \">\n\t\t\t\t\t\t\t\t\t\t\t\t\t\t\t\t\t<div class=\"aspect-img\">\n\t\t\t\t\t\t\t\t\t\t<img decoding=\"async\" data-src=\"https:\/\/www.openwhite.eu\/wp-content\/uploads\/2026\/04\/Screenshot_20260304_074803.jpg\" alt=\"\" src=\"data:image\/svg+xml;base64,PHN2ZyB3aWR0aD0iMSIgaGVpZ2h0PSIxIiB4bWxucz0iaHR0cDovL3d3dy53My5vcmcvMjAwMC9zdmciPjwvc3ZnPg==\" class=\"lazyload\" style=\"--smush-placeholder-width: 1080px; --smush-placeholder-aspect-ratio: 1080\/2121;\" \/>\n\t\t\t\t\t\t\t\t\t<\/div>\n\t\t\t\t\t\t\t\t\t\t\t\t\t\t\t<\/div>\n\n\t\t\t\t\t\t\t\t\t\t\t\t\t<\/div>\n\t\t\t\t\t<\/div>\n\t\t\t\t\t\t\t\t\t<div class=\"swiper-slide\">\n\t\t\t\t\t\t<div class=\"swiper-slide-inner\">\n\t\t\t\t\t\t\t<div class=\"blockons-slider-img imgfull aspect-ratio ratio-square \">\n\t\t\t\t\t\t\t\t\t\t\t\t\t\t\t\t\t<div class=\"aspect-img\">\n\t\t\t\t\t\t\t\t\t\t<img decoding=\"async\" data-src=\"https:\/\/www.openwhite.eu\/wp-content\/uploads\/2026\/04\/Screenshot_20260304_074812.jpg\" alt=\"\" src=\"data:image\/svg+xml;base64,PHN2ZyB3aWR0aD0iMSIgaGVpZ2h0PSIxIiB4bWxucz0iaHR0cDovL3d3dy53My5vcmcvMjAwMC9zdmciPjwvc3ZnPg==\" class=\"lazyload\" style=\"--smush-placeholder-width: 1080px; --smush-placeholder-aspect-ratio: 1080\/1743;\" \/>\n\t\t\t\t\t\t\t\t\t<\/div>\n\t\t\t\t\t\t\t\t\t\t\t\t\t\t\t<\/div>\n\n\t\t\t\t\t\t\t\t\t\t\t\t\t<\/div>\n\t\t\t\t\t<\/div>\n\t\t\t\t\t\t\t\t\t<div class=\"swiper-slide\">\n\t\t\t\t\t\t<div class=\"swiper-slide-inner\">\n\t\t\t\t\t\t\t<div class=\"blockons-slider-img imgfull aspect-ratio ratio-square \">\n\t\t\t\t\t\t\t\t\t\t\t\t\t\t\t\t\t<div class=\"aspect-img\">\n\t\t\t\t\t\t\t\t\t\t<img decoding=\"async\" data-src=\"https:\/\/www.openwhite.eu\/wp-content\/uploads\/2026\/04\/Screenshot_20260304_074825.jpg\" alt=\"\" src=\"data:image\/svg+xml;base64,PHN2ZyB3aWR0aD0iMSIgaGVpZ2h0PSIxIiB4bWxucz0iaHR0cDovL3d3dy53My5vcmcvMjAwMC9zdmciPjwvc3ZnPg==\" class=\"lazyload\" style=\"--smush-placeholder-width: 1080px; --smush-placeholder-aspect-ratio: 1080\/1742;\" \/>\n\t\t\t\t\t\t\t\t\t<\/div>\n\t\t\t\t\t\t\t\t\t\t\t\t\t\t\t<\/div>\n\n\t\t\t\t\t\t\t\t\t\t\t\t\t<\/div>\n\t\t\t\t\t<\/div>\n\t\t\t\t\t\t\t\t\t<div class=\"swiper-slide\">\n\t\t\t\t\t\t<div class=\"swiper-slide-inner\">\n\t\t\t\t\t\t\t<div class=\"blockons-slider-img imgfull aspect-ratio ratio-square \">\n\t\t\t\t\t\t\t\t\t\t\t\t\t\t\t\t\t<div class=\"aspect-img\">\n\t\t\t\t\t\t\t\t\t\t<img decoding=\"async\" data-src=\"https:\/\/www.openwhite.eu\/wp-content\/uploads\/2026\/04\/Screenshot_20260304_074836.jpg\" alt=\"\" src=\"data:image\/svg+xml;base64,PHN2ZyB3aWR0aD0iMSIgaGVpZ2h0PSIxIiB4bWxucz0iaHR0cDovL3d3dy53My5vcmcvMjAwMC9zdmciPjwvc3ZnPg==\" class=\"lazyload\" style=\"--smush-placeholder-width: 1080px; --smush-placeholder-aspect-ratio: 1080\/2121;\" \/>\n\t\t\t\t\t\t\t\t\t<\/div>\n\t\t\t\t\t\t\t\t\t\t\t\t\t\t\t<\/div>\n\n\t\t\t\t\t\t\t\t\t\t\t\t\t<\/div>\n\t\t\t\t\t<\/div>\n\t\t\t\t\t\t\t\t\t<div class=\"swiper-slide\">\n\t\t\t\t\t\t<div class=\"swiper-slide-inner\">\n\t\t\t\t\t\t\t<div class=\"blockons-slider-img imgfull aspect-ratio ratio-square \">\n\t\t\t\t\t\t\t\t\t\t\t\t\t\t\t\t\t<div class=\"aspect-img\">\n\t\t\t\t\t\t\t\t\t\t<img decoding=\"async\" data-src=\"https:\/\/www.openwhite.eu\/wp-content\/uploads\/2026\/04\/Screenshot_20260304_074843.jpg\" alt=\"\" src=\"data:image\/svg+xml;base64,PHN2ZyB3aWR0aD0iMSIgaGVpZ2h0PSIxIiB4bWxucz0iaHR0cDovL3d3dy53My5vcmcvMjAwMC9zdmciPjwvc3ZnPg==\" class=\"lazyload\" style=\"--smush-placeholder-width: 1080px; --smush-placeholder-aspect-ratio: 1080\/1584;\" \/>\n\t\t\t\t\t\t\t\t\t<\/div>\n\t\t\t\t\t\t\t\t\t\t\t\t\t\t\t<\/div>\n\n\t\t\t\t\t\t\t\t\t\t\t\t\t<\/div>\n\t\t\t\t\t<\/div>\n\t\t\t\t\t\t\t\t\t<div class=\"swiper-slide\">\n\t\t\t\t\t\t<div class=\"swiper-slide-inner\">\n\t\t\t\t\t\t\t<div class=\"blockons-slider-img imgfull aspect-ratio ratio-square \">\n\t\t\t\t\t\t\t\t\t\t\t\t\t\t\t\t\t<div class=\"aspect-img\">\n\t\t\t\t\t\t\t\t\t\t<img decoding=\"async\" data-src=\"https:\/\/www.openwhite.eu\/wp-content\/uploads\/2026\/04\/Screenshot_20260304_074848.jpg\" alt=\"\" src=\"data:image\/svg+xml;base64,PHN2ZyB3aWR0aD0iMSIgaGVpZ2h0PSIxIiB4bWxucz0iaHR0cDovL3d3dy53My5vcmcvMjAwMC9zdmciPjwvc3ZnPg==\" class=\"lazyload\" style=\"--smush-placeholder-width: 1080px; --smush-placeholder-aspect-ratio: 1080\/1270;\" \/>\n\t\t\t\t\t\t\t\t\t<\/div>\n\t\t\t\t\t\t\t\t\t\t\t\t\t\t\t<\/div>\n\n\t\t\t\t\t\t\t\t\t\t\t\t\t<\/div>\n\t\t\t\t\t<\/div>\n\t\t\t\t\t\t\t\t\t<div class=\"swiper-slide\">\n\t\t\t\t\t\t<div class=\"swiper-slide-inner\">\n\t\t\t\t\t\t\t<div class=\"blockons-slider-img imgfull aspect-ratio ratio-square \">\n\t\t\t\t\t\t\t\t\t\t\t\t\t\t\t\t\t<div class=\"aspect-img\">\n\t\t\t\t\t\t\t\t\t\t<img decoding=\"async\" data-src=\"https:\/\/www.openwhite.eu\/wp-content\/uploads\/2026\/04\/Screenshot_20260304_074853-scaled.jpg\" alt=\"\" src=\"data:image\/svg+xml;base64,PHN2ZyB3aWR0aD0iMSIgaGVpZ2h0PSIxIiB4bWxucz0iaHR0cDovL3d3dy53My5vcmcvMjAwMC9zdmciPjwvc3ZnPg==\" class=\"lazyload\" style=\"--smush-placeholder-width: 339px; --smush-placeholder-aspect-ratio: 339\/2560;\" \/>\n\t\t\t\t\t\t\t\t\t<\/div>\n\t\t\t\t\t\t\t\t\t\t\t\t\t\t\t<\/div>\n\n\t\t\t\t\t\t\t\t\t\t\t\t\t<\/div>\n\t\t\t\t\t<\/div>\n\t\t\t\t\t\t\t\t\t<div class=\"swiper-slide\">\n\t\t\t\t\t\t<div class=\"swiper-slide-inner\">\n\t\t\t\t\t\t\t<div class=\"blockons-slider-img imgfull aspect-ratio ratio-square \">\n\t\t\t\t\t\t\t\t\t\t\t\t\t\t\t\t\t<div class=\"aspect-img\">\n\t\t\t\t\t\t\t\t\t\t<img decoding=\"async\" data-src=\"https:\/\/www.openwhite.eu\/wp-content\/uploads\/2026\/04\/Screenshot_20260304_074916.jpg\" alt=\"\" src=\"data:image\/svg+xml;base64,PHN2ZyB3aWR0aD0iMSIgaGVpZ2h0PSIxIiB4bWxucz0iaHR0cDovL3d3dy53My5vcmcvMjAwMC9zdmciPjwvc3ZnPg==\" class=\"lazyload\" style=\"--smush-placeholder-width: 1080px; --smush-placeholder-aspect-ratio: 1080\/2121;\" \/>\n\t\t\t\t\t\t\t\t\t<\/div>\n\t\t\t\t\t\t\t\t\t\t\t\t\t\t\t<\/div>\n\n\t\t\t\t\t\t\t\t\t\t\t\t\t<\/div>\n\t\t\t\t\t<\/div>\n\t\t\t\t\t\t\t\t\t<div class=\"swiper-slide\">\n\t\t\t\t\t\t<div class=\"swiper-slide-inner\">\n\t\t\t\t\t\t\t<div class=\"blockons-slider-img imgfull aspect-ratio ratio-square \">\n\t\t\t\t\t\t\t\t\t\t\t\t\t\t\t\t\t<div class=\"aspect-img\">\n\t\t\t\t\t\t\t\t\t\t<img decoding=\"async\" data-src=\"https:\/\/www.openwhite.eu\/wp-content\/uploads\/2026\/04\/Screenshot_20260304_074920.jpg\" alt=\"\" src=\"data:image\/svg+xml;base64,PHN2ZyB3aWR0aD0iMSIgaGVpZ2h0PSIxIiB4bWxucz0iaHR0cDovL3d3dy53My5vcmcvMjAwMC9zdmciPjwvc3ZnPg==\" class=\"lazyload\" style=\"--smush-placeholder-width: 1080px; --smush-placeholder-aspect-ratio: 1080\/2121;\" \/>\n\t\t\t\t\t\t\t\t\t<\/div>\n\t\t\t\t\t\t\t\t\t\t\t\t\t\t\t<\/div>\n\n\t\t\t\t\t\t\t\t\t\t\t\t\t<\/div>\n\t\t\t\t\t<\/div>\n\t\t\t\t\t\t\t\t\t<div class=\"swiper-slide\">\n\t\t\t\t\t\t<div class=\"swiper-slide-inner\">\n\t\t\t\t\t\t\t<div class=\"blockons-slider-img imgfull aspect-ratio ratio-square \">\n\t\t\t\t\t\t\t\t\t\t\t\t\t\t\t\t\t<div class=\"aspect-img\">\n\t\t\t\t\t\t\t\t\t\t<img decoding=\"async\" data-src=\"https:\/\/www.openwhite.eu\/wp-content\/uploads\/2026\/04\/Screenshot_20260304_113431.jpg\" alt=\"\" src=\"data:image\/svg+xml;base64,PHN2ZyB3aWR0aD0iMSIgaGVpZ2h0PSIxIiB4bWxucz0iaHR0cDovL3d3dy53My5vcmcvMjAwMC9zdmciPjwvc3ZnPg==\" class=\"lazyload\" style=\"--smush-placeholder-width: 1080px; --smush-placeholder-aspect-ratio: 1080\/2121;\" \/>\n\t\t\t\t\t\t\t\t\t<\/div>\n\t\t\t\t\t\t\t\t\t\t\t\t\t\t\t<\/div>\n\n\t\t\t\t\t\t\t\t\t\t\t\t\t<\/div>\n\t\t\t\t\t<\/div>\n\t\t\t\t\t\t\t<\/div>\n\t\t\t\n\t\t\t\t\t\t\t<div class=\"swiper-button-prev\"><\/div>\n\t\t\t\t<div class=\"swiper-button-next\"><\/div>\n\t\t\t\t\t\t\n\t\t\t\t\t\t\t<div class=\"swiper-pagination\"><\/div>\n\t\t\t\t\t<\/div>\n\t<\/div>\n<\/div>\n\n<hr class=\"wp-block-separator has-alpha-channel-opacity\"\/>\n\n<h1 class=\"wp-block-heading\"><strong>Por que este aplicativo existe<\/strong>?<\/h1>\n\n<p>Em um palco, em turn\u00ea ou em instala\u00e7\u00e3o, n\u00e3o h\u00e1 tempo para procurar longamente por uma f\u00f3rmula ou um c\u00e1lculo.<\/p>\n\n<p>ShowTech Tools foi criado para <strong>simplificar o trabalho t\u00e9cnico<\/strong> e tornar acess\u00edveis em poucos segundos ferramentas que servem diariamente aos:<\/p>\n\n<ul class=\"wp-block-list\">\n<li>lighting designers<\/li>\n\n\n\n<li>operadores de ilumina\u00e7\u00e3o<\/li>\n\n\n\n<li>gerentes t\u00e9cnicos<\/li>\n\n\n\n<li>t\u00e9cnicos audiovisuais<\/li>\n\n\n\n<li>estudantes de t\u00e9cnica do espet\u00e1culo<\/li>\n<\/ul>\n\n<p>O objetivo \u00e9 simples: <strong>ganhar tempo e trabalhar com mais efici\u00eancia<\/strong>.<\/p>\n\n<hr class=\"wp-block-separator has-alpha-channel-opacity\"\/>\n\n<h1 class=\"wp-block-heading\"><strong>Ferramentas pensadas para a realidade do campo<\/strong><\/h1>\n\n<p>O aplicativo re\u00fane v\u00e1rias categorias de ferramentas t\u00e9cnicas:<\/p>\n\n<h3 class=\"wp-block-heading\"><strong>V\u00eddeo<\/strong><\/h3>\n\n<ul class=\"wp-block-list\">\n<li>c\u00e1lculos de proje\u00e7\u00e3o<\/li>\n\n\n\n<li>propor\u00e7\u00f5es e dimens\u00f5es de imagem<\/li>\n\n\n\n<li>estimativa de luminosidade<\/li>\n<\/ul>\n\n<h3 class=\"wp-block-heading\"><strong>Luz<\/strong><\/h3>\n\n<ul class=\"wp-block-list\">\n<li>convers\u00f5es fotom\u00e9tricas<\/li>\n\n\n\n<li>c\u00e1lculos lux \/ candela \/ l\u00famen<\/li>\n\n\n\n<li>ferramentas de refer\u00eancia de ilumina\u00e7\u00e3o<\/li>\n<\/ul>\n\n<h3 class=\"wp-block-heading\"><strong>Laser<\/strong><\/h3>\n\n<ul class=\"wp-block-list\">\n<li>estimativas indicativas das dist\u00e2ncias de seguran\u00e7a<\/li>\n\n\n\n<li>ferramentas de aux\u00edlio para instala\u00e7\u00f5es de laser<\/li>\n<\/ul>\n\n<h3 class=\"wp-block-heading\"><strong>T\u00e9cnica<\/strong><\/h3>\n\n<ul class=\"wp-block-list\">\n<li>ferramentas DMX<\/li>\n\n\n\n<li>refer\u00eancias t\u00e9cnicas \u00fateis<\/li>\n<\/ul>\n\n<p>Novas ferramentas ser\u00e3o adicionadas regularmente para enriquecer o aplicativo.<\/p>\n\n<hr class=\"wp-block-separator has-alpha-channel-opacity\"\/>\n\n<h1 class=\"wp-block-heading\"><strong>Sempre no seu bolso<\/strong><\/h1>\n\n<p>Seja em <strong>prepara\u00e7\u00e3o de projeto, em instala\u00e7\u00e3o ou durante a opera\u00e7\u00e3o<\/strong>, ShowTech Tools permite que voc\u00ea acesse imediatamente as informa\u00e7\u00f5es de que precisa.<\/p>\n\n<p>N\u00e3o \u00e9 mais necess\u00e1rio abrir v\u00e1rios arquivos ou aplicativos:<\/p>\n\n<p><strong>tudo est\u00e1 acess\u00edvel em poucos segundos.<\/strong><\/p>\n\n<hr class=\"wp-block-separator has-alpha-channel-opacity\"\/>\n\n<p>\u26a0\ufe0f Os resultados fornecidos pelo aplicativo s\u00e3o <strong>indicativos<\/strong> e devem sempre ser verificados de acordo com as normas vigentes, as condi\u00e7\u00f5es de instala\u00e7\u00e3o e a responsabilidade do operador.<\/p>\n\n<hr class=\"wp-block-separator has-alpha-channel-opacity\"\/>\n\n<h1 class=\"wp-block-heading\"><strong>Baixar ShowTech Tools<\/strong><\/h1>\n\n<p>Dispon\u00edvel em:<\/p>\n\n<div class=\"wp-block-columns is-layout-flex wp-container-core-columns-is-layout-9d6595d7 wp-block-columns-is-layout-flex\">\n<div class=\"wp-block-column is-layout-flow wp-block-column-is-layout-flow\">\n<figure class=\"wp-block-image size-full is-resized\"><a href=\"https:\/\/play.google.com\/store\/apps\/details?id=eu.openwhite.showtechtools\" target=\"_blank\" rel=\" noreferrer noopener\"><img fetchpriority=\"high\" decoding=\"async\" width=\"478\" height=\"142\" src=\"https:\/\/www.openwhite.eu\/wp-content\/uploads\/2026\/04\/GetItOnGooglePlay_Badge_Web_color_French.png\" alt=\"\" class=\"wp-image-2167\" style=\"aspect-ratio:3.366502088872009;width:403px;height:auto\" srcset=\"https:\/\/www.openwhite.eu\/wp-content\/uploads\/2026\/04\/GetItOnGooglePlay_Badge_Web_color_French.png 478w, https:\/\/www.openwhite.eu\/wp-content\/uploads\/2026\/04\/GetItOnGooglePlay_Badge_Web_color_French-300x89.png 300w\" sizes=\"(max-width: 478px) 100vw, 478px\" \/><\/a><\/figure>\n<\/div>\n\n\n\n<div class=\"wp-block-column is-layout-flow wp-block-column-is-layout-flow\"><\/div>\n<\/div>\n\n<div class=\"wp-block-columns is-layout-flex wp-container-core-columns-is-layout-9d6595d7 wp-block-columns-is-layout-flex\">\n<div class=\"wp-block-column is-layout-flow wp-block-column-is-layout-flow\">\n<figure class=\"wp-block-image size-full is-resized\"><a href=\"https:\/\/apps.apple.com\/app\/id6761654348\" target=\"_blank\" rel=\" noreferrer noopener\"><img decoding=\"async\" width=\"253\" height=\"80\" data-src=\"https:\/\/www.openwhite.eu\/wp-content\/uploads\/2026\/04\/Download_on_the_App_Store_Badge_FR_RGB_wht_100217.png\" alt=\"\" class=\"wp-image-2183 lazyload\" style=\"--smush-placeholder-width: 253px; --smush-placeholder-aspect-ratio: 253\/80;width:416px;height:auto\" src=\"data:image\/svg+xml;base64,PHN2ZyB3aWR0aD0iMSIgaGVpZ2h0PSIxIiB4bWxucz0iaHR0cDovL3d3dy53My5vcmcvMjAwMC9zdmciPjwvc3ZnPg==\" \/><\/a><\/figure>\n<\/div>\n\n\n\n<div class=\"wp-block-column is-layout-flow wp-block-column-is-layout-flow\"><\/div>\n<\/div>\n\n<hr class=\"wp-block-separator has-alpha-channel-opacity\"\/>\n","protected":false},"excerpt":{"rendered":"<p>ShowTech Tools As ferramentas t\u00e9cnicas do espet\u00e1culo. Finalmente reunidas. Proje\u00e7\u00e3o de v\u00eddeo, c\u00e1lculos de ilumina\u00e7\u00e3o, dist\u00e2ncias de laser, convers\u00f5es fotom\u00e9tricas\u2026 Os t\u00e9cnicos utilizam esses c\u00e1lculos todos os dias, mas eles est\u00e3o frequentemente dispersos entre planilhas, anota\u00e7\u00f5es ou diferentes aplicativos. ShowTech Tools re\u00fane essas ferramentas essenciais em um \u00fanico aplicativo, desenvolvido para profissionais do espet\u00e1culo, eventos [&hellip;]<\/p>\n","protected":false},"author":1,"featured_media":0,"parent":0,"menu_order":0,"comment_status":"closed","ping_status":"closed","template":"template-full-width.php","meta":{"footnotes":""},"class_list":["post-2135","page","type-page","status-publish","hentry"],"_links":{"self":[{"href":"https:\/\/www.openwhite.eu\/pt-br\/index.php\/wp-json\/wp\/v2\/pages\/2135","targetHints":{"allow":["GET"]}}],"collection":[{"href":"https:\/\/www.openwhite.eu\/pt-br\/index.php\/wp-json\/wp\/v2\/pages"}],"about":[{"href":"https:\/\/www.openwhite.eu\/pt-br\/index.php\/wp-json\/wp\/v2\/types\/page"}],"author":[{"embeddable":true,"href":"https:\/\/www.openwhite.eu\/pt-br\/index.php\/wp-json\/wp\/v2\/users\/1"}],"replies":[{"embeddable":true,"href":"https:\/\/www.openwhite.eu\/pt-br\/index.php\/wp-json\/wp\/v2\/comments?post=2135"}],"version-history":[{"count":19,"href":"https:\/\/www.openwhite.eu\/pt-br\/index.php\/wp-json\/wp\/v2\/pages\/2135\/revisions"}],"predecessor-version":[{"id":2388,"href":"https:\/\/www.openwhite.eu\/pt-br\/index.php\/wp-json\/wp\/v2\/pages\/2135\/revisions\/2388"}],"wp:attachment":[{"href":"https:\/\/www.openwhite.eu\/pt-br\/index.php\/wp-json\/wp\/v2\/media?parent=2135"}],"curies":[{"name":"wp","href":"https:\/\/api.w.org\/{rel}","templated":true}]}}