{"id":1454,"date":"2026-04-04T10:53:27","date_gmt":"2026-04-04T10:53:27","guid":{"rendered":"https:\/\/www.openwhite.eu\/index.php\/politica-de-privacidade\/"},"modified":"2026-04-07T11:16:06","modified_gmt":"2026-04-07T11:16:06","slug":"politica-de-privacidade","status":"publish","type":"page","link":"https:\/\/www.openwhite.eu\/pt-br\/politica-de-privacidade\/","title":{"rendered":"Pol\u00edtica de privacidade."},"content":{"rendered":"\n<p>\u00daltima atualiza\u00e7\u00e3o: 2026<\/p>\n\n<p>A ShowTech Tools respeita a privacidade de seus usu\u00e1rios.<\/p>\n\n<h4 class=\"wp-block-heading\"><strong>Dados coletados<\/strong><\/h4>\n\n<p>O aplicativo <strong>n\u00e3o coleta, n\u00e3o armazena e n\u00e3o compartilha nenhum dado pessoal<\/strong>.<br\/>Nenhuma informa\u00e7\u00e3o como nome, endere\u00e7o de e-mail, localiza\u00e7\u00e3o ou qualquer outro dado pessoal \u00e9 coletada pelo aplicativo.<\/p>\n\n<h4 class=\"wp-block-heading\"><strong>Dados t\u00e9cnicos<\/strong><\/h4>\n\n<p>Certos dados t\u00e9cnicos podem ser coletados automaticamente pelos servi\u00e7os do sistema operacional (Google Play ou Apple) a fim de melhorar a estabilidade e a seguran\u00e7a do aplicativo.<\/p>\n\n<p>Estes dados podem incluir:<\/p>\n\n<ul class=\"wp-block-list\">\n<li>informa\u00e7\u00f5es sobre o dispositivo<\/li>\n\n\n\n<li>relat\u00f3rios de erro<\/li>\n\n\n\n<li>estat\u00edsticas an\u00f4nimas de uso<\/li>\n<\/ul>\n\n<p>Estas informa\u00e7\u00f5es s\u00e3o gerenciadas diretamente pelas plataformas envolvidas.<\/p>\n\n<h4 class=\"wp-block-heading\"><strong>Uso do aplicativo<\/strong><\/h4>\n\n<p>ShowTech Tools \u00e9 um aplicativo de c\u00e1lculos t\u00e9cnicos destinado aos profissionais do espet\u00e1culo (ilumina\u00e7\u00e3o, v\u00eddeo e laser).<br\/>Os resultados fornecidos s\u00e3o indicativos.<\/p>\n\n<h4 class=\"wp-block-heading\"><strong>Contato<\/strong><\/h4>\n\n<p>Para qualquer quest\u00e3o relativa a esta pol\u00edtica de privacidade:<br\/>info@openwhite.eu<\/p>\n","protected":false},"excerpt":{"rendered":"<p>\u00daltima atualiza\u00e7\u00e3o: 2026 A ShowTech Tools respeita a privacidade de seus usu\u00e1rios. Dados coletados O aplicativo n\u00e3o coleta, n\u00e3o armazena e n\u00e3o compartilha nenhum dado pessoal.Nenhuma informa\u00e7\u00e3o como nome, endere\u00e7o de e-mail, localiza\u00e7\u00e3o ou qualquer outro dado pessoal \u00e9 coletada pelo aplicativo. Dados t\u00e9cnicos Certos dados t\u00e9cnicos podem ser coletados automaticamente pelos servi\u00e7os do sistema [&hellip;]<\/p>\n","protected":false},"author":1,"featured_media":0,"parent":0,"menu_order":0,"comment_status":"closed","ping_status":"closed","template":"template-full-width.php","meta":{"footnotes":""},"class_list":["post-1454","page","type-page","status-publish","hentry"],"_links":{"self":[{"href":"https:\/\/www.openwhite.eu\/pt-br\/wp-json\/wp\/v2\/pages\/1454","targetHints":{"allow":["GET"]}}],"collection":[{"href":"https:\/\/www.openwhite.eu\/pt-br\/wp-json\/wp\/v2\/pages"}],"about":[{"href":"https:\/\/www.openwhite.eu\/pt-br\/wp-json\/wp\/v2\/types\/page"}],"author":[{"embeddable":true,"href":"https:\/\/www.openwhite.eu\/pt-br\/wp-json\/wp\/v2\/users\/1"}],"replies":[{"embeddable":true,"href":"https:\/\/www.openwhite.eu\/pt-br\/wp-json\/wp\/v2\/comments?post=1454"}],"version-history":[{"count":1,"href":"https:\/\/www.openwhite.eu\/pt-br\/wp-json\/wp\/v2\/pages\/1454\/revisions"}],"predecessor-version":[{"id":1455,"href":"https:\/\/www.openwhite.eu\/pt-br\/wp-json\/wp\/v2\/pages\/1454\/revisions\/1455"}],"wp:attachment":[{"href":"https:\/\/www.openwhite.eu\/pt-br\/wp-json\/wp\/v2\/media?parent=1454"}],"curies":[{"name":"wp","href":"https:\/\/api.w.org\/{rel}","templated":true}]}}