{"id":1821,"date":"2026-03-21T11:16:52","date_gmt":"2026-03-21T11:16:52","guid":{"rendered":"https:\/\/www.openwhite.eu\/index.php\/pedido-de-informacoes\/"},"modified":"2026-04-07T11:27:49","modified_gmt":"2026-04-07T11:27:49","slug":"pedido-de-informacoes","status":"publish","type":"page","link":"https:\/\/www.openwhite.eu\/pt-pt\/index.php\/pedido-de-informacoes\/","title":{"rendered":"Pedido de informa\u00e7\u00f5es"},"content":{"rendered":"\n<h2 class=\"wp-block-heading\">E se d\u00e9ssemos forma\u00e7\u00e3o \u00e0 sua equipa?<\/h2>\n\n<p>A forma\u00e7\u00e3o tamb\u00e9m est\u00e1 dispon\u00edvel <strong>em contexto empresarial<\/strong>, diretamente no seu ambiente de trabalho.<\/p>\n\n<p>\u00c9 o formato ideal para:<\/p>\n\n<ul class=\"wp-block-list\">\n<li>trabalhar nos seus projetos reais<\/li>\n\n\n\n<li>alinhar os m\u00e9todos de toda uma equipa<\/li>\n\n\n\n<li>ganhar efic\u00e1cia e coer\u00eancia<\/li>\n\n\n\n<li>adaptar a forma\u00e7\u00e3o \u00e0s suas necessidades reais<\/li>\n<\/ul>\n\n<p>\ud83d\udc49 Formato \u00e0 medida \u2014 conte\u00fado, ritmo e n\u00edvel adaptados<br\/>\ud83d\udc49 Possibilidade de forma\u00e7\u00e3o presencial nas suas instala\u00e7\u00f5es<\/p>\n\n<hr class=\"wp-block-separator has-alpha-channel-opacity\"\/>\n\n<h2 class=\"wp-block-heading\">Pr\u00f3ximas datas de forma\u00e7\u00e3o de grupo<\/h2>\n\n<p>Deseja passar ao pr\u00f3ximo n\u00edvel?<br\/>Aqui est\u00e3o as pr\u00f3ximas sess\u00f5es \ud83d\udc47 (local e datas a confirmar):<\/p>\n\n<p class=\"has-large-font-size\">\ud83d\udc49 <strong><em>Possibilidade a partir de abril de 2026!!!<\/em><\/strong><\/p>\n\n<p>\ud83d\udc49 Pode frequentar apenas um bloco ou construir a sua progress\u00e3o ao longo de todo o percurso.<br\/>\ud83d\udc49 Cada m\u00f3dulo foi concebido para ser \u00fatil de imediato nos seus projetos.<\/p>\n\n<hr class=\"wp-block-separator has-alpha-channel-opacity\"\/>\n\n<h2 class=\"wp-block-heading\">N\u00e3o sabe que bloco escolher ou por onde come\u00e7ar?<\/h2>\n\n<p>\u00c9 normal, cada percurso \u00e9 diferente.<br\/>Explique-me a sua situa\u00e7\u00e3o atrav\u00e9s do formul\u00e1rio abaixo e eu gui\u00e1-lo-ei para a f\u00f3rmula mais adequada.<\/p>\n\n<hr class=\"wp-block-separator has-alpha-channel-opacity\"\/>\n\n<div class=\"wpcf7 no-js\" id=\"wpcf7-f1378-o1\" lang=\"pt-PT\" dir=\"ltr\" data-wpcf7-id=\"1378\">\n<div class=\"screen-reader-response\"><p role=\"status\" aria-live=\"polite\" aria-atomic=\"true\"><\/p> <ul><\/ul><\/div>\n<form action=\"\/pt-pt\/index.php\/wp-json\/wp\/v2\/pages\/1821#wpcf7-f1378-o1\" method=\"post\" class=\"wpcf7-form init\" aria-label=\"Formul\u00e1rio de contacto\" novalidate=\"novalidate\" data-status=\"init\">\n<fieldset class=\"hidden-fields-container\"><input type=\"hidden\" name=\"_wpcf7\" value=\"1378\" \/><input type=\"hidden\" name=\"_wpcf7_version\" value=\"6.1.5\" \/><input type=\"hidden\" name=\"_wpcf7_locale\" value=\"pt_PT\" \/><input type=\"hidden\" name=\"_wpcf7_unit_tag\" value=\"wpcf7-f1378-o1\" \/><input type=\"hidden\" name=\"_wpcf7_container_post\" value=\"0\" \/><input type=\"hidden\" name=\"_wpcf7_posted_data_hash\" value=\"\" \/><input type=\"hidden\" name=\"_wpcf7_recaptcha_response\" value=\"\" \/>\n<\/fieldset>\n<p><label> O seu nome<br \/>\n<span class=\"wpcf7-form-control-wrap\" data-name=\"your-name\"><input size=\"40\" maxlength=\"400\" class=\"wpcf7-form-control wpcf7-text wpcf7-validates-as-required\" autocomplete=\"name\" aria-required=\"true\" aria-invalid=\"false\" value=\"\" type=\"text\" name=\"your-name\" \/><\/span><br \/>\n<\/label>\n<\/p>\n<p><label> O seu primeiro nome<br \/>\n<span class=\"wpcf7-form-control-wrap\" data-name=\"your-firstname\"><input size=\"40\" maxlength=\"400\" class=\"wpcf7-form-control wpcf7-text wpcf7-validates-as-required\" autocomplete=\"given-name\" aria-required=\"true\" aria-invalid=\"false\" value=\"\" type=\"text\" name=\"your-firstname\" \/><\/span><br \/>\n<\/label>\n<\/p>\n<p><label> O seu e-mail<br \/>\n<span class=\"wpcf7-form-control-wrap\" data-name=\"your-email\"><input size=\"40\" maxlength=\"400\" class=\"wpcf7-form-control wpcf7-email wpcf7-validates-as-required wpcf7-text wpcf7-validates-as-email\" autocomplete=\"email\" aria-required=\"true\" aria-invalid=\"false\" value=\"\" type=\"email\" name=\"your-email\" \/><\/span><br \/>\n<\/label>\n<\/p>\n<p><label> O seu telefone<br \/>\n<span class=\"wpcf7-form-control-wrap\" data-name=\"your-phone\"><input size=\"40\" maxlength=\"400\" class=\"wpcf7-form-control wpcf7-text\" autocomplete=\"tel\" aria-invalid=\"false\" value=\"\" type=\"text\" name=\"your-phone\" \/><\/span><br \/>\n<\/label>\n<\/p>\n<p><label> Fun\u00e7\u00e3o \/ Cargo<br \/>\n<span class=\"wpcf7-form-control-wrap\" data-name=\"your-position\"><input size=\"40\" maxlength=\"400\" class=\"wpcf7-form-control wpcf7-text\" aria-invalid=\"false\" value=\"\" type=\"text\" name=\"your-position\" \/><\/span><br \/>\n<\/label>\n<\/p>\n<p><label> N\u00edvel de conhecimento<br \/>\n<span class=\"wpcf7-form-control-wrap\" data-name=\"vectorworks-level\"><select class=\"wpcf7-form-control wpcf7-select\" aria-invalid=\"false\" name=\"vectorworks-level\"><option value=\"Iniciante \u2013 estou a descobrir o Vectorworks\">Iniciante \u2013 estou a descobrir o Vectorworks<\/option><option value=\"B\u00e1sico \u2013 conhe\u00e7o o essencial\">B\u00e1sico \u2013 conhe\u00e7o o essencial<\/option><option value=\"Interm\u00e9dio \u2013 j\u00e1 utilizo o Spotlight\">Interm\u00e9dio \u2013 j\u00e1 utilizo o Spotlight<\/option><option value=\"Avan\u00e7ado \u2013 utiliza\u00e7\u00e3o regular em produ\u00e7\u00e3o\">Avan\u00e7ado \u2013 utiliza\u00e7\u00e3o regular em produ\u00e7\u00e3o<\/option><option value=\"Especialista \u2013 workflow avan\u00e7ado \/ MVR \/ colabora\u00e7\u00e3o\">Especialista \u2013 workflow avan\u00e7ado \/ MVR \/ colabora\u00e7\u00e3o<\/option><option value=\"Iniciante - Production Assist\">Iniciante - Production Assist<\/option><\/select><\/span><br \/>\n<\/label>\n<\/p>\n<p><label> Forma\u00e7\u00e3o pretendida<br \/>\n<span class=\"wpcf7-form-control-wrap\" data-name=\"formation\"><select class=\"wpcf7-form-control wpcf7-select wpcf7-validates-as-required\" aria-required=\"true\" aria-invalid=\"false\" name=\"formation\"><option value=\"M\u00f3dulo 1 - Base e metodologia\">M\u00f3dulo 1 - Base e metodologia<\/option><option value=\"M\u00f3dulo 2 - Luz e documenta\u00e7\u00e3o\">M\u00f3dulo 2 - Luz e documenta\u00e7\u00e3o<\/option><option value=\"M\u00f3dulo 3 - Rigging, truss e motores\">M\u00f3dulo 3 - Rigging, truss e motores<\/option><option value=\"M\u00f3dulo 4 - Dossier final e workshop de projeto\">M\u00f3dulo 4 - Dossier final e workshop de projeto<\/option><option value=\"Master 1 - Trabalho colaborativo e administra\u00e7\u00e3o de projeto\">Master 1 - Trabalho colaborativo e administra\u00e7\u00e3o de projeto<\/option><option value=\"Master 2 - Vectorworks &amp; MVR\">Master 2 - Vectorworks &amp; MVR<\/option><option value=\"Master 3 - Cablagem (cabletool)\">Master 3 - Cablagem (cabletool)<\/option><option value=\"Todo o percurso Vectorworks, 11 dias\">Todo o percurso Vectorworks, 11 dias<\/option><option value=\"Production Assist\">Production Assist<\/option><\/select><\/span><br \/>\n<\/label>\n<\/p>\n<p><label> Assunto<br \/>\n<span class=\"wpcf7-form-control-wrap\" data-name=\"your-subject\"><input size=\"40\" maxlength=\"400\" class=\"wpcf7-form-control wpcf7-text\" aria-invalid=\"false\" value=\"\" type=\"text\" name=\"your-subject\" \/><\/span><br \/>\n<\/label>\n<\/p>\n<p><label> A sua mensagem<br \/>\n<span class=\"wpcf7-form-control-wrap\" data-name=\"your-message\"><textarea cols=\"40\" rows=\"10\" maxlength=\"2000\" class=\"wpcf7-form-control wpcf7-textarea\" aria-invalid=\"false\" name=\"your-message\"><\/textarea><\/span><br \/>\n<\/label>\n<\/p>\n<p><span class=\"wpcf7-form-control-wrap\" data-name=\"consentement\"><span class=\"wpcf7-form-control wpcf7-acceptance\"><span class=\"wpcf7-list-item\"><label><input type=\"checkbox\" name=\"consentement\" value=\"1\" aria-invalid=\"false\" \/><span class=\"wpcf7-list-item-label\">Aceito que os meus dados sejam utilizados para o tratamento do meu pedido.<\/span><\/label><\/span><\/span><\/span>\n<\/p>\n<p><input class=\"wpcf7-form-control wpcf7-submit has-spinner\" type=\"submit\" value=\"Enviar\" \/>\n<\/p><p style=\"display: none !important;\" class=\"akismet-fields-container\" data-prefix=\"_wpcf7_ak_\"><label>&#916;<textarea name=\"_wpcf7_ak_hp_textarea\" cols=\"45\" rows=\"8\" maxlength=\"100\"><\/textarea><\/label><input type=\"hidden\" id=\"ak_js_1\" name=\"_wpcf7_ak_js\" value=\"156\"\/><script>document.getElementById( \"ak_js_1\" ).setAttribute( \"value\", ( new Date() ).getTime() );<\/script><\/p><div class=\"wpcf7-response-output\" aria-hidden=\"true\"><\/div>\n<\/form>\n<\/div>\n\n","protected":false},"excerpt":{"rendered":"<p>E se d\u00e9ssemos forma\u00e7\u00e3o \u00e0 sua equipa? A forma\u00e7\u00e3o tamb\u00e9m est\u00e1 dispon\u00edvel em contexto empresarial, diretamente no seu ambiente de trabalho. \u00c9 o formato ideal para: \ud83d\udc49 Formato \u00e0 medida \u2014 conte\u00fado, ritmo e n\u00edvel adaptados\ud83d\udc49 Possibilidade de forma\u00e7\u00e3o presencial nas suas instala\u00e7\u00f5es Pr\u00f3ximas datas de forma\u00e7\u00e3o de grupo Deseja passar ao pr\u00f3ximo n\u00edvel?Aqui est\u00e3o [&hellip;]<\/p>\n","protected":false},"author":1,"featured_media":0,"parent":0,"menu_order":0,"comment_status":"closed","ping_status":"closed","template":"template-full-width.php","meta":{"footnotes":""},"class_list":["post-1821","page","type-page","status-publish","hentry"],"_links":{"self":[{"href":"https:\/\/www.openwhite.eu\/pt-pt\/index.php\/wp-json\/wp\/v2\/pages\/1821","targetHints":{"allow":["GET"]}}],"collection":[{"href":"https:\/\/www.openwhite.eu\/pt-pt\/index.php\/wp-json\/wp\/v2\/pages"}],"about":[{"href":"https:\/\/www.openwhite.eu\/pt-pt\/index.php\/wp-json\/wp\/v2\/types\/page"}],"author":[{"embeddable":true,"href":"https:\/\/www.openwhite.eu\/pt-pt\/index.php\/wp-json\/wp\/v2\/users\/1"}],"replies":[{"embeddable":true,"href":"https:\/\/www.openwhite.eu\/pt-pt\/index.php\/wp-json\/wp\/v2\/comments?post=1821"}],"version-history":[{"count":1,"href":"https:\/\/www.openwhite.eu\/pt-pt\/index.php\/wp-json\/wp\/v2\/pages\/1821\/revisions"}],"predecessor-version":[{"id":1822,"href":"https:\/\/www.openwhite.eu\/pt-pt\/index.php\/wp-json\/wp\/v2\/pages\/1821\/revisions\/1822"}],"wp:attachment":[{"href":"https:\/\/www.openwhite.eu\/pt-pt\/index.php\/wp-json\/wp\/v2\/media?parent=1821"}],"curies":[{"name":"wp","href":"https:\/\/api.w.org\/{rel}","templated":true}]}}