{"id":2084,"date":"2026-03-21T10:03:28","date_gmt":"2026-03-21T10:03:28","guid":{"rendered":"https:\/\/www.openwhite.eu\/index.php\/calculo\/"},"modified":"2026-04-07T12:09:21","modified_gmt":"2026-04-07T12:09:21","slug":"calculo","status":"publish","type":"page","link":"https:\/\/www.openwhite.eu\/pt-pt\/index.php\/calculo\/","title":{"rendered":"C\u00e1lculo"},"content":{"rendered":"\n<div class=\"wp-block-group is-content-justification-center is-nowrap is-layout-flex wp-container-core-group-is-layout-94bc23d7 wp-block-group-is-layout-flex\">\n<div class=\"wp-block-columns is-layout-flex wp-container-core-columns-is-layout-9d6595d7 wp-block-columns-is-layout-flex\">\n<div class=\"wp-block-column is-layout-flow wp-block-column-is-layout-flow\" style=\"flex-basis:100%\">\n<div id=\"wp-block-cp-cool-flipbox-block-8f21e878\" class=\"wp-block-cp-cool-flipbox-block anim flipY\"><div class=\"cfb-block-flip-inner\"><div class=\"cfb-block-flip-front\"><div class=\"cfb-block-flip-content\"><img decoding=\"async\" class=\"cfb-block-img lazyload\" data-src=\"https:\/\/www.openwhite.eu\/wp-content\/uploads\/2026\/03\/video-logo-1.png\" src=\"data:image\/svg+xml;base64,PHN2ZyB3aWR0aD0iMSIgaGVpZ2h0PSIxIiB4bWxucz0iaHR0cDovL3d3dy53My5vcmcvMjAwMC9zdmciPjwvc3ZnPg==\" style=\"--smush-placeholder-width: 1536px; --smush-placeholder-aspect-ratio: 1536\/1024;\" \/><h3 class=\"cfb-block-front-title\">Video<\/h3><p class=\"cfb-block-front-desc\"><\/p><\/div><\/div><div class=\"cfb-block-flip-back\"><div class=\"cfb-block-flip-content\">\n<h3 class=\"wp-block-heading cfb-block-back-title\">V\u00cdDEO<\/h3>\n\n\n\n<p class=\"cfb-block-back-desc\">Dist\u00e2ncia de proje\u00e7\u00e3o<br\/>Largura da imagem<br\/>Tamanho do ecr\u00e3<br\/>Luminosidade do ecr\u00e3<br\/>Multiprojetores \/ sobreposi\u00e7\u00e3o<br\/>Resolu\u00e7\u00e3o \u00fatil ap\u00f3s sobreposi\u00e7\u00e3o<\/p>\n\n\n\n<div class=\"wp-block-buttons is-style-outline is-content-justification-center is-layout-flex wp-container-core-buttons-is-layout-16018d1d wp-block-buttons-is-layout-flex\">\n<div class=\"wp-block-button cfb-block-back-btn is-style-outline is-style-outline--1\"><a class=\"wp-block-button__link has-white-color has-text-color wp-element-button\" href=\"https:\/\/www.openwhite.eu\/index.php\/video\/\">C\u00e1lculo<\/a><\/div>\n<\/div>\n<\/div><\/div><\/div><\/div>\n<\/div>\n<\/div>\n\n\n\n<div class=\"wp-block-columns is-layout-flex wp-container-core-columns-is-layout-9d6595d7 wp-block-columns-is-layout-flex\">\n<div class=\"wp-block-column is-layout-flow wp-block-column-is-layout-flow\" style=\"flex-basis:100%\">\n<div id=\"wp-block-cp-cool-flipbox-block-8de6d90b\" class=\"wp-block-cp-cool-flipbox-block anim flipY\"><div class=\"cfb-block-flip-inner\"><div class=\"cfb-block-flip-front\"><div class=\"cfb-block-flip-content\"><img decoding=\"async\" class=\"cfb-block-img lazyload\" data-src=\"https:\/\/www.openwhite.eu\/wp-content\/uploads\/2026\/03\/lumiere-logo.png\" src=\"data:image\/svg+xml;base64,PHN2ZyB3aWR0aD0iMSIgaGVpZ2h0PSIxIiB4bWxucz0iaHR0cDovL3d3dy53My5vcmcvMjAwMC9zdmciPjwvc3ZnPg==\" style=\"--smush-placeholder-width: 1536px; --smush-placeholder-aspect-ratio: 1536\/1024;\" \/><h3 class=\"cfb-block-front-title\">Lumi\u00e8re<\/h3><p class=\"cfb-block-front-desc\"><\/p><\/div><\/div><div class=\"cfb-block-flip-back\"><div class=\"cfb-block-flip-content\">\n<h3 class=\"wp-block-heading cfb-block-back-title\">LUZ<\/h3>\n\n\n\n<p class=\"cfb-block-back-desc\">Candela \u2192 Lux<br\/>Lux \u2192 Candela<br\/>\u00c2ngulo &#8211; dist\u00e2ncia &#8211; di\u00e2metro<br\/>Di\u00e2metro \u2192 superf\u00edcie<br\/>L\u00famen &#8211; Lux &#8211; Superf\u00edcie<\/p>\n\n\n\n<div class=\"wp-block-buttons is-style-outline is-content-justification-center is-layout-flex wp-container-core-buttons-is-layout-16018d1d wp-block-buttons-is-layout-flex\">\n<div class=\"wp-block-button cfb-block-back-btn is-style-outline is-style-outline--2\"><a class=\"wp-block-button__link has-white-color has-text-color wp-element-button\" href=\"https:\/\/www.openwhite.eu\/index.php\/lumiere\/\">C\u00e1lculo<\/a><\/div>\n<\/div>\n<\/div><\/div><\/div><\/div>\n<\/div>\n<\/div>\n<\/div>\n\n<p><\/p>\n","protected":false},"excerpt":{"rendered":"","protected":false},"author":1,"featured_media":0,"parent":0,"menu_order":0,"comment_status":"closed","ping_status":"closed","template":"template-full-width.php","meta":{"footnotes":""},"class_list":["post-2084","page","type-page","status-publish","hentry"],"_links":{"self":[{"href":"https:\/\/www.openwhite.eu\/pt-pt\/index.php\/wp-json\/wp\/v2\/pages\/2084","targetHints":{"allow":["GET"]}}],"collection":[{"href":"https:\/\/www.openwhite.eu\/pt-pt\/index.php\/wp-json\/wp\/v2\/pages"}],"about":[{"href":"https:\/\/www.openwhite.eu\/pt-pt\/index.php\/wp-json\/wp\/v2\/types\/page"}],"author":[{"embeddable":true,"href":"https:\/\/www.openwhite.eu\/pt-pt\/index.php\/wp-json\/wp\/v2\/users\/1"}],"replies":[{"embeddable":true,"href":"https:\/\/www.openwhite.eu\/pt-pt\/index.php\/wp-json\/wp\/v2\/comments?post=2084"}],"version-history":[{"count":1,"href":"https:\/\/www.openwhite.eu\/pt-pt\/index.php\/wp-json\/wp\/v2\/pages\/2084\/revisions"}],"predecessor-version":[{"id":2086,"href":"https:\/\/www.openwhite.eu\/pt-pt\/index.php\/wp-json\/wp\/v2\/pages\/2084\/revisions\/2086"}],"wp:attachment":[{"href":"https:\/\/www.openwhite.eu\/pt-pt\/index.php\/wp-json\/wp\/v2\/media?parent=2084"}],"curies":[{"name":"wp","href":"https:\/\/api.w.org\/{rel}","templated":true}]}}