{"id":2130,"date":"2026-04-13T11:59:34","date_gmt":"2026-04-13T09:59:34","guid":{"rendered":"https:\/\/www.openwhite.eu\/?page_id=2130"},"modified":"2026-04-13T14:33:40","modified_gmt":"2026-04-13T12:33:40","slug":"aplicacao","status":"publish","type":"page","link":"https:\/\/www.openwhite.eu\/pt-pt\/index.php\/aplicacao\/","title":{"rendered":"Aplica\u00e7\u00e3o"},"content":{"rendered":"\n<h1 class=\"wp-block-heading\"><strong>ShowTech Tools<\/strong><\/h1>\n\n<h2 class=\"wp-block-heading\"><strong>As ferramentas t\u00e9cnicas do espet\u00e1culo. Finalmente reunidas. <\/strong><\/h2>\n\n<p>Proje\u00e7\u00e3o de v\u00eddeo, c\u00e1lculos de ilumina\u00e7\u00e3o, dist\u00e2ncias laser, convers\u00f5es fotom\u00e9tricas\u2026<\/p>\n\n<p>Os t\u00e9cnicos utilizam estes c\u00e1lculos <strong>todos os dias<\/strong>, mas muitas vezes est\u00e3o dispersos por folhas de c\u00e1lculo, notas ou diferentes aplica\u00e7\u00f5es.<\/p>\n\n<p><strong>O ShowTech Tools re\u00fane estas ferramentas essenciais numa \u00fanica aplica\u00e7\u00e3o<\/strong>, concebida para profissionais do espet\u00e1culo, dos eventos e do audiovisual.<\/p>\n\n<p>R\u00e1pida. Clara. Diretamente utiliz\u00e1vel no terreno.  <\/p>\n<div class=\"align-center wp-block-blockons-image-carousel\">\n\t<div class=\"blockons-slider slider  navigation-round navigation-light pagination-bullets pagination-dark default-icon arrows-ban caption-none  bradius-rounded\" id=\"3eeade62-4bfc-4ace-8b3b-c1ff8b7d47e2\" data-settings=\"{&quot;autoHeight&quot;:true,&quot;effect&quot;:&quot;slide&quot;,&quot;slidesPerView&quot;:3,&quot;spaceBetween&quot;:5,&quot;loop&quot;:false,&quot;rewind&quot;:false,&quot;navigation&quot;:{&quot;prevEl&quot;:&quot;.swiper-button-prev&quot;,&quot;nextEl&quot;:&quot;.swiper-button-next&quot;},&quot;autoplay&quot;:{&quot;delay&quot;:&quot;1500&quot;,&quot;disableOnInteraction&quot;:true},&quot;pagination&quot;:{&quot;el&quot;:&quot;.swiper-pagination&quot;,&quot;type&quot;:&quot;bullets&quot;,&quot;dynamicBullets&quot;:false,&quot;clickable&quot;:true}}\">\n\t\t<div class=\"ic-swiper-3eeade62-4bfc-4ace-8b3b-c1ff8b7d47e2 swiper\">\n\t\t\t<div class=\"swiper-wrapper\">\n\t\t\t\t\t\t\t\t\t<div class=\"swiper-slide\">\n\t\t\t\t\t\t<div class=\"swiper-slide-inner\">\n\t\t\t\t\t\t\t<div class=\"blockons-slider-img imgfull aspect-ratio ratio-square \">\n\t\t\t\t\t\t\t\t\t\t\t\t\t\t\t\t\t<div class=\"aspect-img\">\n\t\t\t\t\t\t\t\t\t\t<img decoding=\"async\" data-src=\"https:\/\/www.openwhite.eu\/wp-content\/uploads\/2026\/04\/Screenshot_20260304_074638.jpg\" alt=\"\" src=\"data:image\/svg+xml;base64,PHN2ZyB3aWR0aD0iMSIgaGVpZ2h0PSIxIiB4bWxucz0iaHR0cDovL3d3dy53My5vcmcvMjAwMC9zdmciPjwvc3ZnPg==\" class=\"lazyload\" style=\"--smush-placeholder-width: 1080px; --smush-placeholder-aspect-ratio: 1080\/2121;\" \/>\n\t\t\t\t\t\t\t\t\t<\/div>\n\t\t\t\t\t\t\t\t\t\t\t\t\t\t\t<\/div>\n\n\t\t\t\t\t\t\t\t\t\t\t\t\t<\/div>\n\t\t\t\t\t<\/div>\n\t\t\t\t\t\t\t\t\t<div class=\"swiper-slide\">\n\t\t\t\t\t\t<div class=\"swiper-slide-inner\">\n\t\t\t\t\t\t\t<div class=\"blockons-slider-img imgfull aspect-ratio ratio-square \">\n\t\t\t\t\t\t\t\t\t\t\t\t\t\t\t\t\t<div class=\"aspect-img\">\n\t\t\t\t\t\t\t\t\t\t<img decoding=\"async\" data-src=\"https:\/\/www.openwhite.eu\/wp-content\/uploads\/2026\/04\/Screenshot_20260304_074642.jpg\" alt=\"\" src=\"data:image\/svg+xml;base64,PHN2ZyB3aWR0aD0iMSIgaGVpZ2h0PSIxIiB4bWxucz0iaHR0cDovL3d3dy53My5vcmcvMjAwMC9zdmciPjwvc3ZnPg==\" class=\"lazyload\" style=\"--smush-placeholder-width: 1080px; --smush-placeholder-aspect-ratio: 1080\/2121;\" \/>\n\t\t\t\t\t\t\t\t\t<\/div>\n\t\t\t\t\t\t\t\t\t\t\t\t\t\t\t<\/div>\n\n\t\t\t\t\t\t\t\t\t\t\t\t\t<\/div>\n\t\t\t\t\t<\/div>\n\t\t\t\t\t\t\t\t\t<div class=\"swiper-slide\">\n\t\t\t\t\t\t<div class=\"swiper-slide-inner\">\n\t\t\t\t\t\t\t<div class=\"blockons-slider-img imgfull aspect-ratio ratio-square \">\n\t\t\t\t\t\t\t\t\t\t\t\t\t\t\t\t\t<div class=\"aspect-img\">\n\t\t\t\t\t\t\t\t\t\t<img decoding=\"async\" data-src=\"https:\/\/www.openwhite.eu\/wp-content\/uploads\/2026\/04\/Screenshot_20260304_074648.jpg\" alt=\"\" src=\"data:image\/svg+xml;base64,PHN2ZyB3aWR0aD0iMSIgaGVpZ2h0PSIxIiB4bWxucz0iaHR0cDovL3d3dy53My5vcmcvMjAwMC9zdmciPjwvc3ZnPg==\" class=\"lazyload\" style=\"--smush-placeholder-width: 1080px; --smush-placeholder-aspect-ratio: 1080\/2121;\" \/>\n\t\t\t\t\t\t\t\t\t<\/div>\n\t\t\t\t\t\t\t\t\t\t\t\t\t\t\t<\/div>\n\n\t\t\t\t\t\t\t\t\t\t\t\t\t<\/div>\n\t\t\t\t\t<\/div>\n\t\t\t\t\t\t\t\t\t<div class=\"swiper-slide\">\n\t\t\t\t\t\t<div class=\"swiper-slide-inner\">\n\t\t\t\t\t\t\t<div class=\"blockons-slider-img imgfull aspect-ratio ratio-square \">\n\t\t\t\t\t\t\t\t\t\t\t\t\t\t\t\t\t<div class=\"aspect-img\">\n\t\t\t\t\t\t\t\t\t\t<img decoding=\"async\" data-src=\"https:\/\/www.openwhite.eu\/wp-content\/uploads\/2026\/04\/Screenshot_20260304_074657-scaled.jpg\" alt=\"\" src=\"data:image\/svg+xml;base64,PHN2ZyB3aWR0aD0iMSIgaGVpZ2h0PSIxIiB4bWxucz0iaHR0cDovL3d3dy53My5vcmcvMjAwMC9zdmciPjwvc3ZnPg==\" class=\"lazyload\" style=\"--smush-placeholder-width: 697px; --smush-placeholder-aspect-ratio: 697\/2560;\" \/>\n\t\t\t\t\t\t\t\t\t<\/div>\n\t\t\t\t\t\t\t\t\t\t\t\t\t\t\t<\/div>\n\n\t\t\t\t\t\t\t\t\t\t\t\t\t<\/div>\n\t\t\t\t\t<\/div>\n\t\t\t\t\t\t\t\t\t<div class=\"swiper-slide\">\n\t\t\t\t\t\t<div class=\"swiper-slide-inner\">\n\t\t\t\t\t\t\t<div class=\"blockons-slider-img imgfull aspect-ratio ratio-square \">\n\t\t\t\t\t\t\t\t\t\t\t\t\t\t\t\t\t<div class=\"aspect-img\">\n\t\t\t\t\t\t\t\t\t\t<img decoding=\"async\" data-src=\"https:\/\/www.openwhite.eu\/wp-content\/uploads\/2026\/04\/Screenshot_20260304_074709.jpg\" alt=\"\" src=\"data:image\/svg+xml;base64,PHN2ZyB3aWR0aD0iMSIgaGVpZ2h0PSIxIiB4bWxucz0iaHR0cDovL3d3dy53My5vcmcvMjAwMC9zdmciPjwvc3ZnPg==\" class=\"lazyload\" style=\"--smush-placeholder-width: 1080px; --smush-placeholder-aspect-ratio: 1080\/2121;\" \/>\n\t\t\t\t\t\t\t\t\t<\/div>\n\t\t\t\t\t\t\t\t\t\t\t\t\t\t\t<\/div>\n\n\t\t\t\t\t\t\t\t\t\t\t\t\t<\/div>\n\t\t\t\t\t<\/div>\n\t\t\t\t\t\t\t\t\t<div class=\"swiper-slide\">\n\t\t\t\t\t\t<div class=\"swiper-slide-inner\">\n\t\t\t\t\t\t\t<div class=\"blockons-slider-img imgfull aspect-ratio ratio-square \">\n\t\t\t\t\t\t\t\t\t\t\t\t\t\t\t\t\t<div class=\"aspect-img\">\n\t\t\t\t\t\t\t\t\t\t<img decoding=\"async\" data-src=\"https:\/\/www.openwhite.eu\/wp-content\/uploads\/2026\/04\/Screenshot_20260304_074727-scaled.jpg\" alt=\"\" src=\"data:image\/svg+xml;base64,PHN2ZyB3aWR0aD0iMSIgaGVpZ2h0PSIxIiB4bWxucz0iaHR0cDovL3d3dy53My5vcmcvMjAwMC9zdmciPjwvc3ZnPg==\" class=\"lazyload\" style=\"--smush-placeholder-width: 640px; --smush-placeholder-aspect-ratio: 640\/2560;\" \/>\n\t\t\t\t\t\t\t\t\t<\/div>\n\t\t\t\t\t\t\t\t\t\t\t\t\t\t\t<\/div>\n\n\t\t\t\t\t\t\t\t\t\t\t\t\t<\/div>\n\t\t\t\t\t<\/div>\n\t\t\t\t\t\t\t\t\t<div class=\"swiper-slide\">\n\t\t\t\t\t\t<div class=\"swiper-slide-inner\">\n\t\t\t\t\t\t\t<div class=\"blockons-slider-img imgfull aspect-ratio ratio-square \">\n\t\t\t\t\t\t\t\t\t\t\t\t\t\t\t\t\t<div class=\"aspect-img\">\n\t\t\t\t\t\t\t\t\t\t<img decoding=\"async\" data-src=\"https:\/\/www.openwhite.eu\/wp-content\/uploads\/2026\/04\/Screenshot_20260304_074746.jpg\" alt=\"\" src=\"data:image\/svg+xml;base64,PHN2ZyB3aWR0aD0iMSIgaGVpZ2h0PSIxIiB4bWxucz0iaHR0cDovL3d3dy53My5vcmcvMjAwMC9zdmciPjwvc3ZnPg==\" class=\"lazyload\" style=\"--smush-placeholder-width: 1080px; --smush-placeholder-aspect-ratio: 1080\/2121;\" \/>\n\t\t\t\t\t\t\t\t\t<\/div>\n\t\t\t\t\t\t\t\t\t\t\t\t\t\t\t<\/div>\n\n\t\t\t\t\t\t\t\t\t\t\t\t\t<\/div>\n\t\t\t\t\t<\/div>\n\t\t\t\t\t\t\t\t\t<div class=\"swiper-slide\">\n\t\t\t\t\t\t<div class=\"swiper-slide-inner\">\n\t\t\t\t\t\t\t<div class=\"blockons-slider-img imgfull aspect-ratio ratio-square \">\n\t\t\t\t\t\t\t\t\t\t\t\t\t\t\t\t\t<div class=\"aspect-img\">\n\t\t\t\t\t\t\t\t\t\t<img decoding=\"async\" data-src=\"https:\/\/www.openwhite.eu\/wp-content\/uploads\/2026\/04\/Screenshot_20260304_074752.jpg\" alt=\"\" src=\"data:image\/svg+xml;base64,PHN2ZyB3aWR0aD0iMSIgaGVpZ2h0PSIxIiB4bWxucz0iaHR0cDovL3d3dy53My5vcmcvMjAwMC9zdmciPjwvc3ZnPg==\" class=\"lazyload\" style=\"--smush-placeholder-width: 1080px; --smush-placeholder-aspect-ratio: 1080\/2121;\" \/>\n\t\t\t\t\t\t\t\t\t<\/div>\n\t\t\t\t\t\t\t\t\t\t\t\t\t\t\t<\/div>\n\n\t\t\t\t\t\t\t\t\t\t\t\t\t<\/div>\n\t\t\t\t\t<\/div>\n\t\t\t\t\t\t\t\t\t<div class=\"swiper-slide\">\n\t\t\t\t\t\t<div class=\"swiper-slide-inner\">\n\t\t\t\t\t\t\t<div class=\"blockons-slider-img imgfull aspect-ratio ratio-square \">\n\t\t\t\t\t\t\t\t\t\t\t\t\t\t\t\t\t<div class=\"aspect-img\">\n\t\t\t\t\t\t\t\t\t\t<img decoding=\"async\" data-src=\"https:\/\/www.openwhite.eu\/wp-content\/uploads\/2026\/04\/Screenshot_20260304_074756.jpg\" alt=\"\" src=\"data:image\/svg+xml;base64,PHN2ZyB3aWR0aD0iMSIgaGVpZ2h0PSIxIiB4bWxucz0iaHR0cDovL3d3dy53My5vcmcvMjAwMC9zdmciPjwvc3ZnPg==\" class=\"lazyload\" style=\"--smush-placeholder-width: 1080px; --smush-placeholder-aspect-ratio: 1080\/1733;\" \/>\n\t\t\t\t\t\t\t\t\t<\/div>\n\t\t\t\t\t\t\t\t\t\t\t\t\t\t\t<\/div>\n\n\t\t\t\t\t\t\t\t\t\t\t\t\t<\/div>\n\t\t\t\t\t<\/div>\n\t\t\t\t\t\t\t\t\t<div class=\"swiper-slide\">\n\t\t\t\t\t\t<div class=\"swiper-slide-inner\">\n\t\t\t\t\t\t\t<div class=\"blockons-slider-img imgfull aspect-ratio ratio-square \">\n\t\t\t\t\t\t\t\t\t\t\t\t\t\t\t\t\t<div class=\"aspect-img\">\n\t\t\t\t\t\t\t\t\t\t<img decoding=\"async\" data-src=\"https:\/\/www.openwhite.eu\/wp-content\/uploads\/2026\/04\/Screenshot_20260304_074803.jpg\" alt=\"\" src=\"data:image\/svg+xml;base64,PHN2ZyB3aWR0aD0iMSIgaGVpZ2h0PSIxIiB4bWxucz0iaHR0cDovL3d3dy53My5vcmcvMjAwMC9zdmciPjwvc3ZnPg==\" class=\"lazyload\" style=\"--smush-placeholder-width: 1080px; --smush-placeholder-aspect-ratio: 1080\/2121;\" \/>\n\t\t\t\t\t\t\t\t\t<\/div>\n\t\t\t\t\t\t\t\t\t\t\t\t\t\t\t<\/div>\n\n\t\t\t\t\t\t\t\t\t\t\t\t\t<\/div>\n\t\t\t\t\t<\/div>\n\t\t\t\t\t\t\t\t\t<div class=\"swiper-slide\">\n\t\t\t\t\t\t<div class=\"swiper-slide-inner\">\n\t\t\t\t\t\t\t<div class=\"blockons-slider-img imgfull aspect-ratio ratio-square \">\n\t\t\t\t\t\t\t\t\t\t\t\t\t\t\t\t\t<div class=\"aspect-img\">\n\t\t\t\t\t\t\t\t\t\t<img decoding=\"async\" data-src=\"https:\/\/www.openwhite.eu\/wp-content\/uploads\/2026\/04\/Screenshot_20260304_074812.jpg\" alt=\"\" src=\"data:image\/svg+xml;base64,PHN2ZyB3aWR0aD0iMSIgaGVpZ2h0PSIxIiB4bWxucz0iaHR0cDovL3d3dy53My5vcmcvMjAwMC9zdmciPjwvc3ZnPg==\" class=\"lazyload\" style=\"--smush-placeholder-width: 1080px; --smush-placeholder-aspect-ratio: 1080\/1743;\" \/>\n\t\t\t\t\t\t\t\t\t<\/div>\n\t\t\t\t\t\t\t\t\t\t\t\t\t\t\t<\/div>\n\n\t\t\t\t\t\t\t\t\t\t\t\t\t<\/div>\n\t\t\t\t\t<\/div>\n\t\t\t\t\t\t\t\t\t<div class=\"swiper-slide\">\n\t\t\t\t\t\t<div class=\"swiper-slide-inner\">\n\t\t\t\t\t\t\t<div class=\"blockons-slider-img imgfull aspect-ratio ratio-square \">\n\t\t\t\t\t\t\t\t\t\t\t\t\t\t\t\t\t<div class=\"aspect-img\">\n\t\t\t\t\t\t\t\t\t\t<img decoding=\"async\" data-src=\"https:\/\/www.openwhite.eu\/wp-content\/uploads\/2026\/04\/Screenshot_20260304_074825.jpg\" alt=\"\" src=\"data:image\/svg+xml;base64,PHN2ZyB3aWR0aD0iMSIgaGVpZ2h0PSIxIiB4bWxucz0iaHR0cDovL3d3dy53My5vcmcvMjAwMC9zdmciPjwvc3ZnPg==\" class=\"lazyload\" style=\"--smush-placeholder-width: 1080px; --smush-placeholder-aspect-ratio: 1080\/1742;\" \/>\n\t\t\t\t\t\t\t\t\t<\/div>\n\t\t\t\t\t\t\t\t\t\t\t\t\t\t\t<\/div>\n\n\t\t\t\t\t\t\t\t\t\t\t\t\t<\/div>\n\t\t\t\t\t<\/div>\n\t\t\t\t\t\t\t\t\t<div class=\"swiper-slide\">\n\t\t\t\t\t\t<div class=\"swiper-slide-inner\">\n\t\t\t\t\t\t\t<div class=\"blockons-slider-img imgfull aspect-ratio ratio-square \">\n\t\t\t\t\t\t\t\t\t\t\t\t\t\t\t\t\t<div class=\"aspect-img\">\n\t\t\t\t\t\t\t\t\t\t<img decoding=\"async\" data-src=\"https:\/\/www.openwhite.eu\/wp-content\/uploads\/2026\/04\/Screenshot_20260304_074836.jpg\" alt=\"\" src=\"data:image\/svg+xml;base64,PHN2ZyB3aWR0aD0iMSIgaGVpZ2h0PSIxIiB4bWxucz0iaHR0cDovL3d3dy53My5vcmcvMjAwMC9zdmciPjwvc3ZnPg==\" class=\"lazyload\" style=\"--smush-placeholder-width: 1080px; --smush-placeholder-aspect-ratio: 1080\/2121;\" \/>\n\t\t\t\t\t\t\t\t\t<\/div>\n\t\t\t\t\t\t\t\t\t\t\t\t\t\t\t<\/div>\n\n\t\t\t\t\t\t\t\t\t\t\t\t\t<\/div>\n\t\t\t\t\t<\/div>\n\t\t\t\t\t\t\t\t\t<div class=\"swiper-slide\">\n\t\t\t\t\t\t<div class=\"swiper-slide-inner\">\n\t\t\t\t\t\t\t<div class=\"blockons-slider-img imgfull aspect-ratio ratio-square \">\n\t\t\t\t\t\t\t\t\t\t\t\t\t\t\t\t\t<div class=\"aspect-img\">\n\t\t\t\t\t\t\t\t\t\t<img decoding=\"async\" data-src=\"https:\/\/www.openwhite.eu\/wp-content\/uploads\/2026\/04\/Screenshot_20260304_074843.jpg\" alt=\"\" src=\"data:image\/svg+xml;base64,PHN2ZyB3aWR0aD0iMSIgaGVpZ2h0PSIxIiB4bWxucz0iaHR0cDovL3d3dy53My5vcmcvMjAwMC9zdmciPjwvc3ZnPg==\" class=\"lazyload\" style=\"--smush-placeholder-width: 1080px; --smush-placeholder-aspect-ratio: 1080\/1584;\" \/>\n\t\t\t\t\t\t\t\t\t<\/div>\n\t\t\t\t\t\t\t\t\t\t\t\t\t\t\t<\/div>\n\n\t\t\t\t\t\t\t\t\t\t\t\t\t<\/div>\n\t\t\t\t\t<\/div>\n\t\t\t\t\t\t\t\t\t<div class=\"swiper-slide\">\n\t\t\t\t\t\t<div class=\"swiper-slide-inner\">\n\t\t\t\t\t\t\t<div class=\"blockons-slider-img imgfull aspect-ratio ratio-square \">\n\t\t\t\t\t\t\t\t\t\t\t\t\t\t\t\t\t<div class=\"aspect-img\">\n\t\t\t\t\t\t\t\t\t\t<img decoding=\"async\" data-src=\"https:\/\/www.openwhite.eu\/wp-content\/uploads\/2026\/04\/Screenshot_20260304_074848.jpg\" alt=\"\" src=\"data:image\/svg+xml;base64,PHN2ZyB3aWR0aD0iMSIgaGVpZ2h0PSIxIiB4bWxucz0iaHR0cDovL3d3dy53My5vcmcvMjAwMC9zdmciPjwvc3ZnPg==\" class=\"lazyload\" style=\"--smush-placeholder-width: 1080px; --smush-placeholder-aspect-ratio: 1080\/1270;\" \/>\n\t\t\t\t\t\t\t\t\t<\/div>\n\t\t\t\t\t\t\t\t\t\t\t\t\t\t\t<\/div>\n\n\t\t\t\t\t\t\t\t\t\t\t\t\t<\/div>\n\t\t\t\t\t<\/div>\n\t\t\t\t\t\t\t\t\t<div class=\"swiper-slide\">\n\t\t\t\t\t\t<div class=\"swiper-slide-inner\">\n\t\t\t\t\t\t\t<div class=\"blockons-slider-img imgfull aspect-ratio ratio-square \">\n\t\t\t\t\t\t\t\t\t\t\t\t\t\t\t\t\t<div class=\"aspect-img\">\n\t\t\t\t\t\t\t\t\t\t<img decoding=\"async\" data-src=\"https:\/\/www.openwhite.eu\/wp-content\/uploads\/2026\/04\/Screenshot_20260304_074853-scaled.jpg\" alt=\"\" src=\"data:image\/svg+xml;base64,PHN2ZyB3aWR0aD0iMSIgaGVpZ2h0PSIxIiB4bWxucz0iaHR0cDovL3d3dy53My5vcmcvMjAwMC9zdmciPjwvc3ZnPg==\" class=\"lazyload\" style=\"--smush-placeholder-width: 339px; --smush-placeholder-aspect-ratio: 339\/2560;\" \/>\n\t\t\t\t\t\t\t\t\t<\/div>\n\t\t\t\t\t\t\t\t\t\t\t\t\t\t\t<\/div>\n\n\t\t\t\t\t\t\t\t\t\t\t\t\t<\/div>\n\t\t\t\t\t<\/div>\n\t\t\t\t\t\t\t\t\t<div class=\"swiper-slide\">\n\t\t\t\t\t\t<div class=\"swiper-slide-inner\">\n\t\t\t\t\t\t\t<div class=\"blockons-slider-img imgfull aspect-ratio ratio-square \">\n\t\t\t\t\t\t\t\t\t\t\t\t\t\t\t\t\t<div class=\"aspect-img\">\n\t\t\t\t\t\t\t\t\t\t<img decoding=\"async\" data-src=\"https:\/\/www.openwhite.eu\/wp-content\/uploads\/2026\/04\/Screenshot_20260304_074916.jpg\" alt=\"\" src=\"data:image\/svg+xml;base64,PHN2ZyB3aWR0aD0iMSIgaGVpZ2h0PSIxIiB4bWxucz0iaHR0cDovL3d3dy53My5vcmcvMjAwMC9zdmciPjwvc3ZnPg==\" class=\"lazyload\" style=\"--smush-placeholder-width: 1080px; --smush-placeholder-aspect-ratio: 1080\/2121;\" \/>\n\t\t\t\t\t\t\t\t\t<\/div>\n\t\t\t\t\t\t\t\t\t\t\t\t\t\t\t<\/div>\n\n\t\t\t\t\t\t\t\t\t\t\t\t\t<\/div>\n\t\t\t\t\t<\/div>\n\t\t\t\t\t\t\t\t\t<div class=\"swiper-slide\">\n\t\t\t\t\t\t<div class=\"swiper-slide-inner\">\n\t\t\t\t\t\t\t<div class=\"blockons-slider-img imgfull aspect-ratio ratio-square \">\n\t\t\t\t\t\t\t\t\t\t\t\t\t\t\t\t\t<div class=\"aspect-img\">\n\t\t\t\t\t\t\t\t\t\t<img decoding=\"async\" data-src=\"https:\/\/www.openwhite.eu\/wp-content\/uploads\/2026\/04\/Screenshot_20260304_074920.jpg\" alt=\"\" src=\"data:image\/svg+xml;base64,PHN2ZyB3aWR0aD0iMSIgaGVpZ2h0PSIxIiB4bWxucz0iaHR0cDovL3d3dy53My5vcmcvMjAwMC9zdmciPjwvc3ZnPg==\" class=\"lazyload\" style=\"--smush-placeholder-width: 1080px; --smush-placeholder-aspect-ratio: 1080\/2121;\" \/>\n\t\t\t\t\t\t\t\t\t<\/div>\n\t\t\t\t\t\t\t\t\t\t\t\t\t\t\t<\/div>\n\n\t\t\t\t\t\t\t\t\t\t\t\t\t<\/div>\n\t\t\t\t\t<\/div>\n\t\t\t\t\t\t\t\t\t<div class=\"swiper-slide\">\n\t\t\t\t\t\t<div class=\"swiper-slide-inner\">\n\t\t\t\t\t\t\t<div class=\"blockons-slider-img imgfull aspect-ratio ratio-square \">\n\t\t\t\t\t\t\t\t\t\t\t\t\t\t\t\t\t<div class=\"aspect-img\">\n\t\t\t\t\t\t\t\t\t\t<img decoding=\"async\" data-src=\"https:\/\/www.openwhite.eu\/wp-content\/uploads\/2026\/04\/Screenshot_20260304_113431.jpg\" alt=\"\" src=\"data:image\/svg+xml;base64,PHN2ZyB3aWR0aD0iMSIgaGVpZ2h0PSIxIiB4bWxucz0iaHR0cDovL3d3dy53My5vcmcvMjAwMC9zdmciPjwvc3ZnPg==\" class=\"lazyload\" style=\"--smush-placeholder-width: 1080px; --smush-placeholder-aspect-ratio: 1080\/2121;\" \/>\n\t\t\t\t\t\t\t\t\t<\/div>\n\t\t\t\t\t\t\t\t\t\t\t\t\t\t\t<\/div>\n\n\t\t\t\t\t\t\t\t\t\t\t\t\t<\/div>\n\t\t\t\t\t<\/div>\n\t\t\t\t\t\t\t<\/div>\n\t\t\t\n\t\t\t\t\t\t\t<div class=\"swiper-button-prev\"><\/div>\n\t\t\t\t<div class=\"swiper-button-next\"><\/div>\n\t\t\t\t\t\t\n\t\t\t\t\t\t\t<div class=\"swiper-pagination\"><\/div>\n\t\t\t\t\t<\/div>\n\t<\/div>\n<\/div>\n\n<hr class=\"wp-block-separator has-alpha-channel-opacity\"\/>\n\n<h1 class=\"wp-block-heading\"><strong>Porque \u00e9 que esta aplica\u00e7\u00e3o existe<\/strong>?<\/h1>\n\n<p>Num palco, em digress\u00e3o ou numa instala\u00e7\u00e3o, n\u00e3o h\u00e1 tempo para procurar durante muito tempo uma f\u00f3rmula ou um c\u00e1lculo.<\/p>\n\n<p>O ShowTech Tools foi criado para <strong>simplificar o trabalho t\u00e9cnico<\/strong> e tornar acess\u00edveis, em poucos segundos, ferramentas que s\u00e3o usadas diariamente por:<\/p>\n\n<ul class=\"wp-block-list\">\n<li>designers de ilumina\u00e7\u00e3o<\/li>\n\n\n\n<li>operadores de ilumina\u00e7\u00e3o<\/li>\n\n\n\n<li>regentes t\u00e9cnicos<\/li>\n\n\n\n<li>t\u00e9cnicos de audiovisual<\/li>\n\n\n\n<li>estudantes de t\u00e9cnica do espet\u00e1culo<\/li>\n<\/ul>\n\n<p>O objetivo \u00e9 simples: <strong>poupar tempo e trabalhar de forma mais eficiente<\/strong>.<\/p>\n\n<hr class=\"wp-block-separator has-alpha-channel-opacity\"\/>\n\n<h1 class=\"wp-block-heading\"><strong>Ferramentas pensadas para a realidade do terreno<\/strong><\/h1>\n\n<p>A aplica\u00e7\u00e3o re\u00fane v\u00e1rias categorias de ferramentas t\u00e9cnicas:<\/p>\n\n<h3 class=\"wp-block-heading\"><strong>V\u00eddeo<\/strong><\/h3>\n\n<ul class=\"wp-block-list\">\n<li>c\u00e1lculos de proje\u00e7\u00e3o<\/li>\n\n\n\n<li>propor\u00e7\u00f5es e dimens\u00f5es de imagem<\/li>\n\n\n\n<li>estimativa de luminosidade<\/li>\n<\/ul>\n\n<h3 class=\"wp-block-heading\"><strong>Luz<\/strong><\/h3>\n\n<ul class=\"wp-block-list\">\n<li>convers\u00f5es fotom\u00e9tricas<\/li>\n\n\n\n<li>c\u00e1lculos de lux \/ candela \/ l\u00famen<\/li>\n\n\n\n<li>ferramentas de refer\u00eancia de ilumina\u00e7\u00e3o<\/li>\n<\/ul>\n\n<h3 class=\"wp-block-heading\"><strong>Laser<\/strong><\/h3>\n\n<ul class=\"wp-block-list\">\n<li>estimativas indicativas das dist\u00e2ncias de seguran\u00e7a<\/li>\n\n\n\n<li>ferramentas de apoio para instala\u00e7\u00f5es laser<\/li>\n<\/ul>\n\n<h3 class=\"wp-block-heading\"><strong>T\u00e9cnica<\/strong><\/h3>\n\n<ul class=\"wp-block-list\">\n<li>ferramentas DMX<\/li>\n\n\n\n<li>refer\u00eancias t\u00e9cnicas \u00fateis<\/li>\n<\/ul>\n\n<p>Ser\u00e3o adicionadas regularmente novas ferramentas para enriquecer a aplica\u00e7\u00e3o.<\/p>\n\n<hr class=\"wp-block-separator has-alpha-channel-opacity\"\/>\n\n<h1 class=\"wp-block-heading\"><strong>Sempre no seu bolso<\/strong><\/h1>\n\n<p>Quer seja na <strong>prepara\u00e7\u00e3o do projeto, na instala\u00e7\u00e3o ou durante a explora\u00e7\u00e3o<\/strong>, o ShowTech Tools permite-lhe aceder imediatamente \u00e0s informa\u00e7\u00f5es de que necessita.<\/p>\n\n<p>J\u00e1 n\u00e3o precisa de abrir v\u00e1rios ficheiros ou aplica\u00e7\u00f5es:<\/p>\n\n<p><strong>tudo fica acess\u00edvel em poucos segundos.<\/strong><\/p>\n\n<hr class=\"wp-block-separator has-alpha-channel-opacity\"\/>\n\n<p>\u26a0\ufe0f Os resultados fornecidos pela aplica\u00e7\u00e3o s\u00e3o <strong>indicativos<\/strong> e devem ser sempre verificados de acordo com as normas em vigor, as condi\u00e7\u00f5es de instala\u00e7\u00e3o e a responsabilidade do operador.<\/p>\n\n<hr class=\"wp-block-separator has-alpha-channel-opacity\"\/>\n\n<h1 class=\"wp-block-heading\"><strong>Transferir o ShowTech Tools<\/strong><\/h1>\n\n<p>Dispon\u00edvel em:<\/p>\n\n<div class=\"wp-block-columns is-layout-flex wp-container-core-columns-is-layout-9d6595d7 wp-block-columns-is-layout-flex\">\n<div class=\"wp-block-column is-layout-flow wp-block-column-is-layout-flow\">\n<figure class=\"wp-block-image size-full is-resized\"><a href=\"https:\/\/play.google.com\/store\/apps\/details?id=eu.openwhite.showtechtools\" target=\"_blank\" rel=\" noreferrer noopener\"><img fetchpriority=\"high\" decoding=\"async\" width=\"478\" height=\"142\" src=\"https:\/\/www.openwhite.eu\/wp-content\/uploads\/2026\/04\/GetItOnGooglePlay_Badge_Web_color_French.png\" alt=\"\" class=\"wp-image-2167\" style=\"aspect-ratio:3.366502088872009;width:403px;height:auto\" srcset=\"https:\/\/www.openwhite.eu\/wp-content\/uploads\/2026\/04\/GetItOnGooglePlay_Badge_Web_color_French.png 478w, https:\/\/www.openwhite.eu\/wp-content\/uploads\/2026\/04\/GetItOnGooglePlay_Badge_Web_color_French-300x89.png 300w\" sizes=\"(max-width: 478px) 100vw, 478px\" \/><\/a><\/figure>\n<\/div>\n\n\n\n<div class=\"wp-block-column is-layout-flow wp-block-column-is-layout-flow\"><\/div>\n<\/div>\n\n<div class=\"wp-block-columns is-layout-flex wp-container-core-columns-is-layout-9d6595d7 wp-block-columns-is-layout-flex\">\n<div class=\"wp-block-column is-layout-flow wp-block-column-is-layout-flow\">\n<figure class=\"wp-block-image size-full is-resized\"><a href=\"https:\/\/apps.apple.com\/app\/id6761654348\" target=\"_blank\" rel=\" noreferrer noopener\"><img decoding=\"async\" width=\"253\" height=\"80\" data-src=\"https:\/\/www.openwhite.eu\/wp-content\/uploads\/2026\/04\/Download_on_the_App_Store_Badge_FR_RGB_wht_100217.png\" alt=\"\" class=\"wp-image-2183 lazyload\" style=\"--smush-placeholder-width: 253px; --smush-placeholder-aspect-ratio: 253\/80;width:416px;height:auto\" src=\"data:image\/svg+xml;base64,PHN2ZyB3aWR0aD0iMSIgaGVpZ2h0PSIxIiB4bWxucz0iaHR0cDovL3d3dy53My5vcmcvMjAwMC9zdmciPjwvc3ZnPg==\" \/><\/a><\/figure>\n<\/div>\n\n\n\n<div class=\"wp-block-column is-layout-flow wp-block-column-is-layout-flow\"><\/div>\n<\/div>\n\n<hr class=\"wp-block-separator has-alpha-channel-opacity\"\/>\n","protected":false},"excerpt":{"rendered":"<p>ShowTech Tools As ferramentas t\u00e9cnicas do espet\u00e1culo. Finalmente reunidas. Proje\u00e7\u00e3o de v\u00eddeo, c\u00e1lculos de ilumina\u00e7\u00e3o, dist\u00e2ncias laser, convers\u00f5es fotom\u00e9tricas\u2026 Os t\u00e9cnicos utilizam estes c\u00e1lculos todos os dias, mas muitas vezes est\u00e3o dispersos por folhas de c\u00e1lculo, notas ou diferentes aplica\u00e7\u00f5es. O ShowTech Tools re\u00fane estas ferramentas essenciais numa \u00fanica aplica\u00e7\u00e3o, concebida para profissionais do espet\u00e1culo, [&hellip;]<\/p>\n","protected":false},"author":1,"featured_media":0,"parent":0,"menu_order":0,"comment_status":"closed","ping_status":"closed","template":"template-full-width.php","meta":{"footnotes":""},"class_list":["post-2130","page","type-page","status-publish","hentry"],"_links":{"self":[{"href":"https:\/\/www.openwhite.eu\/pt-pt\/index.php\/wp-json\/wp\/v2\/pages\/2130","targetHints":{"allow":["GET"]}}],"collection":[{"href":"https:\/\/www.openwhite.eu\/pt-pt\/index.php\/wp-json\/wp\/v2\/pages"}],"about":[{"href":"https:\/\/www.openwhite.eu\/pt-pt\/index.php\/wp-json\/wp\/v2\/types\/page"}],"author":[{"embeddable":true,"href":"https:\/\/www.openwhite.eu\/pt-pt\/index.php\/wp-json\/wp\/v2\/users\/1"}],"replies":[{"embeddable":true,"href":"https:\/\/www.openwhite.eu\/pt-pt\/index.php\/wp-json\/wp\/v2\/comments?post=2130"}],"version-history":[{"count":19,"href":"https:\/\/www.openwhite.eu\/pt-pt\/index.php\/wp-json\/wp\/v2\/pages\/2130\/revisions"}],"predecessor-version":[{"id":2389,"href":"https:\/\/www.openwhite.eu\/pt-pt\/index.php\/wp-json\/wp\/v2\/pages\/2130\/revisions\/2389"}],"wp:attachment":[{"href":"https:\/\/www.openwhite.eu\/pt-pt\/index.php\/wp-json\/wp\/v2\/media?parent=2130"}],"curies":[{"name":"wp","href":"https:\/\/api.w.org\/{rel}","templated":true}]}}