{"id":1452,"date":"2026-04-04T10:53:27","date_gmt":"2026-04-04T10:53:27","guid":{"rendered":"https:\/\/www.openwhite.eu\/index.php\/politica-de-privacidade\/"},"modified":"2026-04-07T11:16:06","modified_gmt":"2026-04-07T11:16:06","slug":"politica-de-privacidade","status":"publish","type":"page","link":"https:\/\/www.openwhite.eu\/pt-pt\/politica-de-privacidade\/","title":{"rendered":"Pol\u00edtica de privacidade."},"content":{"rendered":"\n<p>\u00daltima atualiza\u00e7\u00e3o: 2026<\/p>\n\n<p>A ShowTech Tools respeita a privacidade dos seus utilizadores.<\/p>\n\n<h4 class=\"wp-block-heading\"><strong>Dados recolhidos<\/strong><\/h4>\n\n<p>A aplica\u00e7\u00e3o <strong>n\u00e3o recolhe, n\u00e3o armazena nem partilha quaisquer dados pessoais<\/strong>.<br\/>Nenhuma informa\u00e7\u00e3o, como o nome, o endere\u00e7o de e-mail, a localiza\u00e7\u00e3o ou quaisquer outros dados pessoais, \u00e9 recolhida pela aplica\u00e7\u00e3o.<\/p>\n\n<h4 class=\"wp-block-heading\"><strong>Dados t\u00e9cnicos<\/strong><\/h4>\n\n<p>Alguns dados t\u00e9cnicos podem ser recolhidos automaticamente pelos servi\u00e7os do sistema operativo (Google Play ou Apple) para melhorar a estabilidade e a seguran\u00e7a da aplica\u00e7\u00e3o.<\/p>\n\n<p>Estes dados podem incluir:<\/p>\n\n<ul class=\"wp-block-list\">\n<li>informa\u00e7\u00f5es sobre o dispositivo<\/li>\n\n\n\n<li>relat\u00f3rios de falhas<\/li>\n\n\n\n<li>estat\u00edsticas an\u00f3nimas de utiliza\u00e7\u00e3o<\/li>\n<\/ul>\n\n<p>Estas informa\u00e7\u00f5es s\u00e3o geridas diretamente pelas plataformas em quest\u00e3o.<\/p>\n\n<h4 class=\"wp-block-heading\"><strong>Utiliza\u00e7\u00e3o da aplica\u00e7\u00e3o<\/strong><\/h4>\n\n<p>A ShowTech Tools \u00e9 uma aplica\u00e7\u00e3o de c\u00e1lculos t\u00e9cnicos destinada a profissionais do espet\u00e1culo (luz, v\u00eddeo e laser).<br\/>Os resultados fornecidos s\u00e3o indicativos.<\/p>\n\n<h4 class=\"wp-block-heading\"><strong>Contacto<\/strong><\/h4>\n\n<p>Para qualquer quest\u00e3o relativa a esta pol\u00edtica de privacidade:<br\/>info@openwhite.eu<\/p>\n","protected":false},"excerpt":{"rendered":"<p>\u00daltima atualiza\u00e7\u00e3o: 2026 A ShowTech Tools respeita a privacidade dos seus utilizadores. Dados recolhidos A aplica\u00e7\u00e3o n\u00e3o recolhe, n\u00e3o armazena nem partilha quaisquer dados pessoais.Nenhuma informa\u00e7\u00e3o, como o nome, o endere\u00e7o de e-mail, a localiza\u00e7\u00e3o ou quaisquer outros dados pessoais, \u00e9 recolhida pela aplica\u00e7\u00e3o. Dados t\u00e9cnicos Alguns dados t\u00e9cnicos podem ser recolhidos automaticamente pelos servi\u00e7os [&hellip;]<\/p>\n","protected":false},"author":1,"featured_media":0,"parent":0,"menu_order":0,"comment_status":"closed","ping_status":"closed","template":"template-full-width.php","meta":{"footnotes":""},"class_list":["post-1452","page","type-page","status-publish","hentry"],"_links":{"self":[{"href":"https:\/\/www.openwhite.eu\/pt-pt\/wp-json\/wp\/v2\/pages\/1452","targetHints":{"allow":["GET"]}}],"collection":[{"href":"https:\/\/www.openwhite.eu\/pt-pt\/wp-json\/wp\/v2\/pages"}],"about":[{"href":"https:\/\/www.openwhite.eu\/pt-pt\/wp-json\/wp\/v2\/types\/page"}],"author":[{"embeddable":true,"href":"https:\/\/www.openwhite.eu\/pt-pt\/wp-json\/wp\/v2\/users\/1"}],"replies":[{"embeddable":true,"href":"https:\/\/www.openwhite.eu\/pt-pt\/wp-json\/wp\/v2\/comments?post=1452"}],"version-history":[{"count":1,"href":"https:\/\/www.openwhite.eu\/pt-pt\/wp-json\/wp\/v2\/pages\/1452\/revisions"}],"predecessor-version":[{"id":1453,"href":"https:\/\/www.openwhite.eu\/pt-pt\/wp-json\/wp\/v2\/pages\/1452\/revisions\/1453"}],"wp:attachment":[{"href":"https:\/\/www.openwhite.eu\/pt-pt\/wp-json\/wp\/v2\/media?parent=1452"}],"curies":[{"name":"wp","href":"https:\/\/api.w.org\/{rel}","templated":true}]}}